{"id":1165,"date":"2024-09-29T16:40:25","date_gmt":"2024-09-29T16:40:25","guid":{"rendered":"https:\/\/www.yongyukitchenware.com\/?post_type=product&#038;p=1165"},"modified":"2024-09-29T16:42:53","modified_gmt":"2024-09-29T16:42:53","slug":"camping-cups-wholesale","status":"publish","type":"product","link":"https:\/\/www.yongyukitchenware.com\/pt\/produto\/camping-cups-wholesale\/","title":{"rendered":"Copos de campismo por atacado Canecas de viagem port\u00e1teis em a\u00e7o inoxid\u00e1vel"},"content":{"rendered":"<div class=\"wp-block-columns is-layout-flex wp-container-core-columns-is-layout-9d6595d7 wp-block-columns-is-layout-flex\">\n<div class=\"wp-block-column is-layout-flow wp-block-column-is-layout-flow\">\n<h2 class=\"wp-block-heading\">Copos para campismo Carater\u00edsticas:<\/h2>\n\n\n\n<p><strong>Material de a\u00e7o inoxid\u00e1vel de alta qualidade:<\/strong> A\u00e7o inoxid\u00e1vel 304 de qualidade alimentar, resistente \u00e0 corros\u00e3o e \u00e0 oxida\u00e7\u00e3o.<\/p>\n\n\n\n<p><strong>Est\u00e3o dispon\u00edveis tr\u00eas estilos de pega:<\/strong> Pega em forma de D, pega dobr\u00e1vel e sem pega.<\/p>\n\n\n\n<p><strong>H\u00e1 uma variedade de especifica\u00e7\u00f5es: <\/strong>A cor \u00e9 prateada, preta, laranja e amarela, o porta-copos tem tr\u00eas conjuntos, seis conjuntos.<\/p>\n\n\n\n<p><strong>Design com rebordo:<\/strong> O rebordo da ch\u00e1vena \u00e9 enrolado e suave, n\u00e3o magoando a boca e sendo seguro para beber.<\/p>\n\n\n\n<p><strong>F\u00e1cil de guardar:<\/strong> O copo pode ser sobreposto \u00e0 arruma\u00e7\u00e3o, n\u00e3o ocupa espa\u00e7o.<\/p>\n<\/div>\n\n\n\n<div class=\"wp-block-column is-layout-flow wp-block-column-is-layout-flow\"><div class=\"wp-block-image\">\n<figure class=\"aligncenter size-full is-resized\"><img decoding=\"async\" width=\"800\" height=\"800\" src=\"https:\/\/www.yongyukitchenware.com\/wp-content\/uploads\/2024\/09\/Wholesale-Camping-Cups-3.webp\" alt=\"Copos de campismo por atacado 3\" class=\"wp-image-1177\" style=\"width:406px;height:auto\" srcset=\"https:\/\/www.yongyukitchenware.com\/wp-content\/uploads\/2024\/09\/Wholesale-Camping-Cups-3.webp 800w, https:\/\/www.yongyukitchenware.com\/wp-content\/uploads\/2024\/09\/Wholesale-Camping-Cups-3-300x300.webp 300w, https:\/\/www.yongyukitchenware.com\/wp-content\/uploads\/2024\/09\/Wholesale-Camping-Cups-3-150x150.webp 150w, https:\/\/www.yongyukitchenware.com\/wp-content\/uploads\/2024\/09\/Wholesale-Camping-Cups-3-768x768.webp 768w, https:\/\/www.yongyukitchenware.com\/wp-content\/uploads\/2024\/09\/Wholesale-Camping-Cups-3-600x600.webp 600w, https:\/\/www.yongyukitchenware.com\/wp-content\/uploads\/2024\/09\/Wholesale-Camping-Cups-3-100x100.webp 100w\" sizes=\"(max-width: 800px) 100vw, 800px\" \/><\/figure>\n<\/div><\/div>\n<\/div>\n\n\n\n<p><\/p>","protected":false},"excerpt":{"rendered":"<p>Os nossos copos de campismo por atacado s\u00e3o feitos de a\u00e7o inoxid\u00e1vel de qualidade alimentar, que \u00e9 resistente \u00e0 corros\u00e3o e anti-oxida\u00e7\u00e3o. Est\u00e1 dispon\u00edvel em tr\u00eas op\u00e7\u00f5es: Pega em forma de D, pega dobr\u00e1vel e sem pega, com uma variedade de cores e especifica\u00e7\u00f5es. O design com rebordo enrolado \u00e9 seguro e n\u00e3o magoa a boca. Os copos podem ser empilhados para arruma\u00e7\u00e3o, o que \u00e9 f\u00e1cil de transportar e poupa espa\u00e7o.<\/p>\n<h2 style=\"text-align: left;\">Copos para campismo Par\u00e2metro:<\/h2>\n<p style=\"text-align: left;\"><strong>Material:<\/strong> A\u00e7o inoxid\u00e1vel<br \/><strong>Cor:<\/strong> Cor prata, preto, laranja, amarelo<br \/><strong>Capacidade:<\/strong> 290 ml\u00a0<br \/><strong>Di\u00e2metro * Altura (cm)<\/strong>\uff1a7,6*8,5 cm<br \/><strong>Embalagem:<\/strong> Saco Opp e caixa de cart\u00e3o<br \/><strong>OEM\/ODM:<\/strong> Dispon\u00edvel \u00a0<\/p>\n<p>&nbsp;<\/p>\n<h2 class=\"wp-block-heading\">De Camping Kitchen Essentials Fabricante :<\/h2>\n<p>Yongyu \u00e9 um fabricante profissional de artigos essenciais de cozinha para campismo, os nossos produtos abrangem todos os tipos de artigos essenciais de cozinha para campismo em a\u00e7o inoxid\u00e1vel, tais como equipamento de cozinha para campismo, conjuntos de utens\u00edlios de mesa para campismo, etc., fornecendo servi\u00e7os de aquisi\u00e7\u00e3o de qualidade e pre\u00e7os acess\u00edveis para cada cliente.<\/p>","protected":false},"featured_media":1176,"comment_status":"closed","ping_status":"closed","template":"","meta":{"_acf_changed":false},"application":[31],"product_brand":[],"product_cat":[18],"product_tag":[],"class_list":{"0":"post-1165","1":"product","2":"type-product","3":"status-publish","4":"has-post-thumbnail","6":"application-champ-kitchen","7":"product_cat-camping-kitchen-essentials-wholesale","9":"first","10":"instock","11":"shipping-taxable","12":"product-type-simple"},"acf":[],"_links":{"self":[{"href":"https:\/\/www.yongyukitchenware.com\/pt\/wp-json\/wp\/v2\/product\/1165","targetHints":{"allow":["GET"]}}],"collection":[{"href":"https:\/\/www.yongyukitchenware.com\/pt\/wp-json\/wp\/v2\/product"}],"about":[{"href":"https:\/\/www.yongyukitchenware.com\/pt\/wp-json\/wp\/v2\/types\/product"}],"replies":[{"embeddable":true,"href":"https:\/\/www.yongyukitchenware.com\/pt\/wp-json\/wp\/v2\/comments?post=1165"}],"wp:featuredmedia":[{"embeddable":true,"href":"https:\/\/www.yongyukitchenware.com\/pt\/wp-json\/wp\/v2\/media\/1176"}],"wp:attachment":[{"href":"https:\/\/www.yongyukitchenware.com\/pt\/wp-json\/wp\/v2\/media?parent=1165"}],"wp:term":[{"taxonomy":"application","embeddable":true,"href":"https:\/\/www.yongyukitchenware.com\/pt\/wp-json\/wp\/v2\/application?post=1165"},{"taxonomy":"product_brand","embeddable":true,"href":"https:\/\/www.yongyukitchenware.com\/pt\/wp-json\/wp\/v2\/product_brand?post=1165"},{"taxonomy":"product_cat","embeddable":true,"href":"https:\/\/www.yongyukitchenware.com\/pt\/wp-json\/wp\/v2\/product_cat?post=1165"},{"taxonomy":"product_tag","embeddable":true,"href":"https:\/\/www.yongyukitchenware.com\/pt\/wp-json\/wp\/v2\/product_tag?post=1165"}],"curies":[{"name":"wp","href":"https:\/\/api.w.org\/{rel}","templated":true}]}}