{"id":1192,"date":"2024-09-29T16:25:15","date_gmt":"2024-09-29T16:25:15","guid":{"rendered":"https:\/\/www.yongyukitchenware.com\/?post_type=product&#038;p=1192"},"modified":"2025-06-26T03:02:37","modified_gmt":"2025-06-26T03:02:37","slug":"camping-cookware-set-wholesale","status":"publish","type":"product","link":"https:\/\/www.yongyukitchenware.com\/pt\/produto\/camping-cookware-set-wholesale\/","title":{"rendered":"Conjunto de utens\u00edlios de cozinha para campismo Atacado de a\u00e7o inoxid\u00e1vel Equipamento de cozinha ao ar livre"},"content":{"rendered":"<div class=\"wp-block-columns is-layout-flex wp-container-core-columns-is-layout-9d6595d7 wp-block-columns-is-layout-flex\">\n<div class=\"wp-block-column is-layout-flow wp-block-column-is-layout-flow\">\n<h2 class=\"wp-block-heading\">Conjunto de utens\u00edlios de cozinha para campismo Carater\u00edsticas:<\/h2>\n\n\n\n<p><strong>Alta qualidade<\/strong> material em a\u00e7o inoxid\u00e1vel: A\u00e7o inoxid\u00e1vel 304 de qualidade alimentar, resistente \u00e0 corros\u00e3o e \u00e0 oxida\u00e7\u00e3o<\/p>\n\n\n\n<p><strong>O conjunto de utens\u00edlios de cozinha inclui<\/strong>0,6 L frigideira pequena, 1,6 L panela pequena para ferver, 3,0 L panela grande para ferver, 1,0 L chaleira pequena, 1,6 L chaleira grande, 1,1 L frigideira grande, 3,6 L panela suspensa, cesto de rede filtrante<\/p>\n\n\n\n<p><strong>Armazenamento empilh\u00e1vel:<\/strong> As v\u00e1rias especifica\u00e7\u00f5es incluem arruma\u00e7\u00e3o integrada, facilidade de transporte e desloca\u00e7\u00e3o sem press\u00e3o.<\/p>\n\n\n\n<p><strong>Leve e f\u00e1cil de transportar:<\/strong> Design compacto, adequado para campismo e viagens ao ar livre, f\u00e1cil de transportar.<\/p>\n\n\n\n<p><strong>F\u00e1cil de limpar: <\/strong>Superf\u00edcie lisa, f\u00e1cil de limpar, poupando tempo de limpeza.<\/p>\n<\/div>\n\n\n\n<div class=\"wp-block-column is-layout-flow wp-block-column-is-layout-flow\">\n<div class=\"wp-block-columns is-layout-flex wp-container-core-columns-is-layout-9d6595d7 wp-block-columns-is-layout-flex\">\n<div class=\"wp-block-column is-layout-flow wp-block-column-is-layout-flow\"><\/div>\n<\/div>\n\n\n\n<div class=\"wp-block-columns is-layout-flex wp-container-core-columns-is-layout-9d6595d7 wp-block-columns-is-layout-flex\">\n<div class=\"wp-block-column is-layout-flow wp-block-column-is-layout-flow\">\n<figure class=\"wp-block-image size-full is-resized\"><img decoding=\"async\" width=\"800\" height=\"800\" src=\"https:\/\/www.yongyukitchenware.com\/wp-content\/uploads\/2024\/09\/Camping-Cookware-Set-Wholesale-3.webp\" alt=\"Conjunto de utens\u00edlios de cozinha para campismo Wholesale 3\" class=\"wp-image-1205\" style=\"width:461px;height:auto\" srcset=\"https:\/\/www.yongyukitchenware.com\/wp-content\/uploads\/2024\/09\/Camping-Cookware-Set-Wholesale-3.webp 800w, https:\/\/www.yongyukitchenware.com\/wp-content\/uploads\/2024\/09\/Camping-Cookware-Set-Wholesale-3-300x300.webp 300w, https:\/\/www.yongyukitchenware.com\/wp-content\/uploads\/2024\/09\/Camping-Cookware-Set-Wholesale-3-150x150.webp 150w, https:\/\/www.yongyukitchenware.com\/wp-content\/uploads\/2024\/09\/Camping-Cookware-Set-Wholesale-3-768x768.webp 768w, https:\/\/www.yongyukitchenware.com\/wp-content\/uploads\/2024\/09\/Camping-Cookware-Set-Wholesale-3-600x600.webp 600w, https:\/\/www.yongyukitchenware.com\/wp-content\/uploads\/2024\/09\/Camping-Cookware-Set-Wholesale-3-100x100.webp 100w\" sizes=\"(max-width: 800px) 100vw, 800px\" \/><\/figure>\n<\/div>\n<\/div>\n<\/div>\n<\/div>\n\n\n\n<figure class=\"wp-block-table\"><table class=\"has-fixed-layout\"><tbody><tr><td>Modelo<\/td><td>Acess\u00f3rios<\/td><td>Di\u00e2metro<\/td><td>MOQ<\/td><\/tr><tr><td rowspan=\"8\">DY013-YC<\/td><td>Pote suspenso<\/td><td>22 cm<\/td><td rowspan=\"8\">10 PE\u00c7AS<\/td><\/tr><tr><td>Panela grande para cozer<\/td><td>19,5 cm<\/td><\/tr><tr><td>Panela pequena<\/td><td>16,5 cm<\/td><\/tr><tr><td>Frigideira<\/td><td>21 cm<\/td><\/tr><tr><td>Saco de viagem<\/td><td>\/<\/td><\/tr><tr><td>Chaleira 1.0L<\/td><td>\/<\/td><\/tr><tr><td>Chaleira 1.6L<\/td><td>\/<\/td><\/tr><tr><td>Cesto da rede de filtragem<\/td><td>\/<\/td><\/tr><\/tbody><\/table><\/figure>\n\n\n\n<p><\/p>","protected":false},"excerpt":{"rendered":"<p>O nosso conjunto de utens\u00edlios de cozinha para campismo por atacado foi concebido para os entusiastas do ar livre. \u00c9 dur\u00e1vel e leve e cont\u00e9m v\u00e1rios utens\u00edlios de cozinha para satisfazer as suas necessidades de cozinha ao ar livre. \u00c9 f\u00e1cil de limpar e guardar, o que o torna a escolha ideal para acampar e viajar.<\/p>\n<h2 style=\"text-align: left\">Conjunto de utens\u00edlios de cozinha para campismo Par\u00e2metro:<\/h2>\n<p style=\"text-align: left\"><strong>Material:<\/strong> A\u00e7o inoxid\u00e1vel<br \/><strong>Cor:<\/strong> Prata<br \/><strong>Capacidade:<\/strong> 0,6 L frigideira pequena, 1,6 L panela pequena, 3,0 L panela grande, 1,0 L chaleira pequena, 1,6 L chaleira grande, 1,1 L frigideira grande, 3,6 L panela suspensa.\u00a0\u00a0<br \/><strong>Embalagem: <\/strong>Saco Opp e caixa de cart\u00e3o<br \/><strong>OEM\/ODM:<\/strong> Dispon\u00edvel<\/p>\n<h2 class=\"wp-block-heading\">De Camping Kitchen Essentials Fabricante :<\/h2>\n<p>Yongyu \u00e9 um fabricante profissional de utens\u00edlios de cozinha para campismo, os nossos produtos abrangem todos os tipos de utens\u00edlios de cozinha para campismo em a\u00e7o inoxid\u00e1vel, tais como equipamento de cozinha para campismo, utens\u00edlios de mesa para campismo, grelhadores para churrasco, etc., fornecendo servi\u00e7os de aquisi\u00e7\u00e3o de qualidade e pre\u00e7os acess\u00edveis para cada cliente.<\/p>","protected":false},"featured_media":1207,"comment_status":"closed","ping_status":"closed","template":"","meta":{"_acf_changed":false},"application":[31],"product_brand":[],"product_cat":[18],"product_tag":[],"class_list":{"0":"post-1192","1":"product","2":"type-product","3":"status-publish","4":"has-post-thumbnail","6":"application-champ-kitchen","7":"product_cat-camping-kitchen-essentials-wholesale","9":"first","10":"instock","11":"shipping-taxable","12":"product-type-simple"},"acf":[],"_links":{"self":[{"href":"https:\/\/www.yongyukitchenware.com\/pt\/wp-json\/wp\/v2\/product\/1192","targetHints":{"allow":["GET"]}}],"collection":[{"href":"https:\/\/www.yongyukitchenware.com\/pt\/wp-json\/wp\/v2\/product"}],"about":[{"href":"https:\/\/www.yongyukitchenware.com\/pt\/wp-json\/wp\/v2\/types\/product"}],"replies":[{"embeddable":true,"href":"https:\/\/www.yongyukitchenware.com\/pt\/wp-json\/wp\/v2\/comments?post=1192"}],"wp:featuredmedia":[{"embeddable":true,"href":"https:\/\/www.yongyukitchenware.com\/pt\/wp-json\/wp\/v2\/media\/1207"}],"wp:attachment":[{"href":"https:\/\/www.yongyukitchenware.com\/pt\/wp-json\/wp\/v2\/media?parent=1192"}],"wp:term":[{"taxonomy":"application","embeddable":true,"href":"https:\/\/www.yongyukitchenware.com\/pt\/wp-json\/wp\/v2\/application?post=1192"},{"taxonomy":"product_brand","embeddable":true,"href":"https:\/\/www.yongyukitchenware.com\/pt\/wp-json\/wp\/v2\/product_brand?post=1192"},{"taxonomy":"product_cat","embeddable":true,"href":"https:\/\/www.yongyukitchenware.com\/pt\/wp-json\/wp\/v2\/product_cat?post=1192"},{"taxonomy":"product_tag","embeddable":true,"href":"https:\/\/www.yongyukitchenware.com\/pt\/wp-json\/wp\/v2\/product_tag?post=1192"}],"curies":[{"name":"wp","href":"https:\/\/api.w.org\/{rel}","templated":true}]}}