{"id":1273,"date":"2024-10-22T01:22:06","date_gmt":"2024-10-22T01:22:06","guid":{"rendered":"https:\/\/www.yongyukitchenware.com\/?post_type=product&#038;p=1273"},"modified":"2025-06-26T06:17:15","modified_gmt":"2025-06-26T06:17:15","slug":"stainless-steel-bucket-supplier","status":"publish","type":"product","link":"https:\/\/www.yongyukitchenware.com\/pt\/produto\/stainless-steel-bucket-supplier\/","title":{"rendered":"Balde de a\u00e7o inoxid\u00e1vel a granel 5-25QT com pega Balde de \u00e1gua"},"content":{"rendered":"<div class=\"wp-block-columns is-layout-flex wp-container-core-columns-is-layout-9d6595d7 wp-block-columns-is-layout-flex\">\n<div class=\"wp-block-column is-layout-flow wp-block-column-is-layout-flow\">\n<h2 class=\"wp-block-heading\">Balde de a\u00e7o inoxid\u00e1vel Carater\u00edsticas:<\/h2>\n\n\n\n<p><strong>A\u00e7o inoxid\u00e1vel de alta qualidade: <\/strong>a\u00e7o inoxid\u00e1vel de qualidade alimentar, com boa resist\u00eancia \u00e0 corros\u00e3o e ao desgaste<br><strong>Design de pega espessa: <\/strong>Cabo de material espesso, princ\u00edpio ergon\u00f3mico, pega confort\u00e1vel, grande capacidade de carga<br><strong>Armazenamento empilhado: <\/strong>as especifica\u00e7\u00f5es m\u00faltiplas podem ser empilhadas, n\u00e3o ocupam espa\u00e7o<br><strong>Fundo plano engrossado:<\/strong> o fundo \u00e9 mais alto e mais grosso, colocado com firmeza, n\u00e3o prejudica a bancada<br><strong>Multifuncional: <\/strong>Os baldes de a\u00e7o inoxid\u00e1vel s\u00e3o amplamente utilizados na ind\u00fastria da restaura\u00e7\u00e3o e nas cozinhas dom\u00e9sticas como recipientes ideais para armazenar ingredientes ou \u00e1gua.<\/p>\n\n\n\n<h2 class=\"wp-block-heading\">Tamanho do balde em a\u00e7o inoxid\u00e1vel:<\/h2>\n\n\n\n<figure class=\"wp-block-table\"><table class=\"has-fixed-layout\"><tbody><tr><td>Modelo<\/td><td>Tamanho<\/td><td>Di\u00e2metro * Altura (cm)<\/td><td>MOQ<\/td><\/tr><tr><td rowspan=\"9\">DY001-T<\/td><td>5L<\/td><td>22*19cm<\/td><td rowspan=\"9\">60 PE\u00c7AS<\/td><\/tr><tr><td>6L<\/td><td>24*21cm<\/td><\/tr><tr><td>7L<\/td><td>26*22cm<\/td><\/tr><tr><td>8L<\/td><td>28*25,5cm<\/td><\/tr><tr><td>10L<\/td><td>30*26,5cm<\/td><\/tr><tr><td>12L<\/td><td>32*28cm<\/td><\/tr><tr><td>16L<\/td><td>34*30cm<\/td><\/tr><tr><td>20L<\/td><td>36*31,5cm<\/td><\/tr><tr><td>24L<\/td><td>38*33,5cm<\/td><\/tr><\/tbody><\/table><\/figure>\n<\/div>\n\n\n\n<div class=\"wp-block-column is-layout-flow wp-block-column-is-layout-flow\">\n<div class=\"wp-block-columns is-layout-flex wp-container-core-columns-is-layout-9d6595d7 wp-block-columns-is-layout-flex\">\n<div class=\"wp-block-column is-layout-flow wp-block-column-is-layout-flow\">\n<figure class=\"wp-block-image size-full\"><img decoding=\"async\" width=\"800\" height=\"800\" src=\"https:\/\/www.yongyukitchenware.com\/wp-content\/uploads\/2024\/09\/stainless-steel-bucket-supplier-6.webp\" alt=\"fornecedor de baldes de a\u00e7o inoxid\u00e1vel (6)\" class=\"wp-image-1282\" srcset=\"https:\/\/www.yongyukitchenware.com\/wp-content\/uploads\/2024\/09\/stainless-steel-bucket-supplier-6.webp 800w, https:\/\/www.yongyukitchenware.com\/wp-content\/uploads\/2024\/09\/stainless-steel-bucket-supplier-6-300x300.webp 300w, https:\/\/www.yongyukitchenware.com\/wp-content\/uploads\/2024\/09\/stainless-steel-bucket-supplier-6-150x150.webp 150w, https:\/\/www.yongyukitchenware.com\/wp-content\/uploads\/2024\/09\/stainless-steel-bucket-supplier-6-768x768.webp 768w, https:\/\/www.yongyukitchenware.com\/wp-content\/uploads\/2024\/09\/stainless-steel-bucket-supplier-6-600x600.webp 600w, https:\/\/www.yongyukitchenware.com\/wp-content\/uploads\/2024\/09\/stainless-steel-bucket-supplier-6-100x100.webp 100w\" sizes=\"(max-width: 800px) 100vw, 800px\" \/><\/figure>\n\n\n\n<figure class=\"wp-block-image size-full\"><img decoding=\"async\" width=\"800\" height=\"800\" src=\"https:\/\/www.yongyukitchenware.com\/wp-content\/uploads\/2024\/09\/stainless-steel-bucket-supplier-1.webp\" alt=\"fornecedor de baldes de a\u00e7o inoxid\u00e1vel (1)\" class=\"wp-image-1277\" srcset=\"https:\/\/www.yongyukitchenware.com\/wp-content\/uploads\/2024\/09\/stainless-steel-bucket-supplier-1.webp 800w, https:\/\/www.yongyukitchenware.com\/wp-content\/uploads\/2024\/09\/stainless-steel-bucket-supplier-1-300x300.webp 300w, https:\/\/www.yongyukitchenware.com\/wp-content\/uploads\/2024\/09\/stainless-steel-bucket-supplier-1-150x150.webp 150w, https:\/\/www.yongyukitchenware.com\/wp-content\/uploads\/2024\/09\/stainless-steel-bucket-supplier-1-768x768.webp 768w, https:\/\/www.yongyukitchenware.com\/wp-content\/uploads\/2024\/09\/stainless-steel-bucket-supplier-1-600x600.webp 600w, https:\/\/www.yongyukitchenware.com\/wp-content\/uploads\/2024\/09\/stainless-steel-bucket-supplier-1-100x100.webp 100w\" sizes=\"(max-width: 800px) 100vw, 800px\" \/><\/figure>\n<\/div>\n<\/div>\n\n\n\n<div class=\"wp-block-columns is-layout-flex wp-container-core-columns-is-layout-9d6595d7 wp-block-columns-is-layout-flex\">\n<div class=\"wp-block-column is-layout-flow wp-block-column-is-layout-flow\"><\/div>\n<\/div>\n<\/div>\n<\/div>\n\n\n\n<p><\/p>","protected":false},"excerpt":{"rendered":"<p>Yongyu \u00e9 um fornecedor fi\u00e1vel de baldes de a\u00e7o inoxid\u00e1vel, os nossos baldes dom\u00e9sticos e comerciais t\u00eam uma constru\u00e7\u00e3o dur\u00e1vel e pegas robustas, e apoiamos as vendas na Amazon!<\/p>\n<h2>Balde de a\u00e7o inoxid\u00e1vel Par\u00e2metro:<\/h2>\n<p><strong>Material:<\/strong> a\u00e7o inoxid\u00e1vel<br \/><strong>Design da pega:<\/strong> pega grossa<br \/><strong>Tamanhos diferentes:<\/strong> Tamanhos 5-24L dispon\u00edveis<br \/><strong>Design do balde:<\/strong> processo de polimento espelhado e fundo plano espessado<br \/><strong>Embalagem:<\/strong> saco\/grupo\/caixa de cart\u00e3o ou personalizado<br \/><strong>OEM\/ODM:<\/strong> facultativo<\/p>\n<h2 class=\"wp-block-heading\">De Yongyu Homeware Wholesaler:<\/h2>\n<p>Yongyu tem uma cadeia de fornecimento fi\u00e1vel e eficiente, personalizando e vendendo por grosso artigos para a casa em a\u00e7o inoxid\u00e1vel de alta qualidade. Os nossos produtos s\u00e3o dur\u00e1veis e acess\u00edveis, empenhados em satisfazer as necessidades comerciais dos clientes<\/p>","protected":false},"featured_media":2835,"comment_status":"closed","ping_status":"closed","template":"","meta":{"_acf_changed":false},"application":[29],"product_brand":[],"product_cat":[17],"product_tag":[],"class_list":{"0":"post-1273","1":"product","2":"type-product","3":"status-publish","4":"has-post-thumbnail","6":"application-home-kitchen","7":"product_cat-homeware-wholesaler","9":"first","10":"instock","11":"shipping-taxable","12":"product-type-simple"},"acf":[],"_links":{"self":[{"href":"https:\/\/www.yongyukitchenware.com\/pt\/wp-json\/wp\/v2\/product\/1273","targetHints":{"allow":["GET"]}}],"collection":[{"href":"https:\/\/www.yongyukitchenware.com\/pt\/wp-json\/wp\/v2\/product"}],"about":[{"href":"https:\/\/www.yongyukitchenware.com\/pt\/wp-json\/wp\/v2\/types\/product"}],"replies":[{"embeddable":true,"href":"https:\/\/www.yongyukitchenware.com\/pt\/wp-json\/wp\/v2\/comments?post=1273"}],"wp:featuredmedia":[{"embeddable":true,"href":"https:\/\/www.yongyukitchenware.com\/pt\/wp-json\/wp\/v2\/media\/2835"}],"wp:attachment":[{"href":"https:\/\/www.yongyukitchenware.com\/pt\/wp-json\/wp\/v2\/media?parent=1273"}],"wp:term":[{"taxonomy":"application","embeddable":true,"href":"https:\/\/www.yongyukitchenware.com\/pt\/wp-json\/wp\/v2\/application?post=1273"},{"taxonomy":"product_brand","embeddable":true,"href":"https:\/\/www.yongyukitchenware.com\/pt\/wp-json\/wp\/v2\/product_brand?post=1273"},{"taxonomy":"product_cat","embeddable":true,"href":"https:\/\/www.yongyukitchenware.com\/pt\/wp-json\/wp\/v2\/product_cat?post=1273"},{"taxonomy":"product_tag","embeddable":true,"href":"https:\/\/www.yongyukitchenware.com\/pt\/wp-json\/wp\/v2\/product_tag?post=1273"}],"curies":[{"name":"wp","href":"https:\/\/api.w.org\/{rel}","templated":true}]}}