{"id":1295,"date":"2024-10-22T01:43:54","date_gmt":"2024-10-22T01:43:54","guid":{"rendered":"https:\/\/www.yongyukitchenware.com\/?post_type=product&#038;p=1295"},"modified":"2024-10-30T10:50:57","modified_gmt":"2024-10-30T10:50:57","slug":"bulk-small-trash-can","status":"publish","type":"product","link":"https:\/\/www.yongyukitchenware.com\/pt\/produto\/bulk-small-trash-can\/","title":{"rendered":"Caixote do lixo pequeno a granel em a\u00e7o inoxid\u00e1vel com tampa basculante e bancada amov\u00edvel"},"content":{"rendered":"<div class=\"wp-block-columns is-layout-flex wp-container-core-columns-is-layout-9d6595d7 wp-block-columns-is-layout-flex\">\n<div class=\"wp-block-column is-layout-flow wp-block-column-is-layout-flow\">\n<h2 class=\"wp-block-heading\">Caixote do lixo pequeno Carater\u00edsticas:<\/h2>\n\n\n\n<p><strong>A\u00e7o inoxid\u00e1vel de alta qualidade:<\/strong> material de a\u00e7o inoxid\u00e1vel de qualidade alimentar, resistente \u00e0 corros\u00e3o, para garantir uma utiliza\u00e7\u00e3o a longo prazo, adequado para diferentes ocasi\u00f5es<br><strong>Design oscilante: <\/strong>A tampa superior adopta uma<strong> <\/strong>design oscilante. Um ligeiro empurr\u00e3o pode deitar o lixo para dentro do balde, tornando-o f\u00e1cil de utilizar e isolando eficazmente o odor.<br><strong>Design de uma s\u00f3 pe\u00e7a:<\/strong> Corpo liso, sem soldadura, design de estiramento de uma s\u00f3 pe\u00e7a, f\u00e1cil de limpar.<br><strong>Fundo espessado:<\/strong> achatar o fundo para aumentar a estabilidade e a praticidade. O fundo liso n\u00e3o danifica a secret\u00e1ria<br><strong>Estrutura amov\u00edvel:<\/strong> Tanto a tampa como o tambor podem ser facilmente desmontados, o que \u00e9 conveniente para o utilizador efetuar uma limpeza completa e manter o interior do caixote do lixo limpo e higi\u00e9nico.<\/p>\n<\/div>\n\n\n\n<div class=\"wp-block-column is-layout-flow wp-block-column-is-layout-flow\">\n<div class=\"wp-block-columns is-layout-flex wp-container-core-columns-is-layout-9d6595d7 wp-block-columns-is-layout-flex\">\n<div class=\"wp-block-column is-layout-flow wp-block-column-is-layout-flow\">\n<figure class=\"wp-block-image size-full\"><img decoding=\"async\" width=\"800\" height=\"800\" src=\"https:\/\/www.yongyukitchenware.com\/wp-content\/uploads\/2024\/09\/bulk-stainless-steel-trash-can-1.webp\" alt=\"caixote do lixo em a\u00e7o inoxid\u00e1vel (1)\" class=\"wp-image-1324\" srcset=\"https:\/\/www.yongyukitchenware.com\/wp-content\/uploads\/2024\/09\/bulk-stainless-steel-trash-can-1.webp 800w, https:\/\/www.yongyukitchenware.com\/wp-content\/uploads\/2024\/09\/bulk-stainless-steel-trash-can-1-300x300.webp 300w, https:\/\/www.yongyukitchenware.com\/wp-content\/uploads\/2024\/09\/bulk-stainless-steel-trash-can-1-150x150.webp 150w, https:\/\/www.yongyukitchenware.com\/wp-content\/uploads\/2024\/09\/bulk-stainless-steel-trash-can-1-768x768.webp 768w, https:\/\/www.yongyukitchenware.com\/wp-content\/uploads\/2024\/09\/bulk-stainless-steel-trash-can-1-600x600.webp 600w, https:\/\/www.yongyukitchenware.com\/wp-content\/uploads\/2024\/09\/bulk-stainless-steel-trash-can-1-100x100.webp 100w\" sizes=\"(max-width: 800px) 100vw, 800px\" \/><\/figure>\n<\/div>\n<\/div>\n<\/div>\n<\/div>","protected":false},"excerpt":{"rendered":"<p>Pre\u00e7o de f\u00e1brica por atacado pequena lata de lixo com tampa superior girat\u00f3ria, feita de a\u00e7o inoxid\u00e1vel dur\u00e1vel, remov\u00edvel e f\u00e1cil de limpar. Suporte personalizado logotipo, cor, embalagem, etc. Bem-vindo a contactar Yongyu para o inqu\u00e9rito gratuito!<\/p>\n<h2>Caixote do lixo pequeno Par\u00e2metro:<\/h2>\n<p><strong>Material:<\/strong> a\u00e7o inoxid\u00e1vel<br \/><strong>Cor:<\/strong> prata, azul, vermelho e outras cores personaliz\u00e1veis<br \/><strong>Tamanho:<\/strong> 12*16cm<br \/><strong>Acess\u00f3rios:<\/strong> tampa superior basculante<br \/><strong>Embalagem:<\/strong> saco\/grupo\/caixa de cart\u00e3o ou personalizado<br \/><strong>OEM\/ODM:<\/strong> Opcional<\/p>\n<h2 class=\"wp-block-heading\">De Yongyu Homeware Wholesaler:<\/h2>\n<p>Yongyu tem uma cadeia de fornecimento fi\u00e1vel e eficiente, personalizando e vendendo por grosso artigos para a casa em a\u00e7o inoxid\u00e1vel de alta qualidade. Os nossos produtos s\u00e3o dur\u00e1veis e acess\u00edveis, empenhados em satisfazer as necessidades comerciais dos clientes<\/p>","protected":false},"featured_media":1329,"comment_status":"closed","ping_status":"closed","template":"","meta":{"_acf_changed":true},"application":[29],"product_brand":[],"product_cat":[17],"product_tag":[],"class_list":{"0":"post-1295","1":"product","2":"type-product","3":"status-publish","4":"has-post-thumbnail","6":"application-home-kitchen","7":"product_cat-homeware-wholesaler","9":"first","10":"instock","11":"shipping-taxable","12":"product-type-simple"},"acf":[],"_links":{"self":[{"href":"https:\/\/www.yongyukitchenware.com\/pt\/wp-json\/wp\/v2\/product\/1295","targetHints":{"allow":["GET"]}}],"collection":[{"href":"https:\/\/www.yongyukitchenware.com\/pt\/wp-json\/wp\/v2\/product"}],"about":[{"href":"https:\/\/www.yongyukitchenware.com\/pt\/wp-json\/wp\/v2\/types\/product"}],"replies":[{"embeddable":true,"href":"https:\/\/www.yongyukitchenware.com\/pt\/wp-json\/wp\/v2\/comments?post=1295"}],"wp:featuredmedia":[{"embeddable":true,"href":"https:\/\/www.yongyukitchenware.com\/pt\/wp-json\/wp\/v2\/media\/1329"}],"wp:attachment":[{"href":"https:\/\/www.yongyukitchenware.com\/pt\/wp-json\/wp\/v2\/media?parent=1295"}],"wp:term":[{"taxonomy":"application","embeddable":true,"href":"https:\/\/www.yongyukitchenware.com\/pt\/wp-json\/wp\/v2\/application?post=1295"},{"taxonomy":"product_brand","embeddable":true,"href":"https:\/\/www.yongyukitchenware.com\/pt\/wp-json\/wp\/v2\/product_brand?post=1295"},{"taxonomy":"product_cat","embeddable":true,"href":"https:\/\/www.yongyukitchenware.com\/pt\/wp-json\/wp\/v2\/product_cat?post=1295"},{"taxonomy":"product_tag","embeddable":true,"href":"https:\/\/www.yongyukitchenware.com\/pt\/wp-json\/wp\/v2\/product_tag?post=1295"}],"curies":[{"name":"wp","href":"https:\/\/api.w.org\/{rel}","templated":true}]}}