{"id":1350,"date":"2024-10-05T17:07:00","date_gmt":"2024-10-05T17:07:00","guid":{"rendered":"https:\/\/www.yongyukitchenware.com\/?post_type=product&#038;p=1350"},"modified":"2025-06-26T03:17:52","modified_gmt":"2025-06-26T03:17:52","slug":"stainless-steel-stools-wholesale","status":"publish","type":"product","link":"https:\/\/www.yongyukitchenware.com\/pt\/produto\/stainless-steel-stools-wholesale\/","title":{"rendered":"Venda por atacado de bancos de a\u00e7o inoxid\u00e1vel m\u00faltiplos altos quadrados redondos"},"content":{"rendered":"<div class=\"wp-block-columns is-layout-flex wp-container-core-columns-is-layout-9d6595d7 wp-block-columns-is-layout-flex\">\n<div class=\"wp-block-column is-layout-flow wp-block-column-is-layout-flow\">\n<h2 class=\"wp-block-heading\">Bancos em a\u00e7o inoxid\u00e1vel Carater\u00edsticas:<\/h2>\n\n\n\n<p><strong>A\u00e7o inoxid\u00e1vel espessado: <\/strong>Toda a cadeira \u00e9 fabricada em a\u00e7o inoxid\u00e1vel espessado, com uma forte capacidade de suporte, acabamento fino e durabilidade.<\/p>\n\n\n\n<p><strong>Armazenamento empilh\u00e1vel: <\/strong>As cadeiras podem ser empilhadas umas em cima das outras para facilitar a arruma\u00e7\u00e3o sem ocupar espa\u00e7o.<\/p>\n\n\n\n<p><strong>Superf\u00edcie do banco confort\u00e1vel: <\/strong>o processo de espelho da superf\u00edcie do banco, tem um design humanizado, confort\u00e1vel para se sentar.<\/p>\n\n\n\n<p><strong>Design de tubo duplo: <\/strong>as pernas do banco adoptam um design de tubo duplo com soldadura m\u00faltipla, o que aumenta consideravelmente a capacidade de carga do banco.<\/p>\n\n\n\n<p><strong>P\u00e9s antiderrapantes: <\/strong>A parte inferior das pernas est\u00e1 equipada com almofadas de borracha antiderrapantes, bem ajustadas, antiderrapantes e resistentes ao desgaste.<\/p>\n<\/div>\n\n\n\n<div class=\"wp-block-column is-layout-flow wp-block-column-is-layout-flow\">\n<div class=\"wp-block-columns is-layout-flex wp-container-core-columns-is-layout-9d6595d7 wp-block-columns-is-layout-flex\">\n<div class=\"wp-block-column is-layout-flow wp-block-column-is-layout-flow\">\n<figure class=\"wp-block-image size-full\"><img decoding=\"async\" width=\"800\" height=\"800\" src=\"https:\/\/www.yongyukitchenware.com\/wp-content\/uploads\/2024\/09\/wholesale-stainless-steel-stools-3.webp\" alt=\"bancos de a\u00e7o inoxid\u00e1vel por atacado (3)\" class=\"wp-image-1357\" srcset=\"https:\/\/www.yongyukitchenware.com\/wp-content\/uploads\/2024\/09\/wholesale-stainless-steel-stools-3.webp 800w, https:\/\/www.yongyukitchenware.com\/wp-content\/uploads\/2024\/09\/wholesale-stainless-steel-stools-3-300x300.webp 300w, https:\/\/www.yongyukitchenware.com\/wp-content\/uploads\/2024\/09\/wholesale-stainless-steel-stools-3-150x150.webp 150w, https:\/\/www.yongyukitchenware.com\/wp-content\/uploads\/2024\/09\/wholesale-stainless-steel-stools-3-768x768.webp 768w, https:\/\/www.yongyukitchenware.com\/wp-content\/uploads\/2024\/09\/wholesale-stainless-steel-stools-3-600x600.webp 600w, https:\/\/www.yongyukitchenware.com\/wp-content\/uploads\/2024\/09\/wholesale-stainless-steel-stools-3-100x100.webp 100w\" sizes=\"(max-width: 800px) 100vw, 800px\" \/><\/figure>\n<\/div>\n\n\n\n<div class=\"wp-block-column is-layout-flow wp-block-column-is-layout-flow\">\n<figure class=\"wp-block-image size-full\"><img decoding=\"async\" width=\"800\" height=\"800\" src=\"https:\/\/www.yongyukitchenware.com\/wp-content\/uploads\/2024\/09\/wholesale-stainless-steel-stools-5.webp\" alt=\"bancos de a\u00e7o inoxid\u00e1vel por atacado (5)\" class=\"wp-image-1359\" srcset=\"https:\/\/www.yongyukitchenware.com\/wp-content\/uploads\/2024\/09\/wholesale-stainless-steel-stools-5.webp 800w, https:\/\/www.yongyukitchenware.com\/wp-content\/uploads\/2024\/09\/wholesale-stainless-steel-stools-5-300x300.webp 300w, https:\/\/www.yongyukitchenware.com\/wp-content\/uploads\/2024\/09\/wholesale-stainless-steel-stools-5-150x150.webp 150w, https:\/\/www.yongyukitchenware.com\/wp-content\/uploads\/2024\/09\/wholesale-stainless-steel-stools-5-768x768.webp 768w, https:\/\/www.yongyukitchenware.com\/wp-content\/uploads\/2024\/09\/wholesale-stainless-steel-stools-5-600x600.webp 600w, https:\/\/www.yongyukitchenware.com\/wp-content\/uploads\/2024\/09\/wholesale-stainless-steel-stools-5-100x100.webp 100w\" sizes=\"(max-width: 800px) 100vw, 800px\" \/><\/figure>\n<\/div>\n<\/div>\n\n\n\n<div class=\"wp-block-columns is-layout-flex wp-container-core-columns-is-layout-9d6595d7 wp-block-columns-is-layout-flex\">\n<div class=\"wp-block-column is-layout-flow wp-block-column-is-layout-flow\">\n<figure class=\"wp-block-image size-full\"><img decoding=\"async\" width=\"800\" height=\"800\" src=\"https:\/\/www.yongyukitchenware.com\/wp-content\/uploads\/2024\/09\/wholesale-stainless-steel-stools-1.webp\" alt=\"bancos de a\u00e7o inoxid\u00e1vel por atacado (1)\" class=\"wp-image-1355\" srcset=\"https:\/\/www.yongyukitchenware.com\/wp-content\/uploads\/2024\/09\/wholesale-stainless-steel-stools-1.webp 800w, https:\/\/www.yongyukitchenware.com\/wp-content\/uploads\/2024\/09\/wholesale-stainless-steel-stools-1-300x300.webp 300w, https:\/\/www.yongyukitchenware.com\/wp-content\/uploads\/2024\/09\/wholesale-stainless-steel-stools-1-150x150.webp 150w, https:\/\/www.yongyukitchenware.com\/wp-content\/uploads\/2024\/09\/wholesale-stainless-steel-stools-1-768x768.webp 768w, https:\/\/www.yongyukitchenware.com\/wp-content\/uploads\/2024\/09\/wholesale-stainless-steel-stools-1-600x600.webp 600w, https:\/\/www.yongyukitchenware.com\/wp-content\/uploads\/2024\/09\/wholesale-stainless-steel-stools-1-100x100.webp 100w\" sizes=\"(max-width: 800px) 100vw, 800px\" \/><\/figure>\n<\/div>\n\n\n\n<div class=\"wp-block-column is-layout-flow wp-block-column-is-layout-flow\">\n<figure class=\"wp-block-image size-full\"><img decoding=\"async\" width=\"800\" height=\"800\" src=\"https:\/\/www.yongyukitchenware.com\/wp-content\/uploads\/2024\/09\/wholesale-stainless-steel-stools-6.webp\" alt=\"bancos de a\u00e7o inoxid\u00e1vel por atacado (6)\" class=\"wp-image-1360\" srcset=\"https:\/\/www.yongyukitchenware.com\/wp-content\/uploads\/2024\/09\/wholesale-stainless-steel-stools-6.webp 800w, https:\/\/www.yongyukitchenware.com\/wp-content\/uploads\/2024\/09\/wholesale-stainless-steel-stools-6-300x300.webp 300w, https:\/\/www.yongyukitchenware.com\/wp-content\/uploads\/2024\/09\/wholesale-stainless-steel-stools-6-150x150.webp 150w, https:\/\/www.yongyukitchenware.com\/wp-content\/uploads\/2024\/09\/wholesale-stainless-steel-stools-6-768x768.webp 768w, https:\/\/www.yongyukitchenware.com\/wp-content\/uploads\/2024\/09\/wholesale-stainless-steel-stools-6-600x600.webp 600w, https:\/\/www.yongyukitchenware.com\/wp-content\/uploads\/2024\/09\/wholesale-stainless-steel-stools-6-100x100.webp 100w\" sizes=\"(max-width: 800px) 100vw, 800px\" \/><\/figure>\n<\/div>\n<\/div>\n<\/div>\n<\/div>\n\n\n\n<h2 class=\"wp-block-heading\">Bancos em a\u00e7o inoxid\u00e1vel Tamanho:<\/h2>\n\n\n\n<figure class=\"wp-block-table\"><table class=\"has-fixed-layout\"><tbody><tr><td>Modelo<\/td><td>Forma<\/td><td>N\u00famero de apoios para os p\u00e9s<\/td><td>Tamanho<\/td><td>MOQ<\/td><\/tr><tr><td rowspan=\"3\">DY087-Z<\/td><td>Redondo<\/td><td>Tubo de tr\u00eas pernas cheio de areia<\/td><td rowspan=\"2\">22, 25, 30, 42, 47, 60CM<\/td><td rowspan=\"3\">20 PE\u00c7AS<\/td><\/tr><tr><td>Quadrado<\/td><td>Tubo de quatro pernas cheio de areia<\/td><\/tr><tr><td><\/td><td>Tubo vazio engrossado de 0,5 p\u00e9s quatro p\u00e9s<\/td><td>30, 47CM<\/td><\/tr><\/tbody><\/table><\/figure>\n\n\n\n<p><\/p>","protected":false},"excerpt":{"rendered":"<p>Conhe\u00e7a os bancos de a\u00e7o inoxid\u00e1vel da Yongyu para venda por grosso, dispon\u00edveis em formas quadradas e redondas com diferentes alturas \u00e0 escolha, adequados tanto para a decora\u00e7\u00e3o moderna da casa como para ambientes comerciais, como bares e restaurantes!<\/p>\n<h2>Bancos de a\u00e7o inoxid\u00e1vel Par\u00e2metro:<\/h2>\n<p><strong>Material:<\/strong> a\u00e7o inoxid\u00e1vel<br \/><strong>Forma:<\/strong>\u00a0 redondo ou quadrado<br \/><strong>Tamanhos dispon\u00edveis:<\/strong> 22, 25, 30, 42, 47, 60 CM<br \/><strong>Embalagem:<\/strong> saco\/grupo\/caixa de cart\u00e3o ou personalizado<br \/><strong>OEM\/ODM:<\/strong> facultativo<\/p>\n<h2 class=\"wp-block-heading\">De Yongyu Homeware Wholesaler:<\/h2>\n<p>Yongyu tem uma cadeia de fornecimento fi\u00e1vel e eficiente, personalizando e vendendo por grosso artigos para a casa em a\u00e7o inoxid\u00e1vel de alta qualidade. Os nossos produtos s\u00e3o dur\u00e1veis e acess\u00edveis, empenhados em satisfazer as necessidades comerciais dos clientes<\/p>","protected":false},"featured_media":1356,"comment_status":"closed","ping_status":"closed","template":"","meta":{"_acf_changed":false},"application":[],"product_brand":[],"product_cat":[17],"product_tag":[],"class_list":{"0":"post-1350","1":"product","2":"type-product","3":"status-publish","4":"has-post-thumbnail","6":"product_cat-homeware-wholesaler","8":"first","9":"instock","10":"shipping-taxable","11":"product-type-simple"},"acf":[],"_links":{"self":[{"href":"https:\/\/www.yongyukitchenware.com\/pt\/wp-json\/wp\/v2\/product\/1350","targetHints":{"allow":["GET"]}}],"collection":[{"href":"https:\/\/www.yongyukitchenware.com\/pt\/wp-json\/wp\/v2\/product"}],"about":[{"href":"https:\/\/www.yongyukitchenware.com\/pt\/wp-json\/wp\/v2\/types\/product"}],"replies":[{"embeddable":true,"href":"https:\/\/www.yongyukitchenware.com\/pt\/wp-json\/wp\/v2\/comments?post=1350"}],"wp:featuredmedia":[{"embeddable":true,"href":"https:\/\/www.yongyukitchenware.com\/pt\/wp-json\/wp\/v2\/media\/1356"}],"wp:attachment":[{"href":"https:\/\/www.yongyukitchenware.com\/pt\/wp-json\/wp\/v2\/media?parent=1350"}],"wp:term":[{"taxonomy":"application","embeddable":true,"href":"https:\/\/www.yongyukitchenware.com\/pt\/wp-json\/wp\/v2\/application?post=1350"},{"taxonomy":"product_brand","embeddable":true,"href":"https:\/\/www.yongyukitchenware.com\/pt\/wp-json\/wp\/v2\/product_brand?post=1350"},{"taxonomy":"product_cat","embeddable":true,"href":"https:\/\/www.yongyukitchenware.com\/pt\/wp-json\/wp\/v2\/product_cat?post=1350"},{"taxonomy":"product_tag","embeddable":true,"href":"https:\/\/www.yongyukitchenware.com\/pt\/wp-json\/wp\/v2\/product_tag?post=1350"}],"curies":[{"name":"wp","href":"https:\/\/api.w.org\/{rel}","templated":true}]}}