{"id":1383,"date":"2024-10-05T16:50:27","date_gmt":"2024-10-05T16:50:27","guid":{"rendered":"https:\/\/www.yongyukitchenware.com\/?post_type=product&#038;p=1383"},"modified":"2025-06-26T03:16:45","modified_gmt":"2025-06-26T03:16:45","slug":"cosmetic-organizer-wholesale","status":"publish","type":"product","link":"https:\/\/www.yongyukitchenware.com\/pt\/produto\/cosmetic-organizer-wholesale\/","title":{"rendered":"Organizador de cosm\u00e9ticos por atacado Bandeja de 2 n\u00edveis Armazenamento de bancada retangular redonda"},"content":{"rendered":"<div class=\"wp-block-columns is-layout-flex wp-container-core-columns-is-layout-9d6595d7 wp-block-columns-is-layout-flex\">\n<div class=\"wp-block-column is-layout-flow wp-block-column-is-layout-flow\">\n<h2 class=\"wp-block-heading\">Organizador de cosm\u00e9ticos Carater\u00edsticas:<\/h2>\n\n\n\n<p><strong>Material espessante: <\/strong>material ABS de alta qualidade, espesso e dur\u00e1vel, resistente ao desgaste e n\u00e3o se danifica facilmente<\/p>\n\n\n\n<p><strong>Arestas arredondadas: <\/strong>cantos polidos e lisos, sem rebarbas, n\u00e3o magoam as m\u00e3os<\/p>\n\n\n\n<p><strong>Design de pega oca: <\/strong>pega oca port\u00e1til, f\u00e1cil de utilizar, movimenta-se livremente<\/p>\n\n\n\n<p><strong>Design antiderrapante:<\/strong> Padr\u00e3o vertical na parte inferior, com um efeito antiderrapante.<\/p>\n\n\n\n<p><strong>Estrutura de dupla camada: <\/strong>Concebido em duas camadas com um grande espa\u00e7amento, o que aumenta o espa\u00e7o de arruma\u00e7\u00e3o, mantendo a secret\u00e1ria limpa e organizada.<\/p>\n<\/div>\n\n\n\n<div class=\"wp-block-column is-layout-flow wp-block-column-is-layout-flow\">\n<div class=\"wp-block-columns is-layout-flex wp-container-core-columns-is-layout-9d6595d7 wp-block-columns-is-layout-flex\">\n<div class=\"wp-block-column is-layout-flow wp-block-column-is-layout-flow\">\n<figure class=\"wp-block-image size-full\"><img decoding=\"async\" width=\"800\" height=\"800\" src=\"https:\/\/www.yongyukitchenware.com\/wp-content\/uploads\/2024\/09\/bulk-storage-racks-custom-1.webp\" alt=\"estantes de armazenamento a granel personalizadas (1)\" class=\"wp-image-1384\" srcset=\"https:\/\/www.yongyukitchenware.com\/wp-content\/uploads\/2024\/09\/bulk-storage-racks-custom-1.webp 800w, https:\/\/www.yongyukitchenware.com\/wp-content\/uploads\/2024\/09\/bulk-storage-racks-custom-1-300x300.webp 300w, https:\/\/www.yongyukitchenware.com\/wp-content\/uploads\/2024\/09\/bulk-storage-racks-custom-1-150x150.webp 150w, https:\/\/www.yongyukitchenware.com\/wp-content\/uploads\/2024\/09\/bulk-storage-racks-custom-1-768x768.webp 768w, https:\/\/www.yongyukitchenware.com\/wp-content\/uploads\/2024\/09\/bulk-storage-racks-custom-1-12x12.webp 12w, https:\/\/www.yongyukitchenware.com\/wp-content\/uploads\/2024\/09\/bulk-storage-racks-custom-1-600x600.webp 600w, https:\/\/www.yongyukitchenware.com\/wp-content\/uploads\/2024\/09\/bulk-storage-racks-custom-1-100x100.webp 100w\" sizes=\"(max-width: 800px) 100vw, 800px\" \/><\/figure>\n<\/div>\n\n\n\n<div class=\"wp-block-column is-layout-flow wp-block-column-is-layout-flow\">\n<figure class=\"wp-block-image size-full\"><img decoding=\"async\" width=\"800\" height=\"800\" src=\"https:\/\/www.yongyukitchenware.com\/wp-content\/uploads\/2024\/09\/bulk-storage-racks-custom-2.webp\" alt=\"estantes de armazenamento a granel personalizadas (2)\" class=\"wp-image-1385\" srcset=\"https:\/\/www.yongyukitchenware.com\/wp-content\/uploads\/2024\/09\/bulk-storage-racks-custom-2.webp 800w, https:\/\/www.yongyukitchenware.com\/wp-content\/uploads\/2024\/09\/bulk-storage-racks-custom-2-300x300.webp 300w, https:\/\/www.yongyukitchenware.com\/wp-content\/uploads\/2024\/09\/bulk-storage-racks-custom-2-150x150.webp 150w, https:\/\/www.yongyukitchenware.com\/wp-content\/uploads\/2024\/09\/bulk-storage-racks-custom-2-768x768.webp 768w, https:\/\/www.yongyukitchenware.com\/wp-content\/uploads\/2024\/09\/bulk-storage-racks-custom-2-12x12.webp 12w, https:\/\/www.yongyukitchenware.com\/wp-content\/uploads\/2024\/09\/bulk-storage-racks-custom-2-600x600.webp 600w, https:\/\/www.yongyukitchenware.com\/wp-content\/uploads\/2024\/09\/bulk-storage-racks-custom-2-100x100.webp 100w\" sizes=\"(max-width: 800px) 100vw, 800px\" \/><\/figure>\n<\/div>\n<\/div>\n\n\n\n<div class=\"wp-block-columns is-layout-flex wp-container-core-columns-is-layout-9d6595d7 wp-block-columns-is-layout-flex\">\n<div class=\"wp-block-column is-layout-flow wp-block-column-is-layout-flow\">\n<figure class=\"wp-block-image size-full\"><img decoding=\"async\" width=\"800\" height=\"800\" src=\"https:\/\/www.yongyukitchenware.com\/wp-content\/uploads\/2024\/09\/bulk-storage-racks-custom-4.webp\" alt=\"estantes de armazenamento a granel personalizadas (4)\" class=\"wp-image-1387\" srcset=\"https:\/\/www.yongyukitchenware.com\/wp-content\/uploads\/2024\/09\/bulk-storage-racks-custom-4.webp 800w, https:\/\/www.yongyukitchenware.com\/wp-content\/uploads\/2024\/09\/bulk-storage-racks-custom-4-300x300.webp 300w, https:\/\/www.yongyukitchenware.com\/wp-content\/uploads\/2024\/09\/bulk-storage-racks-custom-4-150x150.webp 150w, https:\/\/www.yongyukitchenware.com\/wp-content\/uploads\/2024\/09\/bulk-storage-racks-custom-4-768x768.webp 768w, https:\/\/www.yongyukitchenware.com\/wp-content\/uploads\/2024\/09\/bulk-storage-racks-custom-4-12x12.webp 12w, https:\/\/www.yongyukitchenware.com\/wp-content\/uploads\/2024\/09\/bulk-storage-racks-custom-4-600x600.webp 600w, https:\/\/www.yongyukitchenware.com\/wp-content\/uploads\/2024\/09\/bulk-storage-racks-custom-4-100x100.webp 100w\" sizes=\"(max-width: 800px) 100vw, 800px\" \/><\/figure>\n<\/div>\n\n\n\n<div class=\"wp-block-column is-layout-flow wp-block-column-is-layout-flow\">\n<figure class=\"wp-block-image size-full\"><img decoding=\"async\" width=\"800\" height=\"800\" src=\"https:\/\/www.yongyukitchenware.com\/wp-content\/uploads\/2024\/09\/bulk-storage-racks-custom-5.webp\" alt=\"estantes de armazenamento a granel personalizadas (5)\" class=\"wp-image-1388\" srcset=\"https:\/\/www.yongyukitchenware.com\/wp-content\/uploads\/2024\/09\/bulk-storage-racks-custom-5.webp 800w, https:\/\/www.yongyukitchenware.com\/wp-content\/uploads\/2024\/09\/bulk-storage-racks-custom-5-300x300.webp 300w, https:\/\/www.yongyukitchenware.com\/wp-content\/uploads\/2024\/09\/bulk-storage-racks-custom-5-150x150.webp 150w, https:\/\/www.yongyukitchenware.com\/wp-content\/uploads\/2024\/09\/bulk-storage-racks-custom-5-768x768.webp 768w, https:\/\/www.yongyukitchenware.com\/wp-content\/uploads\/2024\/09\/bulk-storage-racks-custom-5-12x12.webp 12w, https:\/\/www.yongyukitchenware.com\/wp-content\/uploads\/2024\/09\/bulk-storage-racks-custom-5-600x600.webp 600w, https:\/\/www.yongyukitchenware.com\/wp-content\/uploads\/2024\/09\/bulk-storage-racks-custom-5-100x100.webp 100w\" sizes=\"(max-width: 800px) 100vw, 800px\" \/><\/figure>\n<\/div>\n<\/div>\n<\/div>\n<\/div>\n\n\n\n<h2 class=\"wp-block-heading\">Organizador de cosm\u00e9ticos Tamanho:<\/h2>\n\n\n\n<figure class=\"wp-block-table\"><table class=\"has-fixed-layout\"><tbody><tr><td>Modelo<\/td><td>tamanho<\/td><td>Comprimento * Largura * Altura (cm)<\/td><td>MOQ<\/td><\/tr><tr><td rowspan=\"6\">DY064-P<\/td><td>Camada dupla de tr\u00eas d\u00edgitos<\/td><td>9cm*27,5cm*24,8cm<\/td><td rowspan=\"6\">60 PE\u00c7AS<\/td><\/tr><tr><td>Dupla camada de quatro d\u00edgitos<\/td><td>18,5cm*18,5cm*24,8cm<\/td><\/tr><tr><td>Pequena camada dupla de seis d\u00edgitos<\/td><td>29,5 cm*18,5 cm*24,8 cm<\/td><\/tr><tr><td>Dupla camada grande de seis d\u00edgitos<\/td><td>31cm*21cm*24,8cm<\/td><\/tr><tr><td>Dupla camada de oito d\u00edgitos<\/td><td>41cm*22cm*24,8cm<\/td><\/tr><tr><td>Disco de camada dupla<\/td><td>27cm*27cm*24,8cm<\/td><\/tr><\/tbody><\/table><\/figure>","protected":false},"excerpt":{"rendered":"<p>Pequeno organizador de cosm\u00e9ticos por atacado, rack de armazenamento de bancada dom\u00e9stica, suporte de a\u00e7o inoxid\u00e1vel e design de bandeja de pl\u00e1stico de 2 camadas, fornecendo armazenamento multifuncional para cosm\u00e9ticos, x\u00edcaras, ch\u00e1 da tarde, etc. Suporte a personaliza\u00e7\u00e3o em massa, entre em contato conosco para consulta gratuita.<\/p>\n<h2>Organizador de cosm\u00e9ticos Par\u00e2metro:<\/h2>\n<p><strong>Material:<\/strong> material ABS de alta qualidade<br \/><strong>Forma:<\/strong> redondo ou quadrado<br \/><strong>Cor:<\/strong> branco<br \/><strong>Conce\u00e7\u00e3o geral:<\/strong> dupla camada com pegas ocas<br \/><strong>Embalagem:<\/strong> saco\/grupo\/caixa de cart\u00e3o ou personalizado<br \/><strong>OEM\/ODM:<\/strong> facultativo<\/p>\n<h2 class=\"wp-block-heading\">De Yongyu Homeware Wholesaler:<\/h2>\n<p>Yongyu tem uma cadeia de abastecimento fi\u00e1vel e eficiente, personalizando e vendendo por grosso artigos para a casa em a\u00e7o inoxid\u00e1vel de alta qualidade. Os nossos produtos s\u00e3o dur\u00e1veis e acess\u00edveis, empenhados em satisfazer as necessidades comerciais dos clientes.<\/p>","protected":false},"featured_media":1388,"comment_status":"closed","ping_status":"closed","template":"","meta":{"_acf_changed":true},"application":[29],"product_brand":[],"product_cat":[17],"product_tag":[],"class_list":{"0":"post-1383","1":"product","2":"type-product","3":"status-publish","4":"has-post-thumbnail","6":"application-home-kitchen","7":"product_cat-homeware-wholesaler","9":"first","10":"instock","11":"shipping-taxable","12":"product-type-simple"},"acf":[],"_links":{"self":[{"href":"https:\/\/www.yongyukitchenware.com\/pt\/wp-json\/wp\/v2\/product\/1383","targetHints":{"allow":["GET"]}}],"collection":[{"href":"https:\/\/www.yongyukitchenware.com\/pt\/wp-json\/wp\/v2\/product"}],"about":[{"href":"https:\/\/www.yongyukitchenware.com\/pt\/wp-json\/wp\/v2\/types\/product"}],"replies":[{"embeddable":true,"href":"https:\/\/www.yongyukitchenware.com\/pt\/wp-json\/wp\/v2\/comments?post=1383"}],"wp:featuredmedia":[{"embeddable":true,"href":"https:\/\/www.yongyukitchenware.com\/pt\/wp-json\/wp\/v2\/media\/1388"}],"wp:attachment":[{"href":"https:\/\/www.yongyukitchenware.com\/pt\/wp-json\/wp\/v2\/media?parent=1383"}],"wp:term":[{"taxonomy":"application","embeddable":true,"href":"https:\/\/www.yongyukitchenware.com\/pt\/wp-json\/wp\/v2\/application?post=1383"},{"taxonomy":"product_brand","embeddable":true,"href":"https:\/\/www.yongyukitchenware.com\/pt\/wp-json\/wp\/v2\/product_brand?post=1383"},{"taxonomy":"product_cat","embeddable":true,"href":"https:\/\/www.yongyukitchenware.com\/pt\/wp-json\/wp\/v2\/product_cat?post=1383"},{"taxonomy":"product_tag","embeddable":true,"href":"https:\/\/www.yongyukitchenware.com\/pt\/wp-json\/wp\/v2\/product_tag?post=1383"}],"curies":[{"name":"wp","href":"https:\/\/api.w.org\/{rel}","templated":true}]}}