{"id":1392,"date":"2024-10-05T13:20:24","date_gmt":"2024-10-05T13:20:24","guid":{"rendered":"https:\/\/www.yongyukitchenware.com\/?post_type=product&#038;p=1392"},"modified":"2025-07-10T10:17:11","modified_gmt":"2025-07-10T10:17:11","slug":"stainless-steel-scoop-wholesale","status":"publish","type":"product","link":"https:\/\/www.yongyukitchenware.com\/pt\/produto\/stainless-steel-scoop-wholesale\/","title":{"rendered":"Colher de a\u00e7o inoxid\u00e1vel por atacado P\u00e1s para gelo e gr\u00e3os"},"content":{"rendered":"<div class=\"wp-block-columns is-layout-flex wp-container-core-columns-is-layout-9d6595d7 wp-block-columns-is-layout-flex\">\n<div class=\"wp-block-column is-layout-flow wp-block-column-is-layout-flow\">\n<h2 class=\"wp-block-heading\">Colher de a\u00e7o inoxid\u00e1vel Carater\u00edsticas:<\/h2>\n\n\n\n<p><strong>A\u00e7o inoxid\u00e1vel de qualidade alimentar: <\/strong>estrutura s\u00f3lida, segura e fi\u00e1vel, dur\u00e1vel<br><strong>Amplas aplica\u00e7\u00f5es\uff1a <\/strong>pode ser utilizada como esp\u00e1tula para gelo, esp\u00e1tula para cereais, esp\u00e1tula para ch\u00e1, esp\u00e1tula para farinha, etc.<br><strong>Arestas arredondadas:<\/strong> As arestas polidas e lisas, sem rebarbas, magoam a m\u00e3o.<br><strong>Design de pega mais comprida:<\/strong> a pega \u00e9 muito mais comprida e f\u00e1cil de agarrar e utilizar. O design do gancho da cauda tamb\u00e9m facilita bastante a arruma\u00e7\u00e3o.<br><strong>A forma da cabe\u00e7a \u00e9 arredondada: <\/strong>com uma boca de esp\u00e1tula grande para facilitar o acesso e a utiliza\u00e7\u00e3o.<strong><br>Tamanho e capacidade: <\/strong>A ferramenta est\u00e1 dispon\u00edvel em diferentes tamanhos para se adaptar a v\u00e1rias necessidades.<\/p>\n<\/div>\n\n\n\n<div class=\"wp-block-column is-layout-flow wp-block-column-is-layout-flow\">\n<div class=\"wp-block-columns is-layout-flex wp-container-core-columns-is-layout-9d6595d7 wp-block-columns-is-layout-flex\">\n<div class=\"wp-block-column is-layout-flow wp-block-column-is-layout-flow\">\n<figure class=\"wp-block-image size-full\"><img decoding=\"async\" width=\"800\" height=\"800\" src=\"https:\/\/www.yongyukitchenware.com\/wp-content\/uploads\/2024\/09\/wholesale-stainless-steel-scoop-1.webp\" alt=\"colher de a\u00e7o inoxid\u00e1vel por atacado (1)\" class=\"wp-image-1393\" srcset=\"https:\/\/www.yongyukitchenware.com\/wp-content\/uploads\/2024\/09\/wholesale-stainless-steel-scoop-1.webp 800w, https:\/\/www.yongyukitchenware.com\/wp-content\/uploads\/2024\/09\/wholesale-stainless-steel-scoop-1-300x300.webp 300w, https:\/\/www.yongyukitchenware.com\/wp-content\/uploads\/2024\/09\/wholesale-stainless-steel-scoop-1-150x150.webp 150w, https:\/\/www.yongyukitchenware.com\/wp-content\/uploads\/2024\/09\/wholesale-stainless-steel-scoop-1-768x768.webp 768w, https:\/\/www.yongyukitchenware.com\/wp-content\/uploads\/2024\/09\/wholesale-stainless-steel-scoop-1-12x12.webp 12w, https:\/\/www.yongyukitchenware.com\/wp-content\/uploads\/2024\/09\/wholesale-stainless-steel-scoop-1-600x600.webp 600w, https:\/\/www.yongyukitchenware.com\/wp-content\/uploads\/2024\/09\/wholesale-stainless-steel-scoop-1-100x100.webp 100w\" sizes=\"(max-width: 800px) 100vw, 800px\" \/><\/figure>\n<\/div>\n\n\n\n<div class=\"wp-block-column is-layout-flow wp-block-column-is-layout-flow\">\n<figure class=\"wp-block-image size-full\"><img decoding=\"async\" width=\"800\" height=\"800\" src=\"https:\/\/www.yongyukitchenware.com\/wp-content\/uploads\/2024\/09\/wholesale-stainless-steel-scoop-3.webp\" alt=\"colher de a\u00e7o inoxid\u00e1vel por atacado (3)\" class=\"wp-image-1395\" srcset=\"https:\/\/www.yongyukitchenware.com\/wp-content\/uploads\/2024\/09\/wholesale-stainless-steel-scoop-3.webp 800w, https:\/\/www.yongyukitchenware.com\/wp-content\/uploads\/2024\/09\/wholesale-stainless-steel-scoop-3-300x300.webp 300w, https:\/\/www.yongyukitchenware.com\/wp-content\/uploads\/2024\/09\/wholesale-stainless-steel-scoop-3-150x150.webp 150w, https:\/\/www.yongyukitchenware.com\/wp-content\/uploads\/2024\/09\/wholesale-stainless-steel-scoop-3-768x768.webp 768w, https:\/\/www.yongyukitchenware.com\/wp-content\/uploads\/2024\/09\/wholesale-stainless-steel-scoop-3-12x12.webp 12w, https:\/\/www.yongyukitchenware.com\/wp-content\/uploads\/2024\/09\/wholesale-stainless-steel-scoop-3-600x600.webp 600w, https:\/\/www.yongyukitchenware.com\/wp-content\/uploads\/2024\/09\/wholesale-stainless-steel-scoop-3-100x100.webp 100w\" sizes=\"(max-width: 800px) 100vw, 800px\" \/><\/figure>\n<\/div>\n<\/div>\n\n\n\n<div class=\"wp-block-columns is-layout-flex wp-container-core-columns-is-layout-9d6595d7 wp-block-columns-is-layout-flex\">\n<div class=\"wp-block-column is-layout-flow wp-block-column-is-layout-flow\"><\/div>\n\n\n\n<div class=\"wp-block-column is-layout-flow wp-block-column-is-layout-flow\"><\/div>\n<\/div>\n<\/div>\n<\/div>\n\n\n\n<h2 class=\"wp-block-heading\">A\u00e7o inoxid\u00e1vel Tamanhos das colheres:<\/h2>\n\n\n\n<figure class=\"wp-block-table\"><table class=\"has-fixed-layout\"><tbody><tr><td>Modelo<\/td><td>Norma<\/td><td>Comprimento total<\/td><td>Comprimento da haste<\/td><td>Largura do ventre<\/td><td>Calibre<\/td><td>Comprimento da boca<\/td><td>Peso<\/td><td>MOQ<\/td><\/tr><tr><td rowspan=\"7\">DY090-Z<\/td><td>Extra grande<\/td><td>34CM<\/td><td rowspan=\"4\">11CM<\/td><td>14.2CM<\/td><td>7,5 CM<\/td><td>23CM<\/td><td>380G<\/td><td>72 PE\u00c7AS<\/td><\/tr><tr><td>N.\u00ba 1<\/td><td>31,5 CM<\/td><td>12,7 CM<\/td><td>7,8 CM<\/td><td>20,7 CM<\/td><td>302G<\/td><td rowspan=\"3\">120 UNIDADES<\/td><\/tr><tr><td>N.\u00ba 2<\/td><td>29CM<\/td><td>11,2CM<\/td><td>6,7 CM<\/td><td>18,6 CM<\/td><td>243G<\/td><\/tr><tr><td>N.\u00ba 3<\/td><td>28 cm<\/td><td>9,7 CM<\/td><td rowspan=\"2\">6CM<\/td><td>16,7 CM<\/td><td>213G<\/td><\/tr><tr><td>N.\u00ba 4<\/td><td>24CM<\/td><td rowspan=\"2\">9,5 CM<\/td><td>9,4CM<\/td><td>14,7 CM<\/td><td>165G<\/td><td>144 UNIDADES<\/td><\/tr><tr><td>N.\u00ba 5<\/td><td>21CM<\/td><td>7.0CM<\/td><td rowspan=\"2\">4,5CM<\/td><td>12CM<\/td><td>107G<\/td><td rowspan=\"2\">192 UNIDADES<\/td><\/tr><tr><td>N.\u00ba 6<\/td><td>18,5 CM<\/td><td>9.0CM<\/td><td>5,8 CM<\/td><td>9,5 CM<\/td><td>78G<\/td><\/tr><\/tbody><\/table><\/figure>\n\n\n\n<p><\/p>","protected":false},"excerpt":{"rendered":"<p>As p\u00e1s multiusos de a\u00e7o inoxid\u00e1vel de alta qualidade da Yongyu para uso comercial e dom\u00e9stico oferecem a melhor solu\u00e7\u00e3o para as suas necessidades de manuseamento e servi\u00e7o de alimentos. Quer se trate de p\u00e1s para cereais, farinha, a\u00e7\u00facar, gelo ou outros produtos secos a granel, estas p\u00e1s s\u00e3o robustas e vers\u00e1teis.<\/p>\n<h2>Colher de a\u00e7o inoxid\u00e1vel Par\u00e2metro:<\/h2>\n<p><strong>Material:<\/strong> a\u00e7o inoxid\u00e1vel<br \/><strong>Conce\u00e7\u00e3o:<\/strong> Pega alargada e design de cabe\u00e7a redonda<br \/><strong>Tamanhos diferentes:<\/strong> sete tamanhos dispon\u00edveis com diferentes especifica\u00e7\u00f5es<br \/><strong>Embalagem:<\/strong> caixa de cor, caixa principal ou personalizada<br \/><strong>OEM\/ODM:<\/strong> Dispon\u00edvel<\/p>\n<h2 class=\"wp-block-heading\">De Yongyu Catering Supplies Wholesaler :<\/h2>\n<p>Como o melhor fabricante de material de catering na China, especializamo-nos em artigos de bar de alta qualidade para uso aduaneiro e grossista. Temos 25 anos de experi\u00eancia profissional para garantir que os clientes obtenham os produtos mais avan\u00e7ados e servi\u00e7os eficientes.<\/p>","protected":false},"featured_media":1398,"comment_status":"closed","ping_status":"closed","template":"","meta":{"_acf_changed":true},"application":[30],"product_brand":[],"product_cat":[16],"product_tag":[],"class_list":{"0":"post-1392","1":"product","2":"type-product","3":"status-publish","4":"has-post-thumbnail","6":"application-hotel-catering","7":"product_cat-barware-wholesale-custom","9":"first","10":"instock","11":"shipping-taxable","12":"product-type-simple"},"acf":[],"_links":{"self":[{"href":"https:\/\/www.yongyukitchenware.com\/pt\/wp-json\/wp\/v2\/product\/1392","targetHints":{"allow":["GET"]}}],"collection":[{"href":"https:\/\/www.yongyukitchenware.com\/pt\/wp-json\/wp\/v2\/product"}],"about":[{"href":"https:\/\/www.yongyukitchenware.com\/pt\/wp-json\/wp\/v2\/types\/product"}],"replies":[{"embeddable":true,"href":"https:\/\/www.yongyukitchenware.com\/pt\/wp-json\/wp\/v2\/comments?post=1392"}],"wp:featuredmedia":[{"embeddable":true,"href":"https:\/\/www.yongyukitchenware.com\/pt\/wp-json\/wp\/v2\/media\/1398"}],"wp:attachment":[{"href":"https:\/\/www.yongyukitchenware.com\/pt\/wp-json\/wp\/v2\/media?parent=1392"}],"wp:term":[{"taxonomy":"application","embeddable":true,"href":"https:\/\/www.yongyukitchenware.com\/pt\/wp-json\/wp\/v2\/application?post=1392"},{"taxonomy":"product_brand","embeddable":true,"href":"https:\/\/www.yongyukitchenware.com\/pt\/wp-json\/wp\/v2\/product_brand?post=1392"},{"taxonomy":"product_cat","embeddable":true,"href":"https:\/\/www.yongyukitchenware.com\/pt\/wp-json\/wp\/v2\/product_cat?post=1392"},{"taxonomy":"product_tag","embeddable":true,"href":"https:\/\/www.yongyukitchenware.com\/pt\/wp-json\/wp\/v2\/product_tag?post=1392"}],"curies":[{"name":"wp","href":"https:\/\/api.w.org\/{rel}","templated":true}]}}