{"id":1400,"date":"2024-10-05T16:13:13","date_gmt":"2024-10-05T16:13:13","guid":{"rendered":"https:\/\/www.yongyukitchenware.com\/?post_type=product&#038;p=1400"},"modified":"2025-06-26T03:14:07","modified_gmt":"2025-06-26T03:14:07","slug":"stainless-steel-food-containers-wholesale","status":"publish","type":"product","link":"https:\/\/www.yongyukitchenware.com\/pt\/produto\/stainless-steel-food-containers-wholesale\/","title":{"rendered":"Recipientes para alimentos em a\u00e7o inoxid\u00e1vel por atacado com tampa Airtigh e tampa de m\u00e3o"},"content":{"rendered":"<div class=\"wp-block-columns is-layout-flex wp-container-core-columns-is-layout-9d6595d7 wp-block-columns-is-layout-flex\">\n<div class=\"wp-block-column is-layout-flow wp-block-column-is-layout-flow\">\n<h2 class=\"wp-block-heading\">Recipientes para alimentos em a\u00e7o inoxid\u00e1vel Carater\u00edsticas:<\/h2>\n\n\n\n<p><strong>A\u00e7o inoxid\u00e1vel 304 de qualidade alimentar, Alta capacidade:<\/strong> ultra-dur\u00e1vel com grande resist\u00eancia \u00e0 corros\u00e3o e \u00e0 oxida\u00e7\u00e3o para garantir uma utiliza\u00e7\u00e3o prolongada. Adequado para actividades no interior e no exterior.<\/p>\n\n\n\n<p><strong>Op\u00e7\u00f5es de capacidade m\u00faltipla:<\/strong> 0,7L, 1L, 1,5L e 1,9L; para satisfazer todas as necessidades. Para petiscar, tomar uma refei\u00e7\u00e3o ou servir uma grande por\u00e7\u00e3o.<\/p>\n\n\n\n<p><strong>Design selado: <\/strong>Um design de veda\u00e7\u00e3o dupla, com um anel de silicone e um tamp\u00e3o de veda\u00e7\u00e3o, pode garantir que a veda\u00e7\u00e3o \u00e9 segura e \u00e0 prova de fugas. Proteja a sua comida e a sua viagem do stress.<\/p>\n\n\n\n<p><strong>Design da pega: <\/strong>Ambos os lados do contentor t\u00eam pegas salientes para uma ader\u00eancia f\u00e1cil e confort\u00e1vel e para aumentar a portabilidade.<\/p>\n<\/div>\n\n\n\n<div class=\"wp-block-column is-layout-flow wp-block-column-is-layout-flow\">\n<div class=\"wp-block-columns is-layout-flex wp-container-core-columns-is-layout-9d6595d7 wp-block-columns-is-layout-flex\">\n<div class=\"wp-block-column is-layout-flow wp-block-column-is-layout-flow\"><\/div>\n<\/div>\n\n\n\n<div class=\"wp-block-columns is-layout-flex wp-container-core-columns-is-layout-9d6595d7 wp-block-columns-is-layout-flex\">\n<div class=\"wp-block-column is-layout-flow wp-block-column-is-layout-flow\">\n<figure class=\"wp-block-image size-full is-resized\"><img decoding=\"async\" width=\"800\" height=\"800\" src=\"https:\/\/www.yongyukitchenware.com\/wp-content\/uploads\/2024\/09\/Wholesale-Stainless-Steel-Food-Containers-6.webp\" alt=\"Recipientes para alimentos em a\u00e7o inoxid\u00e1vel por atacado 6\" class=\"wp-image-1408\" style=\"width:461px;height:auto\" srcset=\"https:\/\/www.yongyukitchenware.com\/wp-content\/uploads\/2024\/09\/Wholesale-Stainless-Steel-Food-Containers-6.webp 800w, https:\/\/www.yongyukitchenware.com\/wp-content\/uploads\/2024\/09\/Wholesale-Stainless-Steel-Food-Containers-6-300x300.webp 300w, https:\/\/www.yongyukitchenware.com\/wp-content\/uploads\/2024\/09\/Wholesale-Stainless-Steel-Food-Containers-6-150x150.webp 150w, https:\/\/www.yongyukitchenware.com\/wp-content\/uploads\/2024\/09\/Wholesale-Stainless-Steel-Food-Containers-6-768x768.webp 768w, https:\/\/www.yongyukitchenware.com\/wp-content\/uploads\/2024\/09\/Wholesale-Stainless-Steel-Food-Containers-6-12x12.webp 12w, https:\/\/www.yongyukitchenware.com\/wp-content\/uploads\/2024\/09\/Wholesale-Stainless-Steel-Food-Containers-6-600x600.webp 600w, https:\/\/www.yongyukitchenware.com\/wp-content\/uploads\/2024\/09\/Wholesale-Stainless-Steel-Food-Containers-6-100x100.webp 100w\" sizes=\"(max-width: 800px) 100vw, 800px\" \/><\/figure>\n<\/div>\n<\/div>\n<\/div>\n<\/div>\n\n\n\n<h2 class=\"wp-block-heading\">Recipientes para alimentos em a\u00e7o inoxid\u00e1vel Tamanho:<\/h2>\n\n\n\n<figure class=\"wp-block-table\"><table class=\"has-fixed-layout\"><tbody><tr><td>Modelo<\/td><td>Tamanho<\/td><td>Comprimento * Largura * Altura (cm)<\/td><td>MOQ<\/td><\/tr><tr><td rowspan=\"4\">DY052-FH<\/td><td>0.7L<\/td><td>19*12*5,5cm<\/td><td>96 UNIDADES<\/td><\/tr><tr><td>1.0L<\/td><td>19*12*8cm<\/td><td>84 UNIDADES<\/td><\/tr><tr><td>1.5L<\/td><td>23*16*6,5cm<\/td><td>60 PE\u00c7AS<\/td><\/tr><tr><td>1.9L<\/td><td>23*16*8cm<\/td><td>48 UNIDADES<\/td><\/tr><\/tbody><\/table><\/figure>","protected":false},"excerpt":{"rendered":"<p>Os nossos recipientes para alimentos em a\u00e7o inoxid\u00e1vel por atacado est\u00e3o dispon\u00edveis em v\u00e1rios tamanhos e s\u00e3o feitos de a\u00e7o inoxid\u00e1vel de qualidade alimentar dur\u00e1vel com pegas duplas e tampas herm\u00e9ticas. S\u00e3o resistentes \u00e0 corros\u00e3o e \u00e0 prova de fugas, perfeitos para utiliza\u00e7\u00e3o em casa, no escrit\u00f3rio ou no exterior, garantindo uma arruma\u00e7\u00e3o segura e conveniente. N\u00e3o hesite em contactar-nos!<\/p>\n<h2 style=\"text-align: left\">Recipientes para alimentos em a\u00e7o inoxid\u00e1vel Par\u00e2metro:<\/h2>\n<p style=\"text-align: left\"><strong>Material:<\/strong> A\u00e7o inoxid\u00e1vel<br \/><strong>Cor:<\/strong> Cor prata<br \/><strong>Tamanho diferente:<\/strong> 0,7L, 1L, 1,5L e 1,9L<br \/><strong>Embalagem: <\/strong>Saco Opp e caixa de cart\u00e3o<br \/><strong>OEM\/ODM:<\/strong> Dispon\u00edvel<\/p>\n<h2 class=\"wp-block-heading\">De Fabricante de recipientes de armazenamento de alimentos :<\/h2>\n<p>Fundada em 1996, a Yongyu especializou-se na produ\u00e7\u00e3o e venda por grosso de recipientes de a\u00e7o inoxid\u00e1vel para armazenamento de alimentos, utens\u00edlios de cozinha, material de restaura\u00e7\u00e3o, artigos para casa e equipamento de cozinha para campismo. Fornece aos clientes servi\u00e7os completos de aquisi\u00e7\u00e3o de OEM e ODM e de com\u00e9rcio eletr\u00f3nico.<\/p>","protected":false},"featured_media":1404,"comment_status":"closed","ping_status":"closed","template":"","meta":{"_acf_changed":false},"application":[31],"product_brand":[],"product_cat":[19],"product_tag":[],"class_list":{"0":"post-1400","1":"product","2":"type-product","3":"status-publish","4":"has-post-thumbnail","6":"application-champ-kitchen","7":"product_cat-food-storage-container-bulk-custom","9":"first","10":"instock","11":"shipping-taxable","12":"product-type-simple"},"acf":[],"_links":{"self":[{"href":"https:\/\/www.yongyukitchenware.com\/pt\/wp-json\/wp\/v2\/product\/1400","targetHints":{"allow":["GET"]}}],"collection":[{"href":"https:\/\/www.yongyukitchenware.com\/pt\/wp-json\/wp\/v2\/product"}],"about":[{"href":"https:\/\/www.yongyukitchenware.com\/pt\/wp-json\/wp\/v2\/types\/product"}],"replies":[{"embeddable":true,"href":"https:\/\/www.yongyukitchenware.com\/pt\/wp-json\/wp\/v2\/comments?post=1400"}],"wp:featuredmedia":[{"embeddable":true,"href":"https:\/\/www.yongyukitchenware.com\/pt\/wp-json\/wp\/v2\/media\/1404"}],"wp:attachment":[{"href":"https:\/\/www.yongyukitchenware.com\/pt\/wp-json\/wp\/v2\/media?parent=1400"}],"wp:term":[{"taxonomy":"application","embeddable":true,"href":"https:\/\/www.yongyukitchenware.com\/pt\/wp-json\/wp\/v2\/application?post=1400"},{"taxonomy":"product_brand","embeddable":true,"href":"https:\/\/www.yongyukitchenware.com\/pt\/wp-json\/wp\/v2\/product_brand?post=1400"},{"taxonomy":"product_cat","embeddable":true,"href":"https:\/\/www.yongyukitchenware.com\/pt\/wp-json\/wp\/v2\/product_cat?post=1400"},{"taxonomy":"product_tag","embeddable":true,"href":"https:\/\/www.yongyukitchenware.com\/pt\/wp-json\/wp\/v2\/product_tag?post=1400"}],"curies":[{"name":"wp","href":"https:\/\/api.w.org\/{rel}","templated":true}]}}