{"id":1416,"date":"2024-10-05T13:44:19","date_gmt":"2024-10-05T13:44:19","guid":{"rendered":"https:\/\/www.yongyukitchenware.com\/?post_type=product&#038;p=1416"},"modified":"2025-06-26T03:15:14","modified_gmt":"2025-06-26T03:15:14","slug":"food-storage-box-wholesale","status":"publish","type":"product","link":"https:\/\/www.yongyukitchenware.com\/pt\/produto\/food-storage-box-wholesale\/","title":{"rendered":"Caixa de armazenamento de alimentos em a\u00e7o inoxid\u00e1vel por atacado com tampa de veda\u00e7\u00e3o"},"content":{"rendered":"<div class=\"wp-block-columns is-layout-flex wp-container-core-columns-is-layout-9d6595d7 wp-block-columns-is-layout-flex\">\n<div class=\"wp-block-column is-layout-flow wp-block-column-is-layout-flow\">\n<h2 class=\"wp-block-heading\">Caixa de armazenamento de alimentos Carater\u00edsticas:<\/h2>\n\n\n\n<p><strong>Material: <\/strong>a\u00e7o inoxid\u00e1vel de qualidade superior. O a\u00e7o inoxid\u00e1vel 304 de qualidade alimentar \u00e9 resistente \u00e0 corros\u00e3o e \u00e0 oxida\u00e7\u00e3o.<br><strong>Op\u00e7\u00f5es de capacidade m\u00faltipla:<\/strong> 2,5L, 3,5L, 4,5L e 6,0L para satisfazer v\u00e1rias necessidades.<br><strong>Design de veda\u00e7\u00e3o dupla \u00e0 prova de \u00e1gua:<\/strong> O design \u00e0 prova de fugas do anel de silicone da tampa e do tamp\u00e3o de silicone significa que pode viajar com muito mais seguran\u00e7a.<br><strong>Design da pega\uff1a<\/strong> As pegas salientes em ambos os lados da nossa caixa de armazenamento de alimentos em a\u00e7o inoxid\u00e1vel por atacado s\u00e3o convenientes para segurar.<br><strong>Tampa vis\u00edvel\uff1a<\/strong> o interior dos alimentos \u00e9 vis\u00edvel, n\u00e3o \u00e9 necess\u00e1rio abrir a tampa para ver.<\/p>\n<\/div>\n\n\n\n<div class=\"wp-block-column is-layout-flow wp-block-column-is-layout-flow\">\n<div class=\"wp-block-columns is-layout-flex wp-container-core-columns-is-layout-9d6595d7 wp-block-columns-is-layout-flex\">\n<div class=\"wp-block-column is-layout-flow wp-block-column-is-layout-flow\"><div class=\"wp-block-image\">\n<figure class=\"aligncenter size-full is-resized\"><img decoding=\"async\" width=\"800\" height=\"800\" src=\"https:\/\/www.yongyukitchenware.com\/wp-content\/uploads\/2024\/09\/Wholesale-Stainless-Steel-Food-Storage-Box-With-Sealing-Cover-1.webp\" alt=\"Caixa de armazenamento de alimentos em a\u00e7o inoxid\u00e1vel por atacado 1\" class=\"wp-image-1424\" style=\"width:416px;height:auto\" srcset=\"https:\/\/www.yongyukitchenware.com\/wp-content\/uploads\/2024\/09\/Wholesale-Stainless-Steel-Food-Storage-Box-With-Sealing-Cover-1.webp 800w, https:\/\/www.yongyukitchenware.com\/wp-content\/uploads\/2024\/09\/Wholesale-Stainless-Steel-Food-Storage-Box-With-Sealing-Cover-1-300x300.webp 300w, https:\/\/www.yongyukitchenware.com\/wp-content\/uploads\/2024\/09\/Wholesale-Stainless-Steel-Food-Storage-Box-With-Sealing-Cover-1-150x150.webp 150w, https:\/\/www.yongyukitchenware.com\/wp-content\/uploads\/2024\/09\/Wholesale-Stainless-Steel-Food-Storage-Box-With-Sealing-Cover-1-768x768.webp 768w, https:\/\/www.yongyukitchenware.com\/wp-content\/uploads\/2024\/09\/Wholesale-Stainless-Steel-Food-Storage-Box-With-Sealing-Cover-1-12x12.webp 12w, https:\/\/www.yongyukitchenware.com\/wp-content\/uploads\/2024\/09\/Wholesale-Stainless-Steel-Food-Storage-Box-With-Sealing-Cover-1-600x600.webp 600w, https:\/\/www.yongyukitchenware.com\/wp-content\/uploads\/2024\/09\/Wholesale-Stainless-Steel-Food-Storage-Box-With-Sealing-Cover-1-100x100.webp 100w\" sizes=\"(max-width: 800px) 100vw, 800px\" \/><\/figure>\n<\/div><\/div>\n<\/div>\n<\/div>\n<\/div>\n\n\n\n<div class=\"wp-block-group is-vertical is-layout-flex wp-container-core-group-is-layout-8cf370e7 wp-block-group-is-layout-flex\">\n<h2 class=\"wp-block-heading\">Caixa de armazenamento de alimentos Tamanho:<\/h2>\n<\/div>\n\n\n\n<figure class=\"wp-block-table\"><table class=\"has-fixed-layout\"><tbody><tr><td>Modelo<\/td><td>Tamanho<\/td><td>Comprimento * Largura * Altura (cm)<\/td><td>MOQ<\/td><\/tr><tr><td rowspan=\"4\">DY053-FH<\/td><td>2.5L<\/td><td>30*20*6cm<\/td><td>48 UNIDADES<\/td><\/tr><tr><td>3.5L<\/td><td>30*20*8,2cm<\/td><td>36 UNIDADES<\/td><\/tr><tr><td>4.5L<\/td><td>30*20*10,2cm<\/td><td>30 UNIDADES<\/td><\/tr><tr><td>6.0L<\/td><td>30*20*13,2cm<\/td><td>24 PE\u00c7AS<\/td><\/tr><\/tbody><\/table><\/figure>","protected":false},"excerpt":{"rendered":"<p>A nossa caixa de armazenamento de alimentos em a\u00e7o inoxid\u00e1vel por atacado apresenta um design dur\u00e1vel com uma tampa de veda\u00e7\u00e3o segura para manter os alimentos frescos e \u00e0 prova de fugas. Ideal para armazenamento seguro em casa, no trabalho ou em viagem.<\/p>\n<h2 style=\"text-align: left\">Caixa de armazenamento de alimentos Par\u00e2metro:<\/h2>\n<p style=\"text-align: left\"><strong>Material:<\/strong> A\u00e7o inoxid\u00e1vel<br \/><strong>Cor:<\/strong> Cor prata<br \/><strong>Tamanho diferente:<\/strong> 2.5L, 3.5L, 4.5L e 6.0L <br \/><strong>Embalagem: <\/strong>Saco Opp e caixa de cart\u00e3o<br \/><strong>OEM\/ODM:<\/strong> Dispon\u00edvel<\/p>\n<h2 class=\"wp-block-heading\">De Fabricante de recipientes de armazenamento de alimentos :<\/h2>\n<p>Fundada em 1996, a Yongyu especializou-se na produ\u00e7\u00e3o e venda por grosso de recipientes de a\u00e7o inoxid\u00e1vel para armazenamento de alimentos, utens\u00edlios de cozinha, material de restaura\u00e7\u00e3o, artigos para casa e equipamento de cozinha para campismo. Fornece aos clientes servi\u00e7os completos de aquisi\u00e7\u00e3o de OEM e ODM e de com\u00e9rcio eletr\u00f3nico.<\/p>","protected":false},"featured_media":1427,"comment_status":"closed","ping_status":"closed","template":"","meta":{"_acf_changed":true},"application":[31],"product_brand":[],"product_cat":[19],"product_tag":[],"class_list":{"0":"post-1416","1":"product","2":"type-product","3":"status-publish","4":"has-post-thumbnail","6":"application-champ-kitchen","7":"product_cat-food-storage-container-bulk-custom","9":"first","10":"instock","11":"shipping-taxable","12":"product-type-simple"},"acf":[],"_links":{"self":[{"href":"https:\/\/www.yongyukitchenware.com\/pt\/wp-json\/wp\/v2\/product\/1416","targetHints":{"allow":["GET"]}}],"collection":[{"href":"https:\/\/www.yongyukitchenware.com\/pt\/wp-json\/wp\/v2\/product"}],"about":[{"href":"https:\/\/www.yongyukitchenware.com\/pt\/wp-json\/wp\/v2\/types\/product"}],"replies":[{"embeddable":true,"href":"https:\/\/www.yongyukitchenware.com\/pt\/wp-json\/wp\/v2\/comments?post=1416"}],"wp:featuredmedia":[{"embeddable":true,"href":"https:\/\/www.yongyukitchenware.com\/pt\/wp-json\/wp\/v2\/media\/1427"}],"wp:attachment":[{"href":"https:\/\/www.yongyukitchenware.com\/pt\/wp-json\/wp\/v2\/media?parent=1416"}],"wp:term":[{"taxonomy":"application","embeddable":true,"href":"https:\/\/www.yongyukitchenware.com\/pt\/wp-json\/wp\/v2\/application?post=1416"},{"taxonomy":"product_brand","embeddable":true,"href":"https:\/\/www.yongyukitchenware.com\/pt\/wp-json\/wp\/v2\/product_brand?post=1416"},{"taxonomy":"product_cat","embeddable":true,"href":"https:\/\/www.yongyukitchenware.com\/pt\/wp-json\/wp\/v2\/product_cat?post=1416"},{"taxonomy":"product_tag","embeddable":true,"href":"https:\/\/www.yongyukitchenware.com\/pt\/wp-json\/wp\/v2\/product_tag?post=1416"}],"curies":[{"name":"wp","href":"https:\/\/api.w.org\/{rel}","templated":true}]}}