{"id":1417,"date":"2024-10-05T13:32:53","date_gmt":"2024-10-05T13:32:53","guid":{"rendered":"https:\/\/www.yongyukitchenware.com\/?post_type=product&#038;p=1417"},"modified":"2025-07-10T10:16:32","modified_gmt":"2025-07-10T10:16:32","slug":"stainless-steel-muddler-bulk","status":"publish","type":"product","link":"https:\/\/www.yongyukitchenware.com\/pt\/produto\/stainless-steel-muddler-bulk\/","title":{"rendered":"Muddler de a\u00e7o inoxid\u00e1vel por atacado para cocktails"},"content":{"rendered":"<div class=\"wp-block-columns is-layout-flex wp-container-core-columns-is-layout-9d6595d7 wp-block-columns-is-layout-flex\">\n<div class=\"wp-block-column is-layout-flow wp-block-column-is-layout-flow\">\n<h2 class=\"wp-block-heading\">Muddler de a\u00e7o inoxid\u00e1vel Carater\u00edsticas:<\/h2>\n\n\n\n<p><strong>A\u00e7o inoxid\u00e1vel de alta qualidade:<\/strong> material de a\u00e7o inoxid\u00e1vel de qualidade alimentar, dur\u00e1vel, resistente \u00e0 ferrugem, f\u00e1cil de limpar<br><strong>Uma variedade de estilos: <\/strong>A cabe\u00e7a de martelo est\u00e1 dispon\u00edvel em materiais totalmente em a\u00e7o e PP, e numa variedade de estilos para satisfazer diferentes necessidades<br><strong>Pega s\u00f3lida:<\/strong> pega de uma s\u00f3 pe\u00e7a em a\u00e7o, combinada com um design ergon\u00f3mico, pega confort\u00e1vel, f\u00e1cil de utilizar<br><strong>Cabe\u00e7a de prego com design convexo:<\/strong> f\u00e1cil de partir gelo, triturar sumo, triturar gelo de forma mais eficiente<br><strong>Amplamente utilizado: <\/strong>adequado para uma variedade de ocasi\u00f5es, incluindo bares profissionais, caf\u00e9s, reuni\u00f5es familiares, etc.<\/p>\n<\/div>\n\n\n\n<div class=\"wp-block-column is-layout-flow wp-block-column-is-layout-flow\">\n<div class=\"wp-block-columns is-layout-flex wp-container-core-columns-is-layout-9d6595d7 wp-block-columns-is-layout-flex\">\n<div class=\"wp-block-column is-layout-flow wp-block-column-is-layout-flow\"><div class=\"wp-block-image\">\n<figure class=\"aligncenter size-full is-resized\"><img decoding=\"async\" width=\"800\" height=\"800\" src=\"https:\/\/www.yongyukitchenware.com\/wp-content\/uploads\/2024\/09\/wholesale-stainless-steel-muddler-4.webp\" alt=\"grossista-stainless-steel-muddler (4)\" class=\"wp-image-1421\" style=\"width:360px;height:auto\" srcset=\"https:\/\/www.yongyukitchenware.com\/wp-content\/uploads\/2024\/09\/wholesale-stainless-steel-muddler-4.webp 800w, https:\/\/www.yongyukitchenware.com\/wp-content\/uploads\/2024\/09\/wholesale-stainless-steel-muddler-4-300x300.webp 300w, https:\/\/www.yongyukitchenware.com\/wp-content\/uploads\/2024\/09\/wholesale-stainless-steel-muddler-4-150x150.webp 150w, https:\/\/www.yongyukitchenware.com\/wp-content\/uploads\/2024\/09\/wholesale-stainless-steel-muddler-4-768x768.webp 768w, https:\/\/www.yongyukitchenware.com\/wp-content\/uploads\/2024\/09\/wholesale-stainless-steel-muddler-4-12x12.webp 12w, https:\/\/www.yongyukitchenware.com\/wp-content\/uploads\/2024\/09\/wholesale-stainless-steel-muddler-4-600x600.webp 600w, https:\/\/www.yongyukitchenware.com\/wp-content\/uploads\/2024\/09\/wholesale-stainless-steel-muddler-4-100x100.webp 100w\" sizes=\"(max-width: 800px) 100vw, 800px\" \/><\/figure>\n<\/div><\/div>\n<\/div>\n<\/div>\n<\/div>\n\n\n\n<h2 class=\"wp-block-heading\">Tamanhos de muddler em a\u00e7o inoxid\u00e1vel:<\/h2>\n\n\n\n<figure class=\"wp-block-table\"><table class=\"has-fixed-layout\"><tbody><tr><td>Modelo<\/td><td>eleg\u00e2ncia<\/td><td>Altura* Largura (cm)<\/td><td>MOQ<\/td><\/tr><tr><td rowspan=\"10\">DY088-Z<\/td><td>Cintura grossa de 21 cm<\/td><td>21*3,3cm<\/td><td rowspan=\"10\">200 UNIDADES<\/td><\/tr><tr><td>Cintura grossa de 25 cm<\/td><td>25*3,3cm<\/td><\/tr><tr><td>Cintura fina de 23 cm<\/td><td>23*4cm<\/td><\/tr><tr><td>30CM de cintura fina<\/td><td>30*4cm<\/td><\/tr><tr><td>25CM dentes de lobo<\/td><td>25*4cm<\/td><\/tr><tr><td>Dentes de lobo de 30 cm<\/td><td>30*4cm<\/td><\/tr><tr><td>A\u00e7o de 18,5 cm<\/td><td>18,5*2,3cm<\/td><\/tr><tr><td>Modelo em a\u00e7o de 22,5 cm<\/td><td>22,5*2,3cm<\/td><\/tr><tr><td>Modelo 30CM de cintura fina em a\u00e7o integral<\/td><td>30*2,3cm<\/td><\/tr><tr><td>23CM Ondula\u00e7\u00e3o<\/td><td>23*3,3cm<\/td><\/tr><\/tbody><\/table><\/figure>","protected":false},"excerpt":{"rendered":"<p>Muddler de a\u00e7o inoxid\u00e1vel por atacado, perfeitamente adequado para a prepara\u00e7\u00e3o de cocktails. Quer esteja a esmagar frutas e ervas, ou a partir gelo, \u00e9 f\u00e1cil de manusear, ideal tanto para bares profissionais como para barmen caseiros!<\/p>\n<h2>Muddler de a\u00e7o inoxid\u00e1vel Par\u00e2metro:<\/h2>\n<p><strong>Material:<\/strong> a\u00e7o inoxid\u00e1vel<br \/><strong>V\u00e1rios materiais:<\/strong> todos os materiais em a\u00e7o e PP<br \/><strong>Estilos diferentes:<\/strong> modelo de cintura grossa, modelo de cintura fina, modelo dente de lobo, modelo totalmente em a\u00e7o e modelos ondulados<br \/><strong>Embalagem:<\/strong> caixa de cor, caixa principal ou personalizada<br \/><strong>OEM\/ODM:<\/strong> dispon\u00edvel<\/p>\n<h2 class=\"wp-block-heading\">De Yongyu Catering Supplies Wholesaler :<\/h2>\n<p>Como o melhor fabricante de material de catering na China, especializamo-nos em artigos de bar de alta qualidade para uso aduaneiro e grossista. Temos 25 anos de experi\u00eancia profissional para garantir que os clientes obtenham os produtos mais avan\u00e7ados e servi\u00e7os eficientes.<\/p>","protected":false},"featured_media":1418,"comment_status":"closed","ping_status":"closed","template":"","meta":{"_acf_changed":false},"application":[30],"product_brand":[],"product_cat":[16],"product_tag":[],"class_list":{"0":"post-1417","1":"product","2":"type-product","3":"status-publish","4":"has-post-thumbnail","6":"application-hotel-catering","7":"product_cat-barware-wholesale-custom","9":"first","10":"instock","11":"shipping-taxable","12":"product-type-simple"},"acf":[],"_links":{"self":[{"href":"https:\/\/www.yongyukitchenware.com\/pt\/wp-json\/wp\/v2\/product\/1417","targetHints":{"allow":["GET"]}}],"collection":[{"href":"https:\/\/www.yongyukitchenware.com\/pt\/wp-json\/wp\/v2\/product"}],"about":[{"href":"https:\/\/www.yongyukitchenware.com\/pt\/wp-json\/wp\/v2\/types\/product"}],"replies":[{"embeddable":true,"href":"https:\/\/www.yongyukitchenware.com\/pt\/wp-json\/wp\/v2\/comments?post=1417"}],"wp:featuredmedia":[{"embeddable":true,"href":"https:\/\/www.yongyukitchenware.com\/pt\/wp-json\/wp\/v2\/media\/1418"}],"wp:attachment":[{"href":"https:\/\/www.yongyukitchenware.com\/pt\/wp-json\/wp\/v2\/media?parent=1417"}],"wp:term":[{"taxonomy":"application","embeddable":true,"href":"https:\/\/www.yongyukitchenware.com\/pt\/wp-json\/wp\/v2\/application?post=1417"},{"taxonomy":"product_brand","embeddable":true,"href":"https:\/\/www.yongyukitchenware.com\/pt\/wp-json\/wp\/v2\/product_brand?post=1417"},{"taxonomy":"product_cat","embeddable":true,"href":"https:\/\/www.yongyukitchenware.com\/pt\/wp-json\/wp\/v2\/product_cat?post=1417"},{"taxonomy":"product_tag","embeddable":true,"href":"https:\/\/www.yongyukitchenware.com\/pt\/wp-json\/wp\/v2\/product_tag?post=1417"}],"curies":[{"name":"wp","href":"https:\/\/api.w.org\/{rel}","templated":true}]}}