{"id":1447,"date":"2024-10-06T17:16:27","date_gmt":"2024-10-06T17:16:27","guid":{"rendered":"https:\/\/www.yongyukitchenware.com\/?post_type=product&#038;p=1447"},"modified":"2024-10-06T17:17:02","modified_gmt":"2024-10-06T17:17:02","slug":"camping-dinnerware-set-wholesale","status":"publish","type":"product","link":"https:\/\/www.yongyukitchenware.com\/pt\/produto\/camping-dinnerware-set-wholesale\/","title":{"rendered":"Conjunto de lou\u00e7a para campismo a granel Conjunto de talheres de a\u00e7o inoxid\u00e1vel com saco"},"content":{"rendered":"<div class=\"wp-block-columns is-layout-flex wp-container-core-columns-is-layout-9d6595d7 wp-block-columns-is-layout-flex\">\n<div class=\"wp-block-column is-layout-flow wp-block-column-is-layout-flow\">\n<h2 class=\"wp-block-heading\">Conjunto de loi\u00e7a para campismo Carater\u00edsticas:<\/h2>\n\n\n\n<p><strong>Material de a\u00e7o inoxid\u00e1vel de alta qualidade: <\/strong>A\u00e7o inoxid\u00e1vel 304 de qualidade alimentar, resistente \u00e0 corros\u00e3o e \u00e0 oxida\u00e7\u00e3o<\/p>\n\n\n\n<p><strong>Design da jante de rolamento: <\/strong>As extremidades s\u00e3o arredondadas e suaves, f\u00e1ceis de manusear e evitam les\u00f5es nas m\u00e3os.<\/p>\n\n\n\n<p><strong>V\u00e1rios estilos dispon\u00edveis:<\/strong> Ta\u00e7a grande de 16 cm, ta\u00e7a pequena de 13,5 cm, prato pequeno de 17 cm, prato m\u00e9dio de 19,2 cm, prato grande de 21,3 cm, prato quadrado, prato de pato mandarim, colher, garfo, pauzinhos.<\/p>\n\n\n\n<p><strong>Armazenamento por sobreposi\u00e7\u00e3o: <\/strong>V\u00e1rias especifica\u00e7\u00f5es podem ser sobrepostas, poupando espa\u00e7o, com sacos de arruma\u00e7\u00e3o, f\u00e1ceis de transportar.<\/p>\n\n\n\n<p><strong>F\u00e1cil de limpar: <\/strong>a\u00e7o inoxid\u00e1vel Forma\u00e7\u00e3o integrada, sem fendas, n\u00e3o esconde a sujidade, suave e f\u00e1cil de limpar<\/p>\n<\/div>\n\n\n\n<div class=\"wp-block-column is-layout-flow wp-block-column-is-layout-flow\"><div class=\"wp-block-image\">\n<figure class=\"aligncenter size-full is-resized\"><img decoding=\"async\" width=\"800\" height=\"800\" src=\"https:\/\/www.yongyukitchenware.com\/wp-content\/uploads\/2024\/10\/Wholesale-Stainless-Steel-Outdoor-Plate-Set-3.webp\" alt=\"Conjunto de pratos de exterior de a\u00e7o inoxid\u00e1vel por atacado 3\" class=\"wp-image-1451\" style=\"width:406px;height:auto\" srcset=\"https:\/\/www.yongyukitchenware.com\/wp-content\/uploads\/2024\/10\/Wholesale-Stainless-Steel-Outdoor-Plate-Set-3.webp 800w, https:\/\/www.yongyukitchenware.com\/wp-content\/uploads\/2024\/10\/Wholesale-Stainless-Steel-Outdoor-Plate-Set-3-300x300.webp 300w, https:\/\/www.yongyukitchenware.com\/wp-content\/uploads\/2024\/10\/Wholesale-Stainless-Steel-Outdoor-Plate-Set-3-150x150.webp 150w, https:\/\/www.yongyukitchenware.com\/wp-content\/uploads\/2024\/10\/Wholesale-Stainless-Steel-Outdoor-Plate-Set-3-768x768.webp 768w, https:\/\/www.yongyukitchenware.com\/wp-content\/uploads\/2024\/10\/Wholesale-Stainless-Steel-Outdoor-Plate-Set-3-12x12.webp 12w, https:\/\/www.yongyukitchenware.com\/wp-content\/uploads\/2024\/10\/Wholesale-Stainless-Steel-Outdoor-Plate-Set-3-600x600.webp 600w, https:\/\/www.yongyukitchenware.com\/wp-content\/uploads\/2024\/10\/Wholesale-Stainless-Steel-Outdoor-Plate-Set-3-100x100.webp 100w\" sizes=\"(max-width: 800px) 100vw, 800px\" \/><\/figure>\n<\/div><\/div>\n<\/div>","protected":false},"excerpt":{"rendered":"<p>Conjunto de lou\u00e7a de campismo em a\u00e7o inoxid\u00e1vel por atacado, incluindo v\u00e1rios pratos, tigelas, conjunto de talheres e um saco de armazenamento conveniente. Adequado para viagens de piquenique ao ar livre, ecol\u00f3gico e f\u00e1cil de transportar e limpar. Logotipo e embalagem personaliz\u00e1veis, obtenha uma cota\u00e7\u00e3o agora.<\/p>\n<h2 style=\"text-align: left;\">Conjunto de loi\u00e7a para campismo Par\u00e2metro:<\/h2>\n<p style=\"text-align: left;\"><strong>Material:<\/strong> A\u00e7o inoxid\u00e1vel<br \/><strong>Cor:<\/strong> Cor prata<br \/><strong>Acess\u00f3rios:<\/strong> Ta\u00e7a grande de 16 cm, ta\u00e7a pequena de 13,5 cm, prato pequeno de 17 cm, prato m\u00e9dio de 19,2 cm, prato grande de 21,3 cm, prato quadrado, prato de pato mandarim, colher, garfo, pauzinhos.<br \/><strong>Embalagem:<\/strong> Saco Opp e caixa de cart\u00e3o<br \/><strong>OEM\/ODM:<\/strong> Dispon\u00edvel \u00a0<\/p>\n<p>&nbsp;<\/p>\n<h2 class=\"wp-block-heading\">De Camping Kitchen Essentials Fabricante :<\/h2>\n<p>Yongyu \u00e9 um fabricante profissional de artigos essenciais de cozinha para campismo, os nossos produtos abrangem todos os tipos de artigos essenciais de cozinha para campismo em a\u00e7o inoxid\u00e1vel, tais como equipamento de cozinha para campismo, conjuntos de utens\u00edlios de mesa para campismo, etc., fornecendo servi\u00e7os de aquisi\u00e7\u00e3o de qualidade e pre\u00e7os acess\u00edveis para cada cliente.<\/p>","protected":false},"featured_media":1450,"comment_status":"closed","ping_status":"closed","template":"","meta":{"_acf_changed":true},"application":[31],"product_brand":[],"product_cat":[18],"product_tag":[],"class_list":{"0":"post-1447","1":"product","2":"type-product","3":"status-publish","4":"has-post-thumbnail","6":"application-champ-kitchen","7":"product_cat-camping-kitchen-essentials-wholesale","9":"first","10":"instock","11":"shipping-taxable","12":"product-type-simple"},"acf":[],"_links":{"self":[{"href":"https:\/\/www.yongyukitchenware.com\/pt\/wp-json\/wp\/v2\/product\/1447","targetHints":{"allow":["GET"]}}],"collection":[{"href":"https:\/\/www.yongyukitchenware.com\/pt\/wp-json\/wp\/v2\/product"}],"about":[{"href":"https:\/\/www.yongyukitchenware.com\/pt\/wp-json\/wp\/v2\/types\/product"}],"replies":[{"embeddable":true,"href":"https:\/\/www.yongyukitchenware.com\/pt\/wp-json\/wp\/v2\/comments?post=1447"}],"wp:featuredmedia":[{"embeddable":true,"href":"https:\/\/www.yongyukitchenware.com\/pt\/wp-json\/wp\/v2\/media\/1450"}],"wp:attachment":[{"href":"https:\/\/www.yongyukitchenware.com\/pt\/wp-json\/wp\/v2\/media?parent=1447"}],"wp:term":[{"taxonomy":"application","embeddable":true,"href":"https:\/\/www.yongyukitchenware.com\/pt\/wp-json\/wp\/v2\/application?post=1447"},{"taxonomy":"product_brand","embeddable":true,"href":"https:\/\/www.yongyukitchenware.com\/pt\/wp-json\/wp\/v2\/product_brand?post=1447"},{"taxonomy":"product_cat","embeddable":true,"href":"https:\/\/www.yongyukitchenware.com\/pt\/wp-json\/wp\/v2\/product_cat?post=1447"},{"taxonomy":"product_tag","embeddable":true,"href":"https:\/\/www.yongyukitchenware.com\/pt\/wp-json\/wp\/v2\/product_tag?post=1447"}],"curies":[{"name":"wp","href":"https:\/\/api.w.org\/{rel}","templated":true}]}}