{"id":1448,"date":"2024-10-22T02:00:25","date_gmt":"2024-10-22T02:00:25","guid":{"rendered":"https:\/\/www.yongyukitchenware.com\/?post_type=product&#038;p=1448"},"modified":"2025-07-10T10:14:53","modified_gmt":"2025-07-10T10:14:53","slug":"stainless-steel-ice-cubes-wholesale","status":"publish","type":"product","link":"https:\/\/www.yongyukitchenware.com\/pt\/produto\/stainless-steel-ice-cubes-wholesale\/","title":{"rendered":"Cubos de gelo de a\u00e7o inoxid\u00e1vel por atacado com pin\u00e7as de gelo reutiliz\u00e1veis"},"content":{"rendered":"<div class=\"wp-block-columns is-layout-flex wp-container-core-columns-is-layout-9d6595d7 wp-block-columns-is-layout-flex\">\n<div class=\"wp-block-column is-layout-flow wp-block-column-is-layout-flow\">\n<h2 class=\"wp-block-heading\">Cubos de gelo em a\u00e7o inoxid\u00e1vel Carater\u00edsticas:<\/h2>\n\n\n\n<p><strong>Material de a\u00e7o inoxid\u00e1vel de alta qualidade: <\/strong>a\u00e7o inoxid\u00e1vel 304 de qualidade alimentar, seguro e n\u00e3o t\u00f3xico para garantir a pureza e a sa\u00fade das suas bebidas<br><strong>Refrigera\u00e7\u00e3o eficiente:<\/strong> pode ser removido ap\u00f3s 3 horas de refrigera\u00e7\u00e3o, pode ser utilizado repetidamente, n\u00e3o derrete, \u00e9 mais saud\u00e1vel<br><strong>Seguro e higi\u00e9nico: <\/strong>As arestas e os cantos da pedra de gelo s\u00e3o lisos e f\u00e1ceis de limpar, a superf\u00edcie de a\u00e7o inoxid\u00e1vel n\u00e3o absorve odores ou sabores, com clipes, f\u00e1cil de segurar, limpar e higi\u00e9nico<br><strong>Amigo do ambiente:<\/strong> Pode ser reutilizado indefinidamente, pode ser lavado e congelado novamente ap\u00f3s a utiliza\u00e7\u00e3o, reduzindo a utiliza\u00e7\u00e3o de cubos de gelo de pl\u00e1stico descart\u00e1veis, amigos do ambiente.<br><strong>Versatilidade: <\/strong>adequado para whisky, cocktails, vinho tinto, brandy e outros tipos de bebidas, ideal para bares, restaurantes e fam\u00edlias<\/p>\n<\/div>\n\n\n\n<div class=\"wp-block-column is-layout-flow wp-block-column-is-layout-flow\">\n<h2 class=\"wp-block-heading\">Cubos de gelo em a\u00e7o inoxid\u00e1vel Embalagem combinada:<\/h2>\n\n\n\n<figure class=\"wp-block-table\"><table class=\"has-fixed-layout\"><tbody><tr><td>Modelo<\/td><td>Combina\u00e7\u00e3o<\/td><td>Embalagem<\/td><td>MOQ<\/td><\/tr><tr><td rowspan=\"6\">DY046-Z<\/td><td>Pedra de vinho gelado 4pcs<\/td><td>Caixa de pl\u00e1stico<\/td><td>150 PE\u00c7AS<\/td><\/tr><tr><td>Pedra de vinho gelado 4pcs<\/td><td>Caixa de pl\u00e1stico com pin\u00e7as<\/td><td>80 PE\u00c7AS<\/td><\/tr><tr><td>Pedra de vinho gelado 6pcs<\/td><td>Caixa de pl\u00e1stico<\/td><td>100 UNIDADES<\/td><\/tr><tr><td>Pedras de gelo para vinho 6pcs<\/td><td>Caixa de pl\u00e1stico com pin\u00e7as<\/td><td>60 PE\u00c7AS<\/td><\/tr><tr><td>Pedras de gelo para vinho 8pcs<\/td><td>Caixa de pl\u00e1stico com pin\u00e7as<\/td><td>60 PE\u00c7AS<\/td><\/tr><tr><td>Pedra de gelo para vinho 8pcs<\/td><td>Caixa de cor com pin\u00e7as<\/td><td>60 PE\u00c7AS<\/td><\/tr><\/tbody><\/table><\/figure>\n<\/div>\n<\/div>\n\n\n\n<div class=\"wp-block-columns is-layout-flex wp-container-core-columns-is-layout-9d6595d7 wp-block-columns-is-layout-flex\">\n<div class=\"wp-block-column is-layout-flow wp-block-column-is-layout-flow\">\n<figure class=\"wp-block-image size-full\"><img decoding=\"async\" width=\"800\" height=\"800\" src=\"https:\/\/www.yongyukitchenware.com\/wp-content\/uploads\/2024\/10\/supply-stainless-steel-ice-cubes-2.webp\" alt=\"fornecimento de cubos de gelo em a\u00e7o inoxid\u00e1vel (2)\" class=\"wp-image-1456\" srcset=\"https:\/\/www.yongyukitchenware.com\/wp-content\/uploads\/2024\/10\/supply-stainless-steel-ice-cubes-2.webp 800w, https:\/\/www.yongyukitchenware.com\/wp-content\/uploads\/2024\/10\/supply-stainless-steel-ice-cubes-2-300x300.webp 300w, https:\/\/www.yongyukitchenware.com\/wp-content\/uploads\/2024\/10\/supply-stainless-steel-ice-cubes-2-150x150.webp 150w, https:\/\/www.yongyukitchenware.com\/wp-content\/uploads\/2024\/10\/supply-stainless-steel-ice-cubes-2-768x768.webp 768w, https:\/\/www.yongyukitchenware.com\/wp-content\/uploads\/2024\/10\/supply-stainless-steel-ice-cubes-2-12x12.webp 12w, https:\/\/www.yongyukitchenware.com\/wp-content\/uploads\/2024\/10\/supply-stainless-steel-ice-cubes-2-600x600.webp 600w, https:\/\/www.yongyukitchenware.com\/wp-content\/uploads\/2024\/10\/supply-stainless-steel-ice-cubes-2-100x100.webp 100w\" sizes=\"(max-width: 800px) 100vw, 800px\" \/><\/figure>\n<\/div>\n\n\n\n<div class=\"wp-block-column is-layout-flow wp-block-column-is-layout-flow\">\n<figure class=\"wp-block-image size-full\"><img decoding=\"async\" width=\"800\" height=\"800\" src=\"https:\/\/www.yongyukitchenware.com\/wp-content\/uploads\/2024\/10\/supply-stainless-steel-ice-cubes-6.webp\" alt=\"fornecimento de cubos de gelo em a\u00e7o inoxid\u00e1vel (6)\" class=\"wp-image-1460\" srcset=\"https:\/\/www.yongyukitchenware.com\/wp-content\/uploads\/2024\/10\/supply-stainless-steel-ice-cubes-6.webp 800w, https:\/\/www.yongyukitchenware.com\/wp-content\/uploads\/2024\/10\/supply-stainless-steel-ice-cubes-6-300x300.webp 300w, https:\/\/www.yongyukitchenware.com\/wp-content\/uploads\/2024\/10\/supply-stainless-steel-ice-cubes-6-150x150.webp 150w, https:\/\/www.yongyukitchenware.com\/wp-content\/uploads\/2024\/10\/supply-stainless-steel-ice-cubes-6-768x768.webp 768w, https:\/\/www.yongyukitchenware.com\/wp-content\/uploads\/2024\/10\/supply-stainless-steel-ice-cubes-6-12x12.webp 12w, https:\/\/www.yongyukitchenware.com\/wp-content\/uploads\/2024\/10\/supply-stainless-steel-ice-cubes-6-600x600.webp 600w, https:\/\/www.yongyukitchenware.com\/wp-content\/uploads\/2024\/10\/supply-stainless-steel-ice-cubes-6-100x100.webp 100w\" sizes=\"(max-width: 800px) 100vw, 800px\" \/><\/figure>\n<\/div>\n<\/div>","protected":false},"excerpt":{"rendered":"<p>Os cubos de gelo de a\u00e7o inoxid\u00e1vel de alta qualidade da Yongyu com pin\u00e7as s\u00e3o feitos de a\u00e7o inoxid\u00e1vel 304 de qualidade alimentar, seguro e n\u00e3o t\u00f3xico, reutiliz\u00e1vel e arrefece eficazmente a sua bebida. \u00c9 a pedra de arrefecimento de u\u00edsque perfeita para melhorar a experi\u00eancia de consumo do cliente.<\/p>\n<h2>Cubos de gelo em a\u00e7o inoxid\u00e1vel Par\u00e2metro:<\/h2>\n<p><strong>Material:<\/strong> A\u00e7o inoxid\u00e1vel<br \/><strong>Tamanho\uff1a<\/strong>27mm*27mm<br \/><strong>Forma:<\/strong> Quadrado<br \/><strong>Diferentes combina\u00e7\u00f5es:<\/strong> 4pcs, 6pcs, 8pcs, etc.<br \/><strong>Embalagem:<\/strong> Caixa de cor, caixa principal ou personalizada<br \/><strong>OEM\/ODM:<\/strong> Dispon\u00edvel<\/p>\n<h2 class=\"wp-block-heading\">De Yongyu Catering Supplies Wholesaler :<\/h2>\n<p>Como o melhor fabricante de material de catering na China, especializamo-nos em artigos de bar de alta qualidade para uso aduaneiro e grossista. Temos 25 anos de experi\u00eancia profissional para garantir que os clientes obtenham os produtos mais avan\u00e7ados e servi\u00e7os eficientes.<\/p>","protected":false},"featured_media":2028,"comment_status":"closed","ping_status":"closed","template":"","meta":{"_acf_changed":true},"application":[30],"product_brand":[],"product_cat":[16],"product_tag":[],"class_list":{"0":"post-1448","1":"product","2":"type-product","3":"status-publish","4":"has-post-thumbnail","6":"application-hotel-catering","7":"product_cat-barware-wholesale-custom","9":"first","10":"instock","11":"shipping-taxable","12":"product-type-simple"},"acf":[],"_links":{"self":[{"href":"https:\/\/www.yongyukitchenware.com\/pt\/wp-json\/wp\/v2\/product\/1448","targetHints":{"allow":["GET"]}}],"collection":[{"href":"https:\/\/www.yongyukitchenware.com\/pt\/wp-json\/wp\/v2\/product"}],"about":[{"href":"https:\/\/www.yongyukitchenware.com\/pt\/wp-json\/wp\/v2\/types\/product"}],"replies":[{"embeddable":true,"href":"https:\/\/www.yongyukitchenware.com\/pt\/wp-json\/wp\/v2\/comments?post=1448"}],"wp:featuredmedia":[{"embeddable":true,"href":"https:\/\/www.yongyukitchenware.com\/pt\/wp-json\/wp\/v2\/media\/2028"}],"wp:attachment":[{"href":"https:\/\/www.yongyukitchenware.com\/pt\/wp-json\/wp\/v2\/media?parent=1448"}],"wp:term":[{"taxonomy":"application","embeddable":true,"href":"https:\/\/www.yongyukitchenware.com\/pt\/wp-json\/wp\/v2\/application?post=1448"},{"taxonomy":"product_brand","embeddable":true,"href":"https:\/\/www.yongyukitchenware.com\/pt\/wp-json\/wp\/v2\/product_brand?post=1448"},{"taxonomy":"product_cat","embeddable":true,"href":"https:\/\/www.yongyukitchenware.com\/pt\/wp-json\/wp\/v2\/product_cat?post=1448"},{"taxonomy":"product_tag","embeddable":true,"href":"https:\/\/www.yongyukitchenware.com\/pt\/wp-json\/wp\/v2\/product_tag?post=1448"}],"curies":[{"name":"wp","href":"https:\/\/api.w.org\/{rel}","templated":true}]}}