{"id":1471,"date":"2024-10-22T02:13:18","date_gmt":"2024-10-22T02:13:18","guid":{"rendered":"https:\/\/www.yongyukitchenware.com\/?post_type=product&#038;p=1471"},"modified":"2025-06-26T06:19:56","modified_gmt":"2025-06-26T06:19:56","slug":"camping-rice-cooker-wholesale","status":"publish","type":"product","link":"https:\/\/www.yongyukitchenware.com\/pt\/produto\/camping-rice-cooker-wholesale\/","title":{"rendered":"Panela de arroz de campismo por atacado em a\u00e7o inoxid\u00e1vel para utiliza\u00e7\u00e3o no exterior"},"content":{"rendered":"<div class=\"wp-block-columns is-layout-flex wp-container-core-columns-is-layout-9d6595d7 wp-block-columns-is-layout-flex\">\n<div class=\"wp-block-column is-layout-flow wp-block-column-is-layout-flow\">\n<h2 class=\"wp-block-heading\">Panela de arroz para campismo Carater\u00edsticas:<\/h2>\n\n\n\n<p><strong>Material de a\u00e7o inoxid\u00e1vel de alta qualidade: <\/strong>A\u00e7o inoxid\u00e1vel 304 de qualidade alimentar, resistente \u00e0 corros\u00e3o e \u00e0 oxida\u00e7\u00e3o.<\/p>\n\n\n\n<p><strong>Compacto e port\u00e1til: <\/strong>Caldeira de cozedura polivalente, port\u00e1til, kitchenette de campismo.<\/p>\n\n\n\n<p><strong>Design de pega port\u00e1til: <\/strong>orelha do trinco, ou seja, a fechadura tamb\u00e9m pode ser pendurada.<\/p>\n\n\n\n<p><strong>Fundo plano: <\/strong>O fundo pode ser aquecido diretamente, aquecendo rapidamente.<\/p>\n\n\n\n<p><strong>F\u00e1cil de limpar:<\/strong> a\u00e7o inoxid\u00e1vel Forma\u00e7\u00e3o integrada, sem fendas, n\u00e3o esconde a sujidade, \u00e9 suave e f\u00e1cil de limpar.<\/p>\n<\/div>\n\n\n\n<div class=\"wp-block-column is-layout-flow wp-block-column-is-layout-flow\">\n<div class=\"wp-block-columns is-layout-flex wp-container-core-columns-is-layout-9d6595d7 wp-block-columns-is-layout-flex\">\n<div class=\"wp-block-column is-layout-flow wp-block-column-is-layout-flow\"><div class=\"wp-block-image\">\n<figure class=\"aligncenter size-full is-resized\"><img decoding=\"async\" width=\"800\" height=\"800\" src=\"https:\/\/www.yongyukitchenware.com\/wp-content\/uploads\/2024\/10\/Wholesale-Stainless-Steel-Camping-Rice-Cooker-6.webp\" alt=\"Panela de arroz de campismo de a\u00e7o inoxid\u00e1vel por atacado 6\" class=\"wp-image-1485\" style=\"width:416px;height:auto\" srcset=\"https:\/\/www.yongyukitchenware.com\/wp-content\/uploads\/2024\/10\/Wholesale-Stainless-Steel-Camping-Rice-Cooker-6.webp 800w, https:\/\/www.yongyukitchenware.com\/wp-content\/uploads\/2024\/10\/Wholesale-Stainless-Steel-Camping-Rice-Cooker-6-300x300.webp 300w, https:\/\/www.yongyukitchenware.com\/wp-content\/uploads\/2024\/10\/Wholesale-Stainless-Steel-Camping-Rice-Cooker-6-150x150.webp 150w, https:\/\/www.yongyukitchenware.com\/wp-content\/uploads\/2024\/10\/Wholesale-Stainless-Steel-Camping-Rice-Cooker-6-768x768.webp 768w, https:\/\/www.yongyukitchenware.com\/wp-content\/uploads\/2024\/10\/Wholesale-Stainless-Steel-Camping-Rice-Cooker-6-12x12.webp 12w, https:\/\/www.yongyukitchenware.com\/wp-content\/uploads\/2024\/10\/Wholesale-Stainless-Steel-Camping-Rice-Cooker-6-600x600.webp 600w, https:\/\/www.yongyukitchenware.com\/wp-content\/uploads\/2024\/10\/Wholesale-Stainless-Steel-Camping-Rice-Cooker-6-100x100.webp 100w\" sizes=\"(max-width: 800px) 100vw, 800px\" \/><\/figure>\n<\/div><\/div>\n<\/div>\n<\/div>\n<\/div>\n\n\n\n<h2 class=\"wp-block-heading\">Tamanho da panela de arroz para campismo<\/h2>\n\n\n\n<figure class=\"wp-block-table\"><table class=\"has-fixed-layout\"><tbody><tr><td>Modelo<\/td><td>Acess\u00f3rios<\/td><td>Di\u00e2metro exterior<\/td><td>Di\u00e2metro interno<\/td><td>Altura&nbsp;<\/td><td>Di\u00e2metro do fundo<\/td><td>Altura dobrada<\/td><td>Peso&nbsp;<\/td><td>MOQ<\/td><\/tr><tr><td rowspan=\"4\">DY015-YC<\/td><td>panela a vapor<\/td><td>13cm<\/td><td>11,7 cm<\/td><td>17 cm<\/td><td>11 cm<\/td><td>20,7 cm<\/td><td>350g<\/td><td rowspan=\"4\">24 PE\u00c7AS<\/td><\/tr><tr><td>tampa<\/td><td colspan=\"2\">13,3 cm<\/td><td>0,7 cm<\/td><td>\/<\/td><td>\/<\/td><td>80g<\/td><\/tr><tr><td>Panela interior para 2 pessoas<\/td><td>13cm<\/td><td>11,6 cm<\/td><td>8,8 cm<\/td><td>10,4 cm<\/td><td>\/<\/td><td>160g<\/td><\/tr><tr><td>Panela interior de 3 por\u00e7\u00f5es<\/td><td>13cm<\/td><td>11,6 cm<\/td><td>9,8 cm<\/td><td>10,4 cm<\/td><td>\/<\/td><td>160g<\/td><\/tr><\/tbody><\/table><\/figure>","protected":false},"excerpt":{"rendered":"<p>A nossa panela de arroz para campismo em a\u00e7o inoxid\u00e1vel \u00e9 ideal para utiliza\u00e7\u00e3o no exterior. Fabricada em a\u00e7o inoxid\u00e1vel 304 de qualidade alimentar, \u00e9 perfeita para cozinhar arroz, sopas e legumes a vapor. Leve e port\u00e1til, \u00e9 f\u00e1cil de transportar e limpar para cozinhar ao ar livre sem complica\u00e7\u00f5es. Perguntas bem-vindas\uff01<\/p>\n<h2 style=\"text-align: left\">Panela de arroz para campismo Par\u00e2metro:<\/h2>\n<p style=\"text-align: left\"><strong>Material:<\/strong> A\u00e7o inoxid\u00e1vel<br \/><strong>Cor:<\/strong> Cor prata<br \/><strong>Embalagem: <\/strong>Saco Opp e caixa de cart\u00e3o<br \/><strong>OEM\/ODM:<\/strong> Dispon\u00edvel<\/p>\n<h2 class=\"wp-block-heading\">De Camping Kitchen Essentials Fabricante :<\/h2>\n<p>Yongyu \u00e9 um fabricante profissional de utens\u00edlios de cozinha para campismo, os nossos produtos abrangem todos os tipos de utens\u00edlios de cozinha para campismo em a\u00e7o inoxid\u00e1vel, tais como equipamento de cozinha para campismo, utens\u00edlios de mesa para campismo, grelhadores para churrasco, etc., fornecendo servi\u00e7os de aquisi\u00e7\u00e3o de qualidade e pre\u00e7os acess\u00edveis para cada cliente.<\/p>","protected":false},"featured_media":2022,"comment_status":"closed","ping_status":"closed","template":"","meta":{"_acf_changed":false},"application":[31],"product_brand":[],"product_cat":[18],"product_tag":[],"class_list":{"0":"post-1471","1":"product","2":"type-product","3":"status-publish","4":"has-post-thumbnail","6":"application-champ-kitchen","7":"product_cat-camping-kitchen-essentials-wholesale","9":"first","10":"instock","11":"shipping-taxable","12":"product-type-simple"},"acf":[],"_links":{"self":[{"href":"https:\/\/www.yongyukitchenware.com\/pt\/wp-json\/wp\/v2\/product\/1471","targetHints":{"allow":["GET"]}}],"collection":[{"href":"https:\/\/www.yongyukitchenware.com\/pt\/wp-json\/wp\/v2\/product"}],"about":[{"href":"https:\/\/www.yongyukitchenware.com\/pt\/wp-json\/wp\/v2\/types\/product"}],"replies":[{"embeddable":true,"href":"https:\/\/www.yongyukitchenware.com\/pt\/wp-json\/wp\/v2\/comments?post=1471"}],"wp:featuredmedia":[{"embeddable":true,"href":"https:\/\/www.yongyukitchenware.com\/pt\/wp-json\/wp\/v2\/media\/2022"}],"wp:attachment":[{"href":"https:\/\/www.yongyukitchenware.com\/pt\/wp-json\/wp\/v2\/media?parent=1471"}],"wp:term":[{"taxonomy":"application","embeddable":true,"href":"https:\/\/www.yongyukitchenware.com\/pt\/wp-json\/wp\/v2\/application?post=1471"},{"taxonomy":"product_brand","embeddable":true,"href":"https:\/\/www.yongyukitchenware.com\/pt\/wp-json\/wp\/v2\/product_brand?post=1471"},{"taxonomy":"product_cat","embeddable":true,"href":"https:\/\/www.yongyukitchenware.com\/pt\/wp-json\/wp\/v2\/product_cat?post=1471"},{"taxonomy":"product_tag","embeddable":true,"href":"https:\/\/www.yongyukitchenware.com\/pt\/wp-json\/wp\/v2\/product_tag?post=1471"}],"curies":[{"name":"wp","href":"https:\/\/api.w.org\/{rel}","templated":true}]}}