{"id":1487,"date":"2024-10-30T03:59:28","date_gmt":"2024-10-30T03:59:28","guid":{"rendered":"https:\/\/www.yongyukitchenware.com\/?post_type=product&#038;p=1487"},"modified":"2025-06-13T02:30:02","modified_gmt":"2025-06-13T02:30:02","slug":"stainless-steel-pot-wholesale","status":"publish","type":"product","link":"https:\/\/www.yongyukitchenware.com\/pt\/produto\/stainless-steel-pot-wholesale\/","title":{"rendered":"Tacho de a\u00e7o inoxid\u00e1vel personalizado Milk Pan japon\u00eas com tampa e pega de madeira"},"content":{"rendered":"<div class=\"wp-block-columns is-layout-flex wp-container-core-columns-is-layout-9d6595d7 wp-block-columns-is-layout-flex\">\n<div class=\"wp-block-column is-layout-flow wp-block-column-is-layout-flow\">\n<h2 class=\"wp-block-heading\">Panela de a\u00e7o inoxid\u00e1vel Carater\u00edsticas:<\/h2>\n\n\n\n<p><strong>A\u00e7o inoxid\u00e1vel de qualidade: <\/strong>a\u00e7o inoxid\u00e1vel de qualidade alimentar, resistente \u00e0 ferrugem e dur\u00e1vel, f\u00e1cil de limpar<br>Design de marca\u00e7\u00e3o da capacidade: capacidade impressa no interior do pote, f\u00e1cil de medir e controlar<br><strong>Cabo de madeira:<\/strong> conce\u00e7\u00e3o ergon\u00f3mica, confort\u00e1vel de segurar, com bom isolamento t\u00e9rmico e anti-queimadura<br><strong>Corpo da panela liso:<\/strong> corpo da panela engrossado e aprofundado, liso e antiaderente, f\u00e1cil de limpar, mais dur\u00e1vel<br><strong>Tampa transparente: <\/strong>Possui uma tampa de vidro transparente, que facilita a observa\u00e7\u00e3o do processo de cozedura enquanto ret\u00e9m o calor e a humidade.<br><strong>Aquecimento uniforme:<\/strong> A panela tem um fundo plano e a estrutura de v\u00e1rias camadas do compartimento de cozedura a vapor assegura uma distribui\u00e7\u00e3o uniforme do calor, cozinhando os alimentos uniformemente e melhorando o resultado da cozedura.<\/p>\n\n\n\n<h2 class=\"wp-block-heading\">A\u00e7o inoxid\u00e1vel Tamanho da panela:<\/h2>\n\n\n\n<figure class=\"wp-block-table\"><table class=\"has-fixed-layout\"><tbody><tr><td>Modelo<\/td><td>Estilos<\/td><td>Tamanho<\/td><td>Di\u00e2metro * Altura (cm)<\/td><td>MOQ<\/td><\/tr><tr><td rowspan=\"7\">DY036-G<\/td><td rowspan=\"4\">Pote de cabo \u00fanico<\/td><td>16CM<\/td><td>16*8cm<\/td><td rowspan=\"7\">60 PE\u00c7AS<\/td><\/tr><tr><td>18CM<\/td><td>18*8,5cm<\/td><\/tr><tr><td>20CM<\/td><td>20*9cm<\/td><\/tr><tr><td>22CM<\/td><td>22*9,5cm<\/td><\/tr><tr><td rowspan=\"3\">Panela de cabo duplo<\/td><td>18 cm<\/td><td>18*8,5cm<\/td><\/tr><tr><td>20 cm<\/td><td>20*9cm<\/td><\/tr><tr><td>22 cm<\/td><td>22*9,5cm<\/td><\/tr><\/tbody><\/table><\/figure>\n<\/div>\n\n\n\n<div class=\"wp-block-column is-layout-flow wp-block-column-is-layout-flow\">\n<div class=\"wp-block-columns is-layout-flex wp-container-core-columns-is-layout-9d6595d7 wp-block-columns-is-layout-flex\">\n<div class=\"wp-block-column is-layout-flow wp-block-column-is-layout-flow\">\n<figure class=\"wp-block-image size-full\"><img decoding=\"async\" width=\"800\" height=\"800\" src=\"https:\/\/www.yongyukitchenware.com\/wp-content\/uploads\/2024\/10\/stainless-steel-pot-manufacturer-7.webp\" alt=\"fabricante de panelas de a\u00e7o inoxid\u00e1vel (7)\" class=\"wp-image-1495\" srcset=\"https:\/\/www.yongyukitchenware.com\/wp-content\/uploads\/2024\/10\/stainless-steel-pot-manufacturer-7.webp 800w, https:\/\/www.yongyukitchenware.com\/wp-content\/uploads\/2024\/10\/stainless-steel-pot-manufacturer-7-300x300.webp 300w, https:\/\/www.yongyukitchenware.com\/wp-content\/uploads\/2024\/10\/stainless-steel-pot-manufacturer-7-150x150.webp 150w, https:\/\/www.yongyukitchenware.com\/wp-content\/uploads\/2024\/10\/stainless-steel-pot-manufacturer-7-768x768.webp 768w, https:\/\/www.yongyukitchenware.com\/wp-content\/uploads\/2024\/10\/stainless-steel-pot-manufacturer-7-12x12.webp 12w, https:\/\/www.yongyukitchenware.com\/wp-content\/uploads\/2024\/10\/stainless-steel-pot-manufacturer-7-600x600.webp 600w, https:\/\/www.yongyukitchenware.com\/wp-content\/uploads\/2024\/10\/stainless-steel-pot-manufacturer-7-100x100.webp 100w\" sizes=\"(max-width: 800px) 100vw, 800px\" \/><\/figure>\n<\/div>\n\n\n\n<div class=\"wp-block-column is-layout-flow wp-block-column-is-layout-flow\">\n<figure class=\"wp-block-image size-full\"><img decoding=\"async\" width=\"800\" height=\"800\" src=\"https:\/\/www.yongyukitchenware.com\/wp-content\/uploads\/2024\/10\/stainless-steel-pot-manufacturer-6.webp\" alt=\"fabricante de panelas de a\u00e7o inoxid\u00e1vel (6)\" class=\"wp-image-1494\" srcset=\"https:\/\/www.yongyukitchenware.com\/wp-content\/uploads\/2024\/10\/stainless-steel-pot-manufacturer-6.webp 800w, https:\/\/www.yongyukitchenware.com\/wp-content\/uploads\/2024\/10\/stainless-steel-pot-manufacturer-6-300x300.webp 300w, https:\/\/www.yongyukitchenware.com\/wp-content\/uploads\/2024\/10\/stainless-steel-pot-manufacturer-6-150x150.webp 150w, https:\/\/www.yongyukitchenware.com\/wp-content\/uploads\/2024\/10\/stainless-steel-pot-manufacturer-6-768x768.webp 768w, https:\/\/www.yongyukitchenware.com\/wp-content\/uploads\/2024\/10\/stainless-steel-pot-manufacturer-6-12x12.webp 12w, https:\/\/www.yongyukitchenware.com\/wp-content\/uploads\/2024\/10\/stainless-steel-pot-manufacturer-6-600x600.webp 600w, https:\/\/www.yongyukitchenware.com\/wp-content\/uploads\/2024\/10\/stainless-steel-pot-manufacturer-6-100x100.webp 100w\" sizes=\"(max-width: 800px) 100vw, 800px\" \/><\/figure>\n<\/div>\n<\/div>\n\n\n\n<div class=\"wp-block-columns is-layout-flex wp-container-core-columns-is-layout-9d6595d7 wp-block-columns-is-layout-flex\">\n<div class=\"wp-block-column is-layout-flow wp-block-column-is-layout-flow\">\n<figure class=\"wp-block-image size-full\"><img decoding=\"async\" width=\"800\" height=\"800\" src=\"https:\/\/www.yongyukitchenware.com\/wp-content\/uploads\/2024\/10\/stainless-steel-pot-manufacturer-4.webp\" alt=\"fabricante de panelas de a\u00e7o inoxid\u00e1vel (4)\" class=\"wp-image-1492\" srcset=\"https:\/\/www.yongyukitchenware.com\/wp-content\/uploads\/2024\/10\/stainless-steel-pot-manufacturer-4.webp 800w, https:\/\/www.yongyukitchenware.com\/wp-content\/uploads\/2024\/10\/stainless-steel-pot-manufacturer-4-300x300.webp 300w, https:\/\/www.yongyukitchenware.com\/wp-content\/uploads\/2024\/10\/stainless-steel-pot-manufacturer-4-150x150.webp 150w, https:\/\/www.yongyukitchenware.com\/wp-content\/uploads\/2024\/10\/stainless-steel-pot-manufacturer-4-768x768.webp 768w, https:\/\/www.yongyukitchenware.com\/wp-content\/uploads\/2024\/10\/stainless-steel-pot-manufacturer-4-12x12.webp 12w, https:\/\/www.yongyukitchenware.com\/wp-content\/uploads\/2024\/10\/stainless-steel-pot-manufacturer-4-600x600.webp 600w, https:\/\/www.yongyukitchenware.com\/wp-content\/uploads\/2024\/10\/stainless-steel-pot-manufacturer-4-100x100.webp 100w\" sizes=\"(max-width: 800px) 100vw, 800px\" \/><\/figure>\n<\/div>\n\n\n\n<div class=\"wp-block-column is-layout-flow wp-block-column-is-layout-flow\">\n<figure class=\"wp-block-image size-full\"><img decoding=\"async\" width=\"800\" height=\"800\" src=\"https:\/\/www.yongyukitchenware.com\/wp-content\/uploads\/2024\/10\/stainless-steel-pot-manufacturer-3.webp\" alt=\"fabricante de panelas de a\u00e7o inoxid\u00e1vel (3)\" class=\"wp-image-1491\" srcset=\"https:\/\/www.yongyukitchenware.com\/wp-content\/uploads\/2024\/10\/stainless-steel-pot-manufacturer-3.webp 800w, https:\/\/www.yongyukitchenware.com\/wp-content\/uploads\/2024\/10\/stainless-steel-pot-manufacturer-3-300x300.webp 300w, https:\/\/www.yongyukitchenware.com\/wp-content\/uploads\/2024\/10\/stainless-steel-pot-manufacturer-3-150x150.webp 150w, https:\/\/www.yongyukitchenware.com\/wp-content\/uploads\/2024\/10\/stainless-steel-pot-manufacturer-3-768x768.webp 768w, https:\/\/www.yongyukitchenware.com\/wp-content\/uploads\/2024\/10\/stainless-steel-pot-manufacturer-3-12x12.webp 12w, https:\/\/www.yongyukitchenware.com\/wp-content\/uploads\/2024\/10\/stainless-steel-pot-manufacturer-3-600x600.webp 600w, https:\/\/www.yongyukitchenware.com\/wp-content\/uploads\/2024\/10\/stainless-steel-pot-manufacturer-3-100x100.webp 100w\" sizes=\"(max-width: 800px) 100vw, 800px\" \/><\/figure>\n<\/div>\n<\/div>\n<\/div>\n<\/div>\n\n\n\n<p><\/p>","protected":false},"excerpt":{"rendered":"<p>Os tachos e panelas de a\u00e7o inoxid\u00e1vel Yongyu s\u00e3o de alta qualidade e adequados para indu\u00e7\u00e3o e fog\u00f5es, com vaporizador, tampas de vidro e pegas de madeira. <span class=\"Editor_t__not_edited__WuRP8\">Fornecer <\/span><span class=\"Editor_t__added__LtuNJ\">competitivo<\/span><span class=\"Editor_t__not_edited__WuRP8\"> solu\u00e7\u00f5es personalizadas <\/span><span class=\"Editor_t__added__LtuNJ\">para<\/span> <span class=\"Editor_t__added__LtuNJ\">todos<\/span> <span class=\"Editor_t__added__LtuNJ\">clientes<\/span><span class=\"Editor_t__not_edited__WuRP8\">.<\/span><\/p>\n<h2>A\u00e7o inoxid\u00e1vel Par\u00e2metro do recipiente:<\/h2>\n<p><strong>Material:<\/strong> A\u00e7o inoxid\u00e1vel<br \/><strong>Tipos de utens\u00edlios de cozinha:<\/strong> Panela de leite, panela de sopa, panela de vapor, panela de neve,<br \/><strong>Design da pega:<\/strong> Cabo de madeira e puxador refor\u00e7ado com rebites<br \/><strong>Tamanhos diferentes:<\/strong> 16cm, 18cm, 20cm<br \/><strong>Embalagem:<\/strong> Saco\/grupo\/caixa de cart\u00e3o ou personalizado<br \/><strong>OEM\/ODM:<\/strong> Dispon\u00edvel<\/p>\n<h2 class=\"wp-block-heading\">De Yongyu Cookware Fabricante :<\/h2>\n<p>Yongyu \u00e9 um fabricante profissional de utens\u00edlios de cozinha. Os nossos produtos incluem todos os tipos de utens\u00edlios de cozinha em a\u00e7o inoxid\u00e1vel, tais como panelas para macarr\u00e3o, frigideiras, panelas para guisado, etc., e fornecemos servi\u00e7os de aquisi\u00e7\u00e3o de qualidade e pre\u00e7os acess\u00edveis para cada cliente.<\/p>","protected":false},"featured_media":1493,"comment_status":"closed","ping_status":"closed","template":"","meta":{"_acf_changed":false},"application":[29],"product_brand":[],"product_cat":[23,32],"product_tag":[43],"class_list":{"0":"post-1487","1":"product","2":"type-product","3":"status-publish","4":"has-post-thumbnail","6":"application-home-kitchen","7":"product_cat-kitchenware-wholesale","8":"product_cat-wholesale-cookware","9":"product_tag-recommend","11":"first","12":"instock","13":"shipping-taxable","14":"product-type-simple"},"acf":[],"_links":{"self":[{"href":"https:\/\/www.yongyukitchenware.com\/pt\/wp-json\/wp\/v2\/product\/1487","targetHints":{"allow":["GET"]}}],"collection":[{"href":"https:\/\/www.yongyukitchenware.com\/pt\/wp-json\/wp\/v2\/product"}],"about":[{"href":"https:\/\/www.yongyukitchenware.com\/pt\/wp-json\/wp\/v2\/types\/product"}],"replies":[{"embeddable":true,"href":"https:\/\/www.yongyukitchenware.com\/pt\/wp-json\/wp\/v2\/comments?post=1487"}],"wp:featuredmedia":[{"embeddable":true,"href":"https:\/\/www.yongyukitchenware.com\/pt\/wp-json\/wp\/v2\/media\/1493"}],"wp:attachment":[{"href":"https:\/\/www.yongyukitchenware.com\/pt\/wp-json\/wp\/v2\/media?parent=1487"}],"wp:term":[{"taxonomy":"application","embeddable":true,"href":"https:\/\/www.yongyukitchenware.com\/pt\/wp-json\/wp\/v2\/application?post=1487"},{"taxonomy":"product_brand","embeddable":true,"href":"https:\/\/www.yongyukitchenware.com\/pt\/wp-json\/wp\/v2\/product_brand?post=1487"},{"taxonomy":"product_cat","embeddable":true,"href":"https:\/\/www.yongyukitchenware.com\/pt\/wp-json\/wp\/v2\/product_cat?post=1487"},{"taxonomy":"product_tag","embeddable":true,"href":"https:\/\/www.yongyukitchenware.com\/pt\/wp-json\/wp\/v2\/product_tag?post=1487"}],"curies":[{"name":"wp","href":"https:\/\/api.w.org\/{rel}","templated":true}]}}