{"id":1522,"date":"2024-10-30T07:12:04","date_gmt":"2024-10-30T07:12:04","guid":{"rendered":"https:\/\/www.yongyukitchenware.com\/?post_type=product&#038;p=1522"},"modified":"2025-07-10T09:49:00","modified_gmt":"2025-07-10T09:49:00","slug":"slanted-bowl-wholesale","status":"publish","type":"product","link":"https:\/\/www.yongyukitchenware.com\/pt\/produto\/slanted-bowl-wholesale\/","title":{"rendered":"Tigela inclinada por atacado Tigela de condimento de a\u00e7o inoxid\u00e1vel de tamanho m\u00faltiplo"},"content":{"rendered":"<div class=\"wp-block-columns are-vertically-aligned-top is-layout-flex wp-container-core-columns-is-layout-9d6595d7 wp-block-columns-is-layout-flex\">\n<div class=\"wp-block-column is-vertically-aligned-top is-layout-flow wp-block-column-is-layout-flow\">\n<h2 class=\"wp-block-heading\">Ta\u00e7a inclinada Carater\u00edsticas:<\/h2>\n\n\n\n<p><strong>A\u00e7o inoxid\u00e1vel de alta qualidade:<\/strong> Material de a\u00e7o inoxid\u00e1vel de qualidade alimentar, resistente \u00e0 corros\u00e3o, sem odor, dur\u00e1vel.<br><strong>V\u00e1rias especifica\u00e7\u00f5es dispon\u00edveis:<\/strong> com ou sem base, prateado, dourado, dourado preto.<br><strong>Desenho de boca obl\u00edqua:<\/strong> Design de boca obl\u00edqua de grande di\u00e2metro, conveniente para guardar todo o tipo de alimentos.<br><strong>Conce\u00e7\u00e3o de processo duplo: <\/strong>processo de desenho interno, polimento de espelho externo, imperme\u00e1vel e \u00e0 prova de ferrugem, \u00fanico e bonito.<br><strong>Arestas redondas:<\/strong> Bordos polidos e lisos, sem rebarbas, n\u00e3o magoam as m\u00e3os.<\/p>\n\n\n\n<div class=\"wp-block-group is-vertical is-layout-flex wp-container-core-group-is-layout-8cf370e7 wp-block-group-is-layout-flex\">\n<h2 class=\"wp-block-heading\">Tamanho da ta\u00e7a inclinada:<\/h2>\n\n\n\n<figure class=\"wp-block-table\"><table class=\"has-fixed-layout\"><tbody><tr><td>Modelo<\/td><td>Base<\/td><td>di\u00e2metro<\/td><td>MOQ<\/td><\/tr><tr><td rowspan=\"8\">DY023-W<\/td><td>sem base<\/td><td>14CM<\/td><td>36 UNIDADES<\/td><\/tr><tr><td>sem base<\/td><td>18CM<\/td><td>24 PE\u00c7AS<\/td><\/tr><tr><td>sem base<\/td><td>22CM<\/td><td>18 PE\u00c7AS<\/td><\/tr><tr><td>sem base<\/td><td>26CM<\/td><td>18 PE\u00c7AS<\/td><\/tr><tr><td>Com base de silicone<\/td><td>14CM<\/td><td>36 UNIDADES<\/td><\/tr><tr><td>Com base de silicone<\/td><td>18CM<\/td><td>24 PE\u00c7AS<\/td><\/tr><tr><td>Com base de silicone<\/td><td>22CM<\/td><td>18 PE\u00c7AS<\/td><\/tr><tr><td>Com base<\/td><td>26CM<\/td><td>18 PE\u00c7AS<\/td><\/tr><\/tbody><\/table><\/figure>\n<\/div>\n<\/div>\n\n\n\n<div class=\"wp-block-column is-vertically-aligned-top is-layout-flow wp-block-column-is-layout-flow\">\n<div class=\"wp-block-columns is-layout-flex wp-container-core-columns-is-layout-9d6595d7 wp-block-columns-is-layout-flex\">\n<div class=\"wp-block-column is-layout-flow wp-block-column-is-layout-flow\">\n<figure class=\"wp-block-image size-full is-resized\"><img decoding=\"async\" width=\"800\" height=\"800\" src=\"https:\/\/www.yongyukitchenware.com\/wp-content\/uploads\/2024\/10\/Wholesale-Colorful-Stainless-Steel-Slanted-Bowl-2.webp\" alt=\"Tigela inclinada de a\u00e7o inoxid\u00e1vel colorida por atacado 2\" class=\"wp-image-1532\" style=\"width:416px;height:auto\" srcset=\"https:\/\/www.yongyukitchenware.com\/wp-content\/uploads\/2024\/10\/Wholesale-Colorful-Stainless-Steel-Slanted-Bowl-2.webp 800w, https:\/\/www.yongyukitchenware.com\/wp-content\/uploads\/2024\/10\/Wholesale-Colorful-Stainless-Steel-Slanted-Bowl-2-300x300.webp 300w, https:\/\/www.yongyukitchenware.com\/wp-content\/uploads\/2024\/10\/Wholesale-Colorful-Stainless-Steel-Slanted-Bowl-2-150x150.webp 150w, https:\/\/www.yongyukitchenware.com\/wp-content\/uploads\/2024\/10\/Wholesale-Colorful-Stainless-Steel-Slanted-Bowl-2-768x768.webp 768w, https:\/\/www.yongyukitchenware.com\/wp-content\/uploads\/2024\/10\/Wholesale-Colorful-Stainless-Steel-Slanted-Bowl-2-12x12.webp 12w, https:\/\/www.yongyukitchenware.com\/wp-content\/uploads\/2024\/10\/Wholesale-Colorful-Stainless-Steel-Slanted-Bowl-2-600x600.webp 600w, https:\/\/www.yongyukitchenware.com\/wp-content\/uploads\/2024\/10\/Wholesale-Colorful-Stainless-Steel-Slanted-Bowl-2-100x100.webp 100w\" sizes=\"(max-width: 800px) 100vw, 800px\" \/><\/figure>\n<\/div>\n<\/div>\n\n\n\n<figure class=\"wp-block-image size-full is-resized\"><img decoding=\"async\" width=\"800\" height=\"800\" src=\"https:\/\/www.yongyukitchenware.com\/wp-content\/uploads\/2024\/10\/Wholesale-Colorful-Stainless-Steel-Slanted-Bowl-8.webp\" alt=\"Tigela inclinada de a\u00e7o inoxid\u00e1vel por atacado 8\" class=\"wp-image-1538\" style=\"width:418px;height:auto\" srcset=\"https:\/\/www.yongyukitchenware.com\/wp-content\/uploads\/2024\/10\/Wholesale-Colorful-Stainless-Steel-Slanted-Bowl-8.webp 800w, https:\/\/www.yongyukitchenware.com\/wp-content\/uploads\/2024\/10\/Wholesale-Colorful-Stainless-Steel-Slanted-Bowl-8-300x300.webp 300w, https:\/\/www.yongyukitchenware.com\/wp-content\/uploads\/2024\/10\/Wholesale-Colorful-Stainless-Steel-Slanted-Bowl-8-150x150.webp 150w, https:\/\/www.yongyukitchenware.com\/wp-content\/uploads\/2024\/10\/Wholesale-Colorful-Stainless-Steel-Slanted-Bowl-8-768x768.webp 768w, https:\/\/www.yongyukitchenware.com\/wp-content\/uploads\/2024\/10\/Wholesale-Colorful-Stainless-Steel-Slanted-Bowl-8-12x12.webp 12w, https:\/\/www.yongyukitchenware.com\/wp-content\/uploads\/2024\/10\/Wholesale-Colorful-Stainless-Steel-Slanted-Bowl-8-600x600.webp 600w, https:\/\/www.yongyukitchenware.com\/wp-content\/uploads\/2024\/10\/Wholesale-Colorful-Stainless-Steel-Slanted-Bowl-8-100x100.webp 100w\" sizes=\"(max-width: 800px) 100vw, 800px\" \/><\/figure>\n<\/div>\n<\/div>\n\n\n\n<p><\/p>","protected":false},"excerpt":{"rendered":"<div class=\"n4sEPd\">\n<div class=\"UdTY9 qhIQqf leDWne\" aria-hidden=\"true\" data-location=\"1\">Yongyu Supplier Wholesale Stainless Steel Slanted Bowls para prepara\u00e7\u00e3o de alimentos e servir molhos, frutas vegetais, etc., f\u00e1cil de limpar e empilhar. Dispon\u00edveis em v\u00e1rias cores e tamanhos, contacte-nos para saber mais sobre o nosso servi\u00e7o completo de venda por grosso de loi\u00e7a personalizada.<\/div>\n<\/div>\n<h2 style=\"text-align: left;\">Ta\u00e7a inclinada Par\u00e2metro:<\/h2>\n<p style=\"text-align: left;\"><strong>Material:<\/strong> A\u00e7o inoxid\u00e1vel<br \/><strong>Cor:<\/strong> Prata, ouro, ouro preto Cor<br \/><strong>Tamanhos diferentes:<\/strong> 14cm,18cm,22cm,26cm<br \/><strong>Embalagem: <\/strong>Saco Opp e caixa de cart\u00e3o<br \/><strong>OEM\/ODM:<\/strong> Dispon\u00edvel<\/p>\n<h2 class=\"wp-block-heading\">De Yongyu Tableware Wholesaler:<\/h2>\n<p>O grossista de utens\u00edlios de mesa Yongyu pode satisfazer as necessidades dos clientes a granel e fornecer uma s\u00e9rie de fornecimentos de catering de alta qualidade por atacado que combina eleg\u00e2ncia e durabilidade. Incluindo utens\u00edlios de mesa, bebidas, equipamentos de catering, utens\u00edlios de cozinha, itens essenciais de cozinha de acampamento, etc.<\/p>","protected":false},"featured_media":2839,"comment_status":"closed","ping_status":"closed","template":"","meta":{"_acf_changed":false},"application":[30],"product_brand":[],"product_cat":[22,45],"product_tag":[],"class_list":{"0":"post-1522","1":"product","2":"type-product","3":"status-publish","4":"has-post-thumbnail","6":"application-hotel-catering","7":"product_cat-catering-supplies-wholesale","8":"product_cat-condiment-bowls-wholesale","10":"first","11":"instock","12":"shipping-taxable","13":"product-type-simple"},"acf":[],"_links":{"self":[{"href":"https:\/\/www.yongyukitchenware.com\/pt\/wp-json\/wp\/v2\/product\/1522","targetHints":{"allow":["GET"]}}],"collection":[{"href":"https:\/\/www.yongyukitchenware.com\/pt\/wp-json\/wp\/v2\/product"}],"about":[{"href":"https:\/\/www.yongyukitchenware.com\/pt\/wp-json\/wp\/v2\/types\/product"}],"replies":[{"embeddable":true,"href":"https:\/\/www.yongyukitchenware.com\/pt\/wp-json\/wp\/v2\/comments?post=1522"}],"wp:featuredmedia":[{"embeddable":true,"href":"https:\/\/www.yongyukitchenware.com\/pt\/wp-json\/wp\/v2\/media\/2839"}],"wp:attachment":[{"href":"https:\/\/www.yongyukitchenware.com\/pt\/wp-json\/wp\/v2\/media?parent=1522"}],"wp:term":[{"taxonomy":"application","embeddable":true,"href":"https:\/\/www.yongyukitchenware.com\/pt\/wp-json\/wp\/v2\/application?post=1522"},{"taxonomy":"product_brand","embeddable":true,"href":"https:\/\/www.yongyukitchenware.com\/pt\/wp-json\/wp\/v2\/product_brand?post=1522"},{"taxonomy":"product_cat","embeddable":true,"href":"https:\/\/www.yongyukitchenware.com\/pt\/wp-json\/wp\/v2\/product_cat?post=1522"},{"taxonomy":"product_tag","embeddable":true,"href":"https:\/\/www.yongyukitchenware.com\/pt\/wp-json\/wp\/v2\/product_tag?post=1522"}],"curies":[{"name":"wp","href":"https:\/\/api.w.org\/{rel}","templated":true}]}}