{"id":1589,"date":"2024-10-30T06:41:41","date_gmt":"2024-10-30T06:41:41","guid":{"rendered":"https:\/\/www.yongyukitchenware.com\/?post_type=product&#038;p=1589"},"modified":"2025-01-14T04:04:50","modified_gmt":"2025-01-14T04:04:50","slug":"food-pan-wholesale","status":"publish","type":"product","link":"https:\/\/www.yongyukitchenware.com\/pt\/produto\/food-pan-wholesale\/","title":{"rendered":"Panela para alimentos por atacado Panelas Gastron\u00f3micas de a\u00e7o inoxid\u00e1vel estilo UE com tampa"},"content":{"rendered":"<div class=\"wp-block-columns is-layout-flex wp-container-core-columns-is-layout-9d6595d7 wp-block-columns-is-layout-flex\">\n<div class=\"wp-block-column is-layout-flow wp-block-column-is-layout-flow\">\n<h2 class=\"wp-block-heading\">Panela para alimentos Carater\u00edsticas:<\/h2>\n\n\n\n<p><strong>A\u00e7o inoxid\u00e1vel de qualidade superior:<\/strong> O a\u00e7o inoxid\u00e1vel de qualidade alimentar \u00e9 dur\u00e1vel e resistente ao calor<br><strong>A panela GN pode ser aquecida:<\/strong> Devido \u00e0 excelente condutividade t\u00e9rmica do a\u00e7o inoxid\u00e1vel, pode ser aquecido e cozido uniformemente, concebido para uma \u00f3ptima distribui\u00e7\u00e3o do calor e efeito de isolamento<br><strong>Desenho em relevo: <\/strong>As panelas GN s\u00e3o \u00e0 prova de fugas, evitando que os l\u00edquidos escorram.<br><strong>Design de rebordo enrolado:<\/strong> Cantos arredondados e lisos para um manuseamento f\u00e1cil, evitando les\u00f5es nas m\u00e3os e tornando a limpeza mais segura e conveniente<br><strong>Dois tipos de tampas:<\/strong> uma tampa perfurada que reserva espa\u00e7o para as colheres; uma tampa totalmente em a\u00e7o que veda eficazmente e protege do p\u00f3<br><strong>Poupan\u00e7a de espa\u00e7o: <\/strong>um design empilh\u00e1vel para uma arruma\u00e7\u00e3o eficiente<\/p>\n<\/div>\n\n\n\n<div class=\"wp-block-column is-layout-flow wp-block-column-is-layout-flow\">\n<div class=\"wp-block-columns is-layout-flex wp-container-core-columns-is-layout-9d6595d7 wp-block-columns-is-layout-flex\">\n<div class=\"wp-block-column is-layout-flow wp-block-column-is-layout-flow\">\n<figure class=\"wp-block-image size-full\"><img decoding=\"async\" width=\"800\" height=\"800\" src=\"https:\/\/www.yongyukitchenware.com\/wp-content\/uploads\/2024\/10\/supply-food-pan-2.webp\" alt=\"panela de abastecimento de alimentos (2)\" class=\"wp-image-1600\" srcset=\"https:\/\/www.yongyukitchenware.com\/wp-content\/uploads\/2024\/10\/supply-food-pan-2.webp 800w, https:\/\/www.yongyukitchenware.com\/wp-content\/uploads\/2024\/10\/supply-food-pan-2-300x300.webp 300w, https:\/\/www.yongyukitchenware.com\/wp-content\/uploads\/2024\/10\/supply-food-pan-2-150x150.webp 150w, https:\/\/www.yongyukitchenware.com\/wp-content\/uploads\/2024\/10\/supply-food-pan-2-768x768.webp 768w, https:\/\/www.yongyukitchenware.com\/wp-content\/uploads\/2024\/10\/supply-food-pan-2-12x12.webp 12w, https:\/\/www.yongyukitchenware.com\/wp-content\/uploads\/2024\/10\/supply-food-pan-2-600x600.webp 600w, https:\/\/www.yongyukitchenware.com\/wp-content\/uploads\/2024\/10\/supply-food-pan-2-100x100.webp 100w\" sizes=\"(max-width: 800px) 100vw, 800px\" \/><\/figure>\n<\/div>\n\n\n\n<div class=\"wp-block-column is-layout-flow wp-block-column-is-layout-flow\">\n<figure class=\"wp-block-image size-full\"><img decoding=\"async\" width=\"800\" height=\"800\" src=\"https:\/\/www.yongyukitchenware.com\/wp-content\/uploads\/2024\/10\/supply-food-pan-4.webp\" alt=\"panela de abastecimento de alimentos (4)\" class=\"wp-image-1602\" srcset=\"https:\/\/www.yongyukitchenware.com\/wp-content\/uploads\/2024\/10\/supply-food-pan-4.webp 800w, https:\/\/www.yongyukitchenware.com\/wp-content\/uploads\/2024\/10\/supply-food-pan-4-300x300.webp 300w, https:\/\/www.yongyukitchenware.com\/wp-content\/uploads\/2024\/10\/supply-food-pan-4-150x150.webp 150w, https:\/\/www.yongyukitchenware.com\/wp-content\/uploads\/2024\/10\/supply-food-pan-4-768x768.webp 768w, https:\/\/www.yongyukitchenware.com\/wp-content\/uploads\/2024\/10\/supply-food-pan-4-12x12.webp 12w, https:\/\/www.yongyukitchenware.com\/wp-content\/uploads\/2024\/10\/supply-food-pan-4-600x600.webp 600w, https:\/\/www.yongyukitchenware.com\/wp-content\/uploads\/2024\/10\/supply-food-pan-4-100x100.webp 100w\" sizes=\"(max-width: 800px) 100vw, 800px\" \/><\/figure>\n<\/div>\n<\/div>\n<\/div>\n<\/div>\n\n\n\n<h2 class=\"wp-block-heading\">Tabuleiro para alimentos Par\u00e2metro<\/h2>\n\n\n\n<figure class=\"wp-block-table\"><table class=\"has-fixed-layout\"><tbody><tr><td>Modelo<\/td><td>Tamanho<\/td><td>Comprimento * Largura * Altura (cm)<\/td><td>Tamanho<\/td><td>Comprimento * Largura * Altura (cm)<\/td><\/tr><tr><td rowspan=\"28\">DY002-FSP<\/td><td rowspan=\"6\">2\/1 Panela Eu Style GN<\/td><td>65x53x20CM<\/td><td rowspan=\"6\">Panela GN estilo 1\/3 Eu<\/td><td>32,5*17,6*20CM<\/td><\/tr><tr><td>65x53x15CM<\/td><td>32,5*17,6*15CM<\/td><\/tr><tr><td>65x53x10CM<\/td><td>32,5*17,6*10CM<\/td><\/tr><tr><td>65x53x6,5CM<\/td><td>32,5*17,6*6,5CM<\/td><\/tr><tr><td>65x53x 4CM<\/td><td>32,5*17,6*4CM<\/td><\/tr><tr><td>65x53x2CM<\/td><td>32,5*17,6*2CM<\/td><\/tr><tr><td rowspan=\"6\">1\/1 Panela Eu Style GN<\/td><td>53*32,5*20CM<\/td><td rowspan=\"6\">Panela GN estilo 1\/4 Eu<\/td><td>26,5*16,2*20CM<\/td><\/tr><tr><td>53*32,5*15CM<\/td><td>26,5*16,2*15CM<\/td><\/tr><tr><td>53*32,5*10CM<\/td><td>26,5*16,2*10CM<\/td><\/tr><tr><td>53*32,5*6,5CM<\/td><td>26,5*16,2*6,5CM<\/td><\/tr><tr><td>53*32,5*4CM<\/td><td>26,5*16,2*4CM<\/td><\/tr><tr><td>53*32,5*2CM<\/td><td>26,5*16,2*2CM<\/td><\/tr><tr><td rowspan=\"6\">Panela GN estilo 2\/3 Eu<\/td><td>35,5*32,5*20CM<\/td><td rowspan=\"4\">1\/6 Eu Style GN Pan<\/td><td>17,6*16,2*20CM<\/td><\/tr><tr><td>35,5*32,5*15CM<\/td><td>17,6*16,2*15CM<\/td><\/tr><tr><td>35,5*32,5*10CM<\/td><td>17,6*16,2*10CM<\/td><\/tr><tr><td>35,5*32,5*6,5CM<\/td><td>17,6*16,2*6,5CM<\/td><\/tr><tr><td>35,5*32,5*4CM<\/td><td rowspan=\"3\">1\/9 Eu Style GN Pan<\/td><td>17,6*10,8*15CM<\/td><\/tr><tr><td>35,5*32,5*2CM<\/td><td>17,6*10,8*10CM<\/td><\/tr><tr><td rowspan=\"6\">1\/2 Panela GN estilo Eu<\/td><td>32,5*26,5*20CM<\/td><td>17,6*10,8*6,5CM<\/td><\/tr><tr><td>32,5*26,5*15CM<\/td><td rowspan=\"4\">Panela GN estilo UE 1\/12<\/td><td>13,2\u00d710,8x 15CM<\/td><\/tr><tr><td>32,5*26,5*10CM<\/td><td>13,2\u00d710,8x 10CM<\/td><\/tr><tr><td>32,5*26,5*6,5CM<\/td><td>13,2\u00d710,8\u00d76,5CM<\/td><\/tr><tr><td>32,5*26,5*4CM<\/td><td>13,2\u00d710,8x4CM<\/td><\/tr><tr><td>32,5*26,5*2CM<\/td><td rowspan=\"5\">Panela GN estilo UE 2\/4<\/td><td>53\u00d716,2\u00d715 CM<\/td><\/tr><tr><td><\/td><td><\/td><td>53\u00d716,5x 10CM<\/td><\/tr><tr><td><\/td><td><\/td><td>53\u00d716,5x 6,5CM<\/td><\/tr><tr><td><\/td><td><\/td><td>53\u00d716,5x4CM<\/td><\/tr><tr><td><\/td><td><\/td><td>53\u00d716,5x2CM<\/td><\/tr><\/tbody><\/table><\/figure>","protected":false},"excerpt":{"rendered":"<p>Panela de comida por atacado em a\u00e7o inoxid\u00e1vel, panela gastron\u00f3mica europeia de tamanho normal, concebida para buffet de hotel, adequada para a maioria dos equipamentos de cozinha comercial e buffet. Compre a granel e beneficie de um desconto de f\u00e1brica.<\/p>\n<h2><!-- wp:heading --><\/h2>\n<h2 class=\"wp-block-heading\">Atributos da bandeja de alimentos :<\/h2>\n<h2><!-- \/wp:heading --><\/p>\n<p><!-- wp:paragraph --><\/h2>\n<p><strong>Material:<\/strong> A\u00e7o inoxid\u00e1vel<br \/><strong>Tamanho:<\/strong>\u00a01\/1, 1\/2, 1\/3, 1\/4, 1\/4, 1\/6, 1\/9, 3\/2 gn pan<br \/><strong>A\u00e7o inoxid\u00e1vel Espessura:<\/strong>\u00a00,5 mm, 0,6 mm, 0,7 mm, 0,8 mm, 1,0 mm<br \/><strong>Tipos de tampas<\/strong><strong>:<\/strong>\u00a0Tampa perfurada e tampa completa em a\u00e7o<br \/><strong>Conce\u00e7\u00e3o:<\/strong> Design com rebordos altos e enrolados, aquecido e cozido uniformemente<br \/><strong>Embalagem:<\/strong> Saco OPP e caixa de cart\u00e3o<br \/><strong>OEM\/ODM:<\/strong> Dispon\u00edvel<\/p>\n<p><!-- \/wp:paragraph --><\/p>","protected":false},"featured_media":1598,"comment_status":"closed","ping_status":"closed","template":"","meta":{"_acf_changed":true},"application":[30],"product_brand":[],"product_cat":[22,37],"product_tag":[],"class_list":{"0":"post-1589","1":"product","2":"type-product","3":"status-publish","4":"has-post-thumbnail","6":"application-hotel-catering","7":"product_cat-catering-supplies-wholesale","8":"product_cat-gastronorm-pan-manufacturer","10":"first","11":"instock","12":"shipping-taxable","13":"product-type-simple"},"acf":[],"_links":{"self":[{"href":"https:\/\/www.yongyukitchenware.com\/pt\/wp-json\/wp\/v2\/product\/1589","targetHints":{"allow":["GET"]}}],"collection":[{"href":"https:\/\/www.yongyukitchenware.com\/pt\/wp-json\/wp\/v2\/product"}],"about":[{"href":"https:\/\/www.yongyukitchenware.com\/pt\/wp-json\/wp\/v2\/types\/product"}],"replies":[{"embeddable":true,"href":"https:\/\/www.yongyukitchenware.com\/pt\/wp-json\/wp\/v2\/comments?post=1589"}],"wp:featuredmedia":[{"embeddable":true,"href":"https:\/\/www.yongyukitchenware.com\/pt\/wp-json\/wp\/v2\/media\/1598"}],"wp:attachment":[{"href":"https:\/\/www.yongyukitchenware.com\/pt\/wp-json\/wp\/v2\/media?parent=1589"}],"wp:term":[{"taxonomy":"application","embeddable":true,"href":"https:\/\/www.yongyukitchenware.com\/pt\/wp-json\/wp\/v2\/application?post=1589"},{"taxonomy":"product_brand","embeddable":true,"href":"https:\/\/www.yongyukitchenware.com\/pt\/wp-json\/wp\/v2\/product_brand?post=1589"},{"taxonomy":"product_cat","embeddable":true,"href":"https:\/\/www.yongyukitchenware.com\/pt\/wp-json\/wp\/v2\/product_cat?post=1589"},{"taxonomy":"product_tag","embeddable":true,"href":"https:\/\/www.yongyukitchenware.com\/pt\/wp-json\/wp\/v2\/product_tag?post=1589"}],"curies":[{"name":"wp","href":"https:\/\/api.w.org\/{rel}","templated":true}]}}