{"id":1612,"date":"2024-10-07T12:02:32","date_gmt":"2024-10-07T12:02:32","guid":{"rendered":"https:\/\/www.yongyukitchenware.com\/?post_type=product&#038;p=1612"},"modified":"2025-07-10T09:34:24","modified_gmt":"2025-07-10T09:34:24","slug":"electric-buffet-warmer-wholesale","status":"publish","type":"product","link":"https:\/\/www.yongyukitchenware.com\/pt\/produto\/electric-buffet-warmer-wholesale\/","title":{"rendered":"Aquecedor de buffet el\u00e9trico por atacado Luxo para catering"},"content":{"rendered":"<div class=\"wp-block-columns is-layout-flex wp-container-core-columns-is-layout-9d6595d7 wp-block-columns-is-layout-flex\">\n<div class=\"wp-block-column is-layout-flow wp-block-column-is-layout-flow\">\n<h2 class=\"wp-block-heading\">Aquecedor de buffet el\u00e9trico Par\u00e2metro:<\/h2>\n\n\n\n<figure class=\"wp-block-table\"><table class=\"has-fixed-layout\"><tbody><tr><td>Modelo<\/td><td>Forma<\/td><td>Comprimento * Largura * Altura (cm)<\/td><td>Peso (kg)<\/td><td>MOQ<\/td><\/tr><tr><td rowspan=\"2\">DY009-CL<\/td><td>Retangular<\/td><td>61*45*21<\/td><td>11.5<\/td><td rowspan=\"2\">2 PE\u00c7AS<\/td><\/tr><tr><td>quadrado<\/td><td>43*44*22<\/td><td>9.2<\/td><\/tr><\/tbody><\/table><\/figure>\n<\/div>\n\n\n\n<div class=\"wp-block-column is-layout-flow wp-block-column-is-layout-flow\">\n<figure class=\"wp-block-image size-full\"><img decoding=\"async\" width=\"800\" height=\"800\" src=\"https:\/\/www.yongyukitchenware.com\/wp-content\/uploads\/2024\/10\/wholesale-Electric-Buffet-Warmer.webp\" alt=\"aquecedor de buffet el\u00e9trico por atacado\" class=\"wp-image-3007\" srcset=\"https:\/\/www.yongyukitchenware.com\/wp-content\/uploads\/2024\/10\/wholesale-Electric-Buffet-Warmer.webp 800w, https:\/\/www.yongyukitchenware.com\/wp-content\/uploads\/2024\/10\/wholesale-Electric-Buffet-Warmer-300x300.webp 300w, https:\/\/www.yongyukitchenware.com\/wp-content\/uploads\/2024\/10\/wholesale-Electric-Buffet-Warmer-150x150.webp 150w, https:\/\/www.yongyukitchenware.com\/wp-content\/uploads\/2024\/10\/wholesale-Electric-Buffet-Warmer-768x768.webp 768w, https:\/\/www.yongyukitchenware.com\/wp-content\/uploads\/2024\/10\/wholesale-Electric-Buffet-Warmer-12x12.webp 12w, https:\/\/www.yongyukitchenware.com\/wp-content\/uploads\/2024\/10\/wholesale-Electric-Buffet-Warmer-600x600.webp 600w, https:\/\/www.yongyukitchenware.com\/wp-content\/uploads\/2024\/10\/wholesale-Electric-Buffet-Warmer-100x100.webp 100w\" sizes=\"(max-width: 800px) 100vw, 800px\" \/><\/figure>\n<\/div>\n<\/div>\n\n\n\n<div class=\"wp-block-columns is-layout-flex wp-container-core-columns-is-layout-9d6595d7 wp-block-columns-is-layout-flex\">\n<div class=\"wp-block-column is-layout-flow wp-block-column-is-layout-flow\">\n<figure class=\"wp-block-image size-full\"><img decoding=\"async\" width=\"800\" height=\"800\" src=\"https:\/\/www.yongyukitchenware.com\/wp-content\/uploads\/2024\/10\/Wholesale-Luxury-Electric-Buffet-Warmer-3.webp\" alt=\"Aquecedor el\u00e9trico de buffet de luxo por atacado 3\" class=\"wp-image-1615\" srcset=\"https:\/\/www.yongyukitchenware.com\/wp-content\/uploads\/2024\/10\/Wholesale-Luxury-Electric-Buffet-Warmer-3.webp 800w, https:\/\/www.yongyukitchenware.com\/wp-content\/uploads\/2024\/10\/Wholesale-Luxury-Electric-Buffet-Warmer-3-300x300.webp 300w, https:\/\/www.yongyukitchenware.com\/wp-content\/uploads\/2024\/10\/Wholesale-Luxury-Electric-Buffet-Warmer-3-150x150.webp 150w, https:\/\/www.yongyukitchenware.com\/wp-content\/uploads\/2024\/10\/Wholesale-Luxury-Electric-Buffet-Warmer-3-768x768.webp 768w, https:\/\/www.yongyukitchenware.com\/wp-content\/uploads\/2024\/10\/Wholesale-Luxury-Electric-Buffet-Warmer-3-12x12.webp 12w, https:\/\/www.yongyukitchenware.com\/wp-content\/uploads\/2024\/10\/Wholesale-Luxury-Electric-Buffet-Warmer-3-600x600.webp 600w, https:\/\/www.yongyukitchenware.com\/wp-content\/uploads\/2024\/10\/Wholesale-Luxury-Electric-Buffet-Warmer-3-100x100.webp 100w\" sizes=\"(max-width: 800px) 100vw, 800px\" \/><\/figure>\n<\/div>\n\n\n\n<div class=\"wp-block-column is-layout-flow wp-block-column-is-layout-flow\">\n<h2 class=\"wp-block-heading\">Aquecedor de buffet el\u00e9trico Carater\u00edsticas:<\/h2>\n\n\n\n<p><strong>Design de luxo: <\/strong>A apar\u00eancia de a\u00e7o inoxid\u00e1vel de alta qualidade do nosso aquecedor de buffet el\u00e9trico por atacado \u00e9 elegante e atmosf\u00e9rica, melhorando o efeito visual da mesa de jantar e adequado para ocasi\u00f5es de alta qualidade.<\/p>\n\n\n\n<p><strong>Sistema de aquecimento el\u00e9trico eficiente:<\/strong> Est\u00e1 incorporada uma fun\u00e7\u00e3o de aquecimento uniforme para garantir que os alimentos t\u00eam a temperatura ideal durante muito tempo, melhorando a experi\u00eancia gastron\u00f3mica.<\/p>\n\n\n\n<p><strong>Design de grande capacidade: <\/strong>\u00c9 adequado para acomodar um grande n\u00famero de pratos e pode satisfazer as necessidades de grandes banquetes e buffets, reduzindo o reabastecimento frequente.<\/p>\n\n\n\n<p><strong>Poupan\u00e7a de energia e prote\u00e7\u00e3o do ambiente: <\/strong>conce\u00e7\u00e3o de baixo consumo de energia, que pode n\u00e3o s\u00f3 manter o aquecimento, mas tamb\u00e9m reduzir significativamente o consumo de energia e diminuir o custo de funcionamento.<\/p>\n\n\n\n<p><strong>Dur\u00e1vel e f\u00e1cil de limpar: <\/strong>material de a\u00e7o inoxid\u00e1vel de alta qualidade dur\u00e1vel, \u00e0 prova de ferrugem e anti-incrustante, f\u00e1cil de limpar e manter, adequado para uma utiliza\u00e7\u00e3o prolongada.<\/p>\n<\/div>\n<\/div>","protected":false},"excerpt":{"rendered":"<p>Aquecedor de buffet el\u00e9trico personalizado e por atacado com tampa de janela de vidro articulada, conveniente de usar e f\u00e1cil de limpar. Venda direta da f\u00e1brica, material de a\u00e7o inoxid\u00e1vel de alta qualidade, mais s\u00e9ries de pratos de chafing por atacado bem-vindo para nos consultar.<\/p>\n<h2><!-- wp:heading --><\/h2>\n<h2 class=\"wp-block-heading\">Aquecedor de buffet el\u00e9trico Atributos :<\/h2>\n<h2><!-- \/wp:heading --><\/p>\n<p><!-- wp:paragraph --><\/h2>\n<p><strong>Material: <\/strong>A\u00e7o inoxid\u00e1vel<br \/><strong>Cor: <\/strong>Prata<br \/><strong>Forma: <\/strong>Ret\u00e2ngulo, Quadrado, Redondo<br \/><strong>Calor:<\/strong> Aquecimento el\u00e9trico<br \/><strong>Panela de chafer: <\/strong>Grelha simples\/dupla<br \/><strong>Embalagem: <\/strong>Saco Opp e caixa de cart\u00e3o<br \/><strong>OEM\/ODM: <\/strong>Dispon\u00edvel<\/p>\n<h2 class=\"wp-block-heading\">De Yongyu Chafing Dish Fabricante :<\/h2>\n<p>Quer se trate de um fornecedor de servi\u00e7os de catering, de um hotel e de um restaurante ou de uma empresa de planeamento de eventos, fornecemos solu\u00e7\u00f5es personalizadas completas de pratos de chafing por atacado para ajudar a sua empresa com pre\u00e7os de f\u00e1brica de alta qualidade!<\/p>\n<h2><!-- \/wp:paragraph --><\/h2>","protected":false},"featured_media":3007,"comment_status":"closed","ping_status":"closed","template":"","meta":{"_acf_changed":false},"application":[30],"product_brand":[],"product_cat":[33],"product_tag":[],"class_list":{"0":"post-1612","1":"product","2":"type-product","3":"status-publish","4":"has-post-thumbnail","6":"application-hotel-catering","7":"product_cat-chafing-dishes-wholesale","9":"first","10":"instock","11":"shipping-taxable","12":"product-type-simple"},"acf":[],"_links":{"self":[{"href":"https:\/\/www.yongyukitchenware.com\/pt\/wp-json\/wp\/v2\/product\/1612","targetHints":{"allow":["GET"]}}],"collection":[{"href":"https:\/\/www.yongyukitchenware.com\/pt\/wp-json\/wp\/v2\/product"}],"about":[{"href":"https:\/\/www.yongyukitchenware.com\/pt\/wp-json\/wp\/v2\/types\/product"}],"replies":[{"embeddable":true,"href":"https:\/\/www.yongyukitchenware.com\/pt\/wp-json\/wp\/v2\/comments?post=1612"}],"wp:featuredmedia":[{"embeddable":true,"href":"https:\/\/www.yongyukitchenware.com\/pt\/wp-json\/wp\/v2\/media\/3007"}],"wp:attachment":[{"href":"https:\/\/www.yongyukitchenware.com\/pt\/wp-json\/wp\/v2\/media?parent=1612"}],"wp:term":[{"taxonomy":"application","embeddable":true,"href":"https:\/\/www.yongyukitchenware.com\/pt\/wp-json\/wp\/v2\/application?post=1612"},{"taxonomy":"product_brand","embeddable":true,"href":"https:\/\/www.yongyukitchenware.com\/pt\/wp-json\/wp\/v2\/product_brand?post=1612"},{"taxonomy":"product_cat","embeddable":true,"href":"https:\/\/www.yongyukitchenware.com\/pt\/wp-json\/wp\/v2\/product_cat?post=1612"},{"taxonomy":"product_tag","embeddable":true,"href":"https:\/\/www.yongyukitchenware.com\/pt\/wp-json\/wp\/v2\/product_tag?post=1612"}],"curies":[{"name":"wp","href":"https:\/\/api.w.org\/{rel}","templated":true}]}}