{"id":1619,"date":"2024-10-22T03:53:21","date_gmt":"2024-10-22T03:53:21","guid":{"rendered":"https:\/\/www.yongyukitchenware.com\/?post_type=product&#038;p=1619"},"modified":"2025-06-26T06:27:30","modified_gmt":"2025-06-26T06:27:30","slug":"custom-stainless-steel-tray","status":"publish","type":"product","link":"https:\/\/www.yongyukitchenware.com\/pt\/produto\/custom-stainless-steel-tray\/","title":{"rendered":"Bandeja de a\u00e7o inoxid\u00e1vel personalizada para alimentos de v\u00e1rios tamanhos"},"content":{"rendered":"<div class=\"wp-block-columns is-layout-flex wp-container-core-columns-is-layout-9d6595d7 wp-block-columns-is-layout-flex\">\n<div class=\"wp-block-column is-layout-flow wp-block-column-is-layout-flow\">\n<h2 class=\"wp-block-heading\">Bandeja de a\u00e7o inoxid\u00e1vel Carater\u00edsticas:<\/h2>\n\n\n\n<p><strong>A\u00e7o inoxid\u00e1vel de alta qualidade: <\/strong>material de a\u00e7o inoxid\u00e1vel de qualidade alimentar, para garantir a durabilidade do produto e a seguran\u00e7a e higiene<br><strong>Especifica\u00e7\u00f5es completas:<\/strong> oferecem uma variedade de tamanhos para satisfazer diferentes pratos e necessidades de servi\u00e7o, flex\u00edveis para se adaptarem a uma variedade de ocasi\u00f5es<br><strong>Design amigo do ambiente:<\/strong> reutiliz\u00e1veis, reduzindo a utiliza\u00e7\u00e3o de loi\u00e7a descart\u00e1vel<br><strong>Processo de ondula\u00e7\u00e3o: <\/strong>Cantos lisos para evitar ferimentos nas m\u00e3os.<strong><br>Tratamento de polimento de espelhos: <\/strong>a superf\u00edcie \u00e9 t\u00e3o brilhante como um espelho, f\u00e1cil de limpar, mant\u00e9m a higiene, adequada para um ambiente de restaura\u00e7\u00e3o de alta intensidade<\/p>\n\n\n\n<h2 class=\"wp-block-heading\">Tamanho do tabuleiro em a\u00e7o inoxid\u00e1vel:<\/h2>\n\n\n\n<figure class=\"wp-block-table\"><table class=\"has-fixed-layout\"><tbody><tr><td>Modelo<\/td><td>Profundidade<\/td><td>Comprimento * Largura (cm)<\/td><td>MOQ<\/td><\/tr><tr><td rowspan=\"7\">DY008-FP<\/td><td rowspan=\"7\">2cm<br>4,8 cm<\/td><td>27\u00d720<\/td><td rowspan=\"7\">400 UNIDADES<\/td><\/tr><tr><td>32\u00d722<\/td><\/tr><tr><td>36\u00d727<\/td><\/tr><tr><td>40\u00d730<\/td><\/tr><tr><td>45\u00d735<\/td><\/tr><tr><td>50\u00d735<\/td><\/tr><tr><td>60\u00d740<\/td><\/tr><\/tbody><\/table><\/figure>\n<\/div>\n\n\n\n<div class=\"wp-block-column is-layout-flow wp-block-column-is-layout-flow\">\n<figure class=\"wp-block-image size-large\"><img decoding=\"async\" width=\"800\" height=\"800\" src=\"https:\/\/www.yongyukitchenware.com\/wp-content\/uploads\/2024\/10\/custom-stainless-steel-tray-7.webp\" alt=\"tabuleiro personalizado em a\u00e7o inoxid\u00e1vel (7)\" class=\"wp-image-1627\" srcset=\"https:\/\/www.yongyukitchenware.com\/wp-content\/uploads\/2024\/10\/custom-stainless-steel-tray-7.webp 800w, https:\/\/www.yongyukitchenware.com\/wp-content\/uploads\/2024\/10\/custom-stainless-steel-tray-7-300x300.webp 300w, https:\/\/www.yongyukitchenware.com\/wp-content\/uploads\/2024\/10\/custom-stainless-steel-tray-7-150x150.webp 150w, https:\/\/www.yongyukitchenware.com\/wp-content\/uploads\/2024\/10\/custom-stainless-steel-tray-7-768x768.webp 768w, https:\/\/www.yongyukitchenware.com\/wp-content\/uploads\/2024\/10\/custom-stainless-steel-tray-7-12x12.webp 12w, https:\/\/www.yongyukitchenware.com\/wp-content\/uploads\/2024\/10\/custom-stainless-steel-tray-7-600x600.webp 600w, https:\/\/www.yongyukitchenware.com\/wp-content\/uploads\/2024\/10\/custom-stainless-steel-tray-7-100x100.webp 100w\" sizes=\"(max-width: 800px) 100vw, 800px\" \/><\/figure>\n<\/div>\n<\/div>","protected":false},"excerpt":{"rendered":"<div class=\"n4sEPd\">\n<div class=\"UdTY9 qhIQqf leDWne\" aria-hidden=\"true\" data-location=\"1\">Escolha as bandejas de a\u00e7o inoxid\u00e1vel personalizadas da Yongyu para fornecer uma variedade de tamanhos para escolher. Suportam log\u00f3tipos e embalagens personalizados, perfeitamente adequados para ambientes profissionais e satisfazem as necessidades de diferentes servi\u00e7os alimentares.<\/div>\n<\/div>\n<h2 style=\"text-align: left\">Bandeja de a\u00e7o inoxid\u00e1vel Par\u00e2metro:<\/h2>\n<p style=\"text-align: left\"><strong>Material:<\/strong> a\u00e7o inoxid\u00e1vel<br \/><strong>Profundidade: <\/strong>2cm,4,8cm<br \/><strong>Forma:<\/strong> Retangular<br \/><strong>Tamanhos diferentes:<\/strong> 7 tamanhos dispon\u00edveis para sele\u00e7\u00e3o<br \/><strong>Embalagem:<\/strong> Saco OPP e caixa de cart\u00e3o<br \/><strong>OEM\/ODM:<\/strong> Dispon\u00edvel<\/p>\n<h2 class=\"wp-block-heading\">De Yongyu Tableware Wholesaler:<\/h2>\n<p>A Yongyu Tableware Wholesaler pode satisfazer as necessidades dos clientes a granel e fornecer uma s\u00e9rie de fornecimentos de catering de alta qualidade por atacado que combina eleg\u00e2ncia e durabilidade. Incluindo utens\u00edlios de mesa, utens\u00edlios de bebida, equipamento de restaura\u00e7\u00e3o, utens\u00edlios de cozinha, artigos essenciais de cozinha de acampamento, etc.<\/p>","protected":false},"featured_media":1624,"comment_status":"closed","ping_status":"closed","template":"","meta":{"_acf_changed":false},"application":[30],"product_brand":[],"product_cat":[21],"product_tag":[],"class_list":{"0":"post-1619","1":"product","2":"type-product","3":"status-publish","4":"has-post-thumbnail","6":"application-hotel-catering","7":"product_cat-tableware-wholesale","9":"first","10":"instock","11":"shipping-taxable","12":"product-type-simple"},"acf":[],"_links":{"self":[{"href":"https:\/\/www.yongyukitchenware.com\/pt\/wp-json\/wp\/v2\/product\/1619","targetHints":{"allow":["GET"]}}],"collection":[{"href":"https:\/\/www.yongyukitchenware.com\/pt\/wp-json\/wp\/v2\/product"}],"about":[{"href":"https:\/\/www.yongyukitchenware.com\/pt\/wp-json\/wp\/v2\/types\/product"}],"replies":[{"embeddable":true,"href":"https:\/\/www.yongyukitchenware.com\/pt\/wp-json\/wp\/v2\/comments?post=1619"}],"wp:featuredmedia":[{"embeddable":true,"href":"https:\/\/www.yongyukitchenware.com\/pt\/wp-json\/wp\/v2\/media\/1624"}],"wp:attachment":[{"href":"https:\/\/www.yongyukitchenware.com\/pt\/wp-json\/wp\/v2\/media?parent=1619"}],"wp:term":[{"taxonomy":"application","embeddable":true,"href":"https:\/\/www.yongyukitchenware.com\/pt\/wp-json\/wp\/v2\/application?post=1619"},{"taxonomy":"product_brand","embeddable":true,"href":"https:\/\/www.yongyukitchenware.com\/pt\/wp-json\/wp\/v2\/product_brand?post=1619"},{"taxonomy":"product_cat","embeddable":true,"href":"https:\/\/www.yongyukitchenware.com\/pt\/wp-json\/wp\/v2\/product_cat?post=1619"},{"taxonomy":"product_tag","embeddable":true,"href":"https:\/\/www.yongyukitchenware.com\/pt\/wp-json\/wp\/v2\/product_tag?post=1619"}],"curies":[{"name":"wp","href":"https:\/\/api.w.org\/{rel}","templated":true}]}}