{"id":1654,"date":"2024-10-30T07:48:43","date_gmt":"2024-10-30T07:48:43","guid":{"rendered":"https:\/\/www.yongyukitchenware.com\/?post_type=product&#038;p=1654"},"modified":"2025-06-26T06:43:15","modified_gmt":"2025-06-26T06:43:15","slug":"wholesale-stainless-steel-kettle","status":"publish","type":"product","link":"https:\/\/www.yongyukitchenware.com\/pt\/produto\/wholesale-stainless-steel-kettle\/","title":{"rendered":"Chaleira de a\u00e7o inoxid\u00e1vel por atacado com filtro para ch\u00e1 e caf\u00e9"},"content":{"rendered":"<div class=\"wp-block-columns is-layout-flex wp-container-core-columns-is-layout-9d6595d7 wp-block-columns-is-layout-flex\">\n<div class=\"wp-block-column is-layout-flow wp-block-column-is-layout-flow\">\n<h2 class=\"wp-block-heading\">Chaleira de a\u00e7o inoxid\u00e1vel Carater\u00edsticas:<\/h2>\n\n\n\n<p><strong>A\u00e7o inoxid\u00e1vel de alta qualidade:<\/strong> material de a\u00e7o inoxid\u00e1vel de qualidade alimentar, resistente ao calor e dur\u00e1vel, aspeto liso e brilhante<br><strong>Bocal de gancho de \u00e1guia:<\/strong> Verter suavemente, o bocal n\u00e3o pendura a \u00e1gua, n\u00e3o \u00e9 f\u00e1cil de pingar<br><strong>Pega redonda com isolamento t\u00e9rmico: <\/strong>Pega redonda e lisa, com isolamento t\u00e9rmico e resistente ao calor, n\u00e3o magoa as m\u00e3os, f\u00e1cil de pegar<br><strong>Design de fundo em anel:<\/strong> circula\u00e7\u00e3o de fundo anelar aquecimento r\u00e1pido, ebuli\u00e7\u00e3o r\u00e1pida, n\u00e3o \u00e9 necess\u00e1rio escolher o fog\u00e3o para utilizar<br><strong>Filtro incorporado: <\/strong>filtro amov\u00edvel em a\u00e7o inoxid\u00e1vel, adequado para preparar ch\u00e1 a granel ou caf\u00e9 mo\u00eddo, impede a entrada de impurezas na ch\u00e1vena<\/p>\n\n\n\n<h2 class=\"wp-block-heading\">Tamanho da chaleira em a\u00e7o inoxid\u00e1vel:<\/h2>\n\n\n\n<figure class=\"wp-block-table\"><table class=\"has-fixed-layout\"><tbody><tr><td>Modelo<\/td><td>Tamanho<\/td><td>Di\u00e2metro * Altura (cm)<\/td><td>MOQ<\/td><\/tr><tr><td rowspan=\"3\">DY020-SH<\/td><td>1.2L<\/td><td>13,5*10,5cm<\/td><td rowspan=\"3\">36 UNIDADES<\/td><\/tr><tr><td>1.5L<\/td><td>15,5*11cm<\/td><\/tr><tr><td>2.0L<\/td><td>18*12,5cm<\/td><\/tr><\/tbody><\/table><\/figure>\n<\/div>\n\n\n\n<div class=\"wp-block-column is-layout-flow wp-block-column-is-layout-flow\">\n<figure class=\"wp-block-image size-full\"><img decoding=\"async\" width=\"800\" height=\"800\" src=\"https:\/\/www.yongyukitchenware.com\/wp-content\/uploads\/2024\/10\/wholesale-stainless-steel-kettle-2.webp\" alt=\"chaleira de a\u00e7o inoxid\u00e1vel por atacado (2)\" class=\"wp-image-1656\" srcset=\"https:\/\/www.yongyukitchenware.com\/wp-content\/uploads\/2024\/10\/wholesale-stainless-steel-kettle-2.webp 800w, https:\/\/www.yongyukitchenware.com\/wp-content\/uploads\/2024\/10\/wholesale-stainless-steel-kettle-2-300x300.webp 300w, https:\/\/www.yongyukitchenware.com\/wp-content\/uploads\/2024\/10\/wholesale-stainless-steel-kettle-2-150x150.webp 150w, https:\/\/www.yongyukitchenware.com\/wp-content\/uploads\/2024\/10\/wholesale-stainless-steel-kettle-2-768x768.webp 768w, https:\/\/www.yongyukitchenware.com\/wp-content\/uploads\/2024\/10\/wholesale-stainless-steel-kettle-2-12x12.webp 12w, https:\/\/www.yongyukitchenware.com\/wp-content\/uploads\/2024\/10\/wholesale-stainless-steel-kettle-2-600x600.webp 600w, https:\/\/www.yongyukitchenware.com\/wp-content\/uploads\/2024\/10\/wholesale-stainless-steel-kettle-2-100x100.webp 100w\" sizes=\"(max-width: 800px) 100vw, 800px\" \/><\/figure>\n<\/div>\n<\/div>\n\n\n\n<p><\/p>","protected":false},"excerpt":{"rendered":"<p>Escolha uma chaleira de a\u00e7o inoxid\u00e1vel de qualidade da Yongyu para melhorar a sua experi\u00eancia de fazer ch\u00e1 e caf\u00e9. Com um design sofisticado e duradouro, esta chaleira tem um filtro fino incorporado que garante sempre um derrame suave e sem borras, tornando-a ideal para beber todos os dias.<\/p>\n<h2 style=\"text-align: left\">Par\u00e2metro da chaleira de a\u00e7o inoxid\u00e1vel<\/h2>\n<p style=\"text-align: left\"><strong>Material:<\/strong> A\u00e7o inoxid\u00e1vel<br \/><strong>Tamanhos diferentes:<\/strong> 1.2L, 1.5L e 2.0L<br \/><strong>Conce\u00e7\u00e3o:<\/strong> orif\u00edcio de filtragem interno, bocal em forma de gancho de \u00e1guia, pega isolada e design de fundo anelar, e filtro amov\u00edvel<br \/><strong>Embalagem:<\/strong> Saco Opp e caixa de cart\u00e3o<br \/><strong>OEM\/ODM:<\/strong> Dispon\u00edvel<\/p>\n<h2 class=\"wp-block-heading\">De Yongyu Drinkware Fabricante :<\/h2>\n<p>O fabricante de material de catering Yongyu tem uma vasta gama de s\u00e9ries de bebidas por atacado e personalizadas, concentrando-se na durabilidade do produto, desempenho de isolamento t\u00e9rmico e fornecendo solu\u00e7\u00f5es de aquisi\u00e7\u00e3o econ\u00f3micas e de alta qualidade para clientes globais.<\/p>","protected":false},"featured_media":1655,"comment_status":"closed","ping_status":"closed","template":"","meta":{"_acf_changed":true},"application":[30],"product_brand":[],"product_cat":[20,49],"product_tag":[],"class_list":{"0":"post-1654","1":"product","2":"type-product","3":"status-publish","4":"has-post-thumbnail","6":"application-hotel-catering","7":"product_cat-wholesale-drinkware","8":"product_cat-stainless-steel-kettle-wholesale","10":"first","11":"instock","12":"shipping-taxable","13":"product-type-simple"},"acf":[],"_links":{"self":[{"href":"https:\/\/www.yongyukitchenware.com\/pt\/wp-json\/wp\/v2\/product\/1654","targetHints":{"allow":["GET"]}}],"collection":[{"href":"https:\/\/www.yongyukitchenware.com\/pt\/wp-json\/wp\/v2\/product"}],"about":[{"href":"https:\/\/www.yongyukitchenware.com\/pt\/wp-json\/wp\/v2\/types\/product"}],"replies":[{"embeddable":true,"href":"https:\/\/www.yongyukitchenware.com\/pt\/wp-json\/wp\/v2\/comments?post=1654"}],"wp:featuredmedia":[{"embeddable":true,"href":"https:\/\/www.yongyukitchenware.com\/pt\/wp-json\/wp\/v2\/media\/1655"}],"wp:attachment":[{"href":"https:\/\/www.yongyukitchenware.com\/pt\/wp-json\/wp\/v2\/media?parent=1654"}],"wp:term":[{"taxonomy":"application","embeddable":true,"href":"https:\/\/www.yongyukitchenware.com\/pt\/wp-json\/wp\/v2\/application?post=1654"},{"taxonomy":"product_brand","embeddable":true,"href":"https:\/\/www.yongyukitchenware.com\/pt\/wp-json\/wp\/v2\/product_brand?post=1654"},{"taxonomy":"product_cat","embeddable":true,"href":"https:\/\/www.yongyukitchenware.com\/pt\/wp-json\/wp\/v2\/product_cat?post=1654"},{"taxonomy":"product_tag","embeddable":true,"href":"https:\/\/www.yongyukitchenware.com\/pt\/wp-json\/wp\/v2\/product_tag?post=1654"}],"curies":[{"name":"wp","href":"https:\/\/api.w.org\/{rel}","templated":true}]}}