{"id":1676,"date":"2024-10-30T10:35:25","date_gmt":"2024-10-30T10:35:25","guid":{"rendered":"https:\/\/www.yongyukitchenware.com\/?post_type=product&#038;p=1676"},"modified":"2025-04-27T01:44:34","modified_gmt":"2025-04-27T01:44:34","slug":"wholesale-stainless-steel-teapot","status":"publish","type":"product","link":"https:\/\/www.yongyukitchenware.com\/pt\/produto\/wholesale-stainless-steel-teapot\/","title":{"rendered":"Bule de ch\u00e1 de a\u00e7o inoxid\u00e1vel por atacado Chaleira de ch\u00e1 martelada em ouro e prata"},"content":{"rendered":"<div class=\"wp-block-columns is-layout-flex wp-container-core-columns-is-layout-9d6595d7 wp-block-columns-is-layout-flex\">\n<div class=\"wp-block-column is-layout-flow wp-block-column-is-layout-flow\">\n<h2 class=\"wp-block-heading\">Bule de ch\u00e1 em a\u00e7o inoxid\u00e1vel Carater\u00edsticas:<\/h2>\n\n\n\n<p><strong>A\u00e7o inoxid\u00e1vel de qualidade alimentar: <\/strong>Fabricado em a\u00e7o inoxid\u00e1vel de alta qualidade para maior durabilidade e resist\u00eancia \u00e0 corros\u00e3o, prolongando a vida \u00fatil.<br><strong>Processo de padr\u00e3o de martelo:<\/strong> O aspeto \u00fanico do padr\u00e3o de martelo, o estilo distinto e os pormenores de luxo discretos mostram<br><strong>Filtro poroso correspondente:<\/strong> O filtro foi concebido de forma independente para separar as folhas de ch\u00e1, o que \u00e9 mais conveniente para beber<br><strong>Confort\u00e1vel e f\u00e1cil de utilizar: <\/strong>design ergon\u00f3mico da pega, pega redonda isolada para uma ader\u00eancia confort\u00e1vel; design preciso do bocal em forma de gancho de \u00e1guia, suave e n\u00e3o f\u00e1cil de derramar ao despejar.<br><strong>Design de fundo plano:<\/strong> condu\u00e7\u00e3o de calor r\u00e1pida e uniforme, sem necessidade de escolher o fog\u00e3o a utilizar<br><strong>Variedade de capacidades: <\/strong>Fornecer diferentes op\u00e7\u00f5es de capacidade para satisfazer as necessidades de pessoas individuais ou m\u00faltiplas que bebem ch\u00e1.<\/p>\n<\/div>\n\n\n\n<div class=\"wp-block-column is-layout-flow wp-block-column-is-layout-flow\">\n<div class=\"wp-block-columns is-layout-flex wp-container-core-columns-is-layout-9d6595d7 wp-block-columns-is-layout-flex\">\n<div class=\"wp-block-column is-layout-flow wp-block-column-is-layout-flow\">\n<figure class=\"wp-block-image size-full\"><img decoding=\"async\" width=\"800\" height=\"800\" src=\"https:\/\/www.yongyukitchenware.com\/wp-content\/uploads\/2024\/10\/wholesale-stainless-steel-teapot-3.webp\" alt=\"bule de a\u00e7o inoxid\u00e1vel por atacado (3)\" class=\"wp-image-1686\" srcset=\"https:\/\/www.yongyukitchenware.com\/wp-content\/uploads\/2024\/10\/wholesale-stainless-steel-teapot-3.webp 800w, https:\/\/www.yongyukitchenware.com\/wp-content\/uploads\/2024\/10\/wholesale-stainless-steel-teapot-3-300x300.webp 300w, https:\/\/www.yongyukitchenware.com\/wp-content\/uploads\/2024\/10\/wholesale-stainless-steel-teapot-3-150x150.webp 150w, https:\/\/www.yongyukitchenware.com\/wp-content\/uploads\/2024\/10\/wholesale-stainless-steel-teapot-3-768x768.webp 768w, https:\/\/www.yongyukitchenware.com\/wp-content\/uploads\/2024\/10\/wholesale-stainless-steel-teapot-3-12x12.webp 12w, https:\/\/www.yongyukitchenware.com\/wp-content\/uploads\/2024\/10\/wholesale-stainless-steel-teapot-3-600x600.webp 600w, https:\/\/www.yongyukitchenware.com\/wp-content\/uploads\/2024\/10\/wholesale-stainless-steel-teapot-3-100x100.webp 100w\" sizes=\"(max-width: 800px) 100vw, 800px\" \/><\/figure>\n<\/div>\n<\/div>\n<\/div>\n<\/div>\n\n\n\n<p><\/p>","protected":false},"excerpt":{"rendered":"<p>Bules de a\u00e7o inoxid\u00e1vel personalizados e por atacado, design de bola martelada, \u00fanico e moderno, tornando-o um destaque em qualquer cozinha ou conjunto de ch\u00e1. Equipado com um filtro, a capacidade do bule pode ser personalizada, por favor contacte-nos para mais servi\u00e7os personalizados.<\/p>\n<h2 style=\"text-align: left;\">Bule de ch\u00e1 em a\u00e7o inoxid\u00e1vel Par\u00e2metro<\/h2>\n<p style=\"text-align: left;\"><strong>Material:<\/strong> a\u00e7o inoxid\u00e1vel<br \/><strong>Cor:<\/strong> ouro, prata<br \/><strong>Forma:<\/strong> Padr\u00e3o esf\u00e9rico do martelo<br \/><strong>Tamanhos diferentes:<\/strong> 1.2L, 1.5L e 2.0L<br \/><strong>Embalagem:<\/strong> Saco Opp e caixa de cart\u00e3o<br \/><strong>OEM\/ODM:<\/strong> Dispon\u00edvel<\/p>\n<h2 class=\"wp-block-heading\">De Yongyu Drinkware Fabricante :<\/h2>\n<p>O fabricante de copos Yongyu vende por atacado e personaliza v\u00e1rios tipos de copos, concentrando-se na durabilidade e no desempenho de preserva\u00e7\u00e3o do calor dos produtos, fornecendo solu\u00e7\u00f5es de aquisi\u00e7\u00e3o econ\u00f3micas e de alta qualidade para clientes globais.<\/p>","protected":false},"featured_media":1684,"comment_status":"closed","ping_status":"closed","template":"","meta":{"_acf_changed":true},"application":[30],"product_brand":[],"product_cat":[20,49],"product_tag":[],"class_list":{"0":"post-1676","1":"product","2":"type-product","3":"status-publish","4":"has-post-thumbnail","6":"application-hotel-catering","7":"product_cat-wholesale-drinkware","8":"product_cat-stainless-steel-kettle-wholesale","10":"first","11":"instock","12":"shipping-taxable","13":"product-type-simple"},"acf":[],"_links":{"self":[{"href":"https:\/\/www.yongyukitchenware.com\/pt\/wp-json\/wp\/v2\/product\/1676","targetHints":{"allow":["GET"]}}],"collection":[{"href":"https:\/\/www.yongyukitchenware.com\/pt\/wp-json\/wp\/v2\/product"}],"about":[{"href":"https:\/\/www.yongyukitchenware.com\/pt\/wp-json\/wp\/v2\/types\/product"}],"replies":[{"embeddable":true,"href":"https:\/\/www.yongyukitchenware.com\/pt\/wp-json\/wp\/v2\/comments?post=1676"}],"wp:featuredmedia":[{"embeddable":true,"href":"https:\/\/www.yongyukitchenware.com\/pt\/wp-json\/wp\/v2\/media\/1684"}],"wp:attachment":[{"href":"https:\/\/www.yongyukitchenware.com\/pt\/wp-json\/wp\/v2\/media?parent=1676"}],"wp:term":[{"taxonomy":"application","embeddable":true,"href":"https:\/\/www.yongyukitchenware.com\/pt\/wp-json\/wp\/v2\/application?post=1676"},{"taxonomy":"product_brand","embeddable":true,"href":"https:\/\/www.yongyukitchenware.com\/pt\/wp-json\/wp\/v2\/product_brand?post=1676"},{"taxonomy":"product_cat","embeddable":true,"href":"https:\/\/www.yongyukitchenware.com\/pt\/wp-json\/wp\/v2\/product_cat?post=1676"},{"taxonomy":"product_tag","embeddable":true,"href":"https:\/\/www.yongyukitchenware.com\/pt\/wp-json\/wp\/v2\/product_tag?post=1676"}],"curies":[{"name":"wp","href":"https:\/\/api.w.org\/{rel}","templated":true}]}}