{"id":1683,"date":"2024-10-12T09:18:30","date_gmt":"2024-10-12T09:18:30","guid":{"rendered":"https:\/\/www.yongyukitchenware.com\/?post_type=product&#038;p=1683"},"modified":"2025-06-26T05:57:18","modified_gmt":"2025-06-26T05:57:18","slug":"electric-buffet-food-warmer-bulk","status":"publish","type":"product","link":"https:\/\/www.yongyukitchenware.com\/pt\/produto\/electric-buffet-food-warmer-bulk\/","title":{"rendered":"Aquecedor el\u00e9trico de alimentos para buffets a granel em a\u00e7o inoxid\u00e1vel com tampa de vidro"},"content":{"rendered":"<div class=\"wp-block-columns is-layout-flex wp-container-core-columns-is-layout-9d6595d7 wp-block-columns-is-layout-flex\">\n<div class=\"wp-block-column is-layout-flow wp-block-column-is-layout-flow\">\n<h2 class=\"wp-block-heading\">Aquecedor de alimentos para buffet el\u00e9trico Par\u00e2metro<\/h2>\n\n\n\n<figure class=\"wp-block-table\"><table class=\"has-fixed-layout\"><tbody><tr><td>Modelo<\/td><td>Forma<\/td><td>Comprimento * Largura * Altura (cm)<\/td><td>Peso (kg)<\/td><td>MOQ<\/td><\/tr><tr><td rowspan=\"2\">DY012-CL<\/td><td>Retangular<\/td><td>57*37*22<\/td><td>10.3<\/td><td rowspan=\"2\">2 PE\u00c7AS<\/td><\/tr><tr><td>quadrado<\/td><td>40*40*20<\/td><td>8.5<\/td><\/tr><\/tbody><\/table><\/figure>\n<\/div>\n\n\n\n<div class=\"wp-block-column is-layout-flow wp-block-column-is-layout-flow\">\n<h2 class=\"wp-block-heading\">Aquecedor el\u00e9trico de alimentos para buffets Carater\u00edsticas:<\/h2>\n\n\n\n<p><strong>Design visual da tampa de vidro:<\/strong> O design da tampa de vidro visual permite aos utilizadores ver a qualquer momento se os alimentos est\u00e3o bem cozinhados ou aquecidos sem abrir a tampa. Isto permite uma perda m\u00ednima de calor e mant\u00e9m a frescura e o calor dos pratos.<\/p>\n\n\n\n<p><strong>Sistema de aquecimento el\u00e9trico eficiente: <\/strong>O sistema de aquecimento el\u00e9trico incorporado neste aquecedor el\u00e9trico de alimentos para buffets proporciona um calor uniforme e duradouro aos alimentos para os manter quentes durante o servi\u00e7o, adequado para uma utiliza\u00e7\u00e3o a longo prazo.<\/p>\n\n\n\n<p><strong>Material duradouro em a\u00e7o inoxid\u00e1vel: <\/strong>Estrutura de alta qualidade feita de a\u00e7o inoxid\u00e1vel com peso, durabilidade e resist\u00eancia \u00e0 corros\u00e3o; esta s\u00e9rie de produtos \u00e9 f\u00e1cil de limpar e capaz de suportar uma utiliza\u00e7\u00e3o de alta intensidade durante um longo per\u00edodo.<\/p>\n\n\n\n<p><strong>Cen\u00e1rios de aplica\u00e7\u00e3o polivalentes: <\/strong>Os buffets de hotel, os banquetes de casamento e as reuni\u00f5es de empresas podem ser atribu\u00eddos a este produto para melhorar o efeito de exposi\u00e7\u00e3o dos alimentos e melhorar a qualidade do servi\u00e7o.<\/p>\n\n\n\n<p><strong>Recipiente de capacidade extra grande: <\/strong>o tamanho adicional deste aquecedor el\u00e9trico de alimentos para buffets pode conter uma enorme quantidade de alimentos, o que \u00e9 adequado para grandes banquetes ou servi\u00e7os de buffet, reduzindo a frequ\u00eancia de reabastecimento frequente e melhorando o efeito do servi\u00e7o.<\/p>\n<\/div>\n<\/div>\n\n\n\n<div class=\"wp-block-columns is-layout-flex wp-container-core-columns-is-layout-9d6595d7 wp-block-columns-is-layout-flex\">\n<div class=\"wp-block-column is-layout-flow wp-block-column-is-layout-flow\">\n<figure class=\"wp-block-image size-full\"><img decoding=\"async\" width=\"800\" height=\"800\" src=\"https:\/\/www.yongyukitchenware.com\/wp-content\/uploads\/2024\/10\/Wholesale-Electric-Buffet-Food-Warmer-2.webp\" alt=\"Aquecedor de alimentos para buffets el\u00e9trico por atacado 2\" class=\"wp-image-1694\" srcset=\"https:\/\/www.yongyukitchenware.com\/wp-content\/uploads\/2024\/10\/Wholesale-Electric-Buffet-Food-Warmer-2.webp 800w, https:\/\/www.yongyukitchenware.com\/wp-content\/uploads\/2024\/10\/Wholesale-Electric-Buffet-Food-Warmer-2-300x300.webp 300w, https:\/\/www.yongyukitchenware.com\/wp-content\/uploads\/2024\/10\/Wholesale-Electric-Buffet-Food-Warmer-2-150x150.webp 150w, https:\/\/www.yongyukitchenware.com\/wp-content\/uploads\/2024\/10\/Wholesale-Electric-Buffet-Food-Warmer-2-768x768.webp 768w, https:\/\/www.yongyukitchenware.com\/wp-content\/uploads\/2024\/10\/Wholesale-Electric-Buffet-Food-Warmer-2-12x12.webp 12w, https:\/\/www.yongyukitchenware.com\/wp-content\/uploads\/2024\/10\/Wholesale-Electric-Buffet-Food-Warmer-2-600x600.webp 600w, https:\/\/www.yongyukitchenware.com\/wp-content\/uploads\/2024\/10\/Wholesale-Electric-Buffet-Food-Warmer-2-100x100.webp 100w\" sizes=\"(max-width: 800px) 100vw, 800px\" \/><\/figure>\n<\/div>\n\n\n\n<div class=\"wp-block-column is-layout-flow wp-block-column-is-layout-flow\">\n<figure class=\"wp-block-image size-full\"><img decoding=\"async\" width=\"800\" height=\"800\" src=\"https:\/\/www.yongyukitchenware.com\/wp-content\/uploads\/2024\/10\/Wholesale-Electric-Buffet-Food-Warmer-4.webp\" alt=\"Aquecedor de alimentos para buffets el\u00e9trico por atacado 4\" class=\"wp-image-1696\" srcset=\"https:\/\/www.yongyukitchenware.com\/wp-content\/uploads\/2024\/10\/Wholesale-Electric-Buffet-Food-Warmer-4.webp 800w, https:\/\/www.yongyukitchenware.com\/wp-content\/uploads\/2024\/10\/Wholesale-Electric-Buffet-Food-Warmer-4-300x300.webp 300w, https:\/\/www.yongyukitchenware.com\/wp-content\/uploads\/2024\/10\/Wholesale-Electric-Buffet-Food-Warmer-4-150x150.webp 150w, https:\/\/www.yongyukitchenware.com\/wp-content\/uploads\/2024\/10\/Wholesale-Electric-Buffet-Food-Warmer-4-768x768.webp 768w, https:\/\/www.yongyukitchenware.com\/wp-content\/uploads\/2024\/10\/Wholesale-Electric-Buffet-Food-Warmer-4-12x12.webp 12w, https:\/\/www.yongyukitchenware.com\/wp-content\/uploads\/2024\/10\/Wholesale-Electric-Buffet-Food-Warmer-4-600x600.webp 600w, https:\/\/www.yongyukitchenware.com\/wp-content\/uploads\/2024\/10\/Wholesale-Electric-Buffet-Food-Warmer-4-100x100.webp 100w\" sizes=\"(max-width: 800px) 100vw, 800px\" \/><\/figure>\n<\/div>\n<\/div>\n\n\n\n<p><\/p>","protected":false},"excerpt":{"rendered":"<p>O nosso aquecedor el\u00e9trico de alimentos para buffets em a\u00e7o inoxid\u00e1vel, com uma tampa de vidro transparente, \u00e9 perfeito para servi\u00e7os de catering. A tampa de vidro permite um controlo f\u00e1cil dos alimentos, ao mesmo tempo que ret\u00e9m eficazmente o calor. Ideal para buffets, banquetes em hot\u00e9is, casamentos e grandes eventos.<\/p>\n<h2><!-- wp:heading --><\/h2>\n<h2 class=\"wp-block-heading\">Aquecedor de alimentos el\u00e9trico para buffet Atributos :<\/h2>\n<h2><!-- \/wp:heading --><\/p>\n<p><!-- wp:paragraph --><\/h2>\n<p><strong>Material: <\/strong>A\u00e7o inoxid\u00e1vel<br \/><strong>Cor: <\/strong>Prata, ouro, cor personalizada<br \/><strong>Forma: <\/strong>Ret\u00e2ngulo, Quadrado, Redondo<br \/><strong>Calor: <\/strong>Aquecimento el\u00e9trico<br \/><strong>Panela de chafer: <\/strong>Grelha simples\/dupla<br \/><strong>Embalagem: <\/strong>Saco Opp e caixa de cart\u00e3o<br \/><strong>OEM\/ODM: <\/strong>Dispon\u00edvel<\/p>\n<h2 class=\"wp-block-heading\">De Yongyu Chafing Dish Fabricante :<\/h2>\n<p>Quer se trate de um fornecedor de servi\u00e7os de catering, de um hotel e de um restaurante ou de uma empresa de planeamento de eventos, fornecemos solu\u00e7\u00f5es personalizadas completas de pratos de chafing por atacado para ajudar a sua empresa com pre\u00e7os de f\u00e1brica de alta qualidade!<\/p>\n<h2><!-- \/wp:paragraph --><\/h2>","protected":false},"featured_media":1698,"comment_status":"closed","ping_status":"closed","template":"","meta":{"_acf_changed":false},"application":[30],"product_brand":[],"product_cat":[33],"product_tag":[],"class_list":{"0":"post-1683","1":"product","2":"type-product","3":"status-publish","4":"has-post-thumbnail","6":"application-hotel-catering","7":"product_cat-chafing-dishes-wholesale","9":"first","10":"instock","11":"shipping-taxable","12":"product-type-simple"},"acf":[],"_links":{"self":[{"href":"https:\/\/www.yongyukitchenware.com\/pt\/wp-json\/wp\/v2\/product\/1683","targetHints":{"allow":["GET"]}}],"collection":[{"href":"https:\/\/www.yongyukitchenware.com\/pt\/wp-json\/wp\/v2\/product"}],"about":[{"href":"https:\/\/www.yongyukitchenware.com\/pt\/wp-json\/wp\/v2\/types\/product"}],"replies":[{"embeddable":true,"href":"https:\/\/www.yongyukitchenware.com\/pt\/wp-json\/wp\/v2\/comments?post=1683"}],"wp:featuredmedia":[{"embeddable":true,"href":"https:\/\/www.yongyukitchenware.com\/pt\/wp-json\/wp\/v2\/media\/1698"}],"wp:attachment":[{"href":"https:\/\/www.yongyukitchenware.com\/pt\/wp-json\/wp\/v2\/media?parent=1683"}],"wp:term":[{"taxonomy":"application","embeddable":true,"href":"https:\/\/www.yongyukitchenware.com\/pt\/wp-json\/wp\/v2\/application?post=1683"},{"taxonomy":"product_brand","embeddable":true,"href":"https:\/\/www.yongyukitchenware.com\/pt\/wp-json\/wp\/v2\/product_brand?post=1683"},{"taxonomy":"product_cat","embeddable":true,"href":"https:\/\/www.yongyukitchenware.com\/pt\/wp-json\/wp\/v2\/product_cat?post=1683"},{"taxonomy":"product_tag","embeddable":true,"href":"https:\/\/www.yongyukitchenware.com\/pt\/wp-json\/wp\/v2\/product_tag?post=1683"}],"curies":[{"name":"wp","href":"https:\/\/api.w.org\/{rel}","templated":true}]}}