{"id":1692,"date":"2024-10-30T08:38:21","date_gmt":"2024-10-30T08:38:21","guid":{"rendered":"https:\/\/www.yongyukitchenware.com\/?post_type=product&#038;p=1692"},"modified":"2025-06-26T06:49:16","modified_gmt":"2025-06-26T06:49:16","slug":"wholesale-stainless-steel-coffee-kettle","status":"publish","type":"product","link":"https:\/\/www.yongyukitchenware.com\/pt\/produto\/wholesale-stainless-steel-coffee-kettle\/","title":{"rendered":"Chaleira de caf\u00e9 de a\u00e7o inoxid\u00e1vel por atacado Atenas com filtro"},"content":{"rendered":"<div class=\"wp-block-columns is-layout-flex wp-container-core-columns-is-layout-9d6595d7 wp-block-columns-is-layout-flex\">\n<div class=\"wp-block-column is-layout-flow wp-block-column-is-layout-flow\">\n<h2 class=\"wp-block-heading\">Chaleira de caf\u00e9 em a\u00e7o inoxid\u00e1vel Carater\u00edsticas:<\/h2>\n\n\n\n<p><strong>A\u00e7o inoxid\u00e1vel de alta qualidade: <\/strong>O material de a\u00e7o inoxid\u00e1vel de qualidade alimentar \u00e9 resistente \u00e0 corros\u00e3o, resistente a altas temperaturas e n\u00e3o enferruja facilmente.<br><strong>Filtro poroso correspondente: <\/strong>o filtro foi concebido de forma independente para filtrar eficazmente as borras de ch\u00e1 ou de caf\u00e9, garantindo a pureza da bebida<br><strong>Design de tampa basculante: <\/strong>Prima a tampa para abrir, f\u00e1cil de abrir com uma s\u00f3 m\u00e3o, opera\u00e7\u00e3o c\u00f3moda<br><strong>Pega isolada: <\/strong>pega suave, isolamento t\u00e9rmico e anti-queimadura n\u00e3o magoam as m\u00e3os, f\u00e1cil de pegar<br><strong>Design pesco\u00e7o de ganso:<\/strong> controlo preciso do caudal de \u00e1gua, o que lhe permite ter um excelente controlo durante a prepara\u00e7\u00e3o, ideal para a prepara\u00e7\u00e3o manual de caf\u00e9 ou ch\u00e1<br><strong>Compatibilidade:<\/strong> A circula\u00e7\u00e3o de fundo anelar aquece e ferve rapidamente, sendo adequada para todos os tipos de fog\u00f5es, incluindo a g\u00e1s, el\u00e9ctricos e de indu\u00e7\u00e3o.<\/p>\n\n\n\n<h2 class=\"wp-block-heading\">Tamanhos de chaleira de caf\u00e9 de a\u00e7o inoxid\u00e1vel\uff1a<\/h2>\n\n\n\n<figure class=\"wp-block-table\"><table class=\"has-fixed-layout\"><tbody><tr><td>Modelo<\/td><td>Tamanho<\/td><td>Di\u00e2metro * Altura (cm)<\/td><td>MOQ<\/td><\/tr><tr><td rowspan=\"2\">DY023-SH<\/td><td>1.0L<\/td><td>12,5*10,5cm<\/td><td rowspan=\"2\">36 UNIDADES<\/td><\/tr><tr><td>1.5L<\/td><td>13,5*11,5cm<\/td><\/tr><\/tbody><\/table><\/figure>\n<\/div>\n\n\n\n<div class=\"wp-block-column is-layout-flow wp-block-column-is-layout-flow\">\n<figure class=\"wp-block-image size-full\"><img decoding=\"async\" width=\"800\" height=\"800\" src=\"https:\/\/www.yongyukitchenware.com\/wp-content\/uploads\/2024\/10\/wholesale-stovetop-kettle-2.webp\" alt=\"chaleira de fog\u00e3o por atacado (2)\" class=\"wp-image-1704\" srcset=\"https:\/\/www.yongyukitchenware.com\/wp-content\/uploads\/2024\/10\/wholesale-stovetop-kettle-2.webp 800w, https:\/\/www.yongyukitchenware.com\/wp-content\/uploads\/2024\/10\/wholesale-stovetop-kettle-2-300x300.webp 300w, https:\/\/www.yongyukitchenware.com\/wp-content\/uploads\/2024\/10\/wholesale-stovetop-kettle-2-150x150.webp 150w, https:\/\/www.yongyukitchenware.com\/wp-content\/uploads\/2024\/10\/wholesale-stovetop-kettle-2-768x768.webp 768w, https:\/\/www.yongyukitchenware.com\/wp-content\/uploads\/2024\/10\/wholesale-stovetop-kettle-2-12x12.webp 12w, https:\/\/www.yongyukitchenware.com\/wp-content\/uploads\/2024\/10\/wholesale-stovetop-kettle-2-600x600.webp 600w, https:\/\/www.yongyukitchenware.com\/wp-content\/uploads\/2024\/10\/wholesale-stovetop-kettle-2-100x100.webp 100w\" sizes=\"(max-width: 800px) 100vw, 800px\" \/><\/figure>\n<\/div>\n<\/div>\n\n\n\n<p><\/p>","protected":false},"excerpt":{"rendered":"<p>Bule de caf\u00e9 de a\u00e7o inoxid\u00e1vel por atacado, design requintado do bico de pesco\u00e7o de ganso, adequado para a prepara\u00e7\u00e3o de caf\u00e9 e ch\u00e1 que requer um controlo preciso do volume de \u00e1gua. F\u00e1cil de usar e limpar, ideal para cozinhas dom\u00e9sticas, caf\u00e9s ou escrit\u00f3rios.<\/p>\n<h2 style=\"text-align: left\">Par\u00e2metro da chaleira de caf\u00e9 em a\u00e7o inoxid\u00e1vel<\/h2>\n<p style=\"text-align: left\"><strong>Material:<\/strong> a\u00e7o inoxid\u00e1vel<br \/><strong>Cor:<\/strong> Prata<br \/><strong>Acess\u00f3rios:<\/strong> Filtro amov\u00edvel<br \/><strong>Tamanhos diferentes:<\/strong> 1.0L, 1.5L<br \/><strong>Embalagem:<\/strong> Saco OPP e caixa de cart\u00e3o<br \/><strong>OEM\/ODM:<\/strong> Dispon\u00edvel<\/p>\n<h2 class=\"wp-block-heading\">De Yongyu Drinkware Fabricante :<\/h2>\n<p>O fabricante de copos Yongyu vende por atacado e personaliza v\u00e1rios tipos de copos, concentrando-se na durabilidade e no desempenho de preserva\u00e7\u00e3o do calor dos produtos, fornecendo solu\u00e7\u00f5es de aquisi\u00e7\u00e3o econ\u00f3micas e de alta qualidade para clientes globais.<\/p>","protected":false},"featured_media":1703,"comment_status":"closed","ping_status":"closed","template":"","meta":{"_acf_changed":true},"application":[30],"product_brand":[],"product_cat":[20,49],"product_tag":[],"class_list":{"0":"post-1692","1":"product","2":"type-product","3":"status-publish","4":"has-post-thumbnail","6":"application-hotel-catering","7":"product_cat-wholesale-drinkware","8":"product_cat-stainless-steel-kettle-wholesale","10":"first","11":"instock","12":"shipping-taxable","13":"product-type-simple"},"acf":[],"_links":{"self":[{"href":"https:\/\/www.yongyukitchenware.com\/pt\/wp-json\/wp\/v2\/product\/1692","targetHints":{"allow":["GET"]}}],"collection":[{"href":"https:\/\/www.yongyukitchenware.com\/pt\/wp-json\/wp\/v2\/product"}],"about":[{"href":"https:\/\/www.yongyukitchenware.com\/pt\/wp-json\/wp\/v2\/types\/product"}],"replies":[{"embeddable":true,"href":"https:\/\/www.yongyukitchenware.com\/pt\/wp-json\/wp\/v2\/comments?post=1692"}],"wp:featuredmedia":[{"embeddable":true,"href":"https:\/\/www.yongyukitchenware.com\/pt\/wp-json\/wp\/v2\/media\/1703"}],"wp:attachment":[{"href":"https:\/\/www.yongyukitchenware.com\/pt\/wp-json\/wp\/v2\/media?parent=1692"}],"wp:term":[{"taxonomy":"application","embeddable":true,"href":"https:\/\/www.yongyukitchenware.com\/pt\/wp-json\/wp\/v2\/application?post=1692"},{"taxonomy":"product_brand","embeddable":true,"href":"https:\/\/www.yongyukitchenware.com\/pt\/wp-json\/wp\/v2\/product_brand?post=1692"},{"taxonomy":"product_cat","embeddable":true,"href":"https:\/\/www.yongyukitchenware.com\/pt\/wp-json\/wp\/v2\/product_cat?post=1692"},{"taxonomy":"product_tag","embeddable":true,"href":"https:\/\/www.yongyukitchenware.com\/pt\/wp-json\/wp\/v2\/product_tag?post=1692"}],"curies":[{"name":"wp","href":"https:\/\/api.w.org\/{rel}","templated":true}]}}