{"id":1715,"date":"2024-10-14T06:41:09","date_gmt":"2024-10-14T06:41:09","guid":{"rendered":"https:\/\/www.yongyukitchenware.com\/?post_type=product&#038;p=1715"},"modified":"2025-06-26T05:59:11","modified_gmt":"2025-06-26T05:59:11","slug":"electric-chafing-dish-buffet-set-wholesale","status":"publish","type":"product","link":"https:\/\/www.yongyukitchenware.com\/pt\/produto\/electric-chafing-dish-buffet-set-wholesale\/","title":{"rendered":"Conjunto de Buffet para Pratos El\u00e9ctricos a granel em a\u00e7o inoxid\u00e1vel 6L 9L"},"content":{"rendered":"<div class=\"wp-block-columns is-layout-flex wp-container-core-columns-is-layout-9d6595d7 wp-block-columns-is-layout-flex\">\n<div class=\"wp-block-column is-layout-flow wp-block-column-is-layout-flow\">\n<h2 class=\"wp-block-heading\">Conjunto de Buffet de Prato Chafing El\u00e9trico Par\u00e2metro:<\/h2>\n\n\n\n<figure class=\"wp-block-table\"><table class=\"has-fixed-layout\"><tbody><tr><td>Modelo<\/td><td>Forma<\/td><td>Comprimento * Largura * Altura (cm)<\/td><td>Peso (kg)<\/td><td>MOQ<\/td><\/tr><tr><td rowspan=\"3\">DY014-CL<\/td><td>Retangular<\/td><td>57*37*24<\/td><td>10<\/td><td rowspan=\"3\">2 PE\u00c7AS<\/td><\/tr><tr><td>quadrado<\/td><td>40*40*24<\/td><td>7.8<\/td><\/tr><tr><td>rodada<\/td><td>47*44*24<\/td><td>8.2<\/td><\/tr><\/tbody><\/table><\/figure>\n<\/div>\n\n\n\n<div class=\"wp-block-column is-layout-flow wp-block-column-is-layout-flow\"><div class=\"wp-block-image\">\n<figure class=\"aligncenter size-full is-resized\"><img decoding=\"async\" width=\"750\" height=\"921\" src=\"https:\/\/www.yongyukitchenware.com\/wp-content\/uploads\/2024\/10\/Electric-Chafing-Dish-Buffet-Set-1.jpg\" alt=\"Conjunto de buffet de pratos el\u00e9ctricos\" class=\"wp-image-2924\" style=\"width:358px;height:auto\" srcset=\"https:\/\/www.yongyukitchenware.com\/wp-content\/uploads\/2024\/10\/Electric-Chafing-Dish-Buffet-Set-1.jpg 750w, https:\/\/www.yongyukitchenware.com\/wp-content\/uploads\/2024\/10\/Electric-Chafing-Dish-Buffet-Set-1-244x300.jpg 244w, https:\/\/www.yongyukitchenware.com\/wp-content\/uploads\/2024\/10\/Electric-Chafing-Dish-Buffet-Set-1-10x12.jpg 10w, https:\/\/www.yongyukitchenware.com\/wp-content\/uploads\/2024\/10\/Electric-Chafing-Dish-Buffet-Set-1-600x737.jpg 600w\" sizes=\"(max-width: 750px) 100vw, 750px\" \/><\/figure>\n<\/div><\/div>\n<\/div>\n\n\n\n<div class=\"wp-block-columns is-layout-flex wp-container-core-columns-is-layout-9d6595d7 wp-block-columns-is-layout-flex\">\n<div class=\"wp-block-column is-layout-flow wp-block-column-is-layout-flow\">\n<figure class=\"wp-block-image size-full\"><img decoding=\"async\" width=\"800\" height=\"800\" src=\"https:\/\/www.yongyukitchenware.com\/wp-content\/uploads\/2024\/10\/Bulk-Electric-Chafing-Dish-Buffet-Set-2.webp\" alt=\"Conjunto de pratos quentes el\u00e9ctricos para buffet 2\" class=\"wp-image-1717\" srcset=\"https:\/\/www.yongyukitchenware.com\/wp-content\/uploads\/2024\/10\/Bulk-Electric-Chafing-Dish-Buffet-Set-2.webp 800w, https:\/\/www.yongyukitchenware.com\/wp-content\/uploads\/2024\/10\/Bulk-Electric-Chafing-Dish-Buffet-Set-2-300x300.webp 300w, https:\/\/www.yongyukitchenware.com\/wp-content\/uploads\/2024\/10\/Bulk-Electric-Chafing-Dish-Buffet-Set-2-150x150.webp 150w, https:\/\/www.yongyukitchenware.com\/wp-content\/uploads\/2024\/10\/Bulk-Electric-Chafing-Dish-Buffet-Set-2-768x768.webp 768w, https:\/\/www.yongyukitchenware.com\/wp-content\/uploads\/2024\/10\/Bulk-Electric-Chafing-Dish-Buffet-Set-2-12x12.webp 12w, https:\/\/www.yongyukitchenware.com\/wp-content\/uploads\/2024\/10\/Bulk-Electric-Chafing-Dish-Buffet-Set-2-600x600.webp 600w, https:\/\/www.yongyukitchenware.com\/wp-content\/uploads\/2024\/10\/Bulk-Electric-Chafing-Dish-Buffet-Set-2-100x100.webp 100w\" sizes=\"(max-width: 800px) 100vw, 800px\" \/><\/figure>\n<\/div>\n\n\n\n<div class=\"wp-block-column is-layout-flow wp-block-column-is-layout-flow\">\n<h2 class=\"wp-block-heading\">Conjunto de buffet de pratos el\u00e9ctricos Chafing Set Carater\u00edsticas:<\/h2>\n\n\n\n<p><strong>P\u00e9 tubular robusto:<\/strong> O suporte tubular pesado adiciona peso extra para maior estabilidade e durabilidade, assegurando que o dispositivo se mant\u00e9m est\u00e1vel em ambientes movimentados.<\/p>\n\n\n\n<p><strong>Sistema de aquecimento el\u00e9trico eficiente: <\/strong>Com a fun\u00e7\u00e3o de aquecimento el\u00e9trico no interior, aquece rapidamente e mant\u00e9m uma temperatura constante para garantir que os alimentos permanecem \u00e0 temperatura ideal durante um per\u00edodo bastante longo.<\/p>\n\n\n\n<p><strong>Material de a\u00e7o inoxid\u00e1vel de alta qualidade: <\/strong>Fabricado em a\u00e7o inoxid\u00e1vel de alta qualidade, \u00e9 resistente \u00e0 corros\u00e3o, duradouro e f\u00e1cil de limpar. \u00c9 adequado para uma utiliza\u00e7\u00e3o de alta intensidade na restaura\u00e7\u00e3o.<\/p>\n\n\n\n<p><strong>Contentor de grande capacidade: <\/strong>Foi concebido com grande capacidade e satisfaz as necessidades de diferentes eventos de grande escala. Al\u00e9m disso, pode reduzir os problemas de reabastecimento frequente de alimentos e melhorar a efici\u00eancia do servi\u00e7o.<\/p>\n\n\n\n<p><strong>Conce\u00e7\u00e3o do m\u00f3dulo: <\/strong>O conjunto inclui muitos pratos que permitem guardar v\u00e1rios pratos em simult\u00e2neo, o que facilita a classifica\u00e7\u00e3o e serve as necessidades de diferentes ocasi\u00f5es.<\/p>\n<\/div>\n<\/div>\n\n\n\n<div class=\"wp-block-columns is-layout-flex wp-container-core-columns-is-layout-9d6595d7 wp-block-columns-is-layout-flex\">\n<div class=\"wp-block-column is-layout-flow wp-block-column-is-layout-flow\"><\/div>\n\n\n\n<div class=\"wp-block-column is-layout-flow wp-block-column-is-layout-flow\"><\/div>\n<\/div>\n\n\n\n<div class=\"wp-block-columns is-layout-flex wp-container-core-columns-is-layout-9d6595d7 wp-block-columns-is-layout-flex\">\n<div class=\"wp-block-column is-layout-flow wp-block-column-is-layout-flow\"><\/div>\n\n\n\n<div class=\"wp-block-column is-layout-flow wp-block-column-is-layout-flow\"><\/div>\n<\/div>","protected":false},"excerpt":{"rendered":"<p>Conjunto de buffet de pratos el\u00e9ctricos com tampa articulada de vidro, v\u00e1rias formas, incluindo retangular, redonda, quadrada, equipada com sistema de ecr\u00e3 t\u00e1til de controlo eletr\u00f3nico da temperatura, f\u00e1cil de operar, pode manter-se quente durante muito tempo. Melhor desconto para personaliza\u00e7\u00e3o a granel, bem-vindo ao inqu\u00e9rito!<\/p>\n<h2><!-- wp:heading --><\/h2>\n<h2 class=\"wp-block-heading\">Conjunto de buffet de pratos el\u00e9ctricos Atributos :<\/h2>\n<h2><!-- \/wp:heading --><\/p>\n<p><!-- wp:paragraph --><\/h2>\n<p><strong>Material: <\/strong>A\u00e7o inoxid\u00e1vel<br \/><strong>Cor: <\/strong>Prata, ouro, cor personalizada<br \/><strong>Forma: <\/strong>Ret\u00e2ngulo, Quadrado, Redondo<br \/><strong>Calor: <\/strong>Aquecimento el\u00e9trico<br \/><strong>Panela de chafer: <\/strong>Grelha simples\/dupla<br \/><strong>Embalagem: <\/strong>Saco Opp e caixa de cart\u00e3o<br \/><strong>OEM\/ODM: <\/strong>Dispon\u00edvel<\/p>\n<h2 class=\"wp-block-heading\">De Yongyu Chafing Dish Fabricante :<\/h2>\n<p>Quer se trate de um fornecedor de servi\u00e7os de catering, de um hotel e de um restaurante ou de uma empresa de planeamento de eventos, fornecemos solu\u00e7\u00f5es personalizadas completas de pratos de chafing por atacado para ajudar a sua empresa com pre\u00e7os de f\u00e1brica de alta qualidade!<\/p>\n<h2><!-- \/wp:paragraph --><\/h2>","protected":false},"featured_media":2925,"comment_status":"closed","ping_status":"closed","template":"","meta":{"_acf_changed":false},"application":[30],"product_brand":[],"product_cat":[33],"product_tag":[],"class_list":{"0":"post-1715","1":"product","2":"type-product","3":"status-publish","4":"has-post-thumbnail","6":"application-hotel-catering","7":"product_cat-chafing-dishes-wholesale","9":"first","10":"instock","11":"shipping-taxable","12":"product-type-simple"},"acf":[],"_links":{"self":[{"href":"https:\/\/www.yongyukitchenware.com\/pt\/wp-json\/wp\/v2\/product\/1715","targetHints":{"allow":["GET"]}}],"collection":[{"href":"https:\/\/www.yongyukitchenware.com\/pt\/wp-json\/wp\/v2\/product"}],"about":[{"href":"https:\/\/www.yongyukitchenware.com\/pt\/wp-json\/wp\/v2\/types\/product"}],"replies":[{"embeddable":true,"href":"https:\/\/www.yongyukitchenware.com\/pt\/wp-json\/wp\/v2\/comments?post=1715"}],"wp:featuredmedia":[{"embeddable":true,"href":"https:\/\/www.yongyukitchenware.com\/pt\/wp-json\/wp\/v2\/media\/2925"}],"wp:attachment":[{"href":"https:\/\/www.yongyukitchenware.com\/pt\/wp-json\/wp\/v2\/media?parent=1715"}],"wp:term":[{"taxonomy":"application","embeddable":true,"href":"https:\/\/www.yongyukitchenware.com\/pt\/wp-json\/wp\/v2\/application?post=1715"},{"taxonomy":"product_brand","embeddable":true,"href":"https:\/\/www.yongyukitchenware.com\/pt\/wp-json\/wp\/v2\/product_brand?post=1715"},{"taxonomy":"product_cat","embeddable":true,"href":"https:\/\/www.yongyukitchenware.com\/pt\/wp-json\/wp\/v2\/product_cat?post=1715"},{"taxonomy":"product_tag","embeddable":true,"href":"https:\/\/www.yongyukitchenware.com\/pt\/wp-json\/wp\/v2\/product_tag?post=1715"}],"curies":[{"name":"wp","href":"https:\/\/api.w.org\/{rel}","templated":true}]}}