{"id":1728,"date":"2024-11-05T11:26:03","date_gmt":"2024-11-05T11:26:03","guid":{"rendered":"https:\/\/www.yongyukitchenware.com\/?post_type=product&#038;p=1728"},"modified":"2025-06-26T06:55:59","modified_gmt":"2025-06-26T06:55:59","slug":"custom-coffee-kettle","status":"publish","type":"product","link":"https:\/\/www.yongyukitchenware.com\/pt\/produto\/custom-coffee-kettle\/","title":{"rendered":"Chaleira de \u00e1gua personalizada em a\u00e7o inoxid\u00e1vel 1.2L 1.5L com filtro"},"content":{"rendered":"<div class=\"wp-block-columns is-layout-flex wp-container-core-columns-is-layout-9d6595d7 wp-block-columns-is-layout-flex\">\n<div class=\"wp-block-column is-layout-flow wp-block-column-is-layout-flow\">\n<h2 class=\"wp-block-heading\">Tamanhos de chaleira de \u00e1gua de a\u00e7o inoxid\u00e1vel\uff1a<\/h2>\n\n\n\n<figure class=\"wp-block-table\"><table class=\"has-fixed-layout\"><tbody><tr><td>Modelo<\/td><td>Tamanho<\/td><td>Di\u00e2metro * Altura (cm)<\/td><td>MOQ<\/td><\/tr><tr><td rowspan=\"2\">DY026-SH<\/td><td>1.2L<\/td><td>14*13cm<\/td><td rowspan=\"2\">36 UNIDADES<\/td><\/tr><tr><td>1.5L<\/td><td>14*16cm<\/td><\/tr><\/tbody><\/table><\/figure>\n\n\n\n<h2 class=\"wp-block-heading\">Chaleira de \u00e1gua em a\u00e7o inoxid\u00e1vel Carater\u00edsticas:<\/h2>\n\n\n\n<p><strong>A\u00e7o inoxid\u00e1vel de qualidade superior: <\/strong>Material de a\u00e7o inoxid\u00e1vel de qualidade alimentar, forte e dur\u00e1vel, capacidade anti-ferrugem<br><strong>Filtro poroso correspondente: <\/strong>O filtro foi concebido de forma independente para filtrar eficazmente os gr\u00e3os de caf\u00e9 ou as folhas de ch\u00e1, o que \u00e9 mais conveniente para beber<br><strong>Dois tipos de bico: <\/strong>O bocal em forma de gancho de \u00e1guia deita a \u00e1gua suavemente e o bocal n\u00e3o pendura a \u00e1gua; o fluxo de \u00e1gua do bico c\u00f3nico \u00e9 mais concentrado e f\u00e1cil de controlar<strong><br>Aquecimento r\u00e1pido: <\/strong>a circula\u00e7\u00e3o no fundo do anel aquece rapidamente, fervendo rapidamente, poupando tempo<strong><br>Ampla aplicabilidade: <\/strong>Esta chaleira de ch\u00e1 pode ser utilizada em fog\u00f5es de indu\u00e7\u00e3o, a g\u00e1s, el\u00e9ctricos e de cer\u00e2mica.<br><strong>Leve e seguro: <\/strong>o design da tampa basculante \u00e9 pr\u00e1tico para apanhar \u00e1gua e a pega isolada \u00e9 anti-queimadura e f\u00e1cil de segurar.<\/p>\n<\/div>\n\n\n\n<div class=\"wp-block-column is-layout-flow wp-block-column-is-layout-flow\">\n<figure class=\"wp-block-image size-full\"><img decoding=\"async\" width=\"800\" height=\"800\" src=\"https:\/\/www.yongyukitchenware.com\/wp-content\/uploads\/2024\/10\/custom-coffee-kettle-8.webp\" alt=\"chaleira-caf\u00e9 personalizada (8)\" class=\"wp-image-1744\" srcset=\"https:\/\/www.yongyukitchenware.com\/wp-content\/uploads\/2024\/10\/custom-coffee-kettle-8.webp 800w, https:\/\/www.yongyukitchenware.com\/wp-content\/uploads\/2024\/10\/custom-coffee-kettle-8-300x300.webp 300w, https:\/\/www.yongyukitchenware.com\/wp-content\/uploads\/2024\/10\/custom-coffee-kettle-8-150x150.webp 150w, https:\/\/www.yongyukitchenware.com\/wp-content\/uploads\/2024\/10\/custom-coffee-kettle-8-768x768.webp 768w, https:\/\/www.yongyukitchenware.com\/wp-content\/uploads\/2024\/10\/custom-coffee-kettle-8-12x12.webp 12w, https:\/\/www.yongyukitchenware.com\/wp-content\/uploads\/2024\/10\/custom-coffee-kettle-8-600x600.webp 600w, https:\/\/www.yongyukitchenware.com\/wp-content\/uploads\/2024\/10\/custom-coffee-kettle-8-100x100.webp 100w\" sizes=\"(max-width: 800px) 100vw, 800px\" \/><\/figure>\n<\/div>\n<\/div>\n\n\n\n<p><\/p>","protected":false},"excerpt":{"rendered":"<p>Esta chaleira de caf\u00e9 personalizada \u00e9 feita de a\u00e7o inoxid\u00e1vel de alta qualidade e est\u00e1 dispon\u00edvel em dois estilos diferentes, combinando o car\u00e1cter pr\u00e1tico com uma apar\u00eancia elegante. Ideal para a prepara\u00e7\u00e3o di\u00e1ria de caf\u00e9 ou de ch\u00e1, \u00e9 ideal para os amantes de caf\u00e9 e de ch\u00e1.<\/p>\n<h2 style=\"text-align: left\">Chaleira de \u00e1gua em a\u00e7o inoxid\u00e1vel Par\u00e2metro<\/h2>\n<p style=\"text-align: left\"><strong>Material:<\/strong> a\u00e7o inoxid\u00e1vel<br \/><strong>Dois estilos:<\/strong> Bico em forma de gancho de \u00e1guia, bico c\u00f3nico<br \/><strong>Acess\u00f3rios:<\/strong> Filtro amov\u00edvel<br \/><strong>Tamanhos:<\/strong> 1,2 L, 1,5 L<br \/><strong>Embalagem:<\/strong> Saco OPP e caixa de cart\u00e3o<br \/><strong>OEM\/ODM:<\/strong> Opcional<\/p>\n<h2 class=\"wp-block-heading\">De Yongyu Drinkware Fabricante :<\/h2>\n<p>O fabricante de copos Yongyu vende por atacado e personaliza v\u00e1rios tipos de copos, concentrando-se na durabilidade e no desempenho de preserva\u00e7\u00e3o do calor dos produtos, fornecendo solu\u00e7\u00f5es de aquisi\u00e7\u00e3o econ\u00f3micas e de alta qualidade para clientes globais.<\/p>","protected":false},"featured_media":1737,"comment_status":"closed","ping_status":"closed","template":"","meta":{"_acf_changed":true},"application":[30],"product_brand":[],"product_cat":[20,49],"product_tag":[],"class_list":{"0":"post-1728","1":"product","2":"type-product","3":"status-publish","4":"has-post-thumbnail","6":"application-hotel-catering","7":"product_cat-wholesale-drinkware","8":"product_cat-stainless-steel-kettle-wholesale","10":"first","11":"instock","12":"shipping-taxable","13":"product-type-simple"},"acf":[],"_links":{"self":[{"href":"https:\/\/www.yongyukitchenware.com\/pt\/wp-json\/wp\/v2\/product\/1728","targetHints":{"allow":["GET"]}}],"collection":[{"href":"https:\/\/www.yongyukitchenware.com\/pt\/wp-json\/wp\/v2\/product"}],"about":[{"href":"https:\/\/www.yongyukitchenware.com\/pt\/wp-json\/wp\/v2\/types\/product"}],"replies":[{"embeddable":true,"href":"https:\/\/www.yongyukitchenware.com\/pt\/wp-json\/wp\/v2\/comments?post=1728"}],"wp:featuredmedia":[{"embeddable":true,"href":"https:\/\/www.yongyukitchenware.com\/pt\/wp-json\/wp\/v2\/media\/1737"}],"wp:attachment":[{"href":"https:\/\/www.yongyukitchenware.com\/pt\/wp-json\/wp\/v2\/media?parent=1728"}],"wp:term":[{"taxonomy":"application","embeddable":true,"href":"https:\/\/www.yongyukitchenware.com\/pt\/wp-json\/wp\/v2\/application?post=1728"},{"taxonomy":"product_brand","embeddable":true,"href":"https:\/\/www.yongyukitchenware.com\/pt\/wp-json\/wp\/v2\/product_brand?post=1728"},{"taxonomy":"product_cat","embeddable":true,"href":"https:\/\/www.yongyukitchenware.com\/pt\/wp-json\/wp\/v2\/product_cat?post=1728"},{"taxonomy":"product_tag","embeddable":true,"href":"https:\/\/www.yongyukitchenware.com\/pt\/wp-json\/wp\/v2\/product_tag?post=1728"}],"curies":[{"name":"wp","href":"https:\/\/api.w.org\/{rel}","templated":true}]}}