{"id":1730,"date":"2024-10-14T06:47:58","date_gmt":"2024-10-14T06:47:58","guid":{"rendered":"https:\/\/www.yongyukitchenware.com\/?post_type=product&#038;p=1730"},"modified":"2025-06-26T05:59:43","modified_gmt":"2025-06-26T05:59:43","slug":"stainless-steel-food-warmer-wholesale","status":"publish","type":"product","link":"https:\/\/www.yongyukitchenware.com\/pt\/produto\/stainless-steel-food-warmer-wholesale\/","title":{"rendered":"Aquecedor de alimentos de a\u00e7o inoxid\u00e1vel por atacado para festas, casamentos e banquetes"},"content":{"rendered":"<div class=\"wp-block-columns is-layout-flex wp-container-core-columns-is-layout-9d6595d7 wp-block-columns-is-layout-flex\">\n<div class=\"wp-block-column is-layout-flow wp-block-column-is-layout-flow\">\n<h2 class=\"wp-block-heading\">Aquecedor de alimentos em a\u00e7o inoxid\u00e1vel Par\u00e2metro<\/h2>\n\n\n\n<figure class=\"wp-block-table\"><table class=\"has-fixed-layout\"><tbody><tr><td>Modelo<\/td><td>Forma<\/td><td>Comprimento * Largura * Altura (cm)<\/td><td>Peso (kg)<\/td><td>MOQ<\/td><\/tr><tr><td rowspan=\"6\">DY017-CL<\/td><td>Retangular<\/td><td>58*43*23<\/td><td>12.3<\/td><td rowspan=\"6\">2 PE\u00c7AS<\/td><\/tr><tr><td>Retangular<\/td><td>58*43*29<\/td><td>12.5<\/td><\/tr><tr><td>Quadrado<\/td><td>41*43*23<\/td><td>10.4<\/td><\/tr><tr><td>Quadrado<\/td><td>41*43*29<\/td><td>10.1<\/td><\/tr><tr><td>Redondo<\/td><td>52*43*23<\/td><td>9.8<\/td><\/tr><tr><td>Redondo<\/td><td>52*43*30<\/td><td>9.8<\/td><\/tr><\/tbody><\/table><\/figure>\n<\/div>\n\n\n\n<div class=\"wp-block-column is-layout-flow wp-block-column-is-layout-flow\">\n<h2 class=\"wp-block-heading\">Aquecedor de alimentos em a\u00e7o inoxid\u00e1vel Carater\u00edsticas:<\/h2>\n\n\n\n<p><strong>Dois m\u00e9todos de aquecimento\uff1a <\/strong>Existem m\u00e9todos de aquecimento de placas de aquecimento a \u00e1lcool e de aquecimento el\u00e9trico para satisfazer diferentes necessidades.<\/p>\n\n\n\n<p><strong>Material em a\u00e7o inoxid\u00e1vel espessado:<\/strong> a sele\u00e7\u00e3o de a\u00e7o de qualidade alimentar de alta qualidade, seguran\u00e7a material, dur\u00e1vel.<\/p>\n\n\n\n<p><strong>Tampa de amortecimento hidr\u00e1ulico refor\u00e7ada\uff1a<\/strong> Fecho lento e silencioso, f\u00e1cil de abrir e fechar.<\/p>\n\n\n\n<p><strong>Design dividido\uff1a<\/strong> A bacia e o corpo do forno podem ser separados para facilitar a limpeza.<\/p>\n\n\n\n<p><strong>Duas op\u00e7\u00f5es de altura do suporte inferior:<\/strong> S\u00e3o fornecidos p\u00e9s longos e curtos para se adaptarem a diferentes ocasi\u00f5es e necessidades de utiliza\u00e7\u00e3o.<\/p>\n<\/div>\n<\/div>\n\n\n\n<div class=\"wp-block-columns is-layout-flex wp-container-core-columns-is-layout-9d6595d7 wp-block-columns-is-layout-flex\">\n<div class=\"wp-block-column is-layout-flow wp-block-column-is-layout-flow\">\n<figure class=\"wp-block-image size-full\"><img decoding=\"async\" width=\"800\" height=\"800\" src=\"https:\/\/www.yongyukitchenware.com\/wp-content\/uploads\/2024\/10\/Wholesale-Stainless-Steel-Food-Warmer-6.webp\" alt=\"Aquecedor de alimentos de a\u00e7o inoxid\u00e1vel por atacado 6\" class=\"wp-image-1736\" srcset=\"https:\/\/www.yongyukitchenware.com\/wp-content\/uploads\/2024\/10\/Wholesale-Stainless-Steel-Food-Warmer-6.webp 800w, https:\/\/www.yongyukitchenware.com\/wp-content\/uploads\/2024\/10\/Wholesale-Stainless-Steel-Food-Warmer-6-300x300.webp 300w, https:\/\/www.yongyukitchenware.com\/wp-content\/uploads\/2024\/10\/Wholesale-Stainless-Steel-Food-Warmer-6-150x150.webp 150w, https:\/\/www.yongyukitchenware.com\/wp-content\/uploads\/2024\/10\/Wholesale-Stainless-Steel-Food-Warmer-6-768x768.webp 768w, https:\/\/www.yongyukitchenware.com\/wp-content\/uploads\/2024\/10\/Wholesale-Stainless-Steel-Food-Warmer-6-12x12.webp 12w, https:\/\/www.yongyukitchenware.com\/wp-content\/uploads\/2024\/10\/Wholesale-Stainless-Steel-Food-Warmer-6-600x600.webp 600w, https:\/\/www.yongyukitchenware.com\/wp-content\/uploads\/2024\/10\/Wholesale-Stainless-Steel-Food-Warmer-6-100x100.webp 100w\" sizes=\"(max-width: 800px) 100vw, 800px\" \/><\/figure>\n<\/div>\n\n\n\n<div class=\"wp-block-column is-layout-flow wp-block-column-is-layout-flow\">\n<figure class=\"wp-block-image size-full\"><img decoding=\"async\" width=\"800\" height=\"800\" src=\"https:\/\/www.yongyukitchenware.com\/wp-content\/uploads\/2024\/10\/Wholesale-Stainless-Steel-Food-Warmer-4.webp\" alt=\"Aquecedor de alimentos de a\u00e7o inoxid\u00e1vel por atacado 4\" class=\"wp-image-1734\" srcset=\"https:\/\/www.yongyukitchenware.com\/wp-content\/uploads\/2024\/10\/Wholesale-Stainless-Steel-Food-Warmer-4.webp 800w, https:\/\/www.yongyukitchenware.com\/wp-content\/uploads\/2024\/10\/Wholesale-Stainless-Steel-Food-Warmer-4-300x300.webp 300w, https:\/\/www.yongyukitchenware.com\/wp-content\/uploads\/2024\/10\/Wholesale-Stainless-Steel-Food-Warmer-4-150x150.webp 150w, https:\/\/www.yongyukitchenware.com\/wp-content\/uploads\/2024\/10\/Wholesale-Stainless-Steel-Food-Warmer-4-768x768.webp 768w, https:\/\/www.yongyukitchenware.com\/wp-content\/uploads\/2024\/10\/Wholesale-Stainless-Steel-Food-Warmer-4-12x12.webp 12w, https:\/\/www.yongyukitchenware.com\/wp-content\/uploads\/2024\/10\/Wholesale-Stainless-Steel-Food-Warmer-4-600x600.webp 600w, https:\/\/www.yongyukitchenware.com\/wp-content\/uploads\/2024\/10\/Wholesale-Stainless-Steel-Food-Warmer-4-100x100.webp 100w\" sizes=\"(max-width: 800px) 100vw, 800px\" \/><\/figure>\n<\/div>\n<\/div>","protected":false},"excerpt":{"rendered":"<p>Os nossos aquecedores de alimentos de a\u00e7o inoxid\u00e1vel por atacado t\u00eam uma fun\u00e7\u00e3o de isolamento eficiente, superf\u00edcie polida, apar\u00eancia minimalista moderna adequada para banquetes de casamento e buffets de hotel. N\u00f3s fornecemos logotipo personalizado, embalagem, cor e outros servi\u00e7os. Por favor, entre em contacto connosco para obter pre\u00e7os de f\u00e1brica.<\/p>\n<h2><!-- wp:heading --><\/h2>\n<h2 class=\"wp-block-heading\">Aquecedor de alimentos em a\u00e7o inoxid\u00e1vel Atributos :<\/h2>\n<h2><!-- \/wp:heading --><\/p>\n<p><!-- wp:paragraph --><\/h2>\n<p><strong>Material: <\/strong>A\u00e7o inoxid\u00e1vel<br \/><strong>Cor: <\/strong>Prata, ouro, cor personalizada<br \/><strong>Forma: <\/strong>Ret\u00e2ngulo, Quadrado, Redondo<br \/><strong>Calor: <\/strong>Aquecimento a \u00e1lcool e el\u00e9trico<br \/><strong>Panela de chafer: <\/strong>Individual\/Duplo\/Tr\u00eas grelhas<br \/><strong>Embalagem: <\/strong>Saco Opp e caixa de cart\u00e3o<br \/><strong>OEM\/ODM: <\/strong>Dispon\u00edvel<\/p>\n<h2 class=\"wp-block-heading\">De Yongyu Chafing Dish Fabricante :<\/h2>\n<p>Quer se trate de um fornecedor de servi\u00e7os de catering, de um hotel e restaurante ou de uma empresa de planeamento de eventos, fornecemos solu\u00e7\u00f5es completas personalizadas por atacado de material de catering para ajudar a sua empresa com pre\u00e7os de f\u00e1brica de alta qualidade!<\/p>\n<h2><!-- \/wp:paragraph --><\/h2>","protected":false},"featured_media":1731,"comment_status":"closed","ping_status":"closed","template":"","meta":{"_acf_changed":false},"application":[30],"product_brand":[],"product_cat":[33],"product_tag":[],"class_list":{"0":"post-1730","1":"product","2":"type-product","3":"status-publish","4":"has-post-thumbnail","6":"application-hotel-catering","7":"product_cat-chafing-dishes-wholesale","9":"first","10":"instock","11":"shipping-taxable","12":"product-type-simple"},"acf":[],"_links":{"self":[{"href":"https:\/\/www.yongyukitchenware.com\/pt\/wp-json\/wp\/v2\/product\/1730","targetHints":{"allow":["GET"]}}],"collection":[{"href":"https:\/\/www.yongyukitchenware.com\/pt\/wp-json\/wp\/v2\/product"}],"about":[{"href":"https:\/\/www.yongyukitchenware.com\/pt\/wp-json\/wp\/v2\/types\/product"}],"replies":[{"embeddable":true,"href":"https:\/\/www.yongyukitchenware.com\/pt\/wp-json\/wp\/v2\/comments?post=1730"}],"wp:featuredmedia":[{"embeddable":true,"href":"https:\/\/www.yongyukitchenware.com\/pt\/wp-json\/wp\/v2\/media\/1731"}],"wp:attachment":[{"href":"https:\/\/www.yongyukitchenware.com\/pt\/wp-json\/wp\/v2\/media?parent=1730"}],"wp:term":[{"taxonomy":"application","embeddable":true,"href":"https:\/\/www.yongyukitchenware.com\/pt\/wp-json\/wp\/v2\/application?post=1730"},{"taxonomy":"product_brand","embeddable":true,"href":"https:\/\/www.yongyukitchenware.com\/pt\/wp-json\/wp\/v2\/product_brand?post=1730"},{"taxonomy":"product_cat","embeddable":true,"href":"https:\/\/www.yongyukitchenware.com\/pt\/wp-json\/wp\/v2\/product_cat?post=1730"},{"taxonomy":"product_tag","embeddable":true,"href":"https:\/\/www.yongyukitchenware.com\/pt\/wp-json\/wp\/v2\/product_tag?post=1730"}],"curies":[{"name":"wp","href":"https:\/\/api.w.org\/{rel}","templated":true}]}}