{"id":1745,"date":"2024-11-05T06:54:29","date_gmt":"2024-11-05T06:54:29","guid":{"rendered":"https:\/\/www.yongyukitchenware.com\/?post_type=product&#038;p=1745"},"modified":"2025-04-27T01:43:51","modified_gmt":"2025-04-27T01:43:51","slug":"whistling-kettle-wholesale","status":"publish","type":"product","link":"https:\/\/www.yongyukitchenware.com\/pt\/produto\/whistling-kettle-wholesale\/","title":{"rendered":"Chaleira assobiadora direta da f\u00e1brica Bule grande de a\u00e7o inoxid\u00e1vel para fog\u00e3o"},"content":{"rendered":"<div class=\"wp-block-columns is-layout-flex wp-container-core-columns-is-layout-9d6595d7 wp-block-columns-is-layout-flex\">\n<div class=\"wp-block-column is-layout-flow wp-block-column-is-layout-flow\">\n<h2 class=\"wp-block-heading\">Chaleira com apito Carater\u00edsticas:<\/h2>\n\n\n\n<p><strong>A\u00e7o inoxid\u00e1vel de alta qualidade: <\/strong>material de a\u00e7o inoxid\u00e1vel de qualidade alimentar, resistente \u00e0 ferrugem e \u00e0 corros\u00e3o, dur\u00e1vel<br><strong>Detetor de \u00e1gua:<\/strong> Quando a \u00e1gua atinge o ponto de ebuli\u00e7\u00e3o, a chaleira produz um som semelhante a um assobio para indicar esse facto.<br><strong>Design de grande calibre:<\/strong> Grande capacidade, grande calibre, f\u00e1cil de encher. Satisfaz as necessidades de utiliza\u00e7\u00e3o di\u00e1ria ou de entretenimento dos convidados.<br><strong>Pega em madeira de goma: <\/strong>Design curvo. O cabo em madeira de goma \u00e9 confort\u00e1vel de segurar. Isolamento t\u00e9rmico e anti-escaldante.<br><strong>Design do orif\u00edcio do filtro interior: <\/strong>f\u00e1cil de filtrar os res\u00edduos, mais c\u00f3modo para beber.<br><strong>Fundo antiderrapante:<\/strong> O fundo c\u00f4ncavo-convexo antiderrapante permite uma coloca\u00e7\u00e3o suave e duradoura.<\/p>\n<\/div>\n\n\n\n<div class=\"wp-block-column is-layout-flow wp-block-column-is-layout-flow\">\n<figure class=\"wp-block-image size-full\"><img decoding=\"async\" width=\"800\" height=\"800\" src=\"https:\/\/www.yongyukitchenware.com\/wp-content\/uploads\/2024\/10\/factory-direct-whistling-kettle-2.webp\" alt=\"chaleira de assobio direta da f\u00e1brica (2)\" class=\"wp-image-1747\" srcset=\"https:\/\/www.yongyukitchenware.com\/wp-content\/uploads\/2024\/10\/factory-direct-whistling-kettle-2.webp 800w, https:\/\/www.yongyukitchenware.com\/wp-content\/uploads\/2024\/10\/factory-direct-whistling-kettle-2-300x300.webp 300w, https:\/\/www.yongyukitchenware.com\/wp-content\/uploads\/2024\/10\/factory-direct-whistling-kettle-2-150x150.webp 150w, https:\/\/www.yongyukitchenware.com\/wp-content\/uploads\/2024\/10\/factory-direct-whistling-kettle-2-768x768.webp 768w, https:\/\/www.yongyukitchenware.com\/wp-content\/uploads\/2024\/10\/factory-direct-whistling-kettle-2-12x12.webp 12w, https:\/\/www.yongyukitchenware.com\/wp-content\/uploads\/2024\/10\/factory-direct-whistling-kettle-2-600x600.webp 600w, https:\/\/www.yongyukitchenware.com\/wp-content\/uploads\/2024\/10\/factory-direct-whistling-kettle-2-100x100.webp 100w\" sizes=\"(max-width: 800px) 100vw, 800px\" \/><\/figure>\n<\/div>\n<\/div>\n\n\n\n<p><\/p>","protected":false},"excerpt":{"rendered":"<p>Chaleira de assobio por atacado de f\u00e1brica em a\u00e7o inoxid\u00e1vel, grande capacidade 4.8L, 5.8L e 6.8L, adequada para fog\u00e3o e fog\u00e3o de indu\u00e7\u00e3o. O fornecedor de chaleira de a\u00e7o inoxid\u00e1vel Yongyu fornece a solu\u00e7\u00e3o personalizada mais econ\u00f3mica, bem-vindo ao inqu\u00e9rito!<\/p>\n<h2 style=\"text-align: left;\">Par\u00e2metro da Chaleira Assobiadora<\/h2>\n<p style=\"text-align: left;\"><strong>Material:<\/strong> A\u00e7o inoxid\u00e1vel<br \/><strong>Forma:<\/strong> Em forma de ma\u00e7\u00e3<br \/><strong>Pega:<\/strong> Cabo de madeira com borracha<br \/><strong>Tamanhos:<\/strong> 4.8L 5.8L 6.8L<br \/><strong>Embalagem:<\/strong> Saco OPP e caixa de cart\u00e3o<br \/><strong>OEM\/ODM:<\/strong> Opcional<\/p>\n<h2 class=\"wp-block-heading\">De Yongyu Drinkware Fabricante :<\/h2>\n<p>O fabricante de copos Yongyu vende por atacado e personaliza v\u00e1rios tipos de copos, concentrando-se na durabilidade e no desempenho de preserva\u00e7\u00e3o do calor dos produtos, fornecendo solu\u00e7\u00f5es de aquisi\u00e7\u00e3o econ\u00f3micas e de alta qualidade para clientes globais.<\/p>","protected":false},"featured_media":1746,"comment_status":"closed","ping_status":"closed","template":"","meta":{"_acf_changed":true},"application":[30],"product_brand":[],"product_cat":[20,49],"product_tag":[],"class_list":{"0":"post-1745","1":"product","2":"type-product","3":"status-publish","4":"has-post-thumbnail","6":"application-hotel-catering","7":"product_cat-wholesale-drinkware","8":"product_cat-stainless-steel-kettle-wholesale","10":"first","11":"instock","12":"shipping-taxable","13":"product-type-simple"},"acf":[],"_links":{"self":[{"href":"https:\/\/www.yongyukitchenware.com\/pt\/wp-json\/wp\/v2\/product\/1745","targetHints":{"allow":["GET"]}}],"collection":[{"href":"https:\/\/www.yongyukitchenware.com\/pt\/wp-json\/wp\/v2\/product"}],"about":[{"href":"https:\/\/www.yongyukitchenware.com\/pt\/wp-json\/wp\/v2\/types\/product"}],"replies":[{"embeddable":true,"href":"https:\/\/www.yongyukitchenware.com\/pt\/wp-json\/wp\/v2\/comments?post=1745"}],"wp:featuredmedia":[{"embeddable":true,"href":"https:\/\/www.yongyukitchenware.com\/pt\/wp-json\/wp\/v2\/media\/1746"}],"wp:attachment":[{"href":"https:\/\/www.yongyukitchenware.com\/pt\/wp-json\/wp\/v2\/media?parent=1745"}],"wp:term":[{"taxonomy":"application","embeddable":true,"href":"https:\/\/www.yongyukitchenware.com\/pt\/wp-json\/wp\/v2\/application?post=1745"},{"taxonomy":"product_brand","embeddable":true,"href":"https:\/\/www.yongyukitchenware.com\/pt\/wp-json\/wp\/v2\/product_brand?post=1745"},{"taxonomy":"product_cat","embeddable":true,"href":"https:\/\/www.yongyukitchenware.com\/pt\/wp-json\/wp\/v2\/product_cat?post=1745"},{"taxonomy":"product_tag","embeddable":true,"href":"https:\/\/www.yongyukitchenware.com\/pt\/wp-json\/wp\/v2\/product_tag?post=1745"}],"curies":[{"name":"wp","href":"https:\/\/api.w.org\/{rel}","templated":true}]}}