{"id":1752,"date":"2024-11-05T07:32:22","date_gmt":"2024-11-05T07:32:22","guid":{"rendered":"https:\/\/www.yongyukitchenware.com\/?post_type=product&#038;p=1752"},"modified":"2025-04-27T01:42:57","modified_gmt":"2025-04-27T01:42:57","slug":"whistling-tea-kettle-wholesale","status":"publish","type":"product","link":"https:\/\/www.yongyukitchenware.com\/pt\/produto\/whistling-tea-kettle-wholesale\/","title":{"rendered":"Whistling Tea Kettle Whistling Tea Kettle de a\u00e7o inoxid\u00e1vel com coador"},"content":{"rendered":"<div class=\"wp-block-columns is-layout-flex wp-container-core-columns-is-layout-9d6595d7 wp-block-columns-is-layout-flex\">\n<div class=\"wp-block-column is-layout-flow wp-block-column-is-layout-flow\">\n<h2 class=\"wp-block-heading\">Chaleira de ch\u00e1 com assobio Carater\u00edsticas:<\/h2>\n\n\n\n<p><strong>A\u00e7o inoxid\u00e1vel de alta qualidade: <\/strong>o material de a\u00e7o inoxid\u00e1vel de qualidade alimentar garante a durabilidade e a seguran\u00e7a do bule.<br><strong>Compat\u00edvel com muitos tipos de fog\u00f5es:<\/strong> pode ser utilizado em fog\u00f5es a g\u00e1s, de indu\u00e7\u00e3o, de cer\u00e2mica e el\u00e9ctricos.<br><strong>Alerta sonoro: <\/strong>Bip incorporado que avisa quando a \u00e1gua atinge o ponto de ebuli\u00e7\u00e3o e deve ser retirada para evitar transbordamentos e consumo excessivo de energia.<br><strong>Coador amov\u00edvel:<\/strong> Ideal para preparar ch\u00e1 a granel ou filtrar as impurezas para obter a melhor experi\u00eancia flex\u00edvel na prepara\u00e7\u00e3o de ch\u00e1 ou \u00e1gua a ferver.<br><strong>Operar com seguran\u00e7a:<\/strong> Possui uma pega ergon\u00f3mica em madeira de goma, com isolamento t\u00e9rmico e anti-escaldante; o fundo \u00e9 antiderrapante para uma coloca\u00e7\u00e3o suave.<\/p>\n<\/div>\n\n\n\n<div class=\"wp-block-column is-layout-flow wp-block-column-is-layout-flow\">\n<figure class=\"wp-block-image size-full\"><img decoding=\"async\" width=\"800\" height=\"800\" src=\"https:\/\/www.yongyukitchenware.com\/wp-content\/uploads\/2024\/10\/wholesale-whistling-tea-kettle-6.webp\" alt=\"chaleira de ch\u00e1 por atacado (6)\" class=\"wp-image-1758\" srcset=\"https:\/\/www.yongyukitchenware.com\/wp-content\/uploads\/2024\/10\/wholesale-whistling-tea-kettle-6.webp 800w, https:\/\/www.yongyukitchenware.com\/wp-content\/uploads\/2024\/10\/wholesale-whistling-tea-kettle-6-300x300.webp 300w, https:\/\/www.yongyukitchenware.com\/wp-content\/uploads\/2024\/10\/wholesale-whistling-tea-kettle-6-150x150.webp 150w, https:\/\/www.yongyukitchenware.com\/wp-content\/uploads\/2024\/10\/wholesale-whistling-tea-kettle-6-768x768.webp 768w, https:\/\/www.yongyukitchenware.com\/wp-content\/uploads\/2024\/10\/wholesale-whistling-tea-kettle-6-12x12.webp 12w, https:\/\/www.yongyukitchenware.com\/wp-content\/uploads\/2024\/10\/wholesale-whistling-tea-kettle-6-600x600.webp 600w, https:\/\/www.yongyukitchenware.com\/wp-content\/uploads\/2024\/10\/wholesale-whistling-tea-kettle-6-100x100.webp 100w\" sizes=\"(max-width: 800px) 100vw, 800px\" \/><\/figure>\n<\/div>\n<\/div>\n\n\n\n<p><\/p>","protected":false},"excerpt":{"rendered":"<p>A chaleira Whistling Tea Kettle da Yongyu foi concebida para ferver \u00e1gua de forma eficiente numa variedade de fog\u00f5es, com excelente durabilidade e desempenho. Concebida para uso dom\u00e9stico e comercial, \u00e9 perfeita para preparar ch\u00e1 a granel ou ferver \u00e1gua para v\u00e1rias bebidas.<\/p>\n<h2 style=\"text-align: left;\">Par\u00e2metro da Chaleira de Ch\u00e1 Assobiadora\u00a0\u00a0<\/h2>\n<p style=\"text-align: left;\"><strong>Material:<\/strong> A\u00e7o inoxid\u00e1vel<br \/><strong>Acess\u00f3rios:<\/strong> Rede de fuga amov\u00edvel<br \/><strong>Pega:<\/strong> Cabo de madeira com borracha<br \/><strong>Tamanhos diferentes:<\/strong> 1.0L, 1.5L, 2L, 3L, 4L, 5L, 6L<br \/><strong>Embalagem:<\/strong> Saco OPP e caixa de cart\u00e3o<br \/><strong>OEM\/ODM:<\/strong> Opcional<\/p>\n<h2 class=\"wp-block-heading\">De Yongyu Drinkware Fabricante :<\/h2>\n<p>O fabricante de copos Yongyu vende por atacado e personaliza v\u00e1rios tipos de copos, concentrando-se na durabilidade e no desempenho de preserva\u00e7\u00e3o do calor dos produtos, fornecendo solu\u00e7\u00f5es de aquisi\u00e7\u00e3o econ\u00f3micas e de alta qualidade para clientes globais.<\/p>","protected":false},"featured_media":1753,"comment_status":"closed","ping_status":"closed","template":"","meta":{"_acf_changed":true},"application":[30],"product_brand":[],"product_cat":[20,49],"product_tag":[],"class_list":{"0":"post-1752","1":"product","2":"type-product","3":"status-publish","4":"has-post-thumbnail","6":"application-hotel-catering","7":"product_cat-wholesale-drinkware","8":"product_cat-stainless-steel-kettle-wholesale","10":"first","11":"instock","12":"shipping-taxable","13":"product-type-simple"},"acf":[],"_links":{"self":[{"href":"https:\/\/www.yongyukitchenware.com\/pt\/wp-json\/wp\/v2\/product\/1752","targetHints":{"allow":["GET"]}}],"collection":[{"href":"https:\/\/www.yongyukitchenware.com\/pt\/wp-json\/wp\/v2\/product"}],"about":[{"href":"https:\/\/www.yongyukitchenware.com\/pt\/wp-json\/wp\/v2\/types\/product"}],"replies":[{"embeddable":true,"href":"https:\/\/www.yongyukitchenware.com\/pt\/wp-json\/wp\/v2\/comments?post=1752"}],"wp:featuredmedia":[{"embeddable":true,"href":"https:\/\/www.yongyukitchenware.com\/pt\/wp-json\/wp\/v2\/media\/1753"}],"wp:attachment":[{"href":"https:\/\/www.yongyukitchenware.com\/pt\/wp-json\/wp\/v2\/media?parent=1752"}],"wp:term":[{"taxonomy":"application","embeddable":true,"href":"https:\/\/www.yongyukitchenware.com\/pt\/wp-json\/wp\/v2\/application?post=1752"},{"taxonomy":"product_brand","embeddable":true,"href":"https:\/\/www.yongyukitchenware.com\/pt\/wp-json\/wp\/v2\/product_brand?post=1752"},{"taxonomy":"product_cat","embeddable":true,"href":"https:\/\/www.yongyukitchenware.com\/pt\/wp-json\/wp\/v2\/product_cat?post=1752"},{"taxonomy":"product_tag","embeddable":true,"href":"https:\/\/www.yongyukitchenware.com\/pt\/wp-json\/wp\/v2\/product_tag?post=1752"}],"curies":[{"name":"wp","href":"https:\/\/api.w.org\/{rel}","templated":true}]}}