{"id":1768,"date":"2024-10-10T07:07:43","date_gmt":"2024-10-10T07:07:43","guid":{"rendered":"https:\/\/www.yongyukitchenware.com\/?post_type=product&#038;p=1768"},"modified":"2025-06-26T05:52:10","modified_gmt":"2025-06-26T05:52:10","slug":"stainless-steel-funnel-bulk","status":"publish","type":"product","link":"https:\/\/www.yongyukitchenware.com\/pt\/produto\/stainless-steel-funnel-bulk\/","title":{"rendered":"Funil de a\u00e7o inoxid\u00e1vel a granel para cozinha Tamanhos grandes a pequenos"},"content":{"rendered":"<div class=\"wp-block-columns is-layout-flex wp-container-core-columns-is-layout-9d6595d7 wp-block-columns-is-layout-flex\">\n<div class=\"wp-block-column is-layout-flow wp-block-column-is-layout-flow\">\n<h2 class=\"wp-block-heading\">Funil de a\u00e7o inoxid\u00e1vel Carater\u00edsticas:<\/h2>\n\n\n\n<p><strong>A\u00e7o inoxid\u00e1vel de qualidade superior: <\/strong>Material de a\u00e7o inoxid\u00e1vel de qualidade alimentar, resistente \u00e0 corros\u00e3o, inodoro e f\u00e1cil de limpar<br><strong>Design de rebordo enrolado:<\/strong> Cantos arredondados e lisos, f\u00e1ceis de manusear e evitam les\u00f5es nas m\u00e3os<br><strong>Design suspenso<\/strong>Anel de suspens\u00e3o tipo \"V\", soldado com firmeza, suave e sem ferir a m\u00e3o<br><strong>Grande di\u00e2metro e bocal pequeno:<\/strong> oferecem uma variedade de tamanhos \u00e0 escolha, desde pequenos frascos de especiarias a grandes recipientes que podem satisfazer diferentes necessidades.<br><strong>Filtro amov\u00edvel:<\/strong> pode ser equipado com um filtro amov\u00edvel, filtragem de res\u00edduos, separa\u00e7\u00e3o r\u00e1pida<\/p>\n<\/div>\n\n\n\n<div class=\"wp-block-column is-layout-flow wp-block-column-is-layout-flow\">\n<div class=\"wp-block-columns is-layout-flex wp-container-core-columns-is-layout-9d6595d7 wp-block-columns-is-layout-flex\">\n<div class=\"wp-block-column is-layout-flow wp-block-column-is-layout-flow\">\n<figure class=\"wp-block-image size-full\"><img decoding=\"async\" width=\"800\" height=\"800\" src=\"https:\/\/www.yongyukitchenware.com\/wp-content\/uploads\/2024\/10\/factory-stainless-steel-funnel-7.webp\" alt=\"f\u00e1brica-funil de a\u00e7o inoxid\u00e1vel (7)\" class=\"wp-image-1782\" srcset=\"https:\/\/www.yongyukitchenware.com\/wp-content\/uploads\/2024\/10\/factory-stainless-steel-funnel-7.webp 800w, https:\/\/www.yongyukitchenware.com\/wp-content\/uploads\/2024\/10\/factory-stainless-steel-funnel-7-300x300.webp 300w, https:\/\/www.yongyukitchenware.com\/wp-content\/uploads\/2024\/10\/factory-stainless-steel-funnel-7-150x150.webp 150w, https:\/\/www.yongyukitchenware.com\/wp-content\/uploads\/2024\/10\/factory-stainless-steel-funnel-7-768x768.webp 768w, https:\/\/www.yongyukitchenware.com\/wp-content\/uploads\/2024\/10\/factory-stainless-steel-funnel-7-12x12.webp 12w, https:\/\/www.yongyukitchenware.com\/wp-content\/uploads\/2024\/10\/factory-stainless-steel-funnel-7-600x600.webp 600w, https:\/\/www.yongyukitchenware.com\/wp-content\/uploads\/2024\/10\/factory-stainless-steel-funnel-7-100x100.webp 100w\" sizes=\"(max-width: 800px) 100vw, 800px\" \/><\/figure>\n<\/div>\n\n\n\n<div class=\"wp-block-column is-layout-flow wp-block-column-is-layout-flow\">\n<figure class=\"wp-block-image size-full\"><img decoding=\"async\" width=\"800\" height=\"800\" src=\"https:\/\/www.yongyukitchenware.com\/wp-content\/uploads\/2024\/10\/factory-stainless-steel-funnel-4.webp\" alt=\"funil de a\u00e7o inoxid\u00e1vel de f\u00e1brica (4)\" class=\"wp-image-1779\" srcset=\"https:\/\/www.yongyukitchenware.com\/wp-content\/uploads\/2024\/10\/factory-stainless-steel-funnel-4.webp 800w, https:\/\/www.yongyukitchenware.com\/wp-content\/uploads\/2024\/10\/factory-stainless-steel-funnel-4-300x300.webp 300w, https:\/\/www.yongyukitchenware.com\/wp-content\/uploads\/2024\/10\/factory-stainless-steel-funnel-4-150x150.webp 150w, https:\/\/www.yongyukitchenware.com\/wp-content\/uploads\/2024\/10\/factory-stainless-steel-funnel-4-768x768.webp 768w, https:\/\/www.yongyukitchenware.com\/wp-content\/uploads\/2024\/10\/factory-stainless-steel-funnel-4-12x12.webp 12w, https:\/\/www.yongyukitchenware.com\/wp-content\/uploads\/2024\/10\/factory-stainless-steel-funnel-4-600x600.webp 600w, https:\/\/www.yongyukitchenware.com\/wp-content\/uploads\/2024\/10\/factory-stainless-steel-funnel-4-100x100.webp 100w\" sizes=\"(max-width: 800px) 100vw, 800px\" \/><\/figure>\n<\/div>\n<\/div>\n\n\n\n<p><\/p>\n<\/div>\n<\/div>\n\n\n\n<div class=\"wp-block-columns is-layout-flex wp-container-core-columns-is-layout-9d6595d7 wp-block-columns-is-layout-flex\">\n<div class=\"wp-block-column is-layout-flow wp-block-column-is-layout-flow\"><div class=\"wp-block-image\">\n<figure class=\"aligncenter size-full is-resized\"><img decoding=\"async\" width=\"329\" height=\"371\" src=\"https:\/\/www.yongyukitchenware.com\/wp-content\/uploads\/2024\/10\/stainless-steel-funnel-wholesale.webp\" alt=\"funil de a\u00e7o inoxid\u00e1vel por atacado\" class=\"wp-image-1796\" style=\"width:391px;height:auto\" srcset=\"https:\/\/www.yongyukitchenware.com\/wp-content\/uploads\/2024\/10\/stainless-steel-funnel-wholesale.webp 329w, https:\/\/www.yongyukitchenware.com\/wp-content\/uploads\/2024\/10\/stainless-steel-funnel-wholesale-266x300.webp 266w, https:\/\/www.yongyukitchenware.com\/wp-content\/uploads\/2024\/10\/stainless-steel-funnel-wholesale-11x12.webp 11w\" sizes=\"(max-width: 329px) 100vw, 329px\" \/><\/figure>\n<\/div><\/div>\n\n\n\n<div class=\"wp-block-column is-layout-flow wp-block-column-is-layout-flow\">\n<h2 class=\"wp-block-heading\">Tamanhos de funil de a\u00e7o inoxid\u00e1vel\uff1a<\/h2>\n\n\n\n<figure class=\"wp-block-table\"><table class=\"has-fixed-layout\"><tbody><tr><td>Molde<\/td><td>Tamanho<\/td><td>Di\u00e2metro<\/td><td>Altura total<\/td><td>Altura total<\/td><td>Comprimento do tubo<\/td><td>MOQ<\/td><\/tr><tr><td rowspan=\"9\">DY039-Z<\/td><td>8cmn<\/td><td>8,3 cm<\/td><td>1,2 cm<\/td><td>12,2 cm<\/td><td>7,2 cm<\/td><td>530 UNIDADES<\/td><\/tr><tr><td>10 cm<\/td><td>11,1 cm<\/td><td>1,2 cm<\/td><td>12,4 cm<\/td><td>7,2 cm<\/td><td>420PCS<\/td><\/tr><tr><td>12 cm<\/td><td>12,8 cm<\/td><td>1,5 cm<\/td><td>13,7 cm<\/td><td>8,0 cm<\/td><td>348 UNIDADES<\/td><\/tr><tr><td>14 cm<\/td><td>14,0 cm<\/td><td>1,5 cm<\/td><td>14,0 cm<\/td><td>8,0 cm<\/td><td>336 UNIDADES<\/td><\/tr><tr><td>16 cm<\/td><td>16,0 cm<\/td><td>1,5 cm<\/td><td>14,5 cm<\/td><td>8,0 cm<\/td><td>283 PE\u00c7AS<\/td><\/tr><tr><td>18 cm<\/td><td>18,2 cm<\/td><td>2,0 cm<\/td><td>17,7 cm<\/td><td>10,0 cm<\/td><td>150 PE\u00c7AS<\/td><\/tr><tr><td>20 cm<\/td><td>19,6 cm<\/td><td>2,0 cm<\/td><td>18,5 cm<\/td><td>10,0 cm<\/td><td>138PCS<\/td><\/tr><tr><td>24 cm<\/td><td>23,1 cm<\/td><td>2,5 cm<\/td><td>20,5 cm<\/td><td>10,3 cm<\/td><td>102 UNIDADES<\/td><\/tr><tr><td>30 cm<\/td><td>29,7 cm<\/td><td>2,5 cm<\/td><td>22,3 cm<\/td><td>10,3 cm<\/td><td>52 PE\u00c7AS<\/td><\/tr><\/tbody><\/table><\/figure>\n<\/div>\n<\/div>","protected":false},"excerpt":{"rendered":"<p>Funis de a\u00e7o inoxid\u00e1vel por atacado de v\u00e1rios tamanhos para encher garrafas ou transferir ingredientes, com filtros remov\u00edveis. Para mais solu\u00e7\u00f5es por atacado de ferramentas essenciais de cozinha a pre\u00e7o de f\u00e1brica, entre em contacto com o fornecedor de utens\u00edlios de cozinha Yongyu.<\/p>\n<h2>Funil de a\u00e7o inoxid\u00e1vel Par\u00e2metro :<\/h2>\n<p><strong>Material:<\/strong> a\u00e7o inoxid\u00e1vel<br \/><strong>Propriedades:<\/strong> n\u00e3o magn\u00e9tico<br \/><strong>Especifica\u00e7\u00f5es:<\/strong> 8-30cm tamanhos diferentes para sele\u00e7\u00e3o<br \/><strong>Embalagem:<\/strong> saco\/grupo\/caixa de cart\u00e3o ou personalizado<br \/><strong>OEM\/ODM:<\/strong> Dispon\u00edvel<\/p>\n<h2 class=\"wp-block-heading\">Do fabricante de utens\u00edlios de cozinha Yongyu:<\/h2>\n<p>Yongyu \u00e9 um fabricante profissional de utens\u00edlios de cozinha, os nossos produtos abrangem todos os tipos de panelas de a\u00e7o inoxid\u00e1vel e acess\u00f3rios de cozinha, fornecendo solu\u00e7\u00f5es personalizadas com produtos de alta qualidade e pre\u00e7os de f\u00e1brica.<\/p>","protected":false},"featured_media":2024,"comment_status":"closed","ping_status":"closed","template":"","meta":{"_acf_changed":true},"application":[29],"product_brand":[],"product_cat":[23,36],"product_tag":[],"class_list":{"0":"post-1768","1":"product","2":"type-product","3":"status-publish","4":"has-post-thumbnail","6":"application-home-kitchen","7":"product_cat-kitchenware-wholesale","8":"product_cat-custom-kitchen-tools-utensils","10":"first","11":"instock","12":"shipping-taxable","13":"product-type-simple"},"acf":[],"_links":{"self":[{"href":"https:\/\/www.yongyukitchenware.com\/pt\/wp-json\/wp\/v2\/product\/1768","targetHints":{"allow":["GET"]}}],"collection":[{"href":"https:\/\/www.yongyukitchenware.com\/pt\/wp-json\/wp\/v2\/product"}],"about":[{"href":"https:\/\/www.yongyukitchenware.com\/pt\/wp-json\/wp\/v2\/types\/product"}],"replies":[{"embeddable":true,"href":"https:\/\/www.yongyukitchenware.com\/pt\/wp-json\/wp\/v2\/comments?post=1768"}],"wp:featuredmedia":[{"embeddable":true,"href":"https:\/\/www.yongyukitchenware.com\/pt\/wp-json\/wp\/v2\/media\/2024"}],"wp:attachment":[{"href":"https:\/\/www.yongyukitchenware.com\/pt\/wp-json\/wp\/v2\/media?parent=1768"}],"wp:term":[{"taxonomy":"application","embeddable":true,"href":"https:\/\/www.yongyukitchenware.com\/pt\/wp-json\/wp\/v2\/application?post=1768"},{"taxonomy":"product_brand","embeddable":true,"href":"https:\/\/www.yongyukitchenware.com\/pt\/wp-json\/wp\/v2\/product_brand?post=1768"},{"taxonomy":"product_cat","embeddable":true,"href":"https:\/\/www.yongyukitchenware.com\/pt\/wp-json\/wp\/v2\/product_cat?post=1768"},{"taxonomy":"product_tag","embeddable":true,"href":"https:\/\/www.yongyukitchenware.com\/pt\/wp-json\/wp\/v2\/product_tag?post=1768"}],"curies":[{"name":"wp","href":"https:\/\/api.w.org\/{rel}","templated":true}]}}