{"id":1784,"date":"2024-11-16T09:15:24","date_gmt":"2024-11-16T09:15:24","guid":{"rendered":"https:\/\/www.yongyukitchenware.com\/?post_type=product&#038;p=1784"},"modified":"2025-06-26T07:41:12","modified_gmt":"2025-06-26T07:41:12","slug":"wholesale-kitchen-funnel","status":"publish","type":"product","link":"https:\/\/www.yongyukitchenware.com\/pt\/produto\/wholesale-kitchen-funnel\/","title":{"rendered":"Funil de cozinha por atacado de a\u00e7o inoxid\u00e1vel grande a pequeno com malha"},"content":{"rendered":"<div class=\"wp-block-columns is-layout-flex wp-container-core-columns-is-layout-9d6595d7 wp-block-columns-is-layout-flex\">\n<div class=\"wp-block-column is-layout-flow wp-block-column-is-layout-flow\">\n<h2 class=\"wp-block-heading\">Funil de cozinha Carater\u00edsticas:<\/h2>\n\n\n\n<p><strong>A\u00e7o inoxid\u00e1vel de alta qualidade: <\/strong>A\u00e7o inoxid\u00e1vel 304\/316 de qualidade alimentar, resistente \u00e0 corros\u00e3o, inodoro e duradouro<br><strong>Dois estilos de pegas: <\/strong>Pega em forma de V para pendurar facilmente, pega em forma de C refor\u00e7ada para segurar facilmente<br><strong>Peneira de malha fina: <\/strong>Equipado com um crivo de malha fina incorporado para filtrar eficazmente part\u00edculas finas, perfeito para filtrar l\u00edquidos e molhos.<br><strong>V\u00e1rios tamanhos:<\/strong> dispon\u00edveis numa variedade de tamanhos para se adaptarem a diferentes tarefas de cozinha, desde transfer\u00eancias de pequena a grande capacidade.<br><strong>F\u00e1cil de limpar: <\/strong>Design de rebordo enrolado com cantos arredondados e lisos, f\u00e1cil de manusear, f\u00e1cil de lavar \u00e0 m\u00e3o ou na m\u00e1quina de lavar lou\u00e7a<\/p>\n<\/div>\n\n\n\n<div class=\"wp-block-column is-layout-flow wp-block-column-is-layout-flow\">\n<div class=\"wp-block-columns is-layout-flex wp-container-core-columns-is-layout-9d6595d7 wp-block-columns-is-layout-flex\">\n<div class=\"wp-block-column is-layout-flow wp-block-column-is-layout-flow\">\n<figure class=\"wp-block-image size-full\"><img decoding=\"async\" width=\"800\" height=\"800\" src=\"https:\/\/www.yongyukitchenware.com\/wp-content\/uploads\/2024\/10\/wholesale-kitchen-funnel-2.webp\" alt=\"grossista-cozinha-funil (2)\" class=\"wp-image-1807\" srcset=\"https:\/\/www.yongyukitchenware.com\/wp-content\/uploads\/2024\/10\/wholesale-kitchen-funnel-2.webp 800w, https:\/\/www.yongyukitchenware.com\/wp-content\/uploads\/2024\/10\/wholesale-kitchen-funnel-2-300x300.webp 300w, https:\/\/www.yongyukitchenware.com\/wp-content\/uploads\/2024\/10\/wholesale-kitchen-funnel-2-150x150.webp 150w, https:\/\/www.yongyukitchenware.com\/wp-content\/uploads\/2024\/10\/wholesale-kitchen-funnel-2-768x768.webp 768w, https:\/\/www.yongyukitchenware.com\/wp-content\/uploads\/2024\/10\/wholesale-kitchen-funnel-2-12x12.webp 12w, https:\/\/www.yongyukitchenware.com\/wp-content\/uploads\/2024\/10\/wholesale-kitchen-funnel-2-600x600.webp 600w, https:\/\/www.yongyukitchenware.com\/wp-content\/uploads\/2024\/10\/wholesale-kitchen-funnel-2-100x100.webp 100w\" sizes=\"(max-width: 800px) 100vw, 800px\" \/><\/figure>\n<\/div>\n\n\n\n<div class=\"wp-block-column is-layout-flow wp-block-column-is-layout-flow\">\n<figure class=\"wp-block-image size-full\"><img decoding=\"async\" width=\"800\" height=\"800\" src=\"https:\/\/www.yongyukitchenware.com\/wp-content\/uploads\/2024\/10\/wholesale-kitchen-funnel-5.webp\" alt=\"grossista-cozinha-funil (5)\" class=\"wp-image-1810\" srcset=\"https:\/\/www.yongyukitchenware.com\/wp-content\/uploads\/2024\/10\/wholesale-kitchen-funnel-5.webp 800w, https:\/\/www.yongyukitchenware.com\/wp-content\/uploads\/2024\/10\/wholesale-kitchen-funnel-5-300x300.webp 300w, https:\/\/www.yongyukitchenware.com\/wp-content\/uploads\/2024\/10\/wholesale-kitchen-funnel-5-150x150.webp 150w, https:\/\/www.yongyukitchenware.com\/wp-content\/uploads\/2024\/10\/wholesale-kitchen-funnel-5-768x768.webp 768w, https:\/\/www.yongyukitchenware.com\/wp-content\/uploads\/2024\/10\/wholesale-kitchen-funnel-5-12x12.webp 12w, https:\/\/www.yongyukitchenware.com\/wp-content\/uploads\/2024\/10\/wholesale-kitchen-funnel-5-600x600.webp 600w, https:\/\/www.yongyukitchenware.com\/wp-content\/uploads\/2024\/10\/wholesale-kitchen-funnel-5-100x100.webp 100w\" sizes=\"(max-width: 800px) 100vw, 800px\" \/><\/figure>\n<\/div>\n<\/div>\n<\/div>\n<\/div>\n\n\n\n<h2 class=\"wp-block-heading\">Tamanhos de funil de cozinha\uff1a<\/h2>\n\n\n\n<figure class=\"wp-block-table\"><table class=\"has-fixed-layout\"><tbody><tr><td>Modelo<\/td><td>materiale&nbsp;<\/td><td>Tamanho<\/td><td>Di\u00e2metro do fundo&nbsp;<\/td><td>MOQ<\/td><\/tr><tr><td rowspan=\"8\">DY080-Z<\/td><td>304<\/td><td>mini<\/td><td>0,9 cm<\/td><td rowspan=\"8\">400 UNIDADES<\/td><\/tr><tr><td rowspan=\"3\">304 316<\/td><td>11CM<\/td><td>1,6 cm<\/td><\/tr><tr><td>13CM<\/td><td>1,6 cm<\/td><\/tr><tr><td>15CM<\/td><td>1,6 cm<\/td><\/tr><tr><td rowspan=\"4\">304<\/td><td>18CM<\/td><td>2,2 cm<\/td><\/tr><tr><td>21CM (tubo recto3,2cm)<\/td><td>3,2 cm<\/td><\/tr><tr><td>21CM\uff08Tubo c\u00f3nico2,2cm)<\/td><td>3,8 cm<\/td><\/tr><tr><td>27CM (tubo recto3,8cm)<\/td><td>3,8 cm<\/td><\/tr><\/tbody><\/table><\/figure>\n\n\n\n<p><\/p>","protected":false},"excerpt":{"rendered":"<p>A f\u00e1brica de Yongyu oferece funis de cozinha de a\u00e7o inoxid\u00e1vel de qualidade premium por atacado, que s\u00e3o feitos de a\u00e7o inoxid\u00e1vel 304 e 316 para maior durabilidade e resist\u00eancia \u00e0 corros\u00e3o. Cada funil \u00e9 equipado com uma tela de malha fina, v\u00e1rios tamanhos dispon\u00edveis para diferentes tarefas e um ajudante indispens\u00e1vel na prepara\u00e7\u00e3o da cozinha!<\/p>\n<h2>Par\u00e2metro do funil de cozinha :<\/h2>\n<p><strong>Material:<\/strong> A\u00e7o inoxid\u00e1vel 304\/316<br \/><strong>Pegas:<\/strong> Pega em forma de V, pega em forma de C engrossada<br \/><strong>Acess\u00f3rios:<\/strong> Filtro amov\u00edvel<br \/><strong>Especifica\u00e7\u00f5es: <\/strong>11cm, 13cm, 15cm, 18cm, 21cm, 27cm<br \/><strong>Embalagem:<\/strong> Saco\/grupo\/caixa de cart\u00e3o ou personalizado<br \/><strong>OEM\/ODM:<\/strong> Opcional<\/p>\n<h2 class=\"wp-block-heading\">Do fabricante de utens\u00edlios de cozinha Yongyu:<\/h2>\n<p>Yongyu \u00e9 um fabricante profissional de utens\u00edlios de cozinha. Os nossos produtos incluem todos os tipos de utens\u00edlios de cozinha em a\u00e7o inoxid\u00e1vel e acess\u00f3rios de cozinha. N\u00f3s fornecemos solu\u00e7\u00f5es personalizadas com produtos de alta qualidade a pre\u00e7os de f\u00e1brica.<\/p>","protected":false},"featured_media":4243,"comment_status":"closed","ping_status":"closed","template":"","meta":{"_acf_changed":true},"application":[29],"product_brand":[],"product_cat":[23,36],"product_tag":[],"class_list":{"0":"post-1784","1":"product","2":"type-product","3":"status-publish","4":"has-post-thumbnail","6":"application-home-kitchen","7":"product_cat-kitchenware-wholesale","8":"product_cat-custom-kitchen-tools-utensils","10":"first","11":"instock","12":"shipping-taxable","13":"product-type-simple"},"acf":[],"_links":{"self":[{"href":"https:\/\/www.yongyukitchenware.com\/pt\/wp-json\/wp\/v2\/product\/1784","targetHints":{"allow":["GET"]}}],"collection":[{"href":"https:\/\/www.yongyukitchenware.com\/pt\/wp-json\/wp\/v2\/product"}],"about":[{"href":"https:\/\/www.yongyukitchenware.com\/pt\/wp-json\/wp\/v2\/types\/product"}],"replies":[{"embeddable":true,"href":"https:\/\/www.yongyukitchenware.com\/pt\/wp-json\/wp\/v2\/comments?post=1784"}],"wp:featuredmedia":[{"embeddable":true,"href":"https:\/\/www.yongyukitchenware.com\/pt\/wp-json\/wp\/v2\/media\/4243"}],"wp:attachment":[{"href":"https:\/\/www.yongyukitchenware.com\/pt\/wp-json\/wp\/v2\/media?parent=1784"}],"wp:term":[{"taxonomy":"application","embeddable":true,"href":"https:\/\/www.yongyukitchenware.com\/pt\/wp-json\/wp\/v2\/application?post=1784"},{"taxonomy":"product_brand","embeddable":true,"href":"https:\/\/www.yongyukitchenware.com\/pt\/wp-json\/wp\/v2\/product_brand?post=1784"},{"taxonomy":"product_cat","embeddable":true,"href":"https:\/\/www.yongyukitchenware.com\/pt\/wp-json\/wp\/v2\/product_cat?post=1784"},{"taxonomy":"product_tag","embeddable":true,"href":"https:\/\/www.yongyukitchenware.com\/pt\/wp-json\/wp\/v2\/product_tag?post=1784"}],"curies":[{"name":"wp","href":"https:\/\/api.w.org\/{rel}","templated":true}]}}