{"id":1794,"date":"2024-10-21T01:49:39","date_gmt":"2024-10-21T01:49:39","guid":{"rendered":"https:\/\/www.yongyukitchenware.com\/?post_type=product&#038;p=1794"},"modified":"2025-06-26T06:12:32","modified_gmt":"2025-06-26T06:12:32","slug":"rectangle-chafing-dish-bulk","status":"publish","type":"product","link":"https:\/\/www.yongyukitchenware.com\/pt\/produto\/rectangle-chafing-dish-bulk\/","title":{"rendered":"Prato para refei\u00e7\u00f5es a granel retangular com tampa de enrolar 9L Buffet de hotel de luxo"},"content":{"rendered":"<div class=\"wp-block-columns is-layout-flex wp-container-core-columns-is-layout-9d6595d7 wp-block-columns-is-layout-flex\">\n<div class=\"wp-block-column is-layout-flow wp-block-column-is-layout-flow\">\n<h2 class=\"wp-block-heading\">Prato para Chafing retangular Par\u00e2metro:<\/h2>\n\n\n\n<figure class=\"wp-block-table\"><table class=\"has-fixed-layout\"><tbody><tr><td>Modelo<\/td><td>Produto<\/td><td>tampa<\/td><td>Comprimento * Largura * Altura (cm)<\/td><td>MOQ<\/td><\/tr><tr><td rowspan=\"4\">DY022-CL<\/td><td>chafing dish<\/td><td>tampa de enrolar<\/td><td>64*44*44<\/td><td rowspan=\"4\">2 PE\u00c7AS<\/td><\/tr><tr><td>fog\u00e3o de sopa<\/td><td>tampa de enrolar<\/td><td>64*44*44<\/td><\/tr><tr><td>chafing dish<\/td><td>tampa de rolo vis\u00edvel<\/td><td>64*44*44<\/td><\/tr><tr><td>fog\u00e3o de sopa<\/td><td>tampa de rolo vis\u00edvel<\/td><td>64*44*44<\/td><\/tr><\/tbody><\/table><\/figure>\n<\/div>\n\n\n\n<div class=\"wp-block-column is-layout-flow wp-block-column-is-layout-flow\">\n<h2 class=\"wp-block-heading\">Prato para Chafing retangular Carater\u00edsticas:<\/h2>\n\n\n\n<p><strong>Dois m\u00e9todos de aquecimento\uff1a<\/strong> Existem m\u00e9todos de aquecimento de placas de aquecimento a \u00e1lcool e el\u00e9ctricas para satisfazer diferentes necessidades.<\/p>\n\n\n\n<p><strong>Material em a\u00e7o inoxid\u00e1vel espessado:<\/strong> a sele\u00e7\u00e3o de a\u00e7o de qualidade alimentar de alta qualidade, seguran\u00e7a material, dur\u00e1vel.<\/p>\n\n\n\n<p><strong>Design dividido\uff1a<\/strong> A bacia e o corpo do forno podem ser separados para facilitar a limpeza.<\/p>\n\n\n\n<p><strong>Capa de rolo completa com um belo design:<\/strong> grande \u00e2ngulo de vis\u00e3o abre e fecha suavemente, com cobertura total em a\u00e7o e cobertura visual opcional.<\/p>\n\n\n\n<p><strong>9L Grande capacidade:<\/strong> Adequado para grandes banquetes e buffets de hotel, proporcionando um amplo espa\u00e7o para um grande n\u00famero de pratos e reduzindo a necessidade de reabastecimentos frequentes.<\/p>\n<\/div>\n<\/div>\n\n\n\n<div class=\"wp-block-columns is-layout-flex wp-container-core-columns-is-layout-9d6595d7 wp-block-columns-is-layout-flex\">\n<div class=\"wp-block-column is-layout-flow wp-block-column-is-layout-flow\">\n<figure class=\"wp-block-image size-full\"><img decoding=\"async\" width=\"800\" height=\"800\" src=\"https:\/\/www.yongyukitchenware.com\/wp-content\/uploads\/2024\/10\/wholesale-Rectangle-Chafing-Dish-3.webp\" alt=\"Prato para assar retangular por atacado\" class=\"wp-image-2716\" srcset=\"https:\/\/www.yongyukitchenware.com\/wp-content\/uploads\/2024\/10\/wholesale-Rectangle-Chafing-Dish-3.webp 800w, https:\/\/www.yongyukitchenware.com\/wp-content\/uploads\/2024\/10\/wholesale-Rectangle-Chafing-Dish-3-300x300.webp 300w, https:\/\/www.yongyukitchenware.com\/wp-content\/uploads\/2024\/10\/wholesale-Rectangle-Chafing-Dish-3-150x150.webp 150w, https:\/\/www.yongyukitchenware.com\/wp-content\/uploads\/2024\/10\/wholesale-Rectangle-Chafing-Dish-3-768x768.webp 768w, https:\/\/www.yongyukitchenware.com\/wp-content\/uploads\/2024\/10\/wholesale-Rectangle-Chafing-Dish-3-12x12.webp 12w, https:\/\/www.yongyukitchenware.com\/wp-content\/uploads\/2024\/10\/wholesale-Rectangle-Chafing-Dish-3-600x600.webp 600w, https:\/\/www.yongyukitchenware.com\/wp-content\/uploads\/2024\/10\/wholesale-Rectangle-Chafing-Dish-3-100x100.webp 100w\" sizes=\"(max-width: 800px) 100vw, 800px\" \/><\/figure>\n<\/div>\n\n\n\n<div class=\"wp-block-column is-layout-flow wp-block-column-is-layout-flow\">\n<figure class=\"wp-block-image size-full\"><img decoding=\"async\" width=\"800\" height=\"800\" src=\"https:\/\/www.yongyukitchenware.com\/wp-content\/uploads\/2024\/10\/Bulk-Rectangle-Chafing-Dish-1.webp\" alt=\"Chafing Dish retangular a granel 1\" class=\"wp-image-1798\" srcset=\"https:\/\/www.yongyukitchenware.com\/wp-content\/uploads\/2024\/10\/Bulk-Rectangle-Chafing-Dish-1.webp 800w, https:\/\/www.yongyukitchenware.com\/wp-content\/uploads\/2024\/10\/Bulk-Rectangle-Chafing-Dish-1-300x300.webp 300w, https:\/\/www.yongyukitchenware.com\/wp-content\/uploads\/2024\/10\/Bulk-Rectangle-Chafing-Dish-1-150x150.webp 150w, https:\/\/www.yongyukitchenware.com\/wp-content\/uploads\/2024\/10\/Bulk-Rectangle-Chafing-Dish-1-768x768.webp 768w, https:\/\/www.yongyukitchenware.com\/wp-content\/uploads\/2024\/10\/Bulk-Rectangle-Chafing-Dish-1-12x12.webp 12w, https:\/\/www.yongyukitchenware.com\/wp-content\/uploads\/2024\/10\/Bulk-Rectangle-Chafing-Dish-1-600x600.webp 600w, https:\/\/www.yongyukitchenware.com\/wp-content\/uploads\/2024\/10\/Bulk-Rectangle-Chafing-Dish-1-100x100.webp 100w\" sizes=\"(max-width: 800px) 100vw, 800px\" \/><\/figure>\n<\/div>\n<\/div>","protected":false},"excerpt":{"rendered":"<p>Prato de chafing retangular por atacado, de grande capacidade, com diferentes op\u00e7\u00f5es de panela de 1\/2\/3 compartimentos, ou uma panela de sopa. Bem-vindo a consultar o fornecedor de pratos rasos para obter nossas solu\u00e7\u00f5es personalizadas de OEM e ODM com boa rela\u00e7\u00e3o custo-benef\u00edcio.<\/p>\n<h2><!-- wp:heading --><\/h2>\n<h2 class=\"wp-block-heading\">Prato para Chafing Retangular Atributos:<\/h2>\n<h2><!-- \/wp:heading --><\/p>\n<p><!-- wp:paragraph --><\/h2>\n<p><strong>Material: <\/strong>A\u00e7o inoxid\u00e1vel<br \/><strong>Cor: <\/strong>Prata\/Glod<br \/><strong>Forma: <\/strong>Ret\u00e2ngulo com tampa de enrolar<br \/><strong>Calor: <\/strong>Aquecimento a \u00e1lcool ou el\u00e9trico<br \/><strong>Panela de chafer: <\/strong>Grelha simples\/dupla<br \/><strong>OEM\/ODM: <\/strong>Dispon\u00edvel<\/p>\n<h2 class=\"wp-block-heading\">De Yongyu Chafing Dish Fabricante :<\/h2>\n<p>Quer se trate de um fornecedor de servi\u00e7os de catering, de um hotel e de um restaurante ou de uma empresa de planeamento de eventos, fornecemos solu\u00e7\u00f5es personalizadas completas de pratos de chafing por atacado para ajudar a sua empresa com pre\u00e7os de f\u00e1brica de alta qualidade!<\/p>\n<h2><!-- \/wp:paragraph --><\/h2>","protected":false},"featured_media":2719,"comment_status":"closed","ping_status":"closed","template":"","meta":{"_acf_changed":true},"application":[30],"product_brand":[],"product_cat":[33],"product_tag":[],"class_list":{"0":"post-1794","1":"product","2":"type-product","3":"status-publish","4":"has-post-thumbnail","6":"application-hotel-catering","7":"product_cat-chafing-dishes-wholesale","9":"first","10":"instock","11":"shipping-taxable","12":"product-type-simple"},"acf":[],"_links":{"self":[{"href":"https:\/\/www.yongyukitchenware.com\/pt\/wp-json\/wp\/v2\/product\/1794","targetHints":{"allow":["GET"]}}],"collection":[{"href":"https:\/\/www.yongyukitchenware.com\/pt\/wp-json\/wp\/v2\/product"}],"about":[{"href":"https:\/\/www.yongyukitchenware.com\/pt\/wp-json\/wp\/v2\/types\/product"}],"replies":[{"embeddable":true,"href":"https:\/\/www.yongyukitchenware.com\/pt\/wp-json\/wp\/v2\/comments?post=1794"}],"wp:featuredmedia":[{"embeddable":true,"href":"https:\/\/www.yongyukitchenware.com\/pt\/wp-json\/wp\/v2\/media\/2719"}],"wp:attachment":[{"href":"https:\/\/www.yongyukitchenware.com\/pt\/wp-json\/wp\/v2\/media?parent=1794"}],"wp:term":[{"taxonomy":"application","embeddable":true,"href":"https:\/\/www.yongyukitchenware.com\/pt\/wp-json\/wp\/v2\/application?post=1794"},{"taxonomy":"product_brand","embeddable":true,"href":"https:\/\/www.yongyukitchenware.com\/pt\/wp-json\/wp\/v2\/product_brand?post=1794"},{"taxonomy":"product_cat","embeddable":true,"href":"https:\/\/www.yongyukitchenware.com\/pt\/wp-json\/wp\/v2\/product_cat?post=1794"},{"taxonomy":"product_tag","embeddable":true,"href":"https:\/\/www.yongyukitchenware.com\/pt\/wp-json\/wp\/v2\/product_tag?post=1794"}],"curies":[{"name":"wp","href":"https:\/\/api.w.org\/{rel}","templated":true}]}}