{"id":1813,"date":"2024-10-21T01:57:02","date_gmt":"2024-10-21T01:57:02","guid":{"rendered":"https:\/\/www.yongyukitchenware.com\/?post_type=product&#038;p=1813"},"modified":"2025-06-26T06:13:11","modified_gmt":"2025-06-26T06:13:11","slug":"round-chafing-dish-wholesale","status":"publish","type":"product","link":"https:\/\/www.yongyukitchenware.com\/pt\/produto\/round-chafing-dish-wholesale\/","title":{"rendered":"Prato redondo para assar por atacado em a\u00e7o inoxid\u00e1vel 6L com tampa de enrolar"},"content":{"rendered":"<div class=\"wp-block-columns is-layout-flex wp-container-core-columns-is-layout-9d6595d7 wp-block-columns-is-layout-flex\">\n<div class=\"wp-block-column is-layout-flow wp-block-column-is-layout-flow\">\n<h2 class=\"wp-block-heading\">Prato redondo para chafing Par\u00e2metro:<\/h2>\n\n\n\n<figure class=\"wp-block-table\"><table class=\"has-fixed-layout\"><tbody><tr><td>Modelo<\/td><td>Di\u00e2metro* Altura (cm)<\/td><td>Capacidade (l)<\/td><td>MOQ<\/td><\/tr><tr><td>DY023-CL<\/td><td>48*47<\/td><td>9L<\/td><td>2 PE\u00c7AS<\/td><\/tr><\/tbody><\/table><\/figure>\n\n\n\n<h2 class=\"wp-block-heading\">Prato redondo para chafing Carater\u00edsticas:<\/h2>\n\n\n\n<p><strong>Design de grande capacidade 6L:<\/strong> Pode ser utilizado para grandes festas e buffets e oferece espa\u00e7o suficiente para a comida.<\/p>\n\n\n\n<p><strong>Material de a\u00e7o inoxid\u00e1vel de qualidade superior:<\/strong> Anti-corros\u00e3o, dur\u00e1vel para uma utiliza\u00e7\u00e3o prolongada, f\u00e1cil de limpar.<\/p>\n\n\n\n<p><strong>Design completo com tampa de enrolar: <\/strong>F\u00e1cil de utilizar, \u00e9 conveniente para os h\u00f3spedes pegarem nos alimentos sozinhos e manterem a temperatura dos alimentos.<\/p>\n\n\n\n<p><strong>Aquecimento uniforme e conserva\u00e7\u00e3o do calor: <\/strong>O fundo pode ser concebido para corresponder a um dep\u00f3sito de combust\u00edvel, mantendo os alimentos quentes durante muito tempo.<\/p>\n\n\n\n<p><strong>Contorno redondo cl\u00e1ssico:<\/strong> elegante e atmosf\u00e9rico, adequado para muitas ocasi\u00f5es e estilos de decora\u00e7\u00e3o diferentes, melhora as refei\u00e7\u00f5es.<\/p>\n<\/div>\n\n\n\n<div class=\"wp-block-column is-layout-flow wp-block-column-is-layout-flow\">\n<figure class=\"wp-block-image size-full\"><img decoding=\"async\" width=\"1600\" height=\"1600\" src=\"https:\/\/www.yongyukitchenware.com\/wp-content\/uploads\/2024\/10\/round-chafing-dish-wholesale-3.webp\" alt=\"travessa redonda para assar por atacado\" class=\"wp-image-2729\" srcset=\"https:\/\/www.yongyukitchenware.com\/wp-content\/uploads\/2024\/10\/round-chafing-dish-wholesale-3.webp 1600w, https:\/\/www.yongyukitchenware.com\/wp-content\/uploads\/2024\/10\/round-chafing-dish-wholesale-3-300x300.webp 300w, https:\/\/www.yongyukitchenware.com\/wp-content\/uploads\/2024\/10\/round-chafing-dish-wholesale-3-150x150.webp 150w, https:\/\/www.yongyukitchenware.com\/wp-content\/uploads\/2024\/10\/round-chafing-dish-wholesale-3-768x768.webp 768w, https:\/\/www.yongyukitchenware.com\/wp-content\/uploads\/2024\/10\/round-chafing-dish-wholesale-3-12x12.webp 12w, https:\/\/www.yongyukitchenware.com\/wp-content\/uploads\/2024\/10\/round-chafing-dish-wholesale-3-1200x1200.webp 1200w, https:\/\/www.yongyukitchenware.com\/wp-content\/uploads\/2024\/10\/round-chafing-dish-wholesale-3-600x600.webp 600w, https:\/\/www.yongyukitchenware.com\/wp-content\/uploads\/2024\/10\/round-chafing-dish-wholesale-3-100x100.webp 100w\" sizes=\"(max-width: 1600px) 100vw, 1600px\" \/><\/figure>\n\n\n\n<figure class=\"wp-block-image size-full\"><img decoding=\"async\" width=\"800\" height=\"800\" src=\"https:\/\/www.yongyukitchenware.com\/wp-content\/uploads\/2024\/10\/round-chafing-dish-wholesale-5.webp\" alt=\"travessa redonda para assar por atacado\" class=\"wp-image-2731\" srcset=\"https:\/\/www.yongyukitchenware.com\/wp-content\/uploads\/2024\/10\/round-chafing-dish-wholesale-5.webp 800w, https:\/\/www.yongyukitchenware.com\/wp-content\/uploads\/2024\/10\/round-chafing-dish-wholesale-5-300x300.webp 300w, https:\/\/www.yongyukitchenware.com\/wp-content\/uploads\/2024\/10\/round-chafing-dish-wholesale-5-150x150.webp 150w, https:\/\/www.yongyukitchenware.com\/wp-content\/uploads\/2024\/10\/round-chafing-dish-wholesale-5-768x768.webp 768w, https:\/\/www.yongyukitchenware.com\/wp-content\/uploads\/2024\/10\/round-chafing-dish-wholesale-5-12x12.webp 12w, https:\/\/www.yongyukitchenware.com\/wp-content\/uploads\/2024\/10\/round-chafing-dish-wholesale-5-600x600.webp 600w, https:\/\/www.yongyukitchenware.com\/wp-content\/uploads\/2024\/10\/round-chafing-dish-wholesale-5-100x100.webp 100w\" sizes=\"(max-width: 800px) 100vw, 800px\" \/><\/figure>\n<\/div>\n<\/div>","protected":false},"excerpt":{"rendered":"<p>Prato de chafing redondo direto da f\u00e1brica com tampa de rolo, espelho moderno, adequado para eventos de catering de restaurante de hotel. Tamanho de embalagem de logotipo personaliz\u00e1vel, solu\u00e7\u00f5es de prato de chafing por atacado mais econ\u00f4micas, bem-vindo ao contato com o fornecedor Yongyu.<\/p>\n<h2><!-- wp:heading --><\/h2>\n<h2 class=\"wp-block-heading\">Atributos do prato redondo :<\/h2>\n<h2><!-- \/wp:heading --><\/p>\n<p><!-- wp:paragraph --><\/h2>\n<p><strong>Material: <\/strong>A\u00e7o inoxid\u00e1vel<br \/><strong>Cor: <\/strong>Prata\/dourado<br \/><strong>Forma: <\/strong>Redondo com tampa de enrolar<br \/><strong>Calor: <\/strong>Aquecimento a combust\u00edvel ou el\u00e9trico<br \/><strong>Panela de chafer: <\/strong>Individual\/Duplo\/Tr\u00eas grelhas<br \/><strong>Embalagem: <\/strong>Saco Opp e caixa de cart\u00e3o<br \/><strong>OEM\/ODM: <\/strong>Dispon\u00edvel<\/p>\n<h2 class=\"wp-block-heading\">De Yongyu Chafing Dish Fabricante :<\/h2>\n<p>Quer se trate de um fornecedor de servi\u00e7os de catering, de um hotel e de um restaurante ou de uma empresa de planeamento de eventos, fornecemos solu\u00e7\u00f5es personalizadas completas de pratos de chafing por atacado para ajudar a sua empresa com pre\u00e7os de f\u00e1brica de alta qualidade!<\/p>\n<h2><!-- \/wp:paragraph --><\/h2>","protected":false},"featured_media":2727,"comment_status":"closed","ping_status":"closed","template":"","meta":{"_acf_changed":false},"application":[30],"product_brand":[],"product_cat":[33],"product_tag":[],"class_list":{"0":"post-1813","1":"product","2":"type-product","3":"status-publish","4":"has-post-thumbnail","6":"application-hotel-catering","7":"product_cat-chafing-dishes-wholesale","9":"first","10":"instock","11":"shipping-taxable","12":"product-type-simple"},"acf":[],"_links":{"self":[{"href":"https:\/\/www.yongyukitchenware.com\/pt\/wp-json\/wp\/v2\/product\/1813","targetHints":{"allow":["GET"]}}],"collection":[{"href":"https:\/\/www.yongyukitchenware.com\/pt\/wp-json\/wp\/v2\/product"}],"about":[{"href":"https:\/\/www.yongyukitchenware.com\/pt\/wp-json\/wp\/v2\/types\/product"}],"replies":[{"embeddable":true,"href":"https:\/\/www.yongyukitchenware.com\/pt\/wp-json\/wp\/v2\/comments?post=1813"}],"wp:featuredmedia":[{"embeddable":true,"href":"https:\/\/www.yongyukitchenware.com\/pt\/wp-json\/wp\/v2\/media\/2727"}],"wp:attachment":[{"href":"https:\/\/www.yongyukitchenware.com\/pt\/wp-json\/wp\/v2\/media?parent=1813"}],"wp:term":[{"taxonomy":"application","embeddable":true,"href":"https:\/\/www.yongyukitchenware.com\/pt\/wp-json\/wp\/v2\/application?post=1813"},{"taxonomy":"product_brand","embeddable":true,"href":"https:\/\/www.yongyukitchenware.com\/pt\/wp-json\/wp\/v2\/product_brand?post=1813"},{"taxonomy":"product_cat","embeddable":true,"href":"https:\/\/www.yongyukitchenware.com\/pt\/wp-json\/wp\/v2\/product_cat?post=1813"},{"taxonomy":"product_tag","embeddable":true,"href":"https:\/\/www.yongyukitchenware.com\/pt\/wp-json\/wp\/v2\/product_tag?post=1813"}],"curies":[{"name":"wp","href":"https:\/\/api.w.org\/{rel}","templated":true}]}}