{"id":1877,"date":"2024-11-10T04:31:37","date_gmt":"2024-11-10T04:31:37","guid":{"rendered":"https:\/\/www.yongyukitchenware.com\/?post_type=product&#038;p=1877"},"modified":"2025-06-26T07:48:48","modified_gmt":"2025-06-26T07:48:48","slug":"seasoning-box-wholesale","status":"publish","type":"product","link":"https:\/\/www.yongyukitchenware.com\/pt\/produto\/seasoning-box-wholesale\/","title":{"rendered":"Caixa de temperos por atacado em a\u00e7o inoxid\u00e1vel japon\u00eas para catering"},"content":{"rendered":"<div class=\"wp-block-columns is-layout-flex wp-container-core-columns-is-layout-9d6595d7 wp-block-columns-is-layout-flex\">\n<div class=\"wp-block-column is-layout-flow wp-block-column-is-layout-flow\">\n<h2 class=\"wp-block-heading\">Par\u00e2metro da caixa de temperos<\/h2>\n\n\n\n<figure class=\"wp-block-table\"><table class=\"has-fixed-layout\"><tbody><tr><td>Modelo<\/td><td>Malha<\/td><td>Comprimento * Largura * Altura (cm)<\/td><td>MOQ<\/td><\/tr><tr><td rowspan=\"3\">DY001-TWH<\/td><td>4<\/td><td>29.4*23.3*6.5<\/td><td rowspan=\"3\">24 PE\u00c7AS<\/td><\/tr><tr><td>6<\/td><td>34.3*30*7<\/td><\/tr><tr><td>8<\/td><td>44.8*29.8*7<\/td><\/tr><\/tbody><\/table><\/figure>\n<\/div>\n\n\n\n<div class=\"wp-block-column is-layout-flow wp-block-column-is-layout-flow\">\n<h2 class=\"wp-block-heading\">Caixa de temperos Carater\u00edsticas:<\/h2>\n\n\n\n<p><strong>A\u00e7o inoxid\u00e1vel de alta qualidade:<\/strong> Material de a\u00e7o inoxid\u00e1vel de qualidade alimentar, resistente \u00e0 corros\u00e3o, sem odor, dur\u00e1vel.<br><strong>V\u00e1rios estilos: <\/strong>Existem 4 grelhas, 6 grelhas, 8 grelhas opcionais para satisfazer diferentes necessidades.<br><strong>Independente Caixa interior:<\/strong> os temperos s\u00e3o embalados separadamente para isolar o sabor e n\u00e3o se misturarem.<br><strong>A caixa interior pode ser deslocada:<\/strong> a caixa interior em a\u00e7o inoxid\u00e1vel pode ser facilmente retirada e \u00e9 mais conveniente para limpar sem esconder a sujidade.<br><strong>Tampa em a\u00e7o \u00e0 prova de p\u00f3:<\/strong> \u00e0 prova de p\u00f3 sanit\u00e1rio, pode ser colocado em sobreposi\u00e7\u00e3o.<br>Design de aro de rolo: As extremidades s\u00e3o arredondadas e suaves, f\u00e1ceis de manusear e evitam les\u00f5es nas m\u00e3os.<\/p>\n<\/div>\n<\/div>\n\n\n\n<div class=\"wp-block-columns is-layout-flex wp-container-core-columns-is-layout-9d6595d7 wp-block-columns-is-layout-flex\">\n<div class=\"wp-block-column is-layout-flow wp-block-column-is-layout-flow\">\n<figure class=\"wp-block-image size-full\"><img decoding=\"async\" width=\"800\" height=\"800\" src=\"https:\/\/www.yongyukitchenware.com\/wp-content\/uploads\/2024\/10\/Wholesale-Japanese-Seasoning-Box-5.webp\" alt=\"Caixa de temperos japoneses por atacado 5\" class=\"wp-image-1882\" srcset=\"https:\/\/www.yongyukitchenware.com\/wp-content\/uploads\/2024\/10\/Wholesale-Japanese-Seasoning-Box-5.webp 800w, https:\/\/www.yongyukitchenware.com\/wp-content\/uploads\/2024\/10\/Wholesale-Japanese-Seasoning-Box-5-300x300.webp 300w, https:\/\/www.yongyukitchenware.com\/wp-content\/uploads\/2024\/10\/Wholesale-Japanese-Seasoning-Box-5-150x150.webp 150w, https:\/\/www.yongyukitchenware.com\/wp-content\/uploads\/2024\/10\/Wholesale-Japanese-Seasoning-Box-5-768x768.webp 768w, https:\/\/www.yongyukitchenware.com\/wp-content\/uploads\/2024\/10\/Wholesale-Japanese-Seasoning-Box-5-12x12.webp 12w, https:\/\/www.yongyukitchenware.com\/wp-content\/uploads\/2024\/10\/Wholesale-Japanese-Seasoning-Box-5-600x600.webp 600w, https:\/\/www.yongyukitchenware.com\/wp-content\/uploads\/2024\/10\/Wholesale-Japanese-Seasoning-Box-5-100x100.webp 100w\" sizes=\"(max-width: 800px) 100vw, 800px\" \/><\/figure>\n<\/div>\n\n\n\n<div class=\"wp-block-column is-layout-flow wp-block-column-is-layout-flow\">\n<figure class=\"wp-block-image size-full\"><img decoding=\"async\" width=\"800\" height=\"800\" src=\"https:\/\/www.yongyukitchenware.com\/wp-content\/uploads\/2024\/10\/Wholesale-Japanese-Seasoning-Box-7.webp\" alt=\"Caixa de temperos japoneses por atacado 7\" class=\"wp-image-1884\" srcset=\"https:\/\/www.yongyukitchenware.com\/wp-content\/uploads\/2024\/10\/Wholesale-Japanese-Seasoning-Box-7.webp 800w, https:\/\/www.yongyukitchenware.com\/wp-content\/uploads\/2024\/10\/Wholesale-Japanese-Seasoning-Box-7-300x300.webp 300w, https:\/\/www.yongyukitchenware.com\/wp-content\/uploads\/2024\/10\/Wholesale-Japanese-Seasoning-Box-7-150x150.webp 150w, https:\/\/www.yongyukitchenware.com\/wp-content\/uploads\/2024\/10\/Wholesale-Japanese-Seasoning-Box-7-768x768.webp 768w, https:\/\/www.yongyukitchenware.com\/wp-content\/uploads\/2024\/10\/Wholesale-Japanese-Seasoning-Box-7-12x12.webp 12w, https:\/\/www.yongyukitchenware.com\/wp-content\/uploads\/2024\/10\/Wholesale-Japanese-Seasoning-Box-7-600x600.webp 600w, https:\/\/www.yongyukitchenware.com\/wp-content\/uploads\/2024\/10\/Wholesale-Japanese-Seasoning-Box-7-100x100.webp 100w\" sizes=\"(max-width: 800px) 100vw, 800px\" \/><\/figure>\n<\/div>\n<\/div>","protected":false},"excerpt":{"rendered":"<p>A nossa caixa de temperos japoneses por atacado \u00e9 especialmente concebida para a ind\u00fastria da restaura\u00e7\u00e3o. \u00c9 dur\u00e1vel e bonita, e \u00e9 conveniente para armazenar v\u00e1rios temperos e condimentos em categorias, melhorando a efici\u00eancia da cozinha. \u00c9 adequada para utiliza\u00e7\u00e3o em todos os tipos de cozinhas.<\/p>\n<h2><!-- wp:heading --><\/h2>\n<h2 class=\"wp-block-heading\">Caixa de temperos Atributos :<\/h2>\n<h2><!-- \/wp:heading --><\/p>\n<p><!-- wp:paragraph --><\/h2>\n<p><strong>Material: <\/strong>A\u00e7o inoxid\u00e1vel<br \/><strong>Cor: <\/strong>Prata, ouro, cor personalizada<br \/><strong>Forma: <\/strong>Ret\u00e2ngulo<br \/><strong>Malha: <\/strong>4 treli\u00e7a,6 treli\u00e7a,8 treli\u00e7a<br \/><strong>Embalagem: <\/strong>Saco Opp e caixa de cart\u00e3o<br \/><strong>OEM\/ODM: <\/strong>Dispon\u00edvel<\/p>\n<h2 class=\"wp-block-heading\">De Yongyu Catering Supplies Fabricante :<\/h2>\n<p>Quer se trate de um fornecedor de servi\u00e7os de catering, de um hotel e restaurante ou de uma empresa de planeamento de eventos, fornecemos solu\u00e7\u00f5es personalizadas completas de caixas de temperos por atacado para ajudar a sua empresa com pre\u00e7os de f\u00e1brica de alta qualidade!<\/p>\n<h2><!-- \/wp:paragraph --><\/h2>","protected":false},"featured_media":1885,"comment_status":"closed","ping_status":"closed","template":"","meta":{"_acf_changed":true},"application":[29],"product_brand":[],"product_cat":[22,38],"product_tag":[],"class_list":{"0":"post-1877","1":"product","2":"type-product","3":"status-publish","4":"has-post-thumbnail","6":"application-home-kitchen","7":"product_cat-catering-supplies-wholesale","8":"product_cat-seasoning-box-wholesale","10":"first","11":"instock","12":"shipping-taxable","13":"product-type-simple"},"acf":[],"_links":{"self":[{"href":"https:\/\/www.yongyukitchenware.com\/pt\/wp-json\/wp\/v2\/product\/1877","targetHints":{"allow":["GET"]}}],"collection":[{"href":"https:\/\/www.yongyukitchenware.com\/pt\/wp-json\/wp\/v2\/product"}],"about":[{"href":"https:\/\/www.yongyukitchenware.com\/pt\/wp-json\/wp\/v2\/types\/product"}],"replies":[{"embeddable":true,"href":"https:\/\/www.yongyukitchenware.com\/pt\/wp-json\/wp\/v2\/comments?post=1877"}],"wp:featuredmedia":[{"embeddable":true,"href":"https:\/\/www.yongyukitchenware.com\/pt\/wp-json\/wp\/v2\/media\/1885"}],"wp:attachment":[{"href":"https:\/\/www.yongyukitchenware.com\/pt\/wp-json\/wp\/v2\/media?parent=1877"}],"wp:term":[{"taxonomy":"application","embeddable":true,"href":"https:\/\/www.yongyukitchenware.com\/pt\/wp-json\/wp\/v2\/application?post=1877"},{"taxonomy":"product_brand","embeddable":true,"href":"https:\/\/www.yongyukitchenware.com\/pt\/wp-json\/wp\/v2\/product_brand?post=1877"},{"taxonomy":"product_cat","embeddable":true,"href":"https:\/\/www.yongyukitchenware.com\/pt\/wp-json\/wp\/v2\/product_cat?post=1877"},{"taxonomy":"product_tag","embeddable":true,"href":"https:\/\/www.yongyukitchenware.com\/pt\/wp-json\/wp\/v2\/product_tag?post=1877"}],"curies":[{"name":"wp","href":"https:\/\/api.w.org\/{rel}","templated":true}]}}