{"id":1892,"date":"2024-11-10T05:11:35","date_gmt":"2024-11-10T05:11:35","guid":{"rendered":"https:\/\/www.yongyukitchenware.com\/?post_type=product&#038;p=1892"},"modified":"2025-07-10T09:43:13","modified_gmt":"2025-07-10T09:43:13","slug":"spice-box-wholesale","status":"publish","type":"product","link":"https:\/\/www.yongyukitchenware.com\/pt\/produto\/spice-box-wholesale\/","title":{"rendered":"Caixa de especiarias por atacado em a\u00e7o inoxid\u00e1vel Western 2-6 Lattice"},"content":{"rendered":"<div class=\"wp-block-columns is-layout-flex wp-container-core-columns-is-layout-9d6595d7 wp-block-columns-is-layout-flex\">\n<div class=\"wp-block-column is-layout-flow wp-block-column-is-layout-flow\">\n<h2 class=\"wp-block-heading\">Par\u00e2metro da caixa de especiarias<\/h2>\n\n\n\n<figure class=\"wp-block-table\"><table class=\"has-fixed-layout\"><tbody><tr><td>Modelo<\/td><td>tamanho<\/td><td>Malha<\/td><td>Comprimento * Largura * Altura (cm)<\/td><td>MOQ<\/td><\/tr><tr><td rowspan=\"10\">DY002-TWH<\/td><td rowspan=\"5\">pequeno<\/td><td>2<\/td><td>15,5*15*9cm<\/td><td rowspan=\"10\">60 PE\u00c7AS<\/td><\/tr><tr><td>3<\/td><td>23*15*9cm<\/td><\/tr><tr><td>4<\/td><td>30,5*15*9cm<\/td><\/tr><tr><td>5<\/td><td>38,5*15*9cm<\/td><\/tr><tr><td>6<\/td><td>45,5*15*9cm<\/td><\/tr><tr><td rowspan=\"5\">grande<\/td><td>2<\/td><td>19*16,5*9cm<\/td><\/tr><tr><td>3<\/td><td>28*16,5*9cm<\/td><\/tr><tr><td>4<\/td><td>37*16,5*9cm<\/td><\/tr><tr><td>5<\/td><td>46*16,5*9cm<\/td><\/tr><tr><td>6<\/td><td>56*16,5*9cm<\/td><\/tr><\/tbody><\/table><\/figure>\n<\/div>\n\n\n\n<div class=\"wp-block-column is-layout-flow wp-block-column-is-layout-flow\">\n<h2 class=\"wp-block-heading\">Caixa de especiarias Carater\u00edsticas:<\/h2>\n\n\n\n<p><strong>A\u00e7o inoxid\u00e1vel de alta qualidade: <\/strong>O a\u00e7o inoxid\u00e1vel est\u00e1 dispon\u00edvel 201\/304\uff0c Material espesso, garante qualidade.<\/p>\n\n\n\n<p><strong>Est\u00e3o dispon\u00edveis v\u00e1rias especifica\u00e7\u00f5es:<\/strong> Existem 2 treli\u00e7as, 3 treli\u00e7as, 4 treli\u00e7as, 5 treli\u00e7as e 6 treli\u00e7as \uff0c Est\u00e3o dispon\u00edveis em tamanhos pequenos e grandes.<\/p>\n\n\n\n<p><strong>Independente Caixa interior: <\/strong>Os temperos s\u00e3o embalados separadamente para isolar o sabor e n\u00e3o se misturarem.<\/p>\n\n\n\n<p><strong>A caixa interior pode ser deslocada: <\/strong>A caixa interior em a\u00e7o inoxid\u00e1vel pode ser facilmente retirada e \u00e9 mais conveniente para limpar sem esconder a sujidade.<\/p>\n\n\n\n<p><strong>Tampa em a\u00e7o \u00e0 prova de p\u00f3:<\/strong> \u00c0 prova de p\u00f3 sanit\u00e1rio, pode ser colocado numa sobreposi\u00e7\u00e3o.<\/p>\n\n\n\n<p><strong>Design da jante de rolamento: <\/strong>As extremidades s\u00e3o arredondadas e suaves, f\u00e1ceis de manusear e evitam les\u00f5es nas m\u00e3os.<\/p>\n<\/div>\n<\/div>\n\n\n\n<div class=\"wp-block-columns is-layout-flex wp-container-core-columns-is-layout-9d6595d7 wp-block-columns-is-layout-flex\">\n<div class=\"wp-block-column is-layout-flow wp-block-column-is-layout-flow\">\n<figure class=\"wp-block-image size-full\"><img decoding=\"async\" width=\"800\" height=\"800\" src=\"https:\/\/www.yongyukitchenware.com\/wp-content\/uploads\/2024\/10\/Wholesale-Western-Spice-Box-4.webp\" alt=\"Caixa de especiarias ocidentais por atacado 4\" class=\"wp-image-1896\" srcset=\"https:\/\/www.yongyukitchenware.com\/wp-content\/uploads\/2024\/10\/Wholesale-Western-Spice-Box-4.webp 800w, https:\/\/www.yongyukitchenware.com\/wp-content\/uploads\/2024\/10\/Wholesale-Western-Spice-Box-4-300x300.webp 300w, https:\/\/www.yongyukitchenware.com\/wp-content\/uploads\/2024\/10\/Wholesale-Western-Spice-Box-4-150x150.webp 150w, https:\/\/www.yongyukitchenware.com\/wp-content\/uploads\/2024\/10\/Wholesale-Western-Spice-Box-4-768x768.webp 768w, https:\/\/www.yongyukitchenware.com\/wp-content\/uploads\/2024\/10\/Wholesale-Western-Spice-Box-4-12x12.webp 12w, https:\/\/www.yongyukitchenware.com\/wp-content\/uploads\/2024\/10\/Wholesale-Western-Spice-Box-4-600x600.webp 600w, https:\/\/www.yongyukitchenware.com\/wp-content\/uploads\/2024\/10\/Wholesale-Western-Spice-Box-4-100x100.webp 100w\" sizes=\"(max-width: 800px) 100vw, 800px\" \/><\/figure>\n<\/div>\n\n\n\n<div class=\"wp-block-column is-layout-flow wp-block-column-is-layout-flow\">\n<figure class=\"wp-block-image size-full\"><img decoding=\"async\" width=\"800\" height=\"800\" src=\"https:\/\/www.yongyukitchenware.com\/wp-content\/uploads\/2024\/10\/Wholesale-Western-Spice-Box-5.webp\" alt=\"Caixa de especiarias ocidentais por grosso 5\" class=\"wp-image-1897\" srcset=\"https:\/\/www.yongyukitchenware.com\/wp-content\/uploads\/2024\/10\/Wholesale-Western-Spice-Box-5.webp 800w, https:\/\/www.yongyukitchenware.com\/wp-content\/uploads\/2024\/10\/Wholesale-Western-Spice-Box-5-300x300.webp 300w, https:\/\/www.yongyukitchenware.com\/wp-content\/uploads\/2024\/10\/Wholesale-Western-Spice-Box-5-150x150.webp 150w, https:\/\/www.yongyukitchenware.com\/wp-content\/uploads\/2024\/10\/Wholesale-Western-Spice-Box-5-768x768.webp 768w, https:\/\/www.yongyukitchenware.com\/wp-content\/uploads\/2024\/10\/Wholesale-Western-Spice-Box-5-12x12.webp 12w, https:\/\/www.yongyukitchenware.com\/wp-content\/uploads\/2024\/10\/Wholesale-Western-Spice-Box-5-600x600.webp 600w, https:\/\/www.yongyukitchenware.com\/wp-content\/uploads\/2024\/10\/Wholesale-Western-Spice-Box-5-100x100.webp 100w\" sizes=\"(max-width: 800px) 100vw, 800px\" \/><\/figure>\n<\/div>\n<\/div>","protected":false},"excerpt":{"rendered":"<p>A nossa caixa de especiarias ocidental por atacado foi concebida para hot\u00e9is. \u00c9 dur\u00e1vel e conveniente para armazenar v\u00e1rias especiarias e condimentos. O seu design simples e elegante garante um acesso f\u00e1cil \u00e0s especiarias, tornando-a muito adequada para utiliza\u00e7\u00e3o em catering.<\/p>\n<h2><!-- wp:heading --><\/h2>\n<h2 class=\"wp-block-heading\">Caixa de especiarias Atributos :<\/h2>\n<h2><!-- \/wp:heading --><\/p>\n<p><!-- wp:paragraph --><\/h2>\n<p><strong>Material: <\/strong>A\u00e7o inoxid\u00e1vel<br \/><strong>Cor: <\/strong>Cor prata<br \/><strong>Forma: <\/strong>Ret\u00e2ngulo<br \/><strong>Malha:<\/strong>2 treli\u00e7a,3 treli\u00e7a,4 treli\u00e7a,5 treli\u00e7a,6 treli\u00e7a<br \/><strong>Embalagem: <\/strong>Saco Opp e caixa de cart\u00e3o<br \/><strong>OEM\/ODM: <\/strong>Dispon\u00edvel<\/p>\n<h2 class=\"wp-block-heading\">De Yongyu Catering Supplies Fabricante :<\/h2>\n<p>Quer se trate de um fornecedor de servi\u00e7os de catering, de um hotel e restaurante ou de uma empresa de planeamento de eventos, fornecemos solu\u00e7\u00f5es personalizadas completas de caixas de temperos por atacado para ajudar a sua empresa com pre\u00e7os de f\u00e1brica de alta qualidade!<\/p>\n<h2><!-- \/wp:paragraph --><\/h2>","protected":false},"featured_media":1894,"comment_status":"closed","ping_status":"closed","template":"","meta":{"_acf_changed":true},"application":[29],"product_brand":[],"product_cat":[22,38],"product_tag":[],"class_list":{"0":"post-1892","1":"product","2":"type-product","3":"status-publish","4":"has-post-thumbnail","6":"application-home-kitchen","7":"product_cat-catering-supplies-wholesale","8":"product_cat-seasoning-box-wholesale","10":"first","11":"instock","12":"shipping-taxable","13":"product-type-simple"},"acf":[],"_links":{"self":[{"href":"https:\/\/www.yongyukitchenware.com\/pt\/wp-json\/wp\/v2\/product\/1892","targetHints":{"allow":["GET"]}}],"collection":[{"href":"https:\/\/www.yongyukitchenware.com\/pt\/wp-json\/wp\/v2\/product"}],"about":[{"href":"https:\/\/www.yongyukitchenware.com\/pt\/wp-json\/wp\/v2\/types\/product"}],"replies":[{"embeddable":true,"href":"https:\/\/www.yongyukitchenware.com\/pt\/wp-json\/wp\/v2\/comments?post=1892"}],"wp:featuredmedia":[{"embeddable":true,"href":"https:\/\/www.yongyukitchenware.com\/pt\/wp-json\/wp\/v2\/media\/1894"}],"wp:attachment":[{"href":"https:\/\/www.yongyukitchenware.com\/pt\/wp-json\/wp\/v2\/media?parent=1892"}],"wp:term":[{"taxonomy":"application","embeddable":true,"href":"https:\/\/www.yongyukitchenware.com\/pt\/wp-json\/wp\/v2\/application?post=1892"},{"taxonomy":"product_brand","embeddable":true,"href":"https:\/\/www.yongyukitchenware.com\/pt\/wp-json\/wp\/v2\/product_brand?post=1892"},{"taxonomy":"product_cat","embeddable":true,"href":"https:\/\/www.yongyukitchenware.com\/pt\/wp-json\/wp\/v2\/product_cat?post=1892"},{"taxonomy":"product_tag","embeddable":true,"href":"https:\/\/www.yongyukitchenware.com\/pt\/wp-json\/wp\/v2\/product_tag?post=1892"}],"curies":[{"name":"wp","href":"https:\/\/api.w.org\/{rel}","templated":true}]}}