{"id":1952,"date":"2024-11-16T07:57:01","date_gmt":"2024-11-16T07:57:01","guid":{"rendered":"https:\/\/www.yongyukitchenware.com\/?post_type=product&#038;p=1952"},"modified":"2025-07-10T09:42:12","modified_gmt":"2025-07-10T09:42:12","slug":"wholesale-soup-pot","status":"publish","type":"product","link":"https:\/\/www.yongyukitchenware.com\/pt\/produto\/wholesale-soup-pot\/","title":{"rendered":"Panela para sopa a granel em a\u00e7o inoxid\u00e1vel Balde 12-19L Comercial"},"content":{"rendered":"<div class=\"wp-block-columns is-layout-flex wp-container-core-columns-is-layout-9d6595d7 wp-block-columns-is-layout-flex\">\n<div class=\"wp-block-column is-layout-flow wp-block-column-is-layout-flow\">\n<h2 class=\"wp-block-heading\">Panela de sopa Carater\u00edsticas:<\/h2>\n\n\n\n<p><strong>Material de a\u00e7o inoxid\u00e1vel de alta qualidade<\/strong><br>A\u00e7o inoxid\u00e1vel espessado de qualidade alimentar, resistente ao desgaste, f\u00e1cil de limpar, material seguro<\/p>\n\n\n\n<p><strong>Utiliza\u00e7\u00e3o multifuncional<\/strong><br>Grande capacidade de 12-19L, adequada para v\u00e1rias pessoas, pode ser utilizada em cozinhas comerciais para ferver \u00e1gua, fazer sopa e guisado<\/p>\n\n\n\n<p><strong>Tampa afundada<\/strong><br>A tampa foi concebida para ser rebaixada para evitar que o l\u00edquido a ferver transborde e pode ser pendurada ao mesmo tempo, o que \u00e9 pr\u00e1tico e higi\u00e9nico de utilizar<\/p>\n\n\n\n<p><strong>Escala interna clara<\/strong><br>A panela de sopa tem uma escala de capacidade clara no interior, e o l\u00edquido adequado pode ser adicionado de acordo com as necessidades.<\/p>\n\n\n\n<h2 class=\"wp-block-heading\">Tamanho da panela de sopa:<\/h2>\n\n\n\n<figure class=\"wp-block-table\"><table class=\"has-fixed-layout\"><tbody><tr><td>Modelo<\/td><td>Especifica\u00e7\u00e3o<\/td><td>tamanho<\/td><td>peso\uff08kg\uff09<\/td><td>MOQ<\/td><\/tr><tr><td rowspan=\"16\">DY020-T<\/td><td rowspan=\"7\">Balde de sopa<\/td><td>25*26cm<\/td><td>1,6 kg<\/td><td rowspan=\"16\">20 PE\u00c7AS<\/td><\/tr><tr><td>30*31cm<\/td><td>2,75 kg<\/td><\/tr><tr><td>35*36cm<\/td><td>3,5 kg<\/td><\/tr><tr><td>40*41cm<\/td><td>5 kg<\/td><\/tr><tr><td>45*46cm<\/td><td>6 kg<\/td><\/tr><tr><td>50*51cm<\/td><td>7,5 kg<\/td><\/tr><tr><td>60*61cm<\/td><td>10,4 kg<\/td><\/tr><tr><td rowspan=\"6\">Panela de sopa<\/td><td>30*23cm<\/td><td>2,2 kg<\/td><\/tr><tr><td>35*25cm<\/td><td>2,65 kg<\/td><\/tr><tr><td>40*27cm<\/td><td>3,6 kg<\/td><\/tr><tr><td>45*29cm<\/td><td>4,5 kg<\/td><\/tr><tr><td>50*31cm<\/td><td>5,25 kg<\/td><\/tr><tr><td>60*35cm<\/td><td>7,75 kg<\/td><\/tr><tr><td rowspan=\"3\">Balde (com balan\u00e7a)<\/td><td>25*26cm<\/td><td>1,6 kg<\/td><\/tr><tr><td>30*31cm<\/td><td>2,75 kg<\/td><\/tr><tr><td>35*36cm<\/td><td>3,5 kg<\/td><\/tr><\/tbody><\/table><\/figure>\n<\/div>\n\n\n\n<div class=\"wp-block-column is-layout-flow wp-block-column-is-layout-flow\">\n<figure class=\"wp-block-image size-full\"><img decoding=\"async\" width=\"1280\" height=\"1280\" src=\"https:\/\/www.yongyukitchenware.com\/wp-content\/uploads\/2024\/10\/soup-pot-6.webp\" alt=\"panela de sopa-6\" class=\"wp-image-1957\" srcset=\"https:\/\/www.yongyukitchenware.com\/wp-content\/uploads\/2024\/10\/soup-pot-6.webp 1280w, https:\/\/www.yongyukitchenware.com\/wp-content\/uploads\/2024\/10\/soup-pot-6-300x300.webp 300w, https:\/\/www.yongyukitchenware.com\/wp-content\/uploads\/2024\/10\/soup-pot-6-150x150.webp 150w, https:\/\/www.yongyukitchenware.com\/wp-content\/uploads\/2024\/10\/soup-pot-6-768x768.webp 768w, https:\/\/www.yongyukitchenware.com\/wp-content\/uploads\/2024\/10\/soup-pot-6-12x12.webp 12w, https:\/\/www.yongyukitchenware.com\/wp-content\/uploads\/2024\/10\/soup-pot-6-1200x1200.webp 1200w, https:\/\/www.yongyukitchenware.com\/wp-content\/uploads\/2024\/10\/soup-pot-6-600x600.webp 600w, https:\/\/www.yongyukitchenware.com\/wp-content\/uploads\/2024\/10\/soup-pot-6-100x100.webp 100w\" sizes=\"(max-width: 1280px) 100vw, 1280px\" \/><\/figure>\n\n\n\n<figure class=\"wp-block-image size-full is-style-rounded\"><img decoding=\"async\" width=\"1280\" height=\"1280\" src=\"https:\/\/www.yongyukitchenware.com\/wp-content\/uploads\/2024\/10\/soup-pot-11.webp\" alt=\"panela de sopa-11\" class=\"wp-image-1958\" style=\"aspect-ratio:1;object-fit:cover\" srcset=\"https:\/\/www.yongyukitchenware.com\/wp-content\/uploads\/2024\/10\/soup-pot-11.webp 1280w, https:\/\/www.yongyukitchenware.com\/wp-content\/uploads\/2024\/10\/soup-pot-11-300x300.webp 300w, https:\/\/www.yongyukitchenware.com\/wp-content\/uploads\/2024\/10\/soup-pot-11-150x150.webp 150w, https:\/\/www.yongyukitchenware.com\/wp-content\/uploads\/2024\/10\/soup-pot-11-768x768.webp 768w, https:\/\/www.yongyukitchenware.com\/wp-content\/uploads\/2024\/10\/soup-pot-11-12x12.webp 12w, https:\/\/www.yongyukitchenware.com\/wp-content\/uploads\/2024\/10\/soup-pot-11-1200x1200.webp 1200w, https:\/\/www.yongyukitchenware.com\/wp-content\/uploads\/2024\/10\/soup-pot-11-600x600.webp 600w, https:\/\/www.yongyukitchenware.com\/wp-content\/uploads\/2024\/10\/soup-pot-11-100x100.webp 100w\" sizes=\"(max-width: 1280px) 100vw, 1280px\" \/><\/figure>\n<\/div>\n<\/div>\n\n\n\n<p><\/p>","protected":false},"excerpt":{"rendered":"<p>Panela de sopa por atacado a pre\u00e7o de f\u00e1brica, material de a\u00e7o inoxid\u00e1vel, 12-19L de grande capacidade, panela de sopa de ferramentas do com\u00e9rcio. O melhor desconto \u00e9 para o costume a granel, fornecendo o servi\u00e7o Amazon FBA e outros servi\u00e7os de com\u00e9rcio eletr\u00f3nico. Bem-vindo a consultar-nos.<\/p>\n<h2>Panela de sopa Atributo:<\/h2>\n<p><strong>Material:<\/strong> a\u00e7o inoxid\u00e1vel<br \/><strong>Pega:<\/strong> pega grossa<br \/><strong>Tamanhos:<\/strong> 12-16 L<br \/><strong>Design do balde:<\/strong> polimento espelhado e fundo plano engrossado<br \/><strong>Embalagem:<\/strong> saco\/grupo\/caixa de cart\u00e3o ou personalizado<br \/><strong>OEM\/ODM:<\/strong> facultativo<\/p>\n<h2 class=\"wp-block-heading\">Do fabricante de utens\u00edlios de cozinha Yongyu:<\/h2>\n<p>Yongyu \u00e9 um fabricante profissional de utens\u00edlios de cozinha. Os nossos produtos incluem todos os tipos de utens\u00edlios de cozinha em a\u00e7o inoxid\u00e1vel e acess\u00f3rios de cozinha. N\u00f3s fornecemos solu\u00e7\u00f5es personalizadas com produtos de alta qualidade a pre\u00e7os de f\u00e1brica.<\/p>","protected":false},"featured_media":1953,"comment_status":"closed","ping_status":"closed","template":"","meta":{"_acf_changed":true},"application":[29,30],"product_brand":[],"product_cat":[22,41],"product_tag":[],"class_list":{"0":"post-1952","1":"product","2":"type-product","3":"status-publish","4":"has-post-thumbnail","6":"application-home-kitchen","7":"application-hotel-catering","8":"product_cat-catering-supplies-wholesale","9":"product_cat-soup-pot-wholesale","11":"first","12":"instock","13":"shipping-taxable","14":"product-type-simple"},"acf":[],"_links":{"self":[{"href":"https:\/\/www.yongyukitchenware.com\/pt\/wp-json\/wp\/v2\/product\/1952","targetHints":{"allow":["GET"]}}],"collection":[{"href":"https:\/\/www.yongyukitchenware.com\/pt\/wp-json\/wp\/v2\/product"}],"about":[{"href":"https:\/\/www.yongyukitchenware.com\/pt\/wp-json\/wp\/v2\/types\/product"}],"replies":[{"embeddable":true,"href":"https:\/\/www.yongyukitchenware.com\/pt\/wp-json\/wp\/v2\/comments?post=1952"}],"wp:featuredmedia":[{"embeddable":true,"href":"https:\/\/www.yongyukitchenware.com\/pt\/wp-json\/wp\/v2\/media\/1953"}],"wp:attachment":[{"href":"https:\/\/www.yongyukitchenware.com\/pt\/wp-json\/wp\/v2\/media?parent=1952"}],"wp:term":[{"taxonomy":"application","embeddable":true,"href":"https:\/\/www.yongyukitchenware.com\/pt\/wp-json\/wp\/v2\/application?post=1952"},{"taxonomy":"product_brand","embeddable":true,"href":"https:\/\/www.yongyukitchenware.com\/pt\/wp-json\/wp\/v2\/product_brand?post=1952"},{"taxonomy":"product_cat","embeddable":true,"href":"https:\/\/www.yongyukitchenware.com\/pt\/wp-json\/wp\/v2\/product_cat?post=1952"},{"taxonomy":"product_tag","embeddable":true,"href":"https:\/\/www.yongyukitchenware.com\/pt\/wp-json\/wp\/v2\/product_tag?post=1952"}],"curies":[{"name":"wp","href":"https:\/\/api.w.org\/{rel}","templated":true}]}}