{"id":1984,"date":"2024-11-16T07:11:17","date_gmt":"2024-11-16T07:11:17","guid":{"rendered":"https:\/\/www.yongyukitchenware.com\/?post_type=product&#038;p=1984"},"modified":"2025-06-26T07:45:25","modified_gmt":"2025-06-26T07:45:25","slug":"wholesale-soup-bucket","status":"publish","type":"product","link":"https:\/\/www.yongyukitchenware.com\/pt\/produto\/wholesale-soup-bucket\/","title":{"rendered":"Balde de sopa direto da f\u00e1brica em a\u00e7o inoxid\u00e1vel grande com fundo economizador de energia Comercial"},"content":{"rendered":"<div class=\"wp-block-columns is-layout-flex wp-container-core-columns-is-layout-9d6595d7 wp-block-columns-is-layout-flex\">\n<div class=\"wp-block-column is-layout-flow wp-block-column-is-layout-flow\">\n<h2 class=\"wp-block-heading\">Balde de sopa Carater\u00edsticas:<\/h2>\n\n\n\n<p><strong>Material em a\u00e7o inoxid\u00e1vel espessado: <\/strong>a sele\u00e7\u00e3o de a\u00e7o de qualidade alimentar, seguran\u00e7a dos materiais, durabilidade<br><strong>Design de grande capacidade: <\/strong>adequado para cozinha comercial \u00e1gua a ferver, sopa, refogar uma vez feito, muitas pessoas usam ao mesmo tempo<br><strong>Desenho da tampa: <\/strong>Tampa rebaixada para evitar que o l\u00edquido se derrame, A tampa pode ser pendurada, pode ser pendurada na extremidade do balde quando est\u00e1 inativo, poupando espa\u00e7o e n\u00e3o tocando no ambiente de trabalho<br><strong>Conce\u00e7\u00e3o da escala: <\/strong>Escala de capacidade de grava\u00e7\u00e3o interna, que permite compreender claramente a capacidade, mais conveniente de utilizar<br><strong>Tratamento de polimento de espelhos:<\/strong> a superf\u00edcie \u00e9 brilhante como um espelho, f\u00e1cil de limpar<\/p>\n\n\n\n<figure class=\"wp-block-image size-full is-style-default\"><img decoding=\"async\" width=\"800\" height=\"800\" src=\"https:\/\/www.yongyukitchenware.com\/wp-content\/uploads\/2024\/10\/soup-bucket-wholesale-5.webp\" alt=\"balde de sopa por atacado\" class=\"wp-image-2266\" style=\"aspect-ratio:1;object-fit:cover\" srcset=\"https:\/\/www.yongyukitchenware.com\/wp-content\/uploads\/2024\/10\/soup-bucket-wholesale-5.webp 800w, https:\/\/www.yongyukitchenware.com\/wp-content\/uploads\/2024\/10\/soup-bucket-wholesale-5-300x300.webp 300w, https:\/\/www.yongyukitchenware.com\/wp-content\/uploads\/2024\/10\/soup-bucket-wholesale-5-150x150.webp 150w, https:\/\/www.yongyukitchenware.com\/wp-content\/uploads\/2024\/10\/soup-bucket-wholesale-5-768x768.webp 768w, https:\/\/www.yongyukitchenware.com\/wp-content\/uploads\/2024\/10\/soup-bucket-wholesale-5-12x12.webp 12w, https:\/\/www.yongyukitchenware.com\/wp-content\/uploads\/2024\/10\/soup-bucket-wholesale-5-600x600.webp 600w, https:\/\/www.yongyukitchenware.com\/wp-content\/uploads\/2024\/10\/soup-bucket-wholesale-5-100x100.webp 100w\" sizes=\"(max-width: 800px) 100vw, 800px\" \/><\/figure>\n<\/div>\n\n\n\n<div class=\"wp-block-column is-layout-flow wp-block-column-is-layout-flow\">\n<figure class=\"wp-block-image size-full is-style-default\"><img decoding=\"async\" width=\"800\" height=\"800\" src=\"https:\/\/www.yongyukitchenware.com\/wp-content\/uploads\/2024\/10\/soup-bucket-wholesale-4.webp\" alt=\"balde de sopa por atacado\" class=\"wp-image-2265\" srcset=\"https:\/\/www.yongyukitchenware.com\/wp-content\/uploads\/2024\/10\/soup-bucket-wholesale-4.webp 800w, https:\/\/www.yongyukitchenware.com\/wp-content\/uploads\/2024\/10\/soup-bucket-wholesale-4-300x300.webp 300w, https:\/\/www.yongyukitchenware.com\/wp-content\/uploads\/2024\/10\/soup-bucket-wholesale-4-150x150.webp 150w, https:\/\/www.yongyukitchenware.com\/wp-content\/uploads\/2024\/10\/soup-bucket-wholesale-4-768x768.webp 768w, https:\/\/www.yongyukitchenware.com\/wp-content\/uploads\/2024\/10\/soup-bucket-wholesale-4-12x12.webp 12w, https:\/\/www.yongyukitchenware.com\/wp-content\/uploads\/2024\/10\/soup-bucket-wholesale-4-600x600.webp 600w, https:\/\/www.yongyukitchenware.com\/wp-content\/uploads\/2024\/10\/soup-bucket-wholesale-4-100x100.webp 100w\" sizes=\"(max-width: 800px) 100vw, 800px\" \/><\/figure>\n\n\n\n<h2 class=\"wp-block-heading\">Tamanho do balde de sopa:<\/h2>\n\n\n\n<figure class=\"wp-block-table\"><table class=\"has-fixed-layout\"><tbody><tr><td>Modelo<\/td><td>Especifica\u00e7\u00e3o<\/td><td>Tamanho<\/td><td>Peso\uff08kg\uff09<\/td><td>MOQ<\/td><\/tr><tr><td rowspan=\"15\">DY019-T<\/td><td rowspan=\"5\">5.0 Balde de sopa (com balan\u00e7a)<\/td><td>30*31cm<\/td><td>2,6 kg<\/td><td rowspan=\"15\">10 PE\u00c7AS<\/td><\/tr><tr><td>35*36cm<\/td><td>3,5 kg<\/td><\/tr><tr><td>40*42cm<\/td><td>4,35 kg<\/td><\/tr><tr><td>45*46cm<\/td><td>5,4 kg<\/td><\/tr><tr><td>50*51cm<\/td><td>6,6 kg<\/td><\/tr><tr><td rowspan=\"5\">6.0 Balde de sopa (com balan\u00e7a)<\/td><td>35*36cm<\/td><td>3,9 kg<\/td><\/tr><tr><td>40*42cm<\/td><td>4,9 kg<\/td><\/tr><tr><td>45*46cm<\/td><td>6,4 kg<\/td><\/tr><tr><td>50*51cm<\/td><td>8 kg<\/td><\/tr><tr><td>60*61cm<\/td><td>11 kg<\/td><\/tr><tr><td rowspan=\"5\">6.0 Panela de sopa (com balan\u00e7a)<\/td><td>35*26cm<\/td><td>3,1 kg<\/td><\/tr><tr><td>40*28cm<\/td><td>3,9 kg<\/td><\/tr><tr><td>45*30cm<\/td><td>5,1 kg<\/td><\/tr><tr><td>50*32cm<\/td><td>6 kg<\/td><\/tr><tr><td>60*37cm<\/td><td>8,4 kg<\/td><\/tr><\/tbody><\/table><\/figure>\n<\/div>\n<\/div>\n\n\n\n<p><\/p>","protected":false},"excerpt":{"rendered":"<p>Yongyu \u00e9 um fornecedor confi\u00e1vel de baldes de sopa de a\u00e7o inoxid\u00e1vel, nossos baldes dom\u00e9sticos e comerciais t\u00eam constru\u00e7\u00e3o dur\u00e1vel e al\u00e7as robustas, grande capacidade e forte suporte de carga, e n\u00f3s apoiamos as vendas da Amazon!<\/p>\n<h2>Balde de sopa Atributo:<\/h2>\n<p><strong>Material:<\/strong> a\u00e7o inoxid\u00e1vel<br \/><strong>Pega:<\/strong> pega grossa<br \/><strong>Tamanhos:<\/strong> 12-16 L<br \/><strong>Design do balde:<\/strong> polimento espelhado e fundo plano engrossado<br \/><strong>Embalagem:<\/strong> saco\/grupo\/caixa de cart\u00e3o ou personalizado<br \/><strong>OEM\/ODM:<\/strong> facultativo<\/p>\n<h2 class=\"wp-block-heading\">Do fabricante de utens\u00edlios de cozinha Yongyu:<\/h2>\n<p>Yongyu \u00e9 um fabricante profissional de utens\u00edlios de cozinha. Os nossos produtos incluem todos os tipos de utens\u00edlios de cozinha em a\u00e7o inoxid\u00e1vel e acess\u00f3rios de cozinha. N\u00f3s fornecemos solu\u00e7\u00f5es personalizadas com produtos de alta qualidade a pre\u00e7os de f\u00e1brica.<\/p>","protected":false},"featured_media":2264,"comment_status":"closed","ping_status":"closed","template":"","meta":{"_acf_changed":true},"application":[29,30],"product_brand":[],"product_cat":[22,41],"product_tag":[],"class_list":{"0":"post-1984","1":"product","2":"type-product","3":"status-publish","4":"has-post-thumbnail","6":"application-home-kitchen","7":"application-hotel-catering","8":"product_cat-catering-supplies-wholesale","9":"product_cat-soup-pot-wholesale","11":"first","12":"instock","13":"shipping-taxable","14":"product-type-simple"},"acf":[],"_links":{"self":[{"href":"https:\/\/www.yongyukitchenware.com\/pt\/wp-json\/wp\/v2\/product\/1984","targetHints":{"allow":["GET"]}}],"collection":[{"href":"https:\/\/www.yongyukitchenware.com\/pt\/wp-json\/wp\/v2\/product"}],"about":[{"href":"https:\/\/www.yongyukitchenware.com\/pt\/wp-json\/wp\/v2\/types\/product"}],"replies":[{"embeddable":true,"href":"https:\/\/www.yongyukitchenware.com\/pt\/wp-json\/wp\/v2\/comments?post=1984"}],"wp:featuredmedia":[{"embeddable":true,"href":"https:\/\/www.yongyukitchenware.com\/pt\/wp-json\/wp\/v2\/media\/2264"}],"wp:attachment":[{"href":"https:\/\/www.yongyukitchenware.com\/pt\/wp-json\/wp\/v2\/media?parent=1984"}],"wp:term":[{"taxonomy":"application","embeddable":true,"href":"https:\/\/www.yongyukitchenware.com\/pt\/wp-json\/wp\/v2\/application?post=1984"},{"taxonomy":"product_brand","embeddable":true,"href":"https:\/\/www.yongyukitchenware.com\/pt\/wp-json\/wp\/v2\/product_brand?post=1984"},{"taxonomy":"product_cat","embeddable":true,"href":"https:\/\/www.yongyukitchenware.com\/pt\/wp-json\/wp\/v2\/product_cat?post=1984"},{"taxonomy":"product_tag","embeddable":true,"href":"https:\/\/www.yongyukitchenware.com\/pt\/wp-json\/wp\/v2\/product_tag?post=1984"}],"curies":[{"name":"wp","href":"https:\/\/api.w.org\/{rel}","templated":true}]}}