{"id":1991,"date":"2024-11-30T02:24:58","date_gmt":"2024-11-30T02:24:58","guid":{"rendered":"https:\/\/www.yongyukitchenware.com\/?post_type=product&#038;p=1991"},"modified":"2025-06-26T07:58:57","modified_gmt":"2025-06-26T07:58:57","slug":"big-soup-pot-wholesale","status":"publish","type":"product","link":"https:\/\/www.yongyukitchenware.com\/pt\/produto\/big-soup-pot-wholesale\/","title":{"rendered":"Panela de sopa grande por atacado Panelas de a\u00e7o inoxid\u00e1vel para uso comercial"},"content":{"rendered":"<div class=\"wp-block-columns is-layout-flex wp-container-core-columns-is-layout-9d6595d7 wp-block-columns-is-layout-flex\">\n<div class=\"wp-block-column is-layout-flow wp-block-column-is-layout-flow\">\n<h2 class=\"wp-block-heading\">Panela de sopa grande Carater\u00edsticas:<\/h2>\n\n\n\n<p><strong>Material em a\u00e7o inoxid\u00e1vel espessado: <\/strong>a sele\u00e7\u00e3o de a\u00e7o de qualidade alimentar de alta qualidade, seguran\u00e7a material, dur\u00e1vel<br><br><strong>Design de grande capacidade: <\/strong>adequado para cozinha comercial \u00e1gua a ferver, sopa, refogar uma vez feito, muitas pessoas usam ao mesmo tempo<\/p>\n\n\n\n<p><strong>Design de espessamento do fundo em a\u00e7o composto: <\/strong>adequado para uma variedade de fog\u00f5es, aquecimento uniforme<\/p>\n\n\n\n<p><strong>Desenho da tampa: <\/strong>Tampa rebaixada para evitar que o l\u00edquido se derrame. A tampa pode ser pendurada, pode ser virada para a extremidade do balde quando est\u00e1 inativa, poupando espa\u00e7o e n\u00e3o tocando no ambiente de trabalho<\/p>\n\n\n\n<p><strong>Conce\u00e7\u00e3o da escala: <\/strong>Escala de capacidade de grava\u00e7\u00e3o interna, que permite compreender claramente a capacidade, o que \u00e9 mais c\u00f3modo de utilizar.<\/p>\n\n\n\n<p><strong>Tratamento de polimento de espelhos:<\/strong> a superf\u00edcie \u00e9 brilhante como um espelho, f\u00e1cil de limpar<\/p>\n<\/div>\n\n\n\n<div class=\"wp-block-column is-layout-flow wp-block-column-is-layout-flow\">\n<figure class=\"wp-block-image size-full is-style-default\"><img decoding=\"async\" width=\"800\" height=\"800\" src=\"https:\/\/www.yongyukitchenware.com\/wp-content\/uploads\/2024\/10\/big-soup-pot-12.webp\" alt=\"panela de sopa grande-12\" class=\"wp-image-1998\" srcset=\"https:\/\/www.yongyukitchenware.com\/wp-content\/uploads\/2024\/10\/big-soup-pot-12.webp 800w, https:\/\/www.yongyukitchenware.com\/wp-content\/uploads\/2024\/10\/big-soup-pot-12-300x300.webp 300w, https:\/\/www.yongyukitchenware.com\/wp-content\/uploads\/2024\/10\/big-soup-pot-12-150x150.webp 150w, https:\/\/www.yongyukitchenware.com\/wp-content\/uploads\/2024\/10\/big-soup-pot-12-768x768.webp 768w, https:\/\/www.yongyukitchenware.com\/wp-content\/uploads\/2024\/10\/big-soup-pot-12-12x12.webp 12w, https:\/\/www.yongyukitchenware.com\/wp-content\/uploads\/2024\/10\/big-soup-pot-12-600x600.webp 600w, https:\/\/www.yongyukitchenware.com\/wp-content\/uploads\/2024\/10\/big-soup-pot-12-100x100.webp 100w\" sizes=\"(max-width: 800px) 100vw, 800px\" \/><\/figure>\n<\/div>\n<\/div>\n\n\n\n<div class=\"wp-block-columns is-layout-flex wp-container-core-columns-is-layout-9d6595d7 wp-block-columns-is-layout-flex\">\n<div class=\"wp-block-column is-layout-flow wp-block-column-is-layout-flow\">\n<figure class=\"wp-block-image size-full is-style-default\"><img decoding=\"async\" width=\"800\" height=\"800\" src=\"https:\/\/www.yongyukitchenware.com\/wp-content\/uploads\/2024\/10\/big-soup-pot-11.webp\" alt=\"panela de sopa grande-11\" class=\"wp-image-1999\" style=\"aspect-ratio:1;object-fit:cover\" srcset=\"https:\/\/www.yongyukitchenware.com\/wp-content\/uploads\/2024\/10\/big-soup-pot-11.webp 800w, https:\/\/www.yongyukitchenware.com\/wp-content\/uploads\/2024\/10\/big-soup-pot-11-300x300.webp 300w, https:\/\/www.yongyukitchenware.com\/wp-content\/uploads\/2024\/10\/big-soup-pot-11-150x150.webp 150w, https:\/\/www.yongyukitchenware.com\/wp-content\/uploads\/2024\/10\/big-soup-pot-11-768x768.webp 768w, https:\/\/www.yongyukitchenware.com\/wp-content\/uploads\/2024\/10\/big-soup-pot-11-12x12.webp 12w, https:\/\/www.yongyukitchenware.com\/wp-content\/uploads\/2024\/10\/big-soup-pot-11-600x600.webp 600w, https:\/\/www.yongyukitchenware.com\/wp-content\/uploads\/2024\/10\/big-soup-pot-11-100x100.webp 100w\" sizes=\"(max-width: 800px) 100vw, 800px\" \/><\/figure>\n<\/div>\n\n\n\n<div class=\"wp-block-column is-layout-flow wp-block-column-is-layout-flow\">\n<h2 class=\"wp-block-heading\">Tamanho da panela de sopa grande:<\/h2>\n\n\n\n<figure class=\"wp-block-table\"><table class=\"has-fixed-layout\"><tbody><tr><td>Modelo<\/td><td>Especifica\u00e7\u00e3o<\/td><td>Tamanho<\/td><td>Peso\uff08kg\uff09<\/td><td>MOQ<\/td><\/tr><tr><td rowspan=\"11\">DY018-T<\/td><td rowspan=\"6\">Balde de sopa (com balan\u00e7a)<\/td><td>30*31cm<\/td><td>3kg<\/td><td rowspan=\"11\">10 PE\u00c7AS<\/td><\/tr><tr><td>35*36cm<\/td><td>3,8 kg<\/td><\/tr><tr><td>40*41cm<\/td><td>5 kg<\/td><\/tr><tr><td>45*46cm<\/td><td>6,5 kg<\/td><\/tr><tr><td>50*51cm<\/td><td>8 kg<\/td><\/tr><tr><td>60*61cm<\/td><td>11 kg<\/td><\/tr><tr><td rowspan=\"5\">Panela de sopa (com balan\u00e7a)<\/td><td>30*23cm<\/td><td>2,6 kg<\/td><\/tr><tr><td>35*25cm<\/td><td>3,35 kg<\/td><\/tr><tr><td>40*27cm<\/td><td>3,8 kg<\/td><\/tr><tr><td>45*29cm<\/td><td>5,15 kg<\/td><\/tr><tr><td>50*31cm<\/td><td>6 kg<\/td><\/tr><\/tbody><\/table><\/figure>\n<\/div>\n<\/div>","protected":false},"excerpt":{"rendered":"<p>Panela de sopa grande de a\u00e7o inoxid\u00e1vel por atacado e personalizada, design de fundo grosso, aquecimento uniforme. Grande capacidade adequada para uso comercial ou multi-pessoa. Vendas diretas da f\u00e1brica, alta qualidade e garantia de custo-benef\u00edcio. Bem-vindo ao inqu\u00e9rito.<\/p>\n<h2>Panela de sopa grande Atributo:<\/h2>\n<p><strong>Material:<\/strong> A\u00e7o inoxid\u00e1vel<br \/><strong>Desenho do fundo:<\/strong>\u00a0 Espessamento de a\u00e7o composto<br \/><strong>Tamanhos:<\/strong> 12-19 L<br \/><strong>Embalagem:<\/strong> Saco\/grupo\/caixa de cart\u00e3o ou personalizado<br \/><strong>OEM\/ODM:<\/strong> facultativo<\/p>\n<h2 class=\"wp-block-heading\">Do fabricante de utens\u00edlios de cozinha Yongyu:<\/h2>\n<p>Yongyu \u00e9 um fabricante profissional de utens\u00edlios de cozinha. Os nossos produtos incluem todos os tipos de utens\u00edlios de cozinha em a\u00e7o inoxid\u00e1vel e acess\u00f3rios de cozinha. N\u00f3s fornecemos solu\u00e7\u00f5es personalizadas com produtos de alta qualidade a pre\u00e7os de f\u00e1brica.<\/p>","protected":false},"featured_media":1994,"comment_status":"closed","ping_status":"closed","template":"","meta":{"_acf_changed":true},"application":[29,30],"product_brand":[],"product_cat":[22,41],"product_tag":[],"class_list":{"0":"post-1991","1":"product","2":"type-product","3":"status-publish","4":"has-post-thumbnail","6":"application-home-kitchen","7":"application-hotel-catering","8":"product_cat-catering-supplies-wholesale","9":"product_cat-soup-pot-wholesale","11":"first","12":"instock","13":"shipping-taxable","14":"product-type-simple"},"acf":[],"_links":{"self":[{"href":"https:\/\/www.yongyukitchenware.com\/pt\/wp-json\/wp\/v2\/product\/1991","targetHints":{"allow":["GET"]}}],"collection":[{"href":"https:\/\/www.yongyukitchenware.com\/pt\/wp-json\/wp\/v2\/product"}],"about":[{"href":"https:\/\/www.yongyukitchenware.com\/pt\/wp-json\/wp\/v2\/types\/product"}],"replies":[{"embeddable":true,"href":"https:\/\/www.yongyukitchenware.com\/pt\/wp-json\/wp\/v2\/comments?post=1991"}],"wp:featuredmedia":[{"embeddable":true,"href":"https:\/\/www.yongyukitchenware.com\/pt\/wp-json\/wp\/v2\/media\/1994"}],"wp:attachment":[{"href":"https:\/\/www.yongyukitchenware.com\/pt\/wp-json\/wp\/v2\/media?parent=1991"}],"wp:term":[{"taxonomy":"application","embeddable":true,"href":"https:\/\/www.yongyukitchenware.com\/pt\/wp-json\/wp\/v2\/application?post=1991"},{"taxonomy":"product_brand","embeddable":true,"href":"https:\/\/www.yongyukitchenware.com\/pt\/wp-json\/wp\/v2\/product_brand?post=1991"},{"taxonomy":"product_cat","embeddable":true,"href":"https:\/\/www.yongyukitchenware.com\/pt\/wp-json\/wp\/v2\/product_cat?post=1991"},{"taxonomy":"product_tag","embeddable":true,"href":"https:\/\/www.yongyukitchenware.com\/pt\/wp-json\/wp\/v2\/product_tag?post=1991"}],"curies":[{"name":"wp","href":"https:\/\/api.w.org\/{rel}","templated":true}]}}