{"id":2000,"date":"2024-11-16T08:29:48","date_gmt":"2024-11-16T08:29:48","guid":{"rendered":"https:\/\/www.yongyukitchenware.com\/?post_type=product&#038;p=2000"},"modified":"2025-06-26T07:43:01","modified_gmt":"2025-06-26T07:43:01","slug":"wholesale-stainless-steel-stock-pot","status":"publish","type":"product","link":"https:\/\/www.yongyukitchenware.com\/pt\/produto\/wholesale-stainless-steel-stock-pot\/","title":{"rendered":"Panela de a\u00e7o inoxid\u00e1vel grande 12-16L para cozinhar sopa"},"content":{"rendered":"<div class=\"wp-block-columns is-layout-flex wp-container-core-columns-is-layout-9d6595d7 wp-block-columns-is-layout-flex\">\n<div class=\"wp-block-column is-layout-flow wp-block-column-is-layout-flow\">\n<h2 class=\"wp-block-heading\">Panela de a\u00e7o inoxid\u00e1vel Carater\u00edsticas:<\/h2>\n\n\n\n<p><strong>Materiais de alta qualidade<\/strong><br>Fabricado em a\u00e7o inoxid\u00e1vel de qualidade alimentar, seguro, duradouro e adequado para um contacto prolongado com os alimentos.<\/p>\n\n\n\n<p><strong>Conserva\u00e7\u00e3o eficiente do calor<\/strong><br>O design de camada dupla e o material de paredes espessas podem manter a temperatura da sopa durante muito tempo.<\/p>\n\n\n\n<p><strong>Design dur\u00e1vel<\/strong><br>O cano grosso e a pega firme garantem que n\u00e3o se deforma facilmente durante a utiliza\u00e7\u00e3o e suporta uma utiliza\u00e7\u00e3o intensiva.<\/p>\n\n\n\n<p><strong>Equipado com tampa anti-transbordamento<\/strong><br>Evita a fuga de l\u00edquidos e garante um transporte e armazenamento seguros.<\/p>\n\n\n\n<p><strong>Polivalente<\/strong><br>Pode ser utilizado para guardar sopas, guisados, bebidas, etc., adequado para restaurantes, buffets, reuni\u00f5es ao ar livre e outros cen\u00e1rios.<\/p>\n\n\n\n<p><strong>Servi\u00e7o personalizado<\/strong><br>O log\u00f3tipo personalizado, o tamanho ou o design de fun\u00e7\u00f5es especiais podem ser fornecidos para satisfazer as necessidades da marca ou da empresa.<\/p>\n<\/div>\n\n\n\n<div class=\"wp-block-column is-layout-flow wp-block-column-is-layout-flow\">\n<figure class=\"wp-block-image size-full is-style-default\"><img decoding=\"async\" width=\"800\" height=\"800\" src=\"https:\/\/www.yongyukitchenware.com\/wp-content\/uploads\/2024\/10\/Stainless-Steel-Stock-Pot-Wholesale-5.webp\" alt=\"Panela de a\u00e7o inoxid\u00e1vel por atacado\" class=\"wp-image-2281\" srcset=\"https:\/\/www.yongyukitchenware.com\/wp-content\/uploads\/2024\/10\/Stainless-Steel-Stock-Pot-Wholesale-5.webp 800w, https:\/\/www.yongyukitchenware.com\/wp-content\/uploads\/2024\/10\/Stainless-Steel-Stock-Pot-Wholesale-5-300x300.webp 300w, https:\/\/www.yongyukitchenware.com\/wp-content\/uploads\/2024\/10\/Stainless-Steel-Stock-Pot-Wholesale-5-150x150.webp 150w, https:\/\/www.yongyukitchenware.com\/wp-content\/uploads\/2024\/10\/Stainless-Steel-Stock-Pot-Wholesale-5-768x768.webp 768w, https:\/\/www.yongyukitchenware.com\/wp-content\/uploads\/2024\/10\/Stainless-Steel-Stock-Pot-Wholesale-5-12x12.webp 12w, https:\/\/www.yongyukitchenware.com\/wp-content\/uploads\/2024\/10\/Stainless-Steel-Stock-Pot-Wholesale-5-600x600.webp 600w, https:\/\/www.yongyukitchenware.com\/wp-content\/uploads\/2024\/10\/Stainless-Steel-Stock-Pot-Wholesale-5-100x100.webp 100w\" sizes=\"(max-width: 800px) 100vw, 800px\" \/><\/figure>\n<\/div>\n<\/div>\n\n\n\n<div class=\"wp-block-columns is-layout-flex wp-container-core-columns-is-layout-9d6595d7 wp-block-columns-is-layout-flex\">\n<div class=\"wp-block-column is-layout-flow wp-block-column-is-layout-flow\">\n<figure class=\"wp-block-image size-full is-style-default\"><img decoding=\"async\" width=\"800\" height=\"800\" src=\"https:\/\/www.yongyukitchenware.com\/wp-content\/uploads\/2024\/10\/Stainless-Steel-Stock-Pot-Wholesale-1.webp\" alt=\"Panela de a\u00e7o inoxid\u00e1vel por atacado\" class=\"wp-image-2277\" style=\"aspect-ratio:1;object-fit:cover\" srcset=\"https:\/\/www.yongyukitchenware.com\/wp-content\/uploads\/2024\/10\/Stainless-Steel-Stock-Pot-Wholesale-1.webp 800w, https:\/\/www.yongyukitchenware.com\/wp-content\/uploads\/2024\/10\/Stainless-Steel-Stock-Pot-Wholesale-1-300x300.webp 300w, https:\/\/www.yongyukitchenware.com\/wp-content\/uploads\/2024\/10\/Stainless-Steel-Stock-Pot-Wholesale-1-150x150.webp 150w, https:\/\/www.yongyukitchenware.com\/wp-content\/uploads\/2024\/10\/Stainless-Steel-Stock-Pot-Wholesale-1-768x768.webp 768w, https:\/\/www.yongyukitchenware.com\/wp-content\/uploads\/2024\/10\/Stainless-Steel-Stock-Pot-Wholesale-1-12x12.webp 12w, https:\/\/www.yongyukitchenware.com\/wp-content\/uploads\/2024\/10\/Stainless-Steel-Stock-Pot-Wholesale-1-600x600.webp 600w, https:\/\/www.yongyukitchenware.com\/wp-content\/uploads\/2024\/10\/Stainless-Steel-Stock-Pot-Wholesale-1-100x100.webp 100w\" sizes=\"(max-width: 800px) 100vw, 800px\" \/><\/figure>\n<\/div>\n\n\n\n<div class=\"wp-block-column is-layout-flow wp-block-column-is-layout-flow\">\n<h2 class=\"wp-block-heading\">Tamanho da panela de a\u00e7o inoxid\u00e1vel:<\/h2>\n\n\n\n<figure class=\"wp-block-table\"><table class=\"has-fixed-layout\"><tbody><tr><td>Modelo<\/td><td>Especifica\u00e7\u00e3o<\/td><td>Tamanho<\/td><td>Peso\uff08kg\uff09<\/td><td>MOQ<\/td><\/tr><tr><td rowspan=\"12\">DY016-T<\/td><td rowspan=\"6\">3.8 Balde de sopa (com balan\u00e7a)<\/td><td>30*31cm<\/td><td>2,5 kg<\/td><td rowspan=\"12\">12 PE\u00c7AS<\/td><\/tr><tr><td>35*36cm<\/td><td>3,3 kg<\/td><\/tr><tr><td>40*41cm<\/td><td>4,1 kg<\/td><\/tr><tr><td>45*46cm<\/td><td>5,5 kg<\/td><\/tr><tr><td>50*51cm<\/td><td>6,5 kg<\/td><\/tr><tr><td>60*61cm<\/td><td>9 kg<\/td><\/tr><tr><td rowspan=\"6\">3.8 Panela de sopa (com balan\u00e7a)<\/td><td>30*23cm<\/td><td>2,05 kg<\/td><\/tr><tr><td>35*25cm<\/td><td>2,6 kg<\/td><\/tr><tr><td>40*27cm<\/td><td>3,15 kg<\/td><\/tr><tr><td>45*29cm<\/td><td>4kg<\/td><\/tr><tr><td>50*31cm<\/td><td>4,6 kg<\/td><\/tr><tr><td>60*35cm<\/td><td>6,4 kg<\/td><\/tr><\/tbody><\/table><\/figure>\n<\/div>\n<\/div>\n\n\n\n<p><\/p>","protected":false},"excerpt":{"rendered":"<p>Panelas de stock de a\u00e7o inoxid\u00e1vel por atacado e personalizadas, de grande capacidade, adequadas para cozinhas comerciais ou restaurantes. Apoio ao log\u00f3tipo personalizado, embalagem e outros servi\u00e7os para o ajudar a vender produtos rapidamente.<\/p>\n<h2>Panela de a\u00e7o inoxid\u00e1vel Atributo:<\/h2>\n<p><strong>Material:<\/strong> a\u00e7o inoxid\u00e1vel<br \/><strong>Pega:<\/strong> pega grossa<br \/><strong>Tamanhos:<\/strong> 12-19L<br \/><strong>Design do balde:<\/strong> polimento espelhado e fundo plano engrossado<br \/><strong>Embalagem:<\/strong> saco\/grupo\/caixa de cart\u00e3o ou personalizado<br \/><strong>OEM\/ODM:<\/strong> facultativo<\/p>\n<h2 class=\"wp-block-heading\">Do fabricante de utens\u00edlios de cozinha Yongyu:<\/h2>\n<p>Yongyu \u00e9 um fabricante profissional de utens\u00edlios de cozinha. Os nossos produtos incluem todos os tipos de utens\u00edlios de cozinha em a\u00e7o inoxid\u00e1vel e acess\u00f3rios de cozinha. N\u00f3s fornecemos solu\u00e7\u00f5es personalizadas com produtos de alta qualidade a pre\u00e7os de f\u00e1brica.<\/p>","protected":false},"featured_media":2282,"comment_status":"closed","ping_status":"closed","template":"","meta":{"_acf_changed":true},"application":[29,30],"product_brand":[],"product_cat":[22,41],"product_tag":[],"class_list":{"0":"post-2000","1":"product","2":"type-product","3":"status-publish","4":"has-post-thumbnail","6":"application-home-kitchen","7":"application-hotel-catering","8":"product_cat-catering-supplies-wholesale","9":"product_cat-soup-pot-wholesale","11":"first","12":"instock","13":"shipping-taxable","14":"product-type-simple"},"acf":[],"_links":{"self":[{"href":"https:\/\/www.yongyukitchenware.com\/pt\/wp-json\/wp\/v2\/product\/2000","targetHints":{"allow":["GET"]}}],"collection":[{"href":"https:\/\/www.yongyukitchenware.com\/pt\/wp-json\/wp\/v2\/product"}],"about":[{"href":"https:\/\/www.yongyukitchenware.com\/pt\/wp-json\/wp\/v2\/types\/product"}],"replies":[{"embeddable":true,"href":"https:\/\/www.yongyukitchenware.com\/pt\/wp-json\/wp\/v2\/comments?post=2000"}],"wp:featuredmedia":[{"embeddable":true,"href":"https:\/\/www.yongyukitchenware.com\/pt\/wp-json\/wp\/v2\/media\/2282"}],"wp:attachment":[{"href":"https:\/\/www.yongyukitchenware.com\/pt\/wp-json\/wp\/v2\/media?parent=2000"}],"wp:term":[{"taxonomy":"application","embeddable":true,"href":"https:\/\/www.yongyukitchenware.com\/pt\/wp-json\/wp\/v2\/application?post=2000"},{"taxonomy":"product_brand","embeddable":true,"href":"https:\/\/www.yongyukitchenware.com\/pt\/wp-json\/wp\/v2\/product_brand?post=2000"},{"taxonomy":"product_cat","embeddable":true,"href":"https:\/\/www.yongyukitchenware.com\/pt\/wp-json\/wp\/v2\/product_cat?post=2000"},{"taxonomy":"product_tag","embeddable":true,"href":"https:\/\/www.yongyukitchenware.com\/pt\/wp-json\/wp\/v2\/product_tag?post=2000"}],"curies":[{"name":"wp","href":"https:\/\/api.w.org\/{rel}","templated":true}]}}