{"id":2031,"date":"2024-11-16T10:06:49","date_gmt":"2024-11-16T10:06:49","guid":{"rendered":"https:\/\/www.yongyukitchenware.com\/?post_type=product&#038;p=2031"},"modified":"2025-06-26T07:40:16","modified_gmt":"2025-06-26T07:40:16","slug":"bulk-insulated-barrel","status":"publish","type":"product","link":"https:\/\/www.yongyukitchenware.com\/pt\/produto\/bulk-insulated-barrel\/","title":{"rendered":"Barril isolado a granel em a\u00e7o inoxid\u00e1vel 10-60L Barril de \u00e1gua gelada"},"content":{"rendered":"<div class=\"wp-block-columns is-layout-flex wp-container-core-columns-is-layout-9d6595d7 wp-block-columns-is-layout-flex\">\n<div class=\"wp-block-column is-layout-flow wp-block-column-is-layout-flow\">\n<h2 class=\"wp-block-heading\">Barril isolado Carater\u00edsticas:<\/h2>\n\n\n\n<p><strong>Tr\u00eas camadas de estrutura de bloqueio de temperatura: <\/strong>a camada interior de a\u00e7o inoxid\u00e1vel de qualidade alimentar, material de espuma PU entre camadas, a camada exterior de material pl\u00e1stico PE, isolamento t\u00e9rmico a longo prazo e prote\u00e7\u00e3o contra o frio<\/p>\n\n\n\n<p><strong>Revestimento em a\u00e7o inoxid\u00e1vel espessado: <\/strong>O revestimento \u00e9 feito de a\u00e7o inoxid\u00e1vel de qualidade alimentar, que \u00e9 seguro e duradouro<\/p>\n\n\n\n<p><strong>Design de grande capacidade:<\/strong> A capacidade de 10-60L \u00e9 opcional para satisfazer v\u00e1rias necessidades<\/p>\n\n\n\n<p><strong>Design de veda\u00e7\u00e3o dupla: <\/strong>A tampa tem um anel de veda\u00e7\u00e3o de silicone incorporado e ambos os lados do fecho s\u00e3o refor\u00e7ados, o que permite uma boa veda\u00e7\u00e3o. Al\u00e9m disso, a tampa tem uma v\u00e1lvula de ventila\u00e7\u00e3o, para evitar o problema de uma forte press\u00e3o que n\u00e3o abre a tampa<\/p>\n\n\n\n<p><strong>Pega mais grossa:<\/strong> pega mais grossa com capacidade de carga forte e duradoura<\/p>\n<\/div>\n\n\n\n<div class=\"wp-block-column is-layout-flow wp-block-column-is-layout-flow\">\n<figure class=\"wp-block-image size-full is-style-default\"><img decoding=\"async\" width=\"800\" height=\"800\" src=\"https:\/\/www.yongyukitchenware.com\/wp-content\/uploads\/2024\/10\/Insulated-Barrel-bulk-4.webp\" alt=\"Barril isolado a granel\" class=\"wp-image-2294\" srcset=\"https:\/\/www.yongyukitchenware.com\/wp-content\/uploads\/2024\/10\/Insulated-Barrel-bulk-4.webp 800w, https:\/\/www.yongyukitchenware.com\/wp-content\/uploads\/2024\/10\/Insulated-Barrel-bulk-4-300x300.webp 300w, https:\/\/www.yongyukitchenware.com\/wp-content\/uploads\/2024\/10\/Insulated-Barrel-bulk-4-150x150.webp 150w, https:\/\/www.yongyukitchenware.com\/wp-content\/uploads\/2024\/10\/Insulated-Barrel-bulk-4-768x768.webp 768w, https:\/\/www.yongyukitchenware.com\/wp-content\/uploads\/2024\/10\/Insulated-Barrel-bulk-4-12x12.webp 12w, https:\/\/www.yongyukitchenware.com\/wp-content\/uploads\/2024\/10\/Insulated-Barrel-bulk-4-600x600.webp 600w, https:\/\/www.yongyukitchenware.com\/wp-content\/uploads\/2024\/10\/Insulated-Barrel-bulk-4-100x100.webp 100w\" sizes=\"(max-width: 800px) 100vw, 800px\" \/><\/figure>\n<\/div>\n<\/div>\n\n\n\n<div class=\"wp-block-columns is-layout-flex wp-container-core-columns-is-layout-9d6595d7 wp-block-columns-is-layout-flex\">\n<div class=\"wp-block-column is-layout-flow wp-block-column-is-layout-flow\">\n<div class=\"wp-block-group is-nowrap is-layout-flex wp-container-core-group-is-layout-ad2f72ca wp-block-group-is-layout-flex\"><div class=\"wp-block-image\">\n<figure class=\"aligncenter size-full\"><img decoding=\"async\" width=\"800\" height=\"800\" src=\"https:\/\/www.yongyukitchenware.com\/wp-content\/uploads\/2024\/10\/Insulated-Barrel-bulk-1.webp\" alt=\"Barril isolado a granel\" class=\"wp-image-2291\" srcset=\"https:\/\/www.yongyukitchenware.com\/wp-content\/uploads\/2024\/10\/Insulated-Barrel-bulk-1.webp 800w, https:\/\/www.yongyukitchenware.com\/wp-content\/uploads\/2024\/10\/Insulated-Barrel-bulk-1-300x300.webp 300w, https:\/\/www.yongyukitchenware.com\/wp-content\/uploads\/2024\/10\/Insulated-Barrel-bulk-1-150x150.webp 150w, https:\/\/www.yongyukitchenware.com\/wp-content\/uploads\/2024\/10\/Insulated-Barrel-bulk-1-768x768.webp 768w, https:\/\/www.yongyukitchenware.com\/wp-content\/uploads\/2024\/10\/Insulated-Barrel-bulk-1-12x12.webp 12w, https:\/\/www.yongyukitchenware.com\/wp-content\/uploads\/2024\/10\/Insulated-Barrel-bulk-1-600x600.webp 600w, https:\/\/www.yongyukitchenware.com\/wp-content\/uploads\/2024\/10\/Insulated-Barrel-bulk-1-100x100.webp 100w\" sizes=\"(max-width: 800px) 100vw, 800px\" \/><\/figure>\n<\/div><\/div>\n<\/div>\n\n\n\n<div class=\"wp-block-column is-layout-flow wp-block-column-is-layout-flow\">\n<h2 class=\"wp-block-heading\">Tamanho do barril isolado:<\/h2>\n\n\n\n<figure class=\"wp-block-table\"><table class=\"has-fixed-layout\"><tbody><tr><td>Modelo<\/td><td>Tamanho<\/td><td>Di\u00e2metro * Altura (cm)<\/td><td>MOQ<\/td><\/tr><tr><td rowspan=\"8\">DY012-T<\/td><td>10L<\/td><td>27*30cm<\/td><td rowspan=\"8\">12 PE\u00c7AS<\/td><\/tr><tr><td>15L<\/td><td>30,5*30,5cm<\/td><\/tr><tr><td>20L<\/td><td>36*30cm<\/td><\/tr><tr><td>30L<\/td><td>36*39cm<\/td><\/tr><tr><td>36L<\/td><td>45,5*31,5cm<\/td><\/tr><tr><td>40L<\/td><td>36*52cm<\/td><\/tr><tr><td>50L<\/td><td>45*46cm<\/td><\/tr><tr><td>60L<\/td><td>45*53,2cm<\/td><\/tr><\/tbody><\/table><\/figure>\n<\/div>\n<\/div>\n\n\n\n<p><\/p>","protected":false},"excerpt":{"rendered":"<p>Barril isolado por atacado com tampa de veda\u00e7\u00e3o da torneira, adequado para armazenar gelo, bebidas frias, \u00e1gua quente, etc. \u00c9 a escolha ideal para catering, campismo e frigor\u00edficos de autom\u00f3veis. Fornecer solu\u00e7\u00f5es personalizadas de alta qualidade e econ\u00f3micas, e apoiar as vendas da Amazon.<\/p>\n<h2>Barril isolado Atributo:<\/h2>\n<p><strong>Material:<\/strong> A\u00e7o inoxid\u00e1vel<br \/><strong>Conce\u00e7\u00e3o:<\/strong> Estrutura de tr\u00eas camadas, tampa selada, pega robusta<br \/><strong>Cor:<\/strong> Vermelho, castanho, azul<br \/><strong>Tamanhos:<\/strong> 10-60L<br \/><strong>Embalagem:<\/strong> Saco\/grupo\/caixa de cart\u00e3o ou personalizado<br \/><strong>OEM\/ODM:<\/strong>\u00a0 Dispon\u00edvel<\/p>\n<h2 class=\"wp-block-heading\">De Yongyu Catering Supplies Fabricante :<\/h2>\n<p>Quer se trate de um fornecedor de servi\u00e7os de catering, de um hotel e restaurante ou de uma empresa de planeamento de eventos, fornecemos-lhe solu\u00e7\u00f5es completas de fornecimento de catering por atacado com pre\u00e7os de f\u00e1brica de alta qualidade!<\/p>","protected":false},"featured_media":2292,"comment_status":"closed","ping_status":"closed","template":"","meta":{"_acf_changed":false},"application":[30],"product_brand":[],"product_cat":[22,34],"product_tag":[],"class_list":{"0":"post-2031","1":"product","2":"type-product","3":"status-publish","4":"has-post-thumbnail","6":"application-hotel-catering","7":"product_cat-catering-supplies-wholesale","8":"product_cat-wholesale-drink-dispenser","10":"first","11":"instock","12":"shipping-taxable","13":"product-type-simple"},"acf":[],"_links":{"self":[{"href":"https:\/\/www.yongyukitchenware.com\/pt\/wp-json\/wp\/v2\/product\/2031","targetHints":{"allow":["GET"]}}],"collection":[{"href":"https:\/\/www.yongyukitchenware.com\/pt\/wp-json\/wp\/v2\/product"}],"about":[{"href":"https:\/\/www.yongyukitchenware.com\/pt\/wp-json\/wp\/v2\/types\/product"}],"replies":[{"embeddable":true,"href":"https:\/\/www.yongyukitchenware.com\/pt\/wp-json\/wp\/v2\/comments?post=2031"}],"wp:featuredmedia":[{"embeddable":true,"href":"https:\/\/www.yongyukitchenware.com\/pt\/wp-json\/wp\/v2\/media\/2292"}],"wp:attachment":[{"href":"https:\/\/www.yongyukitchenware.com\/pt\/wp-json\/wp\/v2\/media?parent=2031"}],"wp:term":[{"taxonomy":"application","embeddable":true,"href":"https:\/\/www.yongyukitchenware.com\/pt\/wp-json\/wp\/v2\/application?post=2031"},{"taxonomy":"product_brand","embeddable":true,"href":"https:\/\/www.yongyukitchenware.com\/pt\/wp-json\/wp\/v2\/product_brand?post=2031"},{"taxonomy":"product_cat","embeddable":true,"href":"https:\/\/www.yongyukitchenware.com\/pt\/wp-json\/wp\/v2\/product_cat?post=2031"},{"taxonomy":"product_tag","embeddable":true,"href":"https:\/\/www.yongyukitchenware.com\/pt\/wp-json\/wp\/v2\/product_tag?post=2031"}],"curies":[{"name":"wp","href":"https:\/\/api.w.org\/{rel}","templated":true}]}}