{"id":2041,"date":"2024-11-16T10:33:01","date_gmt":"2024-11-16T10:33:01","guid":{"rendered":"https:\/\/www.yongyukitchenware.com\/?post_type=product&#038;p=2041"},"modified":"2024-11-16T10:33:02","modified_gmt":"2024-11-16T10:33:02","slug":"small-stainless-steel-bucket-wholesale","status":"publish","type":"product","link":"https:\/\/www.yongyukitchenware.com\/pt\/produto\/small-stainless-steel-bucket-wholesale\/","title":{"rendered":"Atacado Pequeno balde de a\u00e7o inoxid\u00e1vel 1L port\u00e1til para \u00e1gua gelada"},"content":{"rendered":"<div class=\"wp-block-columns is-layout-flex wp-container-core-columns-is-layout-9d6595d7 wp-block-columns-is-layout-flex\">\n<div class=\"wp-block-column is-layout-flow wp-block-column-is-layout-flow\">\n<h2 class=\"wp-block-heading\">Balde pequeno de a\u00e7o inoxid\u00e1vel Carater\u00edsticas:<\/h2>\n\n\n\n<p><strong>A\u00e7o inoxid\u00e1vel de alta qualidade: <\/strong>Material de a\u00e7o inoxid\u00e1vel de qualidade alimentar, resistente \u00e0 corros\u00e3o, sem odor, dur\u00e1vel<br><strong>Design refor\u00e7ado da pega:<\/strong> pega grossa em a\u00e7o inoxid\u00e1vel, refor\u00e7o de rebites, est\u00e1vel sem cair, boa capacidade de carga<br><strong>Design da jante de rolamento:<\/strong> As extremidades s\u00e3o arredondadas e suaves, f\u00e1ceis de manusear e evitam les\u00f5es nas m\u00e3os.<br><strong>Fundo plano engrossado:<\/strong> o fundo \u00e9 mais alto e mais grosso, colocado com firmeza e n\u00e3o prejudica a mesa<br><strong>Processo de trefilagem:<\/strong> Superf\u00edcie lisa e resistente \u00e0 sujidade, f\u00e1cil de limpar<br><strong>Coloca\u00e7\u00e3o est\u00e1vel:<\/strong> O fundo \u00e9 espesso e liso, de coloca\u00e7\u00e3o suave, antiderrapante e resistente ao desgaste<\/p>\n<\/div>\n\n\n\n<div class=\"wp-block-column is-layout-flow wp-block-column-is-layout-flow\">\n<div class=\"wp-block-columns is-layout-flex wp-container-core-columns-is-layout-9d6595d7 wp-block-columns-is-layout-flex\">\n<div class=\"wp-block-column is-layout-flow wp-block-column-is-layout-flow\">\n<figure class=\"wp-block-image size-full\"><img decoding=\"async\" width=\"800\" height=\"800\" src=\"https:\/\/www.yongyukitchenware.com\/wp-content\/uploads\/2024\/10\/Small-Stainless-Steel-Bucket-Wholesale-5.webp\" alt=\"Balde pequeno de a\u00e7o inoxid\u00e1vel por atacado\" class=\"wp-image-2302\" srcset=\"https:\/\/www.yongyukitchenware.com\/wp-content\/uploads\/2024\/10\/Small-Stainless-Steel-Bucket-Wholesale-5.webp 800w, https:\/\/www.yongyukitchenware.com\/wp-content\/uploads\/2024\/10\/Small-Stainless-Steel-Bucket-Wholesale-5-300x300.webp 300w, https:\/\/www.yongyukitchenware.com\/wp-content\/uploads\/2024\/10\/Small-Stainless-Steel-Bucket-Wholesale-5-150x150.webp 150w, https:\/\/www.yongyukitchenware.com\/wp-content\/uploads\/2024\/10\/Small-Stainless-Steel-Bucket-Wholesale-5-768x768.webp 768w, https:\/\/www.yongyukitchenware.com\/wp-content\/uploads\/2024\/10\/Small-Stainless-Steel-Bucket-Wholesale-5-12x12.webp 12w, https:\/\/www.yongyukitchenware.com\/wp-content\/uploads\/2024\/10\/Small-Stainless-Steel-Bucket-Wholesale-5-600x600.webp 600w, https:\/\/www.yongyukitchenware.com\/wp-content\/uploads\/2024\/10\/Small-Stainless-Steel-Bucket-Wholesale-5-100x100.webp 100w\" sizes=\"(max-width: 800px) 100vw, 800px\" \/><\/figure>\n<\/div>\n\n\n\n<div class=\"wp-block-column is-layout-flow wp-block-column-is-layout-flow\">\n<figure class=\"wp-block-image size-full\"><img decoding=\"async\" width=\"800\" height=\"800\" src=\"https:\/\/www.yongyukitchenware.com\/wp-content\/uploads\/2024\/10\/Small-Stainless-Steel-Bucket-Wholesale-4.webp\" alt=\"Balde pequeno de a\u00e7o inoxid\u00e1vel por atacado\" class=\"wp-image-2301\" srcset=\"https:\/\/www.yongyukitchenware.com\/wp-content\/uploads\/2024\/10\/Small-Stainless-Steel-Bucket-Wholesale-4.webp 800w, https:\/\/www.yongyukitchenware.com\/wp-content\/uploads\/2024\/10\/Small-Stainless-Steel-Bucket-Wholesale-4-300x300.webp 300w, https:\/\/www.yongyukitchenware.com\/wp-content\/uploads\/2024\/10\/Small-Stainless-Steel-Bucket-Wholesale-4-150x150.webp 150w, https:\/\/www.yongyukitchenware.com\/wp-content\/uploads\/2024\/10\/Small-Stainless-Steel-Bucket-Wholesale-4-768x768.webp 768w, https:\/\/www.yongyukitchenware.com\/wp-content\/uploads\/2024\/10\/Small-Stainless-Steel-Bucket-Wholesale-4-12x12.webp 12w, https:\/\/www.yongyukitchenware.com\/wp-content\/uploads\/2024\/10\/Small-Stainless-Steel-Bucket-Wholesale-4-600x600.webp 600w, https:\/\/www.yongyukitchenware.com\/wp-content\/uploads\/2024\/10\/Small-Stainless-Steel-Bucket-Wholesale-4-100x100.webp 100w\" sizes=\"(max-width: 800px) 100vw, 800px\" \/><\/figure>\n<\/div>\n<\/div>\n<\/div>\n<\/div>\n\n\n\n<p><\/p>","protected":false},"excerpt":{"rendered":"<p>Este pequeno balde em a\u00e7o inoxid\u00e1vel tem um design simples, \u00e9 compacto e port\u00e1til e pode ser utilizado como balde de gelo para bar, balde para vinho, balde para \u00e1gua ou balde para snacks, sendo ideal para reuni\u00f5es familiares, bares, restaurantes e actividades ao ar livre.<\/p>\n<h2>Balde pequeno de a\u00e7o inoxid\u00e1vel Par\u00e2metro:<\/h2>\n<p><strong>Material:<\/strong> a\u00e7o inoxid\u00e1vel<br \/><strong>Conce\u00e7\u00e3o:<\/strong>\u00a0 port\u00e1til, com pega de transporte<br \/><strong>Tamanhos:<\/strong> 1L<br \/><strong>OEM\/ODM:<\/strong> dispon\u00edvel<\/p>\n<div id=\"brxe-2aeb5b\" class=\"brxe-product-short-description brxe-text-basic\">\n<div class=\"woocommerce-product-details__short-description\">\n<h2 class=\"wp-block-heading\">De Yongyu Catering Supplies Wholesaler :<\/h2>\n<p>Como o melhor fabricante de material de catering na China, especializamo-nos em artigos de bar de alta qualidade para uso aduaneiro e grossista. Temos 25 anos de experi\u00eancia profissional para garantir que os clientes obtenham os produtos mais avan\u00e7ados e servi\u00e7os eficientes.<\/p>\n<\/div>\n<\/div>","protected":false},"featured_media":2299,"comment_status":"closed","ping_status":"closed","template":"","meta":{"_acf_changed":true},"application":[30],"product_brand":[],"product_cat":[16],"product_tag":[],"class_list":{"0":"post-2041","1":"product","2":"type-product","3":"status-publish","4":"has-post-thumbnail","6":"application-hotel-catering","7":"product_cat-barware-wholesale-custom","9":"first","10":"instock","11":"shipping-taxable","12":"product-type-simple"},"acf":[],"_links":{"self":[{"href":"https:\/\/www.yongyukitchenware.com\/pt\/wp-json\/wp\/v2\/product\/2041","targetHints":{"allow":["GET"]}}],"collection":[{"href":"https:\/\/www.yongyukitchenware.com\/pt\/wp-json\/wp\/v2\/product"}],"about":[{"href":"https:\/\/www.yongyukitchenware.com\/pt\/wp-json\/wp\/v2\/types\/product"}],"replies":[{"embeddable":true,"href":"https:\/\/www.yongyukitchenware.com\/pt\/wp-json\/wp\/v2\/comments?post=2041"}],"wp:featuredmedia":[{"embeddable":true,"href":"https:\/\/www.yongyukitchenware.com\/pt\/wp-json\/wp\/v2\/media\/2299"}],"wp:attachment":[{"href":"https:\/\/www.yongyukitchenware.com\/pt\/wp-json\/wp\/v2\/media?parent=2041"}],"wp:term":[{"taxonomy":"application","embeddable":true,"href":"https:\/\/www.yongyukitchenware.com\/pt\/wp-json\/wp\/v2\/application?post=2041"},{"taxonomy":"product_brand","embeddable":true,"href":"https:\/\/www.yongyukitchenware.com\/pt\/wp-json\/wp\/v2\/product_brand?post=2041"},{"taxonomy":"product_cat","embeddable":true,"href":"https:\/\/www.yongyukitchenware.com\/pt\/wp-json\/wp\/v2\/product_cat?post=2041"},{"taxonomy":"product_tag","embeddable":true,"href":"https:\/\/www.yongyukitchenware.com\/pt\/wp-json\/wp\/v2\/product_tag?post=2041"}],"curies":[{"name":"wp","href":"https:\/\/api.w.org\/{rel}","templated":true}]}}