{"id":2075,"date":"2024-11-16T10:57:20","date_gmt":"2024-11-16T10:57:20","guid":{"rendered":"https:\/\/www.yongyukitchenware.com\/?post_type=product&#038;p=2075"},"modified":"2025-07-10T09:41:07","modified_gmt":"2025-07-10T09:41:07","slug":"bulk-insulated-beverage-dispenser","status":"publish","type":"product","link":"https:\/\/www.yongyukitchenware.com\/pt\/produto\/bulk-insulated-beverage-dispenser\/","title":{"rendered":"Dispensador de bebidas isolado a granel Balde de ch\u00e1 com leite em a\u00e7o inoxid\u00e1vel"},"content":{"rendered":"<div class=\"wp-block-columns is-layout-flex wp-container-core-columns-is-layout-9d6595d7 wp-block-columns-is-layout-flex\">\n<div class=\"wp-block-column is-layout-flow wp-block-column-is-layout-flow\">\n<h2 class=\"wp-block-heading\">Dispensador de bebidas isolado Carater\u00edsticas:<\/h2>\n\n\n\n<p><strong>A\u00e7o inoxid\u00e1vel de alta qualidade:<\/strong> Material de a\u00e7o inoxid\u00e1vel de qualidade alimentar, resistente \u00e0 corros\u00e3o, sem odor, dur\u00e1vel.<\/p>\n\n\n\n<p><strong>Cobertura de tambor em espiral:<\/strong> O aperto rotativo n\u00e3o \u00e9 quente, o efeito de preserva\u00e7\u00e3o do calor \u00e9 mais duradouro.<\/p>\n\n\n\n<p><strong>Design de pega port\u00e1til:<\/strong> A pega \u00e9 feita de material espesso, dur\u00e1vel, n\u00e3o \u00e9 f\u00e1cil de cair e pode ser pousada sem ocupar espa\u00e7o quando est\u00e1 inativa.<\/p>\n\n\n\n<p><strong>Suporte rebat\u00edvel:<\/strong> O trip\u00e9 inferior pode ser expandido\/dobrado para aumentar a altura e a flexibilidade e comodidade de utiliza\u00e7\u00e3o.<\/p>\n\n\n\n<p><strong>V\u00e1lvula \u00e0 prova de fugas: <\/strong>Corpo do barril com torneira, material n\u00e3o t\u00f3xico e ins\u00edpido, saud\u00e1vel e duradouro.<\/p>\n<\/div>\n\n\n\n<div class=\"wp-block-column is-layout-flow wp-block-column-is-layout-flow\">\n<figure class=\"wp-block-image size-full is-style-default\"><img decoding=\"async\" width=\"800\" height=\"800\" src=\"https:\/\/www.yongyukitchenware.com\/wp-content\/uploads\/2024\/10\/Insulated-Beverage-Dispenser-whoelsale-1.webp\" alt=\"Dispensador de bebidas isolado\" class=\"wp-image-2306\" srcset=\"https:\/\/www.yongyukitchenware.com\/wp-content\/uploads\/2024\/10\/Insulated-Beverage-Dispenser-whoelsale-1.webp 800w, https:\/\/www.yongyukitchenware.com\/wp-content\/uploads\/2024\/10\/Insulated-Beverage-Dispenser-whoelsale-1-300x300.webp 300w, https:\/\/www.yongyukitchenware.com\/wp-content\/uploads\/2024\/10\/Insulated-Beverage-Dispenser-whoelsale-1-150x150.webp 150w, https:\/\/www.yongyukitchenware.com\/wp-content\/uploads\/2024\/10\/Insulated-Beverage-Dispenser-whoelsale-1-768x768.webp 768w, https:\/\/www.yongyukitchenware.com\/wp-content\/uploads\/2024\/10\/Insulated-Beverage-Dispenser-whoelsale-1-12x12.webp 12w, https:\/\/www.yongyukitchenware.com\/wp-content\/uploads\/2024\/10\/Insulated-Beverage-Dispenser-whoelsale-1-600x600.webp 600w, https:\/\/www.yongyukitchenware.com\/wp-content\/uploads\/2024\/10\/Insulated-Beverage-Dispenser-whoelsale-1-100x100.webp 100w\" sizes=\"(max-width: 800px) 100vw, 800px\" \/><\/figure>\n<\/div>\n<\/div>\n\n\n\n<div class=\"wp-block-columns is-layout-flex wp-container-core-columns-is-layout-9d6595d7 wp-block-columns-is-layout-flex\">\n<div class=\"wp-block-column is-layout-flow wp-block-column-is-layout-flow\">\n<figure class=\"wp-block-image size-full\"><img decoding=\"async\" width=\"750\" height=\"750\" src=\"https:\/\/www.yongyukitchenware.com\/wp-content\/uploads\/2024\/10\/Insulated-Beverage-Dispenser-whoelsale-3.webp\" alt=\"Dispensador de bebidas isolado\" class=\"wp-image-2308\" srcset=\"https:\/\/www.yongyukitchenware.com\/wp-content\/uploads\/2024\/10\/Insulated-Beverage-Dispenser-whoelsale-3.webp 750w, https:\/\/www.yongyukitchenware.com\/wp-content\/uploads\/2024\/10\/Insulated-Beverage-Dispenser-whoelsale-3-300x300.webp 300w, https:\/\/www.yongyukitchenware.com\/wp-content\/uploads\/2024\/10\/Insulated-Beverage-Dispenser-whoelsale-3-150x150.webp 150w, https:\/\/www.yongyukitchenware.com\/wp-content\/uploads\/2024\/10\/Insulated-Beverage-Dispenser-whoelsale-3-12x12.webp 12w, https:\/\/www.yongyukitchenware.com\/wp-content\/uploads\/2024\/10\/Insulated-Beverage-Dispenser-whoelsale-3-600x600.webp 600w, https:\/\/www.yongyukitchenware.com\/wp-content\/uploads\/2024\/10\/Insulated-Beverage-Dispenser-whoelsale-3-100x100.webp 100w\" sizes=\"(max-width: 750px) 100vw, 750px\" \/><\/figure>\n<\/div>\n\n\n\n<div class=\"wp-block-column is-layout-flow wp-block-column-is-layout-flow\">\n<h2 class=\"wp-block-heading\">Dispensador de bebidas isolado Tamanho:<\/h2>\n\n\n\n<figure class=\"wp-block-table\"><table class=\"has-fixed-layout\"><tbody><tr><td>Modelo<\/td><td>Tamanho<\/td><td>Di\u00e2metro * Altura (cm)<\/td><td>MOQ<\/td><\/tr><tr><td rowspan=\"7\">DY009-T<\/td><td>6L<\/td><td>23.7*30.8<\/td><td rowspan=\"7\">6 PE\u00c7AS<\/td><\/tr><tr><td>8L<\/td><td>23.7*35<\/td><\/tr><tr><td>10L<\/td><td>23.7*40<\/td><\/tr><tr><td>12L<\/td><td>23.7*45.5<\/td><\/tr><tr><td>14L<\/td><td>28.2*40.6<\/td><\/tr><tr><td>16L<\/td><td>28.2*45<\/td><\/tr><tr><td>18L<\/td><td>28.2*50<\/td><\/tr><\/tbody><\/table><\/figure>\n<\/div>\n<\/div>\n\n\n\n<p><\/p>","protected":false},"excerpt":{"rendered":"<p>Distribuidor de bebidas isolado de a\u00e7o inoxid\u00e1vel direto da f\u00e1brica com um rack dobr\u00e1vel, port\u00e1til e adequado para caf\u00e9 isolado, ch\u00e1 com leite e bebidas quentes e frias. \u00c9 um dos equipamentos de catering necess\u00e1rios para buffets e restaurantes. Bem-vindo a personalizar a granel para obter o maior desconto.<\/p>\n<h2>Dispensador de bebidas isolado Par\u00e2metro:<\/h2>\n<p><strong>Material:<\/strong> a\u00e7o inoxid\u00e1vel<br \/><strong>Conce\u00e7\u00e3o:<\/strong>\u00a0 com tampa rotativa, pega firme, trip\u00e9 dobr\u00e1vel, torneira de \u00e1gua<br \/><strong>Tamanhos:<\/strong> 6-18L<br \/><strong>Cor:<\/strong> Vermelho, preto, prateado e muito mais<br \/><strong>OEM\/ODM:<\/strong> facultativo<\/p>\n<div id=\"brxe-2aeb5b\" class=\"brxe-product-short-description brxe-text-basic\">\n<div class=\"woocommerce-product-details__short-description\">\n<h2 class=\"wp-block-heading\">De Yongyu Catering Supplies Fabricante :<\/h2>\n<p>Quer se trate de um fornecedor de servi\u00e7os de catering, de um hotel e restaurante ou de uma empresa de planeamento de eventos, fornecemos-lhe solu\u00e7\u00f5es completas de fornecimento de catering por atacado com pre\u00e7os de f\u00e1brica de alta qualidade!<\/p>\n<\/div>\n<\/div>","protected":false},"featured_media":2314,"comment_status":"closed","ping_status":"closed","template":"","meta":{"_acf_changed":true},"application":[30],"product_brand":[],"product_cat":[22,34],"product_tag":[],"class_list":{"0":"post-2075","1":"product","2":"type-product","3":"status-publish","4":"has-post-thumbnail","6":"application-hotel-catering","7":"product_cat-catering-supplies-wholesale","8":"product_cat-wholesale-drink-dispenser","10":"first","11":"instock","12":"shipping-taxable","13":"product-type-simple"},"acf":[],"_links":{"self":[{"href":"https:\/\/www.yongyukitchenware.com\/pt\/wp-json\/wp\/v2\/product\/2075","targetHints":{"allow":["GET"]}}],"collection":[{"href":"https:\/\/www.yongyukitchenware.com\/pt\/wp-json\/wp\/v2\/product"}],"about":[{"href":"https:\/\/www.yongyukitchenware.com\/pt\/wp-json\/wp\/v2\/types\/product"}],"replies":[{"embeddable":true,"href":"https:\/\/www.yongyukitchenware.com\/pt\/wp-json\/wp\/v2\/comments?post=2075"}],"wp:featuredmedia":[{"embeddable":true,"href":"https:\/\/www.yongyukitchenware.com\/pt\/wp-json\/wp\/v2\/media\/2314"}],"wp:attachment":[{"href":"https:\/\/www.yongyukitchenware.com\/pt\/wp-json\/wp\/v2\/media?parent=2075"}],"wp:term":[{"taxonomy":"application","embeddable":true,"href":"https:\/\/www.yongyukitchenware.com\/pt\/wp-json\/wp\/v2\/application?post=2075"},{"taxonomy":"product_brand","embeddable":true,"href":"https:\/\/www.yongyukitchenware.com\/pt\/wp-json\/wp\/v2\/product_brand?post=2075"},{"taxonomy":"product_cat","embeddable":true,"href":"https:\/\/www.yongyukitchenware.com\/pt\/wp-json\/wp\/v2\/product_cat?post=2075"},{"taxonomy":"product_tag","embeddable":true,"href":"https:\/\/www.yongyukitchenware.com\/pt\/wp-json\/wp\/v2\/product_tag?post=2075"}],"curies":[{"name":"wp","href":"https:\/\/api.w.org\/{rel}","templated":true}]}}