{"id":2090,"date":"2024-11-03T03:19:31","date_gmt":"2024-11-03T03:19:31","guid":{"rendered":"https:\/\/www.yongyukitchenware.com\/?post_type=product&#038;p=2090"},"modified":"2025-07-10T09:54:42","modified_gmt":"2025-07-10T09:54:42","slug":"baking-trays-stainless-steel-wholesale","status":"publish","type":"product","link":"https:\/\/www.yongyukitchenware.com\/pt\/produto\/baking-trays-stainless-steel-wholesale\/","title":{"rendered":"Tabuleiros para bolos por grosso em a\u00e7o inoxid\u00e1vel com grelha Grande assadeira segura para forno"},"content":{"rendered":"<div class=\"wp-block-columns is-layout-flex wp-container-core-columns-is-layout-9d6595d7 wp-block-columns-is-layout-flex\">\n<div class=\"wp-block-column is-layout-flow wp-block-column-is-layout-flow\">\n<h2 class=\"wp-block-heading\">Tamanho dos tabuleiros de cozedura em a\u00e7o inoxid\u00e1vel :<\/h2>\n\n\n\n<figure class=\"wp-block-table\"><table class=\"has-fixed-layout\"><tbody><tr><td>Modelo<\/td><td>Profundidade<\/td><td>Comprimento * Largura (cm)<\/td><td>MOQ<\/td><\/tr><tr><td rowspan=\"7\">DY044-P<\/td><td>2cm<\/td><td>18*13cm<\/td><td rowspan=\"7\">200 UNIDADES<\/td><\/tr><tr><td rowspan=\"4\">2,5 cm<\/td><td>23*17cm<\/td><\/tr><tr><td>26*20cm<\/td><\/tr><tr><td>31*24cm<\/td><\/tr><tr><td>40*30cm<\/td><\/tr><tr><td rowspan=\"2\">3cm<\/td><td>50*35cm<\/td><\/tr><tr><td>60*40cm<\/td><\/tr><\/tbody><\/table><\/figure>\n\n\n\n<h2 class=\"wp-block-heading\">Carater\u00edsticas dos tabuleiros para bolos em a\u00e7o inoxid\u00e1vel:<\/h2>\n\n\n\n<p><strong>A\u00e7o inoxid\u00e1vel de alta qualidade: <\/strong>material de a\u00e7o inoxid\u00e1vel de qualidade alimentar, para garantir a durabilidade do produto e a seguran\u00e7a e higiene<br><strong>Especifica\u00e7\u00f5es completas:<\/strong> oferecem uma variedade de tamanhos para satisfazer diferentes pratos e necessidades de servi\u00e7o, flex\u00edveis para se adaptarem a uma variedade de ocasi\u00f5es<br><strong>Design amigo do ambiente:<\/strong> reutiliz\u00e1veis, reduzindo a utiliza\u00e7\u00e3o de loi\u00e7a descart\u00e1vel<br><strong>Processo de ondula\u00e7\u00e3o: <\/strong>Cantos lisos para evitar ferimentos nas m\u00e3os.<strong><br>Tratamento de polimento de espelhos: <\/strong>a superf\u00edcie \u00e9 t\u00e3o brilhante como um espelho, f\u00e1cil de limpar, mant\u00e9m a higiene, adequada para um ambiente de restaura\u00e7\u00e3o de alta intensidade<\/p>\n<\/div>\n\n\n\n<div class=\"wp-block-column is-layout-flow wp-block-column-is-layout-flow\">\n<figure class=\"wp-block-image size-full is-resized\"><img decoding=\"async\" width=\"800\" height=\"800\" src=\"https:\/\/www.yongyukitchenware.com\/wp-content\/uploads\/2024\/10\/Stainless-Steel-Flat-Bottom-Square-Plate-11.webp\" alt=\"Placa quadrada de fundo plano em a\u00e7o inoxid\u00e1vel-11\" class=\"wp-image-2096\" style=\"width:384px;height:auto\" srcset=\"https:\/\/www.yongyukitchenware.com\/wp-content\/uploads\/2024\/10\/Stainless-Steel-Flat-Bottom-Square-Plate-11.webp 800w, https:\/\/www.yongyukitchenware.com\/wp-content\/uploads\/2024\/10\/Stainless-Steel-Flat-Bottom-Square-Plate-11-300x300.webp 300w, https:\/\/www.yongyukitchenware.com\/wp-content\/uploads\/2024\/10\/Stainless-Steel-Flat-Bottom-Square-Plate-11-150x150.webp 150w, https:\/\/www.yongyukitchenware.com\/wp-content\/uploads\/2024\/10\/Stainless-Steel-Flat-Bottom-Square-Plate-11-768x768.webp 768w, https:\/\/www.yongyukitchenware.com\/wp-content\/uploads\/2024\/10\/Stainless-Steel-Flat-Bottom-Square-Plate-11-12x12.webp 12w, https:\/\/www.yongyukitchenware.com\/wp-content\/uploads\/2024\/10\/Stainless-Steel-Flat-Bottom-Square-Plate-11-600x600.webp 600w, https:\/\/www.yongyukitchenware.com\/wp-content\/uploads\/2024\/10\/Stainless-Steel-Flat-Bottom-Square-Plate-11-100x100.webp 100w\" sizes=\"(max-width: 800px) 100vw, 800px\" \/><\/figure>\n\n\n\n<figure class=\"wp-block-image size-large is-resized\"><img decoding=\"async\" width=\"800\" height=\"800\" src=\"https:\/\/www.yongyukitchenware.com\/wp-content\/uploads\/2024\/10\/Stainless-Steel-Flat-Bottom-Square-Plate-7.webp\" alt=\"Placa quadrada de fundo plano em a\u00e7o inoxid\u00e1vel-7\" class=\"wp-image-2097\" style=\"width:384px\" srcset=\"https:\/\/www.yongyukitchenware.com\/wp-content\/uploads\/2024\/10\/Stainless-Steel-Flat-Bottom-Square-Plate-7.webp 800w, https:\/\/www.yongyukitchenware.com\/wp-content\/uploads\/2024\/10\/Stainless-Steel-Flat-Bottom-Square-Plate-7-300x300.webp 300w, https:\/\/www.yongyukitchenware.com\/wp-content\/uploads\/2024\/10\/Stainless-Steel-Flat-Bottom-Square-Plate-7-150x150.webp 150w, https:\/\/www.yongyukitchenware.com\/wp-content\/uploads\/2024\/10\/Stainless-Steel-Flat-Bottom-Square-Plate-7-768x768.webp 768w, https:\/\/www.yongyukitchenware.com\/wp-content\/uploads\/2024\/10\/Stainless-Steel-Flat-Bottom-Square-Plate-7-12x12.webp 12w, https:\/\/www.yongyukitchenware.com\/wp-content\/uploads\/2024\/10\/Stainless-Steel-Flat-Bottom-Square-Plate-7-600x600.webp 600w, https:\/\/www.yongyukitchenware.com\/wp-content\/uploads\/2024\/10\/Stainless-Steel-Flat-Bottom-Square-Plate-7-100x100.webp 100w\" sizes=\"(max-width: 800px) 100vw, 800px\" \/><\/figure>\n<\/div>\n<\/div>","protected":false},"excerpt":{"rendered":"<div class=\"n4sEPd\">\n<div class=\"UdTY9 qhIQqf leDWne\" aria-hidden=\"true\" data-location=\"1\">Escolha as bandejas de a\u00e7o inoxid\u00e1vel personalizadas da Yongyu para fornecer uma variedade de tamanhos para escolher. Suportam log\u00f3tipos e embalagens personalizados, perfeitamente adequados para ambientes profissionais e satisfazem as necessidades de diferentes servi\u00e7os alimentares.<\/div>\n<\/div>\n<h2 style=\"text-align: left;\">Par\u00e2metro dos tabuleiros de cozedura em a\u00e7o inoxid\u00e1vel:<\/h2>\n<p style=\"text-align: left;\"><strong>Material:<\/strong> a\u00e7o inoxid\u00e1vel<br \/><strong>Profundidade: <\/strong>2cm,2,5cm,3cm<br \/><strong>Forma:<\/strong> Retangular<br \/><strong>Embalagem:<\/strong> Saco OPP e caixa de cart\u00e3o<br \/><strong>OEM\/ODM:<\/strong> Dispon\u00edvel<\/p>\n<h2 class=\"wp-block-heading\">De Yongyu Kitchenware Fabricante :<\/h2>\n<p>Yongyu \u00e9 um fabricante profissional de utens\u00edlios de cozinha. Os nossos produtos incluem todos os tipos de utens\u00edlios de cozinha em a\u00e7o inoxid\u00e1vel e acess\u00f3rios de cozinha. N\u00f3s fornecemos solu\u00e7\u00f5es personalizadas com produtos de alta qualidade a pre\u00e7os de f\u00e1brica.<\/p>","protected":false},"featured_media":2091,"comment_status":"closed","ping_status":"closed","template":"","meta":{"_acf_changed":false},"application":[29],"product_brand":[],"product_cat":[23,35],"product_tag":[],"class_list":{"0":"post-2090","1":"product","2":"type-product","3":"status-publish","4":"has-post-thumbnail","6":"application-home-kitchen","7":"product_cat-kitchenware-wholesale","8":"product_cat-baking-trays-wholesale","10":"first","11":"instock","12":"shipping-taxable","13":"product-type-simple"},"acf":[],"_links":{"self":[{"href":"https:\/\/www.yongyukitchenware.com\/pt\/wp-json\/wp\/v2\/product\/2090","targetHints":{"allow":["GET"]}}],"collection":[{"href":"https:\/\/www.yongyukitchenware.com\/pt\/wp-json\/wp\/v2\/product"}],"about":[{"href":"https:\/\/www.yongyukitchenware.com\/pt\/wp-json\/wp\/v2\/types\/product"}],"replies":[{"embeddable":true,"href":"https:\/\/www.yongyukitchenware.com\/pt\/wp-json\/wp\/v2\/comments?post=2090"}],"wp:featuredmedia":[{"embeddable":true,"href":"https:\/\/www.yongyukitchenware.com\/pt\/wp-json\/wp\/v2\/media\/2091"}],"wp:attachment":[{"href":"https:\/\/www.yongyukitchenware.com\/pt\/wp-json\/wp\/v2\/media?parent=2090"}],"wp:term":[{"taxonomy":"application","embeddable":true,"href":"https:\/\/www.yongyukitchenware.com\/pt\/wp-json\/wp\/v2\/application?post=2090"},{"taxonomy":"product_brand","embeddable":true,"href":"https:\/\/www.yongyukitchenware.com\/pt\/wp-json\/wp\/v2\/product_brand?post=2090"},{"taxonomy":"product_cat","embeddable":true,"href":"https:\/\/www.yongyukitchenware.com\/pt\/wp-json\/wp\/v2\/product_cat?post=2090"},{"taxonomy":"product_tag","embeddable":true,"href":"https:\/\/www.yongyukitchenware.com\/pt\/wp-json\/wp\/v2\/product_tag?post=2090"}],"curies":[{"name":"wp","href":"https:\/\/api.w.org\/{rel}","templated":true}]}}