{"id":2115,"date":"2024-11-16T11:32:26","date_gmt":"2024-11-16T11:32:26","guid":{"rendered":"https:\/\/www.yongyukitchenware.com\/?post_type=product&#038;p=2115"},"modified":"2025-07-10T09:39:59","modified_gmt":"2025-07-10T09:39:59","slug":"stainless-steel-milk-can-wholesale","status":"publish","type":"product","link":"https:\/\/www.yongyukitchenware.com\/pt\/produto\/stainless-steel-milk-can-wholesale\/","title":{"rendered":"Lata de leite de a\u00e7o inoxid\u00e1vel por atacado 28-100L Barril selado a granel"},"content":{"rendered":"<div class=\"wp-block-columns is-layout-flex wp-container-core-columns-is-layout-9d6595d7 wp-block-columns-is-layout-flex\">\n<div class=\"wp-block-column is-layout-flow wp-block-column-is-layout-flow\">\n<h2 class=\"wp-block-heading\">Lata de leite em a\u00e7o inoxid\u00e1vel Carater\u00edsticas:<\/h2>\n\n\n\n<p><strong>A\u00e7o inoxid\u00e1vel de alta qualidade:<\/strong> Material de a\u00e7o inoxid\u00e1vel de qualidade alimentar, resistente \u00e0 corros\u00e3o, n\u00e3o t\u00f3xico, n\u00e3o reage com o leite, f\u00e1cil de limpar<\/p>\n\n\n\n<p><strong>Design de veda\u00e7\u00e3o dupla:<\/strong> A tampa tem um anel de veda\u00e7\u00e3o de silicone incorporado, ambos os lados do refor\u00e7o do fecho, boa veda\u00e7\u00e3o, armazenamento mais fresco<\/p>\n\n\n\n<p><strong>Design de grande calibre:<\/strong> calibre largo, armazenamento e limpeza mais c\u00f3modos<\/p>\n\n\n\n<p><strong>Fundo plano engrossado:<\/strong> o fundo \u00e9 mais alto e mais grosso, colocado com firmeza e n\u00e3o prejudica a mesa<\/p>\n\n\n\n<p><strong>Aprofundar a grande capacidade:<\/strong> um balde tem uma variedade de utiliza\u00e7\u00f5es, a capacidade de 28-100L \u00e9 opcional, podendo ser armazenado seco e h\u00famido para satisfazer diferentes necessidades<\/p>\n<\/div>\n\n\n\n<div class=\"wp-block-column is-layout-flow wp-block-column-is-layout-flow\">\n<figure class=\"wp-block-image size-full is-style-default\"><img decoding=\"async\" width=\"800\" height=\"800\" src=\"https:\/\/www.yongyukitchenware.com\/wp-content\/uploads\/2024\/11\/Stainless-Steel-Milk-Can-Wholesale-2.webp\" alt=\"Lata de leite em a\u00e7o inoxid\u00e1vel \" class=\"wp-image-2318\" srcset=\"https:\/\/www.yongyukitchenware.com\/wp-content\/uploads\/2024\/11\/Stainless-Steel-Milk-Can-Wholesale-2.webp 800w, https:\/\/www.yongyukitchenware.com\/wp-content\/uploads\/2024\/11\/Stainless-Steel-Milk-Can-Wholesale-2-300x300.webp 300w, https:\/\/www.yongyukitchenware.com\/wp-content\/uploads\/2024\/11\/Stainless-Steel-Milk-Can-Wholesale-2-150x150.webp 150w, https:\/\/www.yongyukitchenware.com\/wp-content\/uploads\/2024\/11\/Stainless-Steel-Milk-Can-Wholesale-2-768x768.webp 768w, https:\/\/www.yongyukitchenware.com\/wp-content\/uploads\/2024\/11\/Stainless-Steel-Milk-Can-Wholesale-2-12x12.webp 12w, https:\/\/www.yongyukitchenware.com\/wp-content\/uploads\/2024\/11\/Stainless-Steel-Milk-Can-Wholesale-2-600x600.webp 600w, https:\/\/www.yongyukitchenware.com\/wp-content\/uploads\/2024\/11\/Stainless-Steel-Milk-Can-Wholesale-2-100x100.webp 100w\" sizes=\"(max-width: 800px) 100vw, 800px\" \/><\/figure>\n<\/div>\n<\/div>\n\n\n\n<div class=\"wp-block-columns is-layout-flex wp-container-core-columns-is-layout-9d6595d7 wp-block-columns-is-layout-flex\">\n<div class=\"wp-block-column is-layout-flow wp-block-column-is-layout-flow\">\n<div class=\"wp-block-group is-nowrap is-layout-flex wp-container-core-group-is-layout-ad2f72ca wp-block-group-is-layout-flex\">\n<figure class=\"wp-block-image size-full\"><img decoding=\"async\" width=\"800\" height=\"800\" src=\"https:\/\/www.yongyukitchenware.com\/wp-content\/uploads\/2024\/11\/Stainless-Steel-Milk-Can-Wholesale-3.webp\" alt=\"Lata de leite em a\u00e7o inoxid\u00e1vel\" class=\"wp-image-2319\" srcset=\"https:\/\/www.yongyukitchenware.com\/wp-content\/uploads\/2024\/11\/Stainless-Steel-Milk-Can-Wholesale-3.webp 800w, https:\/\/www.yongyukitchenware.com\/wp-content\/uploads\/2024\/11\/Stainless-Steel-Milk-Can-Wholesale-3-300x300.webp 300w, https:\/\/www.yongyukitchenware.com\/wp-content\/uploads\/2024\/11\/Stainless-Steel-Milk-Can-Wholesale-3-150x150.webp 150w, https:\/\/www.yongyukitchenware.com\/wp-content\/uploads\/2024\/11\/Stainless-Steel-Milk-Can-Wholesale-3-768x768.webp 768w, https:\/\/www.yongyukitchenware.com\/wp-content\/uploads\/2024\/11\/Stainless-Steel-Milk-Can-Wholesale-3-12x12.webp 12w, https:\/\/www.yongyukitchenware.com\/wp-content\/uploads\/2024\/11\/Stainless-Steel-Milk-Can-Wholesale-3-600x600.webp 600w, https:\/\/www.yongyukitchenware.com\/wp-content\/uploads\/2024\/11\/Stainless-Steel-Milk-Can-Wholesale-3-100x100.webp 100w\" sizes=\"(max-width: 800px) 100vw, 800px\" \/><\/figure>\n<\/div>\n<\/div>\n\n\n\n<div class=\"wp-block-column is-layout-flow wp-block-column-is-layout-flow\">\n<h2 class=\"wp-block-heading\">Lata de leite em a\u00e7o inoxid\u00e1vel Tamanho:<\/h2>\n\n\n\n<figure class=\"wp-block-table\"><table class=\"has-fixed-layout\"><tbody><tr><td>Modelo<\/td><td>Tamanho<\/td><td>Di\u00e2metro * Altura (cm)<\/td><td>MOQ<\/td><\/tr><tr><td rowspan=\"10\">DY008-T<\/td><td>28L<\/td><td>30*40<\/td><td rowspan=\"10\">10 PE\u00c7AS<\/td><\/tr><tr><td>35L<\/td><td>30*50<\/td><\/tr><tr><td>42L<\/td><td>30*60<\/td><\/tr><tr><td>48L<\/td><td>35*50<\/td><\/tr><tr><td>58L<\/td><td>35*60<\/td><\/tr><tr><td>64L<\/td><td>40*50<\/td><\/tr><tr><td>68L<\/td><td>35*70<\/td><\/tr><tr><td>76L<\/td><td>40*60<\/td><\/tr><tr><td>88L<\/td><td>40*70<\/td><\/tr><tr><td>100L<\/td><td>40*85<\/td><\/tr><\/tbody><\/table><\/figure>\n<\/div>\n<\/div>","protected":false},"excerpt":{"rendered":"<p>Latas de leite de a\u00e7o inoxid\u00e1vel por atacado, design de tampa selada, podem manter o leite e os alimentos frescos. Grande capacidade 28-100L, atende a v\u00e1rias necessidades de armazenamento de alimentos. Vendas diretas da f\u00e1brica, fornecer servi\u00e7os personalizados, bem-vindo a contactar-nos<\/p>\n<h2>Lata de leite em a\u00e7o inoxid\u00e1vel Atributo:<\/h2>\n<p><strong>Material:<\/strong>\u00a0a\u00e7o inoxid\u00e1vel<br \/><strong>Pega:<\/strong>\u00a0pega grossa<br \/><strong>Tamanhos:<\/strong>\u00a028-100 L<br \/><strong>Conce\u00e7\u00e3o:<\/strong>\u00a0 com tampa de fecho e pega<br \/><strong>OEM\/ODM:<\/strong>\u00a0facultativo<\/p>\n<h2 class=\"wp-block-heading\">De Yongyu Catering Supplies Fabricante :<\/h2>\n<p>Quer se trate de um fornecedor de servi\u00e7os de catering, de um hotel e restaurante ou de uma empresa de planeamento de eventos, fornecemos solu\u00e7\u00f5es completas de catering por atacado e personalizadas para si com pre\u00e7os de f\u00e1brica de alta qualidade!<\/p>","protected":false},"featured_media":2320,"comment_status":"closed","ping_status":"closed","template":"","meta":{"_acf_changed":true},"application":[30],"product_brand":[],"product_cat":[22],"product_tag":[],"class_list":{"0":"post-2115","1":"product","2":"type-product","3":"status-publish","4":"has-post-thumbnail","6":"application-hotel-catering","7":"product_cat-catering-supplies-wholesale","9":"first","10":"instock","11":"shipping-taxable","12":"product-type-simple"},"acf":[],"_links":{"self":[{"href":"https:\/\/www.yongyukitchenware.com\/pt\/wp-json\/wp\/v2\/product\/2115","targetHints":{"allow":["GET"]}}],"collection":[{"href":"https:\/\/www.yongyukitchenware.com\/pt\/wp-json\/wp\/v2\/product"}],"about":[{"href":"https:\/\/www.yongyukitchenware.com\/pt\/wp-json\/wp\/v2\/types\/product"}],"replies":[{"embeddable":true,"href":"https:\/\/www.yongyukitchenware.com\/pt\/wp-json\/wp\/v2\/comments?post=2115"}],"wp:featuredmedia":[{"embeddable":true,"href":"https:\/\/www.yongyukitchenware.com\/pt\/wp-json\/wp\/v2\/media\/2320"}],"wp:attachment":[{"href":"https:\/\/www.yongyukitchenware.com\/pt\/wp-json\/wp\/v2\/media?parent=2115"}],"wp:term":[{"taxonomy":"application","embeddable":true,"href":"https:\/\/www.yongyukitchenware.com\/pt\/wp-json\/wp\/v2\/application?post=2115"},{"taxonomy":"product_brand","embeddable":true,"href":"https:\/\/www.yongyukitchenware.com\/pt\/wp-json\/wp\/v2\/product_brand?post=2115"},{"taxonomy":"product_cat","embeddable":true,"href":"https:\/\/www.yongyukitchenware.com\/pt\/wp-json\/wp\/v2\/product_cat?post=2115"},{"taxonomy":"product_tag","embeddable":true,"href":"https:\/\/www.yongyukitchenware.com\/pt\/wp-json\/wp\/v2\/product_tag?post=2115"}],"curies":[{"name":"wp","href":"https:\/\/api.w.org\/{rel}","templated":true}]}}