{"id":2123,"date":"2024-11-22T15:33:11","date_gmt":"2024-11-22T15:33:11","guid":{"rendered":"https:\/\/www.yongyukitchenware.com\/?post_type=product&#038;p=2123"},"modified":"2024-11-22T15:36:39","modified_gmt":"2024-11-22T15:36:39","slug":"custom-champagne-ice-bucket","status":"publish","type":"product","link":"https:\/\/www.yongyukitchenware.com\/pt\/produto\/custom-champagne-ice-bucket\/","title":{"rendered":"Balde de gelo para champanhe a granel em a\u00e7o inoxid\u00e1vel com pega para bar Cerveja Vinho"},"content":{"rendered":"<div class=\"wp-block-columns is-layout-flex wp-container-core-columns-is-layout-9d6595d7 wp-block-columns-is-layout-flex\">\n<div class=\"wp-block-column is-layout-flow wp-block-column-is-layout-flow\">\n<h2 class=\"wp-block-heading\">Balde de gelo para champanhe Carater\u00edsticas:<\/h2>\n\n\n\n<p><strong>Material em a\u00e7o inoxid\u00e1vel espessado: <\/strong>superf\u00edcie polida e brilhante, material de a\u00e7o inoxid\u00e1vel espessado, com desempenho de preserva\u00e7\u00e3o do calor, f\u00e1cil de limpar.<\/p>\n\n\n\n<p><strong>Design refor\u00e7ado da pega:<\/strong> refor\u00e7o de rebites, pegas duplas com boa capacidade de carga<\/p>\n\n\n\n<p><strong>Design de borda rolante: <\/strong>cantos arredondados e lisos, f\u00e1ceis de apanhar, evitam les\u00f5es nas m\u00e3os.<\/p>\n\n\n\n<p><strong>Fundo plano engrossado: <\/strong>o fundo \u00e9 mais alto e mais grosso, \u00e9 colocado com firmeza e n\u00e3o danifica a secret\u00e1ria<\/p>\n<\/div>\n\n\n\n<div class=\"wp-block-column is-layout-flow wp-block-column-is-layout-flow\">\n<div class=\"wp-block-columns is-layout-flex wp-container-core-columns-is-layout-9d6595d7 wp-block-columns-is-layout-flex\">\n<div class=\"wp-block-column is-layout-flow wp-block-column-is-layout-flow\">\n<figure class=\"wp-block-image size-full\"><img decoding=\"async\" width=\"800\" height=\"800\" src=\"https:\/\/www.yongyukitchenware.com\/wp-content\/uploads\/2024\/11\/metal-ice-bucket-5.webp\" alt=\"balde de metal-ice-5\" class=\"wp-image-2128\" srcset=\"https:\/\/www.yongyukitchenware.com\/wp-content\/uploads\/2024\/11\/metal-ice-bucket-5.webp 800w, https:\/\/www.yongyukitchenware.com\/wp-content\/uploads\/2024\/11\/metal-ice-bucket-5-300x300.webp 300w, https:\/\/www.yongyukitchenware.com\/wp-content\/uploads\/2024\/11\/metal-ice-bucket-5-150x150.webp 150w, https:\/\/www.yongyukitchenware.com\/wp-content\/uploads\/2024\/11\/metal-ice-bucket-5-768x768.webp 768w, https:\/\/www.yongyukitchenware.com\/wp-content\/uploads\/2024\/11\/metal-ice-bucket-5-12x12.webp 12w, https:\/\/www.yongyukitchenware.com\/wp-content\/uploads\/2024\/11\/metal-ice-bucket-5-600x600.webp 600w, https:\/\/www.yongyukitchenware.com\/wp-content\/uploads\/2024\/11\/metal-ice-bucket-5-100x100.webp 100w\" sizes=\"(max-width: 800px) 100vw, 800px\" \/><\/figure>\n<\/div>\n<\/div>\n<\/div>\n<\/div>","protected":false},"excerpt":{"rendered":"<p>Este balde de gelo de champanhe \u00e9 pequeno e port\u00e1til, 1-7L, pode conter cerveja, bebidas ou lanches, e \u00e9 adequado para festas, bares e atividades ao ar livre. A f\u00e1brica de Yongyu vende diretamente por atacado baldes de gelo personalizados, oferecendo pre\u00e7os econ\u00f4micos.<\/p>\n<h2>Balde de gelo para champanhe Par\u00e2metro:<\/h2>\n<p><strong>Material:<\/strong> a\u00e7o inoxid\u00e1vel<br \/><strong>Cor:<\/strong> revestimento de prata, ouro, tit\u00e2nio, impress\u00e3o, etc. <br \/><strong>Conce\u00e7\u00e3o:<\/strong> material de qualidade alimentar, pega refor\u00e7ada<br \/><strong>Tamanhos:<\/strong> 1L, 5L, 7L<br \/><strong>Embalagem:<\/strong> caixa de cor, caixa principal ou personalizada<br \/><strong>OEM\/ODM:<\/strong> dispon\u00edvel<\/p>\n<h2 class=\"wp-block-heading\">De Yongyu Catering Supplies Wholesaler :<\/h2>\n<p>Com 25 anos de experi\u00eancia profissional, o fabricante Yongyu \u00e9 especializado em artigos de bar de alta qualidade, para garantir que os clientes obtenham os produtos e servi\u00e7os de maior qualidade.<\/p>","protected":false},"featured_media":2124,"comment_status":"closed","ping_status":"closed","template":"","meta":{"_acf_changed":true},"application":[30],"product_brand":[],"product_cat":[16],"product_tag":[],"class_list":{"0":"post-2123","1":"product","2":"type-product","3":"status-publish","4":"has-post-thumbnail","6":"application-hotel-catering","7":"product_cat-barware-wholesale-custom","9":"first","10":"instock","11":"shipping-taxable","12":"product-type-simple"},"acf":[],"_links":{"self":[{"href":"https:\/\/www.yongyukitchenware.com\/pt\/wp-json\/wp\/v2\/product\/2123","targetHints":{"allow":["GET"]}}],"collection":[{"href":"https:\/\/www.yongyukitchenware.com\/pt\/wp-json\/wp\/v2\/product"}],"about":[{"href":"https:\/\/www.yongyukitchenware.com\/pt\/wp-json\/wp\/v2\/types\/product"}],"replies":[{"embeddable":true,"href":"https:\/\/www.yongyukitchenware.com\/pt\/wp-json\/wp\/v2\/comments?post=2123"}],"wp:featuredmedia":[{"embeddable":true,"href":"https:\/\/www.yongyukitchenware.com\/pt\/wp-json\/wp\/v2\/media\/2124"}],"wp:attachment":[{"href":"https:\/\/www.yongyukitchenware.com\/pt\/wp-json\/wp\/v2\/media?parent=2123"}],"wp:term":[{"taxonomy":"application","embeddable":true,"href":"https:\/\/www.yongyukitchenware.com\/pt\/wp-json\/wp\/v2\/application?post=2123"},{"taxonomy":"product_brand","embeddable":true,"href":"https:\/\/www.yongyukitchenware.com\/pt\/wp-json\/wp\/v2\/product_brand?post=2123"},{"taxonomy":"product_cat","embeddable":true,"href":"https:\/\/www.yongyukitchenware.com\/pt\/wp-json\/wp\/v2\/product_cat?post=2123"},{"taxonomy":"product_tag","embeddable":true,"href":"https:\/\/www.yongyukitchenware.com\/pt\/wp-json\/wp\/v2\/product_tag?post=2123"}],"curies":[{"name":"wp","href":"https:\/\/api.w.org\/{rel}","templated":true}]}}