{"id":2137,"date":"2024-11-22T16:05:07","date_gmt":"2024-11-22T16:05:07","guid":{"rendered":"https:\/\/www.yongyukitchenware.com\/?post_type=product&#038;p=2137"},"modified":"2025-06-26T07:55:01","modified_gmt":"2025-06-26T07:55:01","slug":"wholesale-baking-tray-with-lid","status":"publish","type":"product","link":"https:\/\/www.yongyukitchenware.com\/pt\/produto\/wholesale-baking-tray-with-lid\/","title":{"rendered":"Tabuleiro para bolos com tampa e grelha em a\u00e7o inoxid\u00e1vel"},"content":{"rendered":"<div class=\"wp-block-columns is-layout-flex wp-container-core-columns-is-layout-9d6595d7 wp-block-columns-is-layout-flex\">\n<div class=\"wp-block-column is-layout-flow wp-block-column-is-layout-flow\">\n<h2 class=\"wp-block-heading\">Carater\u00edsticas do tabuleiro com tampa:<\/h2>\n\n\n\n<p><strong>A\u00e7o inoxid\u00e1vel resistente ao calor: <\/strong>a\u00e7o inoxid\u00e1vel de qualidade alimentar, dur\u00e1vel, resistente ao calor, f\u00e1cil de limpar.<\/p>\n\n\n\n<p><strong>Com grelha de a\u00e7o inoxid\u00e1vel:<\/strong> a abertura da malha \u00e9 uniforme, a drenagem e a remo\u00e7\u00e3o de \u00f3leo s\u00e3o eficazes<\/p>\n\n\n\n<p><strong>Com design de tampa:<\/strong> tampa de material PP de qualidade alimentar, selada e fresca sem odor<\/p>\n\n\n\n<p><strong>Design de borda enrolada:<\/strong> cantos arredondados e suaves, f\u00e1ceis de utilizar<\/p>\n\n\n\n<p><strong>Capacidade de conce\u00e7\u00e3o profunda:<\/strong> pode conter frutas e legumes, legumes cozidos a vapor, frango assado, adequado para mais ocasi\u00f5es<\/p>\n\n\n\n<p><strong>Design de fundo plano: <\/strong>o aquecimento \u00e9 uniforme e r\u00e1pido, pode ser cozinhado a vapor na \u00e1gua, pode ser aquecido no forno<\/p>\n<\/div>\n\n\n\n<div class=\"wp-block-column is-layout-flow wp-block-column-is-layout-flow\">\n<div class=\"wp-block-columns is-layout-flex wp-container-core-columns-is-layout-9d6595d7 wp-block-columns-is-layout-flex\">\n<div class=\"wp-block-column is-layout-flow wp-block-column-is-layout-flow\"><div class=\"wp-block-image\">\n<figure class=\"aligncenter size-full is-resized\"><img decoding=\"async\" width=\"800\" height=\"800\" src=\"https:\/\/www.yongyukitchenware.com\/wp-content\/uploads\/2024\/11\/Stainless-Steel-Baking-Tray-3.webp\" alt=\"Tabuleiro de cozedura em a\u00e7o inoxid\u00e1vel-3\" class=\"wp-image-2143\" style=\"width:416px;height:auto\" srcset=\"https:\/\/www.yongyukitchenware.com\/wp-content\/uploads\/2024\/11\/Stainless-Steel-Baking-Tray-3.webp 800w, https:\/\/www.yongyukitchenware.com\/wp-content\/uploads\/2024\/11\/Stainless-Steel-Baking-Tray-3-300x300.webp 300w, https:\/\/www.yongyukitchenware.com\/wp-content\/uploads\/2024\/11\/Stainless-Steel-Baking-Tray-3-150x150.webp 150w, https:\/\/www.yongyukitchenware.com\/wp-content\/uploads\/2024\/11\/Stainless-Steel-Baking-Tray-3-768x768.webp 768w, https:\/\/www.yongyukitchenware.com\/wp-content\/uploads\/2024\/11\/Stainless-Steel-Baking-Tray-3-12x12.webp 12w, https:\/\/www.yongyukitchenware.com\/wp-content\/uploads\/2024\/11\/Stainless-Steel-Baking-Tray-3-600x600.webp 600w, https:\/\/www.yongyukitchenware.com\/wp-content\/uploads\/2024\/11\/Stainless-Steel-Baking-Tray-3-100x100.webp 100w\" sizes=\"(max-width: 800px) 100vw, 800px\" \/><\/figure>\n<\/div><\/div>\n<\/div>\n<\/div>\n<\/div>\n\n\n\n<div class=\"wp-block-group is-vertical is-layout-flex wp-container-core-group-is-layout-8cf370e7 wp-block-group-is-layout-flex\">\n<h2 class=\"wp-block-heading\">Tamanho do tabuleiro com tampa:<\/h2>\n\n\n\n<figure class=\"wp-block-table\"><table class=\"has-fixed-layout\"><tbody><tr><td>Modelo<\/td><td>Comprimento * Largura * Altura (cm)<\/td><td>MOQ<\/td><\/tr><tr><td rowspan=\"6\">DY095-Z<\/td><td>23*17*5 CM<\/td><td rowspan=\"6\">36 UNIDADES<\/td><\/tr><tr><td>26*20*5 CM<\/td><\/tr><tr><td>31*24*5 CM<\/td><\/tr><tr><td>16*16*5 CM<\/td><\/tr><tr><td>20*20*5 CM<\/td><\/tr><tr><td>24*24*5 CM<\/td><\/tr><\/tbody><\/table><\/figure>\n\n\n\n<p><\/p>\n<\/div>","protected":false},"excerpt":{"rendered":"<p>Tabuleiro para bolos por grosso com tampa e grelha, adequado para cozinha comercial dom\u00e9stica e armazenamento de alimentos no exterior. O servi\u00e7o personalizado est\u00e1 dispon\u00edvel, bem-vindo a perguntar!<\/p>\n<h2 style=\"text-align: left\">Par\u00e2metro do tabuleiro com tampa:<\/h2>\n<p style=\"text-align: left\"><strong>Material:<\/strong> A\u00e7o inoxid\u00e1vel<br \/><strong>Conce\u00e7\u00e3o:<\/strong> com grelha em a\u00e7o inoxid\u00e1vel e tampa em PP<br \/><strong>Embalagem: <\/strong>Saco Opp e caixa de cart\u00e3o<br \/><strong>OEM\/ODM:<\/strong> Dispon\u00edvel<\/p>\n<h2 class=\"wp-block-heading\">De Yongyu Kitchenware Fabricante :<\/h2>\n<p class=\"wp-block-heading\">Os nossos produtos incluem todos os tipos de utens\u00edlios de cozinha em a\u00e7o inoxid\u00e1vel e acess\u00f3rios de cozinha. E fornecemos solu\u00e7\u00f5es personalizadas de utens\u00edlios de cozinha a pre\u00e7os de f\u00e1brica.<\/p>","protected":false},"featured_media":2138,"comment_status":"closed","ping_status":"closed","template":"","meta":{"_acf_changed":false},"application":[31,29],"product_brand":[],"product_cat":[23,35],"product_tag":[],"class_list":{"0":"post-2137","1":"product","2":"type-product","3":"status-publish","4":"has-post-thumbnail","6":"application-champ-kitchen","7":"application-home-kitchen","8":"product_cat-kitchenware-wholesale","9":"product_cat-baking-trays-wholesale","11":"first","12":"instock","13":"shipping-taxable","14":"product-type-simple"},"acf":[],"_links":{"self":[{"href":"https:\/\/www.yongyukitchenware.com\/pt\/wp-json\/wp\/v2\/product\/2137","targetHints":{"allow":["GET"]}}],"collection":[{"href":"https:\/\/www.yongyukitchenware.com\/pt\/wp-json\/wp\/v2\/product"}],"about":[{"href":"https:\/\/www.yongyukitchenware.com\/pt\/wp-json\/wp\/v2\/types\/product"}],"replies":[{"embeddable":true,"href":"https:\/\/www.yongyukitchenware.com\/pt\/wp-json\/wp\/v2\/comments?post=2137"}],"wp:featuredmedia":[{"embeddable":true,"href":"https:\/\/www.yongyukitchenware.com\/pt\/wp-json\/wp\/v2\/media\/2138"}],"wp:attachment":[{"href":"https:\/\/www.yongyukitchenware.com\/pt\/wp-json\/wp\/v2\/media?parent=2137"}],"wp:term":[{"taxonomy":"application","embeddable":true,"href":"https:\/\/www.yongyukitchenware.com\/pt\/wp-json\/wp\/v2\/application?post=2137"},{"taxonomy":"product_brand","embeddable":true,"href":"https:\/\/www.yongyukitchenware.com\/pt\/wp-json\/wp\/v2\/product_brand?post=2137"},{"taxonomy":"product_cat","embeddable":true,"href":"https:\/\/www.yongyukitchenware.com\/pt\/wp-json\/wp\/v2\/product_cat?post=2137"},{"taxonomy":"product_tag","embeddable":true,"href":"https:\/\/www.yongyukitchenware.com\/pt\/wp-json\/wp\/v2\/product_tag?post=2137"}],"curies":[{"name":"wp","href":"https:\/\/api.w.org\/{rel}","templated":true}]}}