{"id":2165,"date":"2024-11-22T16:22:05","date_gmt":"2024-11-22T16:22:05","guid":{"rendered":"https:\/\/www.yongyukitchenware.com\/?post_type=product&#038;p=2165"},"modified":"2024-12-09T08:06:11","modified_gmt":"2024-12-09T08:06:11","slug":"wholesale-honeycomb-frying-pan","status":"publish","type":"product","link":"https:\/\/www.yongyukitchenware.com\/pt\/produto\/wholesale-honeycomb-frying-pan\/","title":{"rendered":"Frigideira de favo de mel por atacado Frigideira de a\u00e7o inoxid\u00e1vel antiaderente"},"content":{"rendered":"<div class=\"wp-block-columns is-layout-flex wp-container-core-columns-is-layout-9d6595d7 wp-block-columns-is-layout-flex\">\n<div class=\"wp-block-column is-layout-flow wp-block-column-is-layout-flow\">\n<h2 class=\"wp-block-heading\">Frigideira em favo de mel Carater\u00edsticas:<\/h2>\n\n\n\n<p><strong>Estrutura de a\u00e7o de camada tripla:<\/strong> A\u00e7o inoxid\u00e1vel 304\/430 e alum\u00ednio no interior e no exterior, a estrutura de tr\u00eas camadas garante a consist\u00eancia do calor do wok.<\/p>\n\n\n\n<p><strong>Processo antiaderente profissional:<\/strong> O processo de grava\u00e7\u00e3o a laser em favo de mel \u00e9 utilizado no interior e no fundo, e a estrutura em favo de mel da panela interior pode evitar eficazmente a ader\u00eancia \u00e0 panela e permitir que os ingredientes aque\u00e7am uniformemente. O fundo da panela circular conduz o calor mais rapidamente e o corpo da panela n\u00e3o \u00e9 f\u00e1cil de ficar amarelo e preto.<\/p>\n\n\n\n<p><strong>Elevada compatibilidade:<\/strong> O wok \u00e9 adequado para fritar, cozinhar ligeiro, cozinhar a vapor, fritar. Adequado para todos os fog\u00f5es, incluindo fog\u00f5es de halog\u00e9neo, a g\u00e1s, de cer\u00e2mica e el\u00e9ctricos<\/p>\n\n\n\n<p><strong>F\u00e1cil de limpar e resistente a riscos:<\/strong> As frigideiras antiaderentes s\u00e3o resistentes a riscos e n\u00e3o se desgastam nem se desgastam com a utiliza\u00e7\u00e3o de utens\u00edlios de metal.<br>Design humanizado: A pega de a\u00e7o \u00e9 confort\u00e1vel e a tampa vertical da panela pode ser colocada sem ocupar espa\u00e7o<\/p>\n<\/div>\n\n\n\n<div class=\"wp-block-column is-layout-flow wp-block-column-is-layout-flow\">\n<div class=\"wp-block-columns is-layout-flex wp-container-core-columns-is-layout-9d6595d7 wp-block-columns-is-layout-flex\">\n<div class=\"wp-block-column is-layout-flow wp-block-column-is-layout-flow\">\n<figure class=\"wp-block-image size-large\"><img decoding=\"async\" width=\"800\" height=\"800\" src=\"https:\/\/www.yongyukitchenware.com\/wp-content\/uploads\/2024\/11\/Honeycomb-frying-pan-4.webp\" alt=\"Frigideira em forma de favo de mel-4\" class=\"wp-image-2171\" srcset=\"https:\/\/www.yongyukitchenware.com\/wp-content\/uploads\/2024\/11\/Honeycomb-frying-pan-4.webp 800w, https:\/\/www.yongyukitchenware.com\/wp-content\/uploads\/2024\/11\/Honeycomb-frying-pan-4-300x300.webp 300w, https:\/\/www.yongyukitchenware.com\/wp-content\/uploads\/2024\/11\/Honeycomb-frying-pan-4-150x150.webp 150w, https:\/\/www.yongyukitchenware.com\/wp-content\/uploads\/2024\/11\/Honeycomb-frying-pan-4-768x768.webp 768w, https:\/\/www.yongyukitchenware.com\/wp-content\/uploads\/2024\/11\/Honeycomb-frying-pan-4-12x12.webp 12w, https:\/\/www.yongyukitchenware.com\/wp-content\/uploads\/2024\/11\/Honeycomb-frying-pan-4-600x600.webp 600w, https:\/\/www.yongyukitchenware.com\/wp-content\/uploads\/2024\/11\/Honeycomb-frying-pan-4-100x100.webp 100w\" sizes=\"(max-width: 800px) 100vw, 800px\" \/><\/figure>\n\n\n\n<figure class=\"wp-block-image size-full\"><img decoding=\"async\" width=\"800\" height=\"800\" src=\"https:\/\/www.yongyukitchenware.com\/wp-content\/uploads\/2024\/11\/Honeycomb-frying-pan-8.webp\" alt=\"Frigideira em forma de favo de mel-8\" class=\"wp-image-2172\" srcset=\"https:\/\/www.yongyukitchenware.com\/wp-content\/uploads\/2024\/11\/Honeycomb-frying-pan-8.webp 800w, https:\/\/www.yongyukitchenware.com\/wp-content\/uploads\/2024\/11\/Honeycomb-frying-pan-8-300x300.webp 300w, https:\/\/www.yongyukitchenware.com\/wp-content\/uploads\/2024\/11\/Honeycomb-frying-pan-8-150x150.webp 150w, https:\/\/www.yongyukitchenware.com\/wp-content\/uploads\/2024\/11\/Honeycomb-frying-pan-8-768x768.webp 768w, https:\/\/www.yongyukitchenware.com\/wp-content\/uploads\/2024\/11\/Honeycomb-frying-pan-8-12x12.webp 12w, https:\/\/www.yongyukitchenware.com\/wp-content\/uploads\/2024\/11\/Honeycomb-frying-pan-8-600x600.webp 600w, https:\/\/www.yongyukitchenware.com\/wp-content\/uploads\/2024\/11\/Honeycomb-frying-pan-8-100x100.webp 100w\" sizes=\"(max-width: 800px) 100vw, 800px\" \/><\/figure>\n<\/div>\n<\/div>\n<\/div>\n<\/div>\n\n\n\n<p><\/p>","protected":false},"excerpt":{"rendered":"<p>Fabricante de utens\u00edlios de cozinha por atacado frigideiras em favo de mel, com revestimento antiaderente. Apoio \u00e0 personaliza\u00e7\u00e3o, alta qualidade e custo-benef\u00edcio, entre em contato conosco para consulta gratuita.<\/p>\n<h2>Frigideira em favo de mel Par\u00e2metro:<\/h2>\n<p><strong>Material:<\/strong> A\u00e7o inoxid\u00e1vel<br \/><strong>Forma interior:<\/strong> Com e sem favo de mel<br \/><strong>Pega:<\/strong> Pega em a\u00e7o inoxid\u00e1vel e puxadores refor\u00e7ados com rebites<br \/><strong>Tamanhos:<\/strong> 26cm e 28cm<br \/><strong>OEM\/ODM:<\/strong> Dispon\u00edvel<\/p>\n<h2 class=\"wp-block-heading\">De Yongyu Cookware Fabricante :<\/h2>\n<p>Yongyu \u00e9 um fabricante de utens\u00edlios de cozinha bem conhecido na China, conhecido por fornecer uma vasta gama de utens\u00edlios de cozinha em a\u00e7o inoxid\u00e1vel de alta qualidade, incluindo frigideiras, woks, panelas para caldos e panelas para massas, etc.<\/p>","protected":false},"featured_media":2166,"comment_status":"closed","ping_status":"closed","template":"","meta":{"_acf_changed":true},"application":[29],"product_brand":[],"product_cat":[23,32],"product_tag":[],"class_list":{"0":"post-2165","1":"product","2":"type-product","3":"status-publish","4":"has-post-thumbnail","6":"application-home-kitchen","7":"product_cat-kitchenware-wholesale","8":"product_cat-wholesale-cookware","10":"first","11":"instock","12":"shipping-taxable","13":"product-type-simple"},"acf":[],"_links":{"self":[{"href":"https:\/\/www.yongyukitchenware.com\/pt\/wp-json\/wp\/v2\/product\/2165","targetHints":{"allow":["GET"]}}],"collection":[{"href":"https:\/\/www.yongyukitchenware.com\/pt\/wp-json\/wp\/v2\/product"}],"about":[{"href":"https:\/\/www.yongyukitchenware.com\/pt\/wp-json\/wp\/v2\/types\/product"}],"replies":[{"embeddable":true,"href":"https:\/\/www.yongyukitchenware.com\/pt\/wp-json\/wp\/v2\/comments?post=2165"}],"wp:featuredmedia":[{"embeddable":true,"href":"https:\/\/www.yongyukitchenware.com\/pt\/wp-json\/wp\/v2\/media\/2166"}],"wp:attachment":[{"href":"https:\/\/www.yongyukitchenware.com\/pt\/wp-json\/wp\/v2\/media?parent=2165"}],"wp:term":[{"taxonomy":"application","embeddable":true,"href":"https:\/\/www.yongyukitchenware.com\/pt\/wp-json\/wp\/v2\/application?post=2165"},{"taxonomy":"product_brand","embeddable":true,"href":"https:\/\/www.yongyukitchenware.com\/pt\/wp-json\/wp\/v2\/product_brand?post=2165"},{"taxonomy":"product_cat","embeddable":true,"href":"https:\/\/www.yongyukitchenware.com\/pt\/wp-json\/wp\/v2\/product_cat?post=2165"},{"taxonomy":"product_tag","embeddable":true,"href":"https:\/\/www.yongyukitchenware.com\/pt\/wp-json\/wp\/v2\/product_tag?post=2165"}],"curies":[{"name":"wp","href":"https:\/\/api.w.org\/{rel}","templated":true}]}}