{"id":2181,"date":"2024-11-10T03:52:27","date_gmt":"2024-11-10T03:52:27","guid":{"rendered":"https:\/\/www.yongyukitchenware.com\/?post_type=product&#038;p=2181"},"modified":"2025-07-10T09:52:49","modified_gmt":"2025-07-10T09:52:49","slug":"non-stick-frying-pan-wholesale","status":"publish","type":"product","link":"https:\/\/www.yongyukitchenware.com\/pt\/produto\/non-stick-frying-pan-wholesale\/","title":{"rendered":"Frigideira antiaderente a granel Frigideira tripla em favo de mel"},"content":{"rendered":"<div class=\"wp-block-columns is-layout-flex wp-container-core-columns-is-layout-9d6595d7 wp-block-columns-is-layout-flex\">\n<div class=\"wp-block-column is-layout-flow wp-block-column-is-layout-flow\">\n<h2 class=\"wp-block-heading\">Frigideira antiaderente Carater\u00edsticas:<\/h2>\n\n\n\n<p><strong>Estrutura de a\u00e7o de tr\u00eas camadas: <\/strong>A\u00e7o inoxid\u00e1vel 304\/430 e alum\u00ednio no interior e no exterior, a estrutura de tr\u00eas camadas garante a consist\u00eancia do calor do wok.<br><strong>Processo antiaderente profissional:<\/strong> O processo de grava\u00e7\u00e3o a laser em favo de mel \u00e9 utilizado no interior, e a estrutura em favo de mel pode efetivamente evitar a ader\u00eancia \u00e0 panela e permitir que os ingredientes aque\u00e7am uniformemente.<br><strong>Elevada compatibilidade: <\/strong>O wok \u00e9 adequado para fritar, cozinhar ligeiro, cozinhar a vapor, fritar. Adequado para todos os fog\u00f5es, incluindo fog\u00f5es de halog\u00e9neo, a g\u00e1s, de cer\u00e2mica e el\u00e9ctricos<br><strong>F\u00e1cil de limpar e resistente a riscos:<\/strong> As frigideiras antiaderentes s\u00e3o resistentes a riscos e n\u00e3o se desgastam nem se desgastam com a utiliza\u00e7\u00e3o de utens\u00edlios de metal.<br><strong>Design humanizado: <\/strong>o cabo de a\u00e7o \u00e9 confort\u00e1vel, a tampa vertical da panela pode ser colocada, n\u00e3o ocupa espa\u00e7o<\/p>\n<\/div>\n\n\n\n<div class=\"wp-block-column is-layout-flow wp-block-column-is-layout-flow\">\n<div class=\"wp-block-columns is-layout-flex wp-container-core-columns-is-layout-9d6595d7 wp-block-columns-is-layout-flex\">\n<div class=\"wp-block-column is-layout-flow wp-block-column-is-layout-flow\">\n<figure class=\"wp-block-image size-full\"><img decoding=\"async\" width=\"800\" height=\"800\" src=\"https:\/\/www.yongyukitchenware.com\/wp-content\/uploads\/2024\/11\/Honeycomb-pan-4.webp\" alt=\"Favo de mel-pan-4\" class=\"wp-image-2186\" srcset=\"https:\/\/www.yongyukitchenware.com\/wp-content\/uploads\/2024\/11\/Honeycomb-pan-4.webp 800w, https:\/\/www.yongyukitchenware.com\/wp-content\/uploads\/2024\/11\/Honeycomb-pan-4-300x300.webp 300w, https:\/\/www.yongyukitchenware.com\/wp-content\/uploads\/2024\/11\/Honeycomb-pan-4-150x150.webp 150w, https:\/\/www.yongyukitchenware.com\/wp-content\/uploads\/2024\/11\/Honeycomb-pan-4-768x768.webp 768w, https:\/\/www.yongyukitchenware.com\/wp-content\/uploads\/2024\/11\/Honeycomb-pan-4-12x12.webp 12w, https:\/\/www.yongyukitchenware.com\/wp-content\/uploads\/2024\/11\/Honeycomb-pan-4-600x600.webp 600w, https:\/\/www.yongyukitchenware.com\/wp-content\/uploads\/2024\/11\/Honeycomb-pan-4-100x100.webp 100w\" sizes=\"(max-width: 800px) 100vw, 800px\" \/><\/figure>\n\n\n\n<figure class=\"wp-block-image size-full\"><img decoding=\"async\" width=\"800\" height=\"800\" src=\"https:\/\/www.yongyukitchenware.com\/wp-content\/uploads\/2024\/11\/Honeycomb-pan-6.webp\" alt=\"\" class=\"wp-image-2188\" srcset=\"https:\/\/www.yongyukitchenware.com\/wp-content\/uploads\/2024\/11\/Honeycomb-pan-6.webp 800w, https:\/\/www.yongyukitchenware.com\/wp-content\/uploads\/2024\/11\/Honeycomb-pan-6-300x300.webp 300w, https:\/\/www.yongyukitchenware.com\/wp-content\/uploads\/2024\/11\/Honeycomb-pan-6-150x150.webp 150w, https:\/\/www.yongyukitchenware.com\/wp-content\/uploads\/2024\/11\/Honeycomb-pan-6-768x768.webp 768w, https:\/\/www.yongyukitchenware.com\/wp-content\/uploads\/2024\/11\/Honeycomb-pan-6-12x12.webp 12w, https:\/\/www.yongyukitchenware.com\/wp-content\/uploads\/2024\/11\/Honeycomb-pan-6-600x600.webp 600w, https:\/\/www.yongyukitchenware.com\/wp-content\/uploads\/2024\/11\/Honeycomb-pan-6-100x100.webp 100w\" sizes=\"(max-width: 800px) 100vw, 800px\" \/><\/figure>\n<\/div>\n<\/div>\n<\/div>\n<\/div>\n\n\n\n<p><\/p>","protected":false},"excerpt":{"rendered":"<p>Fabricantes de utens\u00edlios de cozinha por atacado Frigideiras antiaderentes, design de revestimento antiaderente em favo de mel em a\u00e7o inoxid\u00e1vel e pegas de madeira para f\u00e1cil ader\u00eancia. Personaliza\u00e7\u00e3o de suporte, alta qualidade e custo-benef\u00edcio, entre em contato conosco para consulta gratuita.<\/p>\n<h2>Frigideira antiaderente Par\u00e2metro:<\/h2>\n<p><strong>Material:<\/strong> A\u00e7o inoxid\u00e1vel<br \/><strong>Forma interior:<\/strong> Com e sem favo de mel<br \/><strong>Design da pega:<\/strong> Cabo de madeira e puxadores refor\u00e7ados com rebites<br \/><strong>Tamanhos:<\/strong> 26\/28cm<br \/><strong>OEM\/ODM:<\/strong> Dispon\u00edvel<\/p>\n<h2 class=\"wp-block-heading\">De Yongyu Cookware Fabricante :<\/h2>\n<p>Yongyu \u00e9 um fabricante de utens\u00edlios de cozinha bem conhecido na China, conhecido por fornecer uma vasta gama de utens\u00edlios de cozinha em a\u00e7o inoxid\u00e1vel de alta qualidade, incluindo frigideiras, woks, panelas para caldos e panelas para massas, etc.<\/p>","protected":false},"featured_media":2183,"comment_status":"closed","ping_status":"closed","template":"","meta":{"_acf_changed":false},"application":[29],"product_brand":[],"product_cat":[23,32],"product_tag":[],"class_list":{"0":"post-2181","1":"product","2":"type-product","3":"status-publish","4":"has-post-thumbnail","6":"application-home-kitchen","7":"product_cat-kitchenware-wholesale","8":"product_cat-wholesale-cookware","10":"first","11":"instock","12":"shipping-taxable","13":"product-type-simple"},"acf":[],"_links":{"self":[{"href":"https:\/\/www.yongyukitchenware.com\/pt\/wp-json\/wp\/v2\/product\/2181","targetHints":{"allow":["GET"]}}],"collection":[{"href":"https:\/\/www.yongyukitchenware.com\/pt\/wp-json\/wp\/v2\/product"}],"about":[{"href":"https:\/\/www.yongyukitchenware.com\/pt\/wp-json\/wp\/v2\/types\/product"}],"replies":[{"embeddable":true,"href":"https:\/\/www.yongyukitchenware.com\/pt\/wp-json\/wp\/v2\/comments?post=2181"}],"wp:featuredmedia":[{"embeddable":true,"href":"https:\/\/www.yongyukitchenware.com\/pt\/wp-json\/wp\/v2\/media\/2183"}],"wp:attachment":[{"href":"https:\/\/www.yongyukitchenware.com\/pt\/wp-json\/wp\/v2\/media?parent=2181"}],"wp:term":[{"taxonomy":"application","embeddable":true,"href":"https:\/\/www.yongyukitchenware.com\/pt\/wp-json\/wp\/v2\/application?post=2181"},{"taxonomy":"product_brand","embeddable":true,"href":"https:\/\/www.yongyukitchenware.com\/pt\/wp-json\/wp\/v2\/product_brand?post=2181"},{"taxonomy":"product_cat","embeddable":true,"href":"https:\/\/www.yongyukitchenware.com\/pt\/wp-json\/wp\/v2\/product_cat?post=2181"},{"taxonomy":"product_tag","embeddable":true,"href":"https:\/\/www.yongyukitchenware.com\/pt\/wp-json\/wp\/v2\/product_tag?post=2181"}],"curies":[{"name":"wp","href":"https:\/\/api.w.org\/{rel}","templated":true}]}}