{"id":2207,"date":"2024-11-30T02:44:55","date_gmt":"2024-11-30T02:44:55","guid":{"rendered":"https:\/\/www.yongyukitchenware.com\/?post_type=product&#038;p=2207"},"modified":"2025-06-26T07:59:55","modified_gmt":"2025-06-26T07:59:55","slug":"wholesales-double-handle-pan","status":"publish","type":"product","link":"https:\/\/www.yongyukitchenware.com\/pt\/produto\/wholesales-double-handle-pan\/","title":{"rendered":"Wholesales Double Handle Pan Dry Pot Non Stick with Lid"},"content":{"rendered":"<div class=\"wp-block-columns is-layout-flex wp-container-core-columns-is-layout-9d6595d7 wp-block-columns-is-layout-flex\">\n<div class=\"wp-block-column is-layout-flow wp-block-column-is-layout-flow\">\n<h2 class=\"wp-block-heading\">Panela de cabo duplo Carater\u00edsticas:<\/h2>\n\n\n\n<p><strong>A\u00e7o inoxid\u00e1vel antiaderente: <\/strong>Fabricado em a\u00e7o inoxid\u00e1vel de qualidade alimentar, fundo antiaderente, n\u00e3o t\u00f3xico e resistente ao desgaste, pode ser utilizado durante muito tempo.<\/p>\n\n\n\n<p><strong>Superf\u00edcie polida espelhada: <\/strong>Superf\u00edcie brilhante e lisa, f\u00e1cil de limpar e lav\u00e1vel na m\u00e1quina de lavar lou\u00e7a.<\/p>\n\n\n\n<p><strong>Pegas duplas refor\u00e7adas e com tampa: <\/strong>Refor\u00e7ada com rebites e dur\u00e1vel, com tampa de a\u00e7o inoxid\u00e1vel, adequada para a produ\u00e7\u00e3o de alimentos em panela seca Mala<\/p>\n\n\n\n<p><strong>Grande capacidade alargada: <\/strong>Design de grande di\u00e2metro, f\u00e1cil de acomodar uma variedade de alimentos<\/p>\n\n\n\n<h2 class=\"wp-block-heading\">Tamanho da panela com pega dupla:<\/h2>\n\n\n\n<figure class=\"wp-block-table\"><table class=\"has-fixed-layout\"><tbody><tr><td>Modelo<\/td><td>Tamanho<\/td><td>Di\u00e2metro * Altura (cm)<\/td><td>MOQ<\/td><\/tr><tr><td rowspan=\"3\">DY002-D<\/td><td>9 polegadas<\/td><td>22,3*6,5cm<\/td><td rowspan=\"3\">100 UNIDADES<\/td><\/tr><tr><td>10 polegadas<\/td><td>25*6,5cm<\/td><\/tr><tr><td>11 polegadas<\/td><td>26,5*7,5cm<\/td><\/tr><\/tbody><\/table><\/figure>\n<\/div>\n\n\n\n<div class=\"wp-block-column is-layout-flow wp-block-column-is-layout-flow\">\n<figure class=\"wp-block-image size-full\"><img decoding=\"async\" width=\"1920\" height=\"1920\" src=\"https:\/\/www.yongyukitchenware.com\/wp-content\/uploads\/2024\/11\/Stainless-Steel-Dry-Pot-6.webp\" alt=\"Tacho seco de a\u00e7o inoxid\u00e1vel-6\" class=\"wp-image-2212\" srcset=\"https:\/\/www.yongyukitchenware.com\/wp-content\/uploads\/2024\/11\/Stainless-Steel-Dry-Pot-6.webp 1920w, https:\/\/www.yongyukitchenware.com\/wp-content\/uploads\/2024\/11\/Stainless-Steel-Dry-Pot-6-300x300.webp 300w, https:\/\/www.yongyukitchenware.com\/wp-content\/uploads\/2024\/11\/Stainless-Steel-Dry-Pot-6-150x150.webp 150w, https:\/\/www.yongyukitchenware.com\/wp-content\/uploads\/2024\/11\/Stainless-Steel-Dry-Pot-6-768x768.webp 768w, https:\/\/www.yongyukitchenware.com\/wp-content\/uploads\/2024\/11\/Stainless-Steel-Dry-Pot-6-12x12.webp 12w, https:\/\/www.yongyukitchenware.com\/wp-content\/uploads\/2024\/11\/Stainless-Steel-Dry-Pot-6-1200x1200.webp 1200w, https:\/\/www.yongyukitchenware.com\/wp-content\/uploads\/2024\/11\/Stainless-Steel-Dry-Pot-6-600x600.webp 600w, https:\/\/www.yongyukitchenware.com\/wp-content\/uploads\/2024\/11\/Stainless-Steel-Dry-Pot-6-100x100.webp 100w\" sizes=\"(max-width: 1920px) 100vw, 1920px\" \/><\/figure>\n<\/div>\n<\/div>\n\n\n\n<div class=\"wp-block-columns is-layout-flex wp-container-core-columns-is-layout-9d6595d7 wp-block-columns-is-layout-flex\">\n<div class=\"wp-block-column is-layout-flow wp-block-column-is-layout-flow\"><\/div>\n\n\n\n<div class=\"wp-block-column is-layout-flow wp-block-column-is-layout-flow\"><\/div>\n<\/div>","protected":false},"excerpt":{"rendered":"<p>O fabricante de panelas de a\u00e7o inoxid\u00e1vel por atacado, as panelas de pega dupla s\u00e3o personalizadas a granel, em diferentes tamanhos, adequadas para uso comercial e dom\u00e9stico. Panelas antiaderentes resistentes ao desgaste de a\u00e7o inoxid\u00e1vel de alta qualidade, entre em contato conosco para obter mais informa\u00e7\u00f5es sobre o produto.<\/p>\n<h2 style=\"text-align: left\">Panela de duas pegas Par\u00e2metro:<\/h2>\n<p style=\"text-align: left\"><strong>Material:<\/strong> A\u00e7o inoxid\u00e1vel<br \/><strong>Cor:<\/strong> Prata<br \/><strong>Conce\u00e7\u00e3o:<\/strong>\u00a0 Com pegas duplas e uma tampa<br \/><strong>Tamanhos:<\/strong> 9\/10\/11 polegadas<br \/><strong>OEM\/ODM:<\/strong> Dispon\u00edvel<\/p>\n<h2 class=\"wp-block-heading\">De Yongyu Cookware Fabricante :<\/h2>\n<p>Yongyu \u00e9 um fabricante profissional de utens\u00edlios de cozinha, os nossos produtos abrangem todos os tipos de utens\u00edlios de cozinha em a\u00e7o inoxid\u00e1vel, tais como panelas para macarr\u00e3o, frigideiras, panelas para guisado, etc., fornecendo servi\u00e7os de aquisi\u00e7\u00e3o de qualidade e pre\u00e7os acess\u00edveis para cada cliente.<\/p>","protected":false},"featured_media":2208,"comment_status":"closed","ping_status":"closed","template":"","meta":{"_acf_changed":true},"application":[29],"product_brand":[],"product_cat":[23,32],"product_tag":[],"class_list":{"0":"post-2207","1":"product","2":"type-product","3":"status-publish","4":"has-post-thumbnail","6":"application-home-kitchen","7":"product_cat-kitchenware-wholesale","8":"product_cat-wholesale-cookware","10":"first","11":"instock","12":"shipping-taxable","13":"product-type-simple"},"acf":[],"_links":{"self":[{"href":"https:\/\/www.yongyukitchenware.com\/pt\/wp-json\/wp\/v2\/product\/2207","targetHints":{"allow":["GET"]}}],"collection":[{"href":"https:\/\/www.yongyukitchenware.com\/pt\/wp-json\/wp\/v2\/product"}],"about":[{"href":"https:\/\/www.yongyukitchenware.com\/pt\/wp-json\/wp\/v2\/types\/product"}],"replies":[{"embeddable":true,"href":"https:\/\/www.yongyukitchenware.com\/pt\/wp-json\/wp\/v2\/comments?post=2207"}],"wp:featuredmedia":[{"embeddable":true,"href":"https:\/\/www.yongyukitchenware.com\/pt\/wp-json\/wp\/v2\/media\/2208"}],"wp:attachment":[{"href":"https:\/\/www.yongyukitchenware.com\/pt\/wp-json\/wp\/v2\/media?parent=2207"}],"wp:term":[{"taxonomy":"application","embeddable":true,"href":"https:\/\/www.yongyukitchenware.com\/pt\/wp-json\/wp\/v2\/application?post=2207"},{"taxonomy":"product_brand","embeddable":true,"href":"https:\/\/www.yongyukitchenware.com\/pt\/wp-json\/wp\/v2\/product_brand?post=2207"},{"taxonomy":"product_cat","embeddable":true,"href":"https:\/\/www.yongyukitchenware.com\/pt\/wp-json\/wp\/v2\/product_cat?post=2207"},{"taxonomy":"product_tag","embeddable":true,"href":"https:\/\/www.yongyukitchenware.com\/pt\/wp-json\/wp\/v2\/product_tag?post=2207"}],"curies":[{"name":"wp","href":"https:\/\/api.w.org\/{rel}","templated":true}]}}