{"id":2334,"date":"2024-12-06T12:34:49","date_gmt":"2024-12-06T12:34:49","guid":{"rendered":"https:\/\/www.yongyukitchenware.com\/?post_type=product&#038;p=2334"},"modified":"2025-06-14T07:55:20","modified_gmt":"2025-06-14T07:55:20","slug":"wholesale-small-drink-dispenser","status":"publish","type":"product","link":"https:\/\/www.yongyukitchenware.com\/pt\/produto\/wholesale-small-drink-dispenser\/","title":{"rendered":"Dispensador de bebidas pequenas a granel de 1-2 gal\u00f5es com n\u00facleo de gelo para festas"},"content":{"rendered":"<div class=\"wp-block-columns is-layout-flex wp-container-core-columns-is-layout-9d6595d7 wp-block-columns-is-layout-flex\">\n<div class=\"wp-block-column is-layout-flow wp-block-column-is-layout-flow\">\n<h2 class=\"wp-block-heading\">Dispensador de bebidas pequeno Tamanho:<\/h2>\n\n\n\n<figure class=\"wp-block-table\"><table class=\"has-fixed-layout\"><tbody><tr><td>Modelo<\/td><td>Tamanho<\/td><td>Comprimento * Altura (cm)<\/td><td>MOQ<\/td><\/tr><tr><td rowspan=\"2\">DY003-GZD<\/td><td>3L<\/td><td>19*29*50cm<\/td><td rowspan=\"2\">8 PE\u00c7AS<\/td><\/tr><tr><td>6L<\/td><td>40*29*50cm<\/td><\/tr><\/tbody><\/table><\/figure>\n\n\n\n<h2 class=\"wp-block-heading\">Dispensador de bebidas pequeno Carater\u00edsticas:<\/h2>\n\n\n\n<p><strong>Resistente a altas temperaturas<\/strong>: O corpo do barril \u00e9 feito de material PC de alta qualidade, transparente e resistente ao calor.<br><strong>Tampa em a\u00e7o inoxid\u00e1vel:<\/strong> Resistente \u00e0 corros\u00e3o, seguro e n\u00e3o t\u00f3xico, f\u00e1cil de limpar.<br><strong>Torneira anti-gotejamento:<\/strong> A torneira feita de resina e a\u00e7o inoxid\u00e1vel tem um fluxo de \u00e1gua suave sem pingar e \u00e9 f\u00e1cil de utilizar.<br><strong>Adequado tanto para quente como para frio:<\/strong> Basta encher o recipiente interno de produ\u00e7\u00e3o de gelo com cubos de gelo para arrefecer a bebida ou adicionar \u00e1gua quente para a manter quente.<br>Bandeja de recolha de gotas: O lava-loi\u00e7a oco na base pode recolher os derrames e manter a bancada limpa.<\/p>\n<\/div>\n\n\n\n<div class=\"wp-block-column is-layout-flow wp-block-column-is-layout-flow\">\n<figure class=\"wp-block-image size-full is-style-default\"><img decoding=\"async\" width=\"800\" height=\"800\" src=\"https:\/\/www.yongyukitchenware.com\/wp-content\/uploads\/2024\/11\/Bulk-Juicer-Dispenser-2.webp\" alt=\"Dispensador de \u00e1gua a granel-2\" class=\"wp-image-2340\" srcset=\"https:\/\/www.yongyukitchenware.com\/wp-content\/uploads\/2024\/11\/Bulk-Juicer-Dispenser-2.webp 800w, https:\/\/www.yongyukitchenware.com\/wp-content\/uploads\/2024\/11\/Bulk-Juicer-Dispenser-2-300x300.webp 300w, https:\/\/www.yongyukitchenware.com\/wp-content\/uploads\/2024\/11\/Bulk-Juicer-Dispenser-2-150x150.webp 150w, https:\/\/www.yongyukitchenware.com\/wp-content\/uploads\/2024\/11\/Bulk-Juicer-Dispenser-2-768x768.webp 768w, https:\/\/www.yongyukitchenware.com\/wp-content\/uploads\/2024\/11\/Bulk-Juicer-Dispenser-2-12x12.webp 12w, https:\/\/www.yongyukitchenware.com\/wp-content\/uploads\/2024\/11\/Bulk-Juicer-Dispenser-2-600x600.webp 600w, https:\/\/www.yongyukitchenware.com\/wp-content\/uploads\/2024\/11\/Bulk-Juicer-Dispenser-2-100x100.webp 100w\" sizes=\"(max-width: 800px) 100vw, 800px\" \/><\/figure>\n<\/div>\n<\/div>","protected":false},"excerpt":{"rendered":"<p>Dos fornecedores de dispensadores de bebidas, oferecemos uma variedade de tamanhos, incluindo este pequeno dispensador de bebidas. Quer se trate de uma festa, restaurante ou hotel, os nossos distribuidores de bebidas podem ser utilizados para bebidas frias ou quentes, satisfazendo diferentes necessidades e apoiando as vendas na Amaz\u00f3nia!<\/p>\n<h2>Dispensador de bebidas pequeno Par\u00e2metro:<\/h2>\n<p><strong>Material:<\/strong> a\u00e7o inoxid\u00e1vel<br \/><strong>Tamanhos:<\/strong> Tamanhos 3L \/6L dispon\u00edveis<br \/><strong>Conce\u00e7\u00e3o:<\/strong> Com torneira, n\u00facleo de gelo<br \/><strong>Embalagem:<\/strong> saco\/grupo\/caixa de cart\u00e3o ou personalizado<br \/><strong>OEM\/ODM:<\/strong> facultativo<\/p>\n<h2 class=\"wp-block-heading\">De Yongyu Catering Supplies Fabricante :<\/h2>\n<p>Quer se trate de um fornecedor de servi\u00e7os de catering, de um hotel e restaurante ou de uma empresa de planeamento de eventos, fornecemos-lhe solu\u00e7\u00f5es completas de fornecimento de catering por atacado com pre\u00e7os de f\u00e1brica de alta qualidade!<\/p>","protected":false},"featured_media":2335,"comment_status":"closed","ping_status":"closed","template":"","meta":{"_acf_changed":true},"application":[30],"product_brand":[],"product_cat":[22,34],"product_tag":[],"class_list":{"0":"post-2334","1":"product","2":"type-product","3":"status-publish","4":"has-post-thumbnail","6":"application-hotel-catering","7":"product_cat-catering-supplies-wholesale","8":"product_cat-wholesale-drink-dispenser","10":"first","11":"instock","12":"shipping-taxable","13":"product-type-simple"},"acf":[],"_links":{"self":[{"href":"https:\/\/www.yongyukitchenware.com\/pt\/wp-json\/wp\/v2\/product\/2334","targetHints":{"allow":["GET"]}}],"collection":[{"href":"https:\/\/www.yongyukitchenware.com\/pt\/wp-json\/wp\/v2\/product"}],"about":[{"href":"https:\/\/www.yongyukitchenware.com\/pt\/wp-json\/wp\/v2\/types\/product"}],"replies":[{"embeddable":true,"href":"https:\/\/www.yongyukitchenware.com\/pt\/wp-json\/wp\/v2\/comments?post=2334"}],"wp:featuredmedia":[{"embeddable":true,"href":"https:\/\/www.yongyukitchenware.com\/pt\/wp-json\/wp\/v2\/media\/2335"}],"wp:attachment":[{"href":"https:\/\/www.yongyukitchenware.com\/pt\/wp-json\/wp\/v2\/media?parent=2334"}],"wp:term":[{"taxonomy":"application","embeddable":true,"href":"https:\/\/www.yongyukitchenware.com\/pt\/wp-json\/wp\/v2\/application?post=2334"},{"taxonomy":"product_brand","embeddable":true,"href":"https:\/\/www.yongyukitchenware.com\/pt\/wp-json\/wp\/v2\/product_brand?post=2334"},{"taxonomy":"product_cat","embeddable":true,"href":"https:\/\/www.yongyukitchenware.com\/pt\/wp-json\/wp\/v2\/product_cat?post=2334"},{"taxonomy":"product_tag","embeddable":true,"href":"https:\/\/www.yongyukitchenware.com\/pt\/wp-json\/wp\/v2\/product_tag?post=2334"}],"curies":[{"name":"wp","href":"https:\/\/api.w.org\/{rel}","templated":true}]}}