{"id":2342,"date":"2024-12-06T12:45:14","date_gmt":"2024-12-06T12:45:14","guid":{"rendered":"https:\/\/www.yongyukitchenware.com\/?post_type=product&#038;p=2342"},"modified":"2025-06-14T07:48:19","modified_gmt":"2025-06-14T07:48:19","slug":"wholesale-drink-dispensers","status":"publish","type":"product","link":"https:\/\/www.yongyukitchenware.com\/pt\/produto\/wholesale-drink-dispensers\/","title":{"rendered":"Distribuidores de bebidas por grosso Recipiente de sumo grande de 12L"},"content":{"rendered":"<div class=\"wp-block-columns is-layout-flex wp-container-core-columns-is-layout-9d6595d7 wp-block-columns-is-layout-flex\">\n<div class=\"wp-block-column is-layout-flow wp-block-column-is-layout-flow\">\n<h2 class=\"wp-block-heading\">Distribuidor de bebidas Tamanho:<\/h2>\n\n\n\n<figure class=\"wp-block-table\"><table class=\"has-fixed-layout\"><tbody><tr><td>Modelo<\/td><td>Tamanho<\/td><td>Comprimento * Altura (cm)<\/td><td>MOQ<\/td><\/tr><tr><td>DY004-GZD<\/td><td>12L<\/td><td>31,5*50cm<\/td><td>4 PE\u00c7AS<\/td><\/tr><\/tbody><\/table><\/figure>\n\n\n\n<h2 class=\"wp-block-heading\">Dispensador de bebidas Carater\u00edsticas:<\/h2>\n\n\n\n<p><strong>Material duradouro:<\/strong> O distribuidor de bebidas \u00e9 fabricado em a\u00e7o inoxid\u00e1vel de alta qualidade + material PC, resistente ao frio e ao calor, robusto e duradouro<\/p>\n\n\n\n<p><strong>Grande capacidade: <\/strong>Grande capacidade de 12L, pode conter uma variedade de bebidas, sumo, caf\u00e9, etc., e pode ser utilizada por v\u00e1rias pessoas<\/p>\n\n\n\n<p><strong>Bom desempenho de isolamento: <\/strong>O interior do distribuidor de bebidas adopta um design em forma de pingente de gelo, podendo ser adicionados cubos de gelo ou \u00e1gua quente para manter a temperatura da bebida, assegurando que a bebida se mant\u00e9m no estado ideal para beber durante muito tempo.<\/p>\n\n\n\n<p><strong>F\u00e1cil de utilizar: <\/strong>A m\u00e1quina de bebidas com suporte \u00e9 a escolha perfeita para festas, f\u00e9rias, churrascos, eventos ou piqueniques<\/p>\n\n\n\n<p><strong>Estrutura amov\u00edvel, f\u00e1cil de limpar.<\/strong><\/p>\n<\/div>\n\n\n\n<div class=\"wp-block-column is-layout-flow wp-block-column-is-layout-flow\">\n<figure class=\"wp-block-image size-full is-style-default\"><img decoding=\"async\" width=\"800\" height=\"800\" src=\"https:\/\/www.yongyukitchenware.com\/wp-content\/uploads\/2024\/11\/Wholesale-Drink-Dispensers-5.webp\" alt=\"Distribuidores de bebidas por atacado-5\" class=\"wp-image-2347\" srcset=\"https:\/\/www.yongyukitchenware.com\/wp-content\/uploads\/2024\/11\/Wholesale-Drink-Dispensers-5.webp 800w, https:\/\/www.yongyukitchenware.com\/wp-content\/uploads\/2024\/11\/Wholesale-Drink-Dispensers-5-300x300.webp 300w, https:\/\/www.yongyukitchenware.com\/wp-content\/uploads\/2024\/11\/Wholesale-Drink-Dispensers-5-150x150.webp 150w, https:\/\/www.yongyukitchenware.com\/wp-content\/uploads\/2024\/11\/Wholesale-Drink-Dispensers-5-768x768.webp 768w, https:\/\/www.yongyukitchenware.com\/wp-content\/uploads\/2024\/11\/Wholesale-Drink-Dispensers-5-12x12.webp 12w, https:\/\/www.yongyukitchenware.com\/wp-content\/uploads\/2024\/11\/Wholesale-Drink-Dispensers-5-600x600.webp 600w, https:\/\/www.yongyukitchenware.com\/wp-content\/uploads\/2024\/11\/Wholesale-Drink-Dispensers-5-100x100.webp 100w\" sizes=\"(max-width: 800px) 100vw, 800px\" \/><\/figure>\n<\/div>\n<\/div>\n\n\n\n<p><\/p>","protected":false},"excerpt":{"rendered":"<p>Pre\u00e7o de f\u00e1brica por atacado grande dispensador de bebidas, a\u00e7o inoxid\u00e1vel e material pl\u00e1stico, com torneira e suporte, adequado para uso em v\u00e1rias pessoas e em hot\u00e9is de festa. Melhor desconto para o costume a granel, bem-vindo a consultar-nos para obter um inqu\u00e9rito gratuito!<\/p>\n<h2>Distribuidor de bebidas Par\u00e2metro:<\/h2>\n<p><strong>Material:<\/strong> a\u00e7o inoxid\u00e1vel, pl\u00e1stico<br \/><strong>Tamanhos:<\/strong> 12L<br \/><strong>Conce\u00e7\u00e3o:<\/strong>\u00a0 barril transparente com tampa, grampo e suporte em a\u00e7o inoxid\u00e1vel<br \/><strong>Embalagem:<\/strong> saco\/grupo\/caixa de cart\u00e3o ou personalizado<br \/><strong>OEM\/ODM:<\/strong> facultativo<\/p>\n<h2 class=\"wp-block-heading\">De Yongyu Catering Supplies Fabricante:<\/h2>\n<p>Quer se trate de um fornecedor de servi\u00e7os de catering, de um hotel e restaurante ou de uma empresa de planeamento de eventos, fornecemos-lhe solu\u00e7\u00f5es completas de fornecimento de catering por atacado com pre\u00e7os de f\u00e1brica de alta qualidade!<\/p>","protected":false},"featured_media":2350,"comment_status":"closed","ping_status":"closed","template":"","meta":{"_acf_changed":true},"application":[30],"product_brand":[],"product_cat":[22,34],"product_tag":[],"class_list":{"0":"post-2342","1":"product","2":"type-product","3":"status-publish","4":"has-post-thumbnail","6":"application-hotel-catering","7":"product_cat-catering-supplies-wholesale","8":"product_cat-wholesale-drink-dispenser","10":"first","11":"instock","12":"shipping-taxable","13":"product-type-simple"},"acf":[],"_links":{"self":[{"href":"https:\/\/www.yongyukitchenware.com\/pt\/wp-json\/wp\/v2\/product\/2342","targetHints":{"allow":["GET"]}}],"collection":[{"href":"https:\/\/www.yongyukitchenware.com\/pt\/wp-json\/wp\/v2\/product"}],"about":[{"href":"https:\/\/www.yongyukitchenware.com\/pt\/wp-json\/wp\/v2\/types\/product"}],"replies":[{"embeddable":true,"href":"https:\/\/www.yongyukitchenware.com\/pt\/wp-json\/wp\/v2\/comments?post=2342"}],"wp:featuredmedia":[{"embeddable":true,"href":"https:\/\/www.yongyukitchenware.com\/pt\/wp-json\/wp\/v2\/media\/2350"}],"wp:attachment":[{"href":"https:\/\/www.yongyukitchenware.com\/pt\/wp-json\/wp\/v2\/media?parent=2342"}],"wp:term":[{"taxonomy":"application","embeddable":true,"href":"https:\/\/www.yongyukitchenware.com\/pt\/wp-json\/wp\/v2\/application?post=2342"},{"taxonomy":"product_brand","embeddable":true,"href":"https:\/\/www.yongyukitchenware.com\/pt\/wp-json\/wp\/v2\/product_brand?post=2342"},{"taxonomy":"product_cat","embeddable":true,"href":"https:\/\/www.yongyukitchenware.com\/pt\/wp-json\/wp\/v2\/product_cat?post=2342"},{"taxonomy":"product_tag","embeddable":true,"href":"https:\/\/www.yongyukitchenware.com\/pt\/wp-json\/wp\/v2\/product_tag?post=2342"}],"curies":[{"name":"wp","href":"https:\/\/api.w.org\/{rel}","templated":true}]}}