{"id":2351,"date":"2024-12-06T12:55:02","date_gmt":"2024-12-06T12:55:02","guid":{"rendered":"https:\/\/www.yongyukitchenware.com\/?post_type=product&#038;p=2351"},"modified":"2024-12-09T08:09:02","modified_gmt":"2024-12-09T08:09:02","slug":"stainless-steel-beverage-dispenser-wholesale","status":"publish","type":"product","link":"https:\/\/www.yongyukitchenware.com\/pt\/produto\/stainless-steel-beverage-dispenser-wholesale\/","title":{"rendered":"Dispensador de bebidas em a\u00e7o inoxid\u00e1vel grande para festas"},"content":{"rendered":"<div class=\"wp-block-columns is-layout-flex wp-container-core-columns-is-layout-9d6595d7 wp-block-columns-is-layout-flex\">\n<div class=\"wp-block-column is-layout-flow wp-block-column-is-layout-flow\">\n<h2 class=\"wp-block-heading\">Distribuidor de bebidas em a\u00e7o inoxid\u00e1vel Tamanho:<\/h2>\n\n\n\n<figure class=\"wp-block-table\"><table class=\"has-fixed-layout\"><tbody><tr><td>Modelo<\/td><td>Tamanho<\/td><td>Comprimento * Altura (cm)<\/td><\/tr><tr><td rowspan=\"2\">DY005-GZD<\/td><td rowspan=\"2\">13L<\/td><td rowspan=\"2\">27,5*55cm<\/td><\/tr><\/tbody><\/table><\/figure>\n\n\n\n<h2 class=\"wp-block-heading\">Dispensador de bebidas em a\u00e7o inoxid\u00e1vel Carater\u00edsticas:<\/h2>\n\n\n\n<p><strong>A\u00e7o inoxid\u00e1vel antibacteriano: <\/strong>a\u00e7o inoxid\u00e1vel de qualidade alimentar, resistente \u00e0 corros\u00e3o, pode inibir o crescimento de bact\u00e9rias e v\u00edrus, dur\u00e1vel<\/p>\n\n\n\n<p><strong>Dois m\u00e9todos de aquecimento: <\/strong>aquecimento a \u00e1lcool e aquecimento el\u00e9trico de placas de aquecimento para satisfazer diferentes necessidades<\/p>\n\n\n\n<p><strong>Isolamento eficiente: <\/strong>estrutura integrada de a\u00e7o inoxid\u00e1vel, melhor desempenho de isolamento e resist\u00eancia ao calor, n\u00e3o \u00e9 f\u00e1cil de deformar ou danificar.<\/p>\n\n\n\n<p><strong>Torneira eficiente: <\/strong>torneira de resina de alta qualidade e a\u00e7o inoxid\u00e1vel, fluxo de \u00e1gua suave sem pingos, dur\u00e1vel.<\/p>\n\n\n\n<p><strong>Grande capacidade: <\/strong>Grande capacidade de 13L, pode conter uma variedade de bebidas, sumo, caf\u00e9, etc., pode ser utilizada por v\u00e1rias pessoas.<\/p>\n<\/div>\n\n\n\n<div class=\"wp-block-column is-layout-flow wp-block-column-is-layout-flow\">\n<figure class=\"wp-block-image size-full is-style-default\"><img decoding=\"async\" width=\"800\" height=\"800\" src=\"https:\/\/www.yongyukitchenware.com\/wp-content\/uploads\/2024\/11\/Bulk-Stainless-Steel-Beverage-Dispenser-7.webp\" alt=\"Dispensador de bebidas a granel em a\u00e7o inoxid\u00e1vel-7\" class=\"wp-image-2357\" srcset=\"https:\/\/www.yongyukitchenware.com\/wp-content\/uploads\/2024\/11\/Bulk-Stainless-Steel-Beverage-Dispenser-7.webp 800w, https:\/\/www.yongyukitchenware.com\/wp-content\/uploads\/2024\/11\/Bulk-Stainless-Steel-Beverage-Dispenser-7-300x300.webp 300w, https:\/\/www.yongyukitchenware.com\/wp-content\/uploads\/2024\/11\/Bulk-Stainless-Steel-Beverage-Dispenser-7-150x150.webp 150w, https:\/\/www.yongyukitchenware.com\/wp-content\/uploads\/2024\/11\/Bulk-Stainless-Steel-Beverage-Dispenser-7-768x768.webp 768w, https:\/\/www.yongyukitchenware.com\/wp-content\/uploads\/2024\/11\/Bulk-Stainless-Steel-Beverage-Dispenser-7-12x12.webp 12w, https:\/\/www.yongyukitchenware.com\/wp-content\/uploads\/2024\/11\/Bulk-Stainless-Steel-Beverage-Dispenser-7-600x600.webp 600w, https:\/\/www.yongyukitchenware.com\/wp-content\/uploads\/2024\/11\/Bulk-Stainless-Steel-Beverage-Dispenser-7-100x100.webp 100w\" sizes=\"(max-width: 800px) 100vw, 800px\" \/><\/figure>\n<\/div>\n<\/div>","protected":false},"excerpt":{"rendered":"<p>Distribuidor de bebidas de a\u00e7o inoxid\u00e1vel por atacado, preserva\u00e7\u00e3o eficiente do calor, suporte ao aquecimento el\u00e9trico ou de \u00e1lcool, adequado para festivais de festas. Vendas diretas da f\u00e1brica, fornecer servi\u00e7o de personaliza\u00e7\u00e3o da Amazon. Bem-vindo a consultar-nos para saber mais.<\/p>\n<h2>Distribuidor de bebidas em a\u00e7o inoxid\u00e1vel Par\u00e2metro:<\/h2>\n<p><strong>Material:<\/strong> a\u00e7o inoxid\u00e1vel<br \/><strong>Tamanhos:<\/strong> 13L<br \/><strong>Conce\u00e7\u00e3o:<\/strong> estrutura em a\u00e7o inoxid\u00e1vel polido espelhado com torneira, pega e suporte<br \/><strong>Embalagem:<\/strong> saco\/grupo\/caixa de cart\u00e3o ou personalizado<br \/><strong>OEM\/ODM:<\/strong> facultativo<\/p>\n<h2 class=\"wp-block-heading\">De Yongyu Catering Supplies Fabricante :<\/h2>\n<p>Quer se trate de um fornecedor de servi\u00e7os de catering, de um hotel e restaurante ou de uma empresa de planeamento de eventos, fornecemos-lhe solu\u00e7\u00f5es completas de fornecimento de catering por atacado com pre\u00e7os de f\u00e1brica de alta qualidade!<\/p>","protected":false},"featured_media":2352,"comment_status":"closed","ping_status":"closed","template":"","meta":{"_acf_changed":true},"application":[30],"product_brand":[],"product_cat":[22,34],"product_tag":[],"class_list":{"0":"post-2351","1":"product","2":"type-product","3":"status-publish","4":"has-post-thumbnail","6":"application-hotel-catering","7":"product_cat-catering-supplies-wholesale","8":"product_cat-wholesale-drink-dispenser","10":"first","11":"instock","12":"shipping-taxable","13":"product-type-simple"},"acf":[],"_links":{"self":[{"href":"https:\/\/www.yongyukitchenware.com\/pt\/wp-json\/wp\/v2\/product\/2351","targetHints":{"allow":["GET"]}}],"collection":[{"href":"https:\/\/www.yongyukitchenware.com\/pt\/wp-json\/wp\/v2\/product"}],"about":[{"href":"https:\/\/www.yongyukitchenware.com\/pt\/wp-json\/wp\/v2\/types\/product"}],"replies":[{"embeddable":true,"href":"https:\/\/www.yongyukitchenware.com\/pt\/wp-json\/wp\/v2\/comments?post=2351"}],"wp:featuredmedia":[{"embeddable":true,"href":"https:\/\/www.yongyukitchenware.com\/pt\/wp-json\/wp\/v2\/media\/2352"}],"wp:attachment":[{"href":"https:\/\/www.yongyukitchenware.com\/pt\/wp-json\/wp\/v2\/media?parent=2351"}],"wp:term":[{"taxonomy":"application","embeddable":true,"href":"https:\/\/www.yongyukitchenware.com\/pt\/wp-json\/wp\/v2\/application?post=2351"},{"taxonomy":"product_brand","embeddable":true,"href":"https:\/\/www.yongyukitchenware.com\/pt\/wp-json\/wp\/v2\/product_brand?post=2351"},{"taxonomy":"product_cat","embeddable":true,"href":"https:\/\/www.yongyukitchenware.com\/pt\/wp-json\/wp\/v2\/product_cat?post=2351"},{"taxonomy":"product_tag","embeddable":true,"href":"https:\/\/www.yongyukitchenware.com\/pt\/wp-json\/wp\/v2\/product_tag?post=2351"}],"curies":[{"name":"wp","href":"https:\/\/api.w.org\/{rel}","templated":true}]}}